{"id":7436,"date":"2025-06-07T07:21:54","date_gmt":"2025-06-07T07:21:54","guid":{"rendered":"https:\/\/sinoextrud.com\/product\/extruded-aluminum-interlocking-plank-floor\/"},"modified":"2025-06-24T06:12:49","modified_gmt":"2025-06-24T06:12:49","slug":"sammenkoblet-plankegulv-i-ekstruderet-aluminium","status":"publish","type":"product","link":"https:\/\/sinoextrud.com\/da\/product\/extruded-aluminum-interlocking-plank-floor\/","title":{"rendered":"Sammenh\u00e6ngende plankegulv af ekstruderet aluminium"},"content":{"rendered":"<h2>Detaljer om produkter<\/h2>\n<table class=\"custom-table\">\n<tbody>\n<tr>\n<td> Karakter:<\/td>\n<td> 6063 -t5<\/td>\n<\/tr>\n<tr>\n<td> Vare:<\/td>\n<td> Sammenh\u00e6ngende plankegulv af ekstruderet aluminium<\/td>\n<\/tr>\n<tr>\n<td> Temperament:<\/td>\n<td> T3 - T8<\/td>\n<\/tr>\n<tr>\n<td> Bearbejdningstjenester:<\/td>\n<td> Boring, gevindsk\u00e6ring, nitning, montering osv.<\/td>\n<\/tr>\n<tr>\n<td> Varem\u00e6rke:<\/td>\n<td> Sinoextrud Sinoextrud <\/td>\n<\/tr>\n<tr>\n<td> Form:<\/td>\n<td> Lavet som kundernes design<\/td>\n<\/tr>\n<tr>\n<td> Overfladebehandling:<\/td>\n<td> Mill Finish Anodiseret B\u00f8rstet<\/td>\n<\/tr>\n<tr>\n<td> L\u00e6ngde:<\/td>\n<td> 1 m til 9 m pr. l\u00e6ngde<\/td>\n<\/tr>\n<tr>\n<td> Farver:<\/td>\n<td> S\u00f8lv Sort<\/td>\n<\/tr>\n<tr>\n<td> HS-kode:<\/td>\n<td> 76042990<\/td>\n<\/tr>\n<\/tbody>\n<\/table>\n<h2>Vores produktionsbase<\/h2>\n<h3>Panorama over fabrikken<\/h3>\n<p><img decoding=\"async\" src=\"\/wp-content\/uploads\/factory-01.webp\"\/><\/p>\n<h3>V\u00e6rksted til fremstilling af aluminiumst\u00e6nger<\/h3>\n<p><img decoding=\"async\" src=\"\/wp-content\/uploads\/factory-02.webp\"\/><\/p>\n<p><img decoding=\"async\" src=\"\/wp-content\/uploads\/factory-03.webp\"\/><\/p>\n<h3>Lager til opbevaring af skimmelsvampe<\/h3>\n<p><img decoding=\"async\" src=\"\/wp-content\/uploads\/factory-04.webp\"\/><\/p>\n<h3>43 ekstruderingslinjer for aluminium (500-5500 ton)<\/h3>\n<p><img decoding=\"async\" src=\"\/wp-content\/uploads\/factory-05.webp\"\/><\/p>\n<p><img decoding=\"async\" src=\"\/wp-content\/uploads\/factory-06.webp\"\/><\/p>\n<p><img decoding=\"async\" src=\"\/wp-content\/uploads\/factory-07.webp\"\/><\/p>\n<h3>V\u00e6rksted for pulverlakering<\/h3>\n<p><img decoding=\"async\" src=\"\/wp-content\/uploads\/factory-09.webp\"\/><\/p>\n<h3>Anodiseringsv\u00e6rksted<\/h3>\n<p><img decoding=\"async\" src=\"\/wp-content\/uploads\/factory-10.webp\"\/><\/p>\n<h3>Workshop om dyb behandling<\/h3>\n<p><img decoding=\"async\" src=\"\/wp-content\/uploads\/factory-11.webp\"\/><\/p>\n<h3>V\u00e6rksted for CNC-pr\u00e6cisionsbearbejdning<\/h3>\n<p><img decoding=\"async\" src=\"\/wp-content\/uploads\/factory-11.5.webp\"\/><\/p>\n<h3>F\u00e6rdigvare- og eksportlager<\/h3>\n<p><img decoding=\"async\" src=\"\/wp-content\/uploads\/factory-12.webp\"\/><\/p>\n<p><img decoding=\"async\" src=\"\/wp-content\/uploads\/factory-13.webp\"\/><\/p>\n<p><img decoding=\"async\" src=\"\/wp-content\/uploads\/factory-14.webp\"\/><\/p>\n<h2>OFTE STILLEDE SP\u00d8RGSM\u00c5L<\/h2>\n<p><p><b>1. Hvad er et sammenkoblet plankegulv af ekstruderet aluminium? <\/b><\/p>\n<p> Et plankegulv af ekstruderet aluminium er et modul\u00e6rt gulvsystem lavet af aluminiumsplanker, der griber ind i hinanden og giver en sikker, holdbar og letinstalleret overflade.<br \/>\n<\/p><br \/>\n<br \/>\n<p><b>2. Hvad er fordelene ved at bruge aluminium til gulvbel\u00e6gning? <\/b><\/p>\n<p> Aluminium er korrosionsbestandigt, let, ubr\u00e6ndbart og kr\u00e6ver kun lidt vedligeholdelse, hvilket g\u00f8r det ideelt til barske og meget trafikerede milj\u00f8er.<br \/>\n<\/p><br \/>\n<br \/>\n<p><b>3. Hvordan fungerer det sammenl\u00e5sende design? <\/b><\/p>\n<p> Hver aluminiumsplanke har en pr\u00e6cisionsfr\u00e6set sammenl\u00e5sende kant, der forbindes med tilst\u00f8dende planker, hvilket sikrer en s\u00f8ml\u00f8s og sikker installation uden synlige fastg\u00f8relseselementer.<br \/>\n<\/p><br \/>\n<br \/>\n<p><b>4. Er dette gulv egnet til udend\u00f8rs brug? <\/b><\/p>\n<p> Ja, det korrosionsbestandige aluminiumsmateriale g\u00f8r den perfekt til udend\u00f8rs terrasser, gangbroer, dokker og havnemilj\u00f8er.<br \/>\n<\/p><br \/>\n<br \/>\n<p><b>5. Kan plankerne tilpasses? <\/b><\/p>\n<p> Ekstruderede plankegulve af aluminium kan tilpasses i l\u00e6ngde, bredde, tykkelse og overfladefinish, s\u00e5 de passer til specifikke projektbehov.<br \/>\n<\/p><br \/>\n<br \/>\n<p><b>6. Er aluminiumsplankegulvet brandsikkert? <\/b><\/p>\n<p> Ja, aluminium er et ikke-br\u00e6ndbart materiale, hvilket g\u00f8r det til et fremragende valg til anvendelser, der kr\u00e6ver h\u00f8je brandsikkerhedsstandarder.<br \/>\n<\/p><br \/>\n<br \/>\n<p><b>7. Hvilke industrier bruger ofte aluminiumsplankegulve? <\/b><\/p>\n<p> Det bruges i vid udstr\u00e6kning i transport-, marine-, arkitektoniske, industrielle og offentlige infrastrukturprojekter, hvor holdbarhed og sikkerhed er afg\u00f8rende.<br \/>\n<\/p><br \/>\n<br \/>\n<p><b>8. Er gulvet nemt at reng\u00f8re og vedligeholde? <\/b><\/p>\n<p> Ja, den glatte, ikke-por\u00f8se overflade p\u00e5 anodiseret eller belagt aluminium g\u00f8r det nemt at reng\u00f8re og kr\u00e6ver minimal vedligeholdelse over tid.<br \/>\n<\/p><br \/><\/p>","protected":false},"featured_media":7435,"template":"","categories":[67],"class_list":["post-7436","product","type-product","status-publish","has-post-thumbnail","hentry","category-architectural-aluminium-profile"],"meta_box":{"hilight_text_group":{"product_hilight_text":"<li>Durable extruded aluminum construction ensures long service life in high-traffic areas.<\/li>\r\r\n<li>Interlocking plank design allows for fast and secure installation without visible fasteners.<\/li>\r\r\n<li>Corrosion-resistant surface ideal for outdoor, marine, and industrial applications.<\/li>\r\r\n<li>Lightweight yet structurally strong for easy transport and support of heavy loads.<\/li>\r\r\n<li>Low maintenance and non-combustible, enhancing safety and operational efficiency.<\/li>\r\r\n<li>Customizable finishes and profiles to match various architectural and functional requirements.<\/li>","product_chanpin_blog":"<ul>\r\r\n<li><a href=\"https:\/\/sinoextrud.com\/t-slot-v-slot-differences\/\" target=\"_blank\">t slot vs v slot<\/a><\/li>\r\r\n<li><a href=\"https:\/\/sinoextrud.com\/what-is-4040-aluminium-extrud\/\" target=\"_blank\">4040 aluminium extrusion<\/a><\/li>\r\r\n<li><a href=\"https:\/\/sinoextrud.com\/what-is-4040-aluminium-extrud\/\" target=\"_blank\">aluminum extrusions for industrial racks<\/a><\/li>\r\r\n<li><a href=\"https:\/\/sinoextrud.com\/powder-coating-aluminium-process\/\" target=\"_blank\">powder coating aluminium<\/a><\/li>\r\r\n<li><a href=\"https:\/\/sinoextrud.com\/what-is-an-aluminium-strip-ceiling\/\" target=\"_blank\">aluminium strip ceiling<\/a><\/li>\r\r\n<li><a href=\"https:\/\/sinoextrud.com\/what-is-a-heat-sink\/\" target=\"_blank\">what is a heat sink<\/a><\/li>\r\r\n<\/ul>","product_chanpin_chanpin":"<li><a href=\"https:\/\/sinoextrud.com\/product\/pvdf-aluminum-extrusion-curtain-wall-profile\/\" target=\"_blank\">PVDF Aluminum Extrusion Curtain Wall Profile<\/a><\/li>\r\n<li><a href=\"https:\/\/sinoextrud.com\/product\/l-aluminum-profile-for-glass-railing\/\" target=\"_blank\">L Aluminum Profile For Glass Railing<\/a><\/li>\r\n<li><a href=\"https:\/\/sinoextrud.com\/product\/bright-anodize-brushed-black-window-profile\/\" target=\"_blank\">Bright Anodize Brushed Black Window Profile<\/a><\/li>\r\n<li><a href=\"https:\/\/sinoextrud.com\/product\/customized-aluminum-alloy-housing-grow-light\/\" target=\"_blank\">Customized Aluminum Alloy Housing Grow Light<\/a><\/li>\r\n<li><a href=\"https:\/\/sinoextrud.com\/product\/extruded-aluminum-interlocking-plank-floor\/\" target=\"_blank\">Extruded Aluminum Interlocking Plank Floor<\/a><\/li>\r\n<li><a href=\"https:\/\/sinoextrud.com\/product\/anodized-brushed-black-extruded-frame-profile\/\" target=\"_blank\">Anodized Brushed Black Extruded Frame Profile<\/a><\/li>\r\n<li><a href=\"https:\/\/sinoextrud.com\/product\/precision-cnc-machining-industrial-profile\/\" target=\"_blank\">Precision CNC Machining Industrial Profile<\/a><\/li>\r\n<li><a href=\"https:\/\/sinoextrud.com\/product\/architectural-aluminium-profiles\/\" target=\"_blank\">Architectural Aluminium Profiles<\/a><\/li>\r\n<li><a href=\"https:\/\/sinoextrud.com\/product\/anodized-aluminum-handrail\/\" target=\"_blank\">Anodized Aluminum Handrail<\/a><\/li>\r\n<li><a href=\"https:\/\/sinoextrud.com\/product\/aluminum-extrusion-6063-anodized-wardrobe-clothes-rod-aluminum-profile\/\" target=\"_blank\">Aluminum Extrusion 6063 Anodized Wardrobe Clothes Rod Aluminum Profile<\/a><\/li>\r\n<li><a href=\"https:\/\/sinoextrud.com\/product\/aluminum-extrusion-profile-rolling-shutter\/\" target=\"_blank\">Aluminum Extrusion Profile Rolling Shutter<\/a><\/li>"},"feature_list":[]},"_links":{"self":[{"href":"https:\/\/sinoextrud.com\/da\/wp-json\/wp\/v2\/product\/7436","targetHints":{"allow":["GET"]}}],"collection":[{"href":"https:\/\/sinoextrud.com\/da\/wp-json\/wp\/v2\/product"}],"about":[{"href":"https:\/\/sinoextrud.com\/da\/wp-json\/wp\/v2\/types\/product"}],"wp:featuredmedia":[{"embeddable":true,"href":"https:\/\/sinoextrud.com\/da\/wp-json\/wp\/v2\/media\/7435"}],"wp:attachment":[{"href":"https:\/\/sinoextrud.com\/da\/wp-json\/wp\/v2\/media?parent=7436"}],"wp:term":[{"taxonomy":"category","embeddable":true,"href":"https:\/\/sinoextrud.com\/da\/wp-json\/wp\/v2\/categories?post=7436"}],"curies":[{"name":"wp","href":"https:\/\/api.w.org\/{rel}","templated":true}]}}