{"id":7432,"date":"2025-06-07T07:19:26","date_gmt":"2025-06-07T07:19:26","guid":{"rendered":"https:\/\/sinoextrud.com\/product\/bright-anodize-brushed-black-window-profile\/"},"modified":"2025-06-24T06:12:48","modified_gmt":"2025-06-24T06:12:48","slug":"blank-anodisering-borstet-sort-vinduesprofil","status":"publish","type":"product","link":"https:\/\/sinoextrud.com\/da\/product\/bright-anodize-brushed-black-window-profile\/","title":{"rendered":"Blank anodiseret b\u00f8rstet sort vinduesprofil"},"content":{"rendered":"<h2>Detaljer om produkter<\/h2>\n<table class=\"custom-table\">\n<tbody>\n<tr>\n<td> Navn:<\/td>\n<td> Blank anodiseret b\u00f8rstet sort vinduesprofil<\/td>\n<\/tr>\n<tr>\n<td> Brand:<\/td>\n<td> Sinoextrud\/Sinoextrud<\/td>\n<\/tr>\n<tr>\n<td> Materiale:<\/td>\n<td> 6000-serien<\/td>\n<\/tr>\n<tr>\n<td> Temperament:<\/td>\n<td> T5-T8<\/td>\n<\/tr>\n<tr>\n<td> L\u00e6ngde:<\/td>\n<td> 30-6000 mm eller tilpasning<\/td>\n<\/tr>\n<tr>\n<td> Overfladebehandling:<\/td>\n<td> Anodiseret b\u00f8rstet<\/td>\n<\/tr>\n<tr>\n<td> Anvendelse:<\/td>\n<td> Bygge- og anl\u00e6gsbranchen<\/td>\n<\/tr>\n<tr>\n<td> Farve:<\/td>\n<td> S\u00f8lv, sort, hvid, r\u00f8d, gul, champagne eller tilpasset farve<\/td>\n<\/tr>\n<tr>\n<td> Certificering:<\/td>\n<td> ISO9001:2008;ISO14001:2004;SGS<\/td>\n<\/tr>\n<tr>\n<td> Fremstilling:<\/td>\n<td> Sk\u00e6ring, fr\u00e6sning, boring, stansning osv.<\/td>\n<\/tr>\n<tr>\n<td> Fra:<\/td>\n<td> Foshan, Guangdong, Kina<\/td>\n<\/tr>\n<\/tbody>\n<\/table>\n<h2>Vores produktionsbase<\/h2>\n<h3>Panorama over fabrikken<\/h3>\n<p><img decoding=\"async\" src=\"\/wp-content\/uploads\/factory-01.webp\"\/><\/p>\n<h3>V\u00e6rksted til fremstilling af aluminiumst\u00e6nger<\/h3>\n<p><img decoding=\"async\" src=\"\/wp-content\/uploads\/factory-02.webp\"\/><\/p>\n<p><img decoding=\"async\" src=\"\/wp-content\/uploads\/factory-03.webp\"\/><\/p>\n<h3>Lager til opbevaring af skimmelsvampe<\/h3>\n<p><img decoding=\"async\" src=\"\/wp-content\/uploads\/factory-04.webp\"\/><\/p>\n<h3>43 ekstruderingslinjer for aluminium (500-5500 ton)<\/h3>\n<p><img decoding=\"async\" src=\"\/wp-content\/uploads\/factory-05.webp\"\/><\/p>\n<p><img decoding=\"async\" src=\"\/wp-content\/uploads\/factory-06.webp\"\/><\/p>\n<p><img decoding=\"async\" src=\"\/wp-content\/uploads\/factory-07.webp\"\/><\/p>\n<h3>V\u00e6rksted for pulverlakering<\/h3>\n<p><img decoding=\"async\" src=\"\/wp-content\/uploads\/factory-09.webp\"\/><\/p>\n<h3>Anodiseringsv\u00e6rksted<\/h3>\n<p><img decoding=\"async\" src=\"\/wp-content\/uploads\/factory-10.webp\"\/><\/p>\n<h3>Workshop om dyb behandling<\/h3>\n<p><img decoding=\"async\" src=\"\/wp-content\/uploads\/factory-11.webp\"\/><\/p>\n<h3>V\u00e6rksted for CNC-pr\u00e6cisionsbearbejdning<\/h3>\n<p><img decoding=\"async\" src=\"\/wp-content\/uploads\/factory-11.5.webp\"\/><\/p>\n<h3>F\u00e6rdigvare- og eksportlager<\/h3>\n<p><img decoding=\"async\" src=\"\/wp-content\/uploads\/factory-12.webp\"\/><\/p>\n<p><img decoding=\"async\" src=\"\/wp-content\/uploads\/factory-13.webp\"\/><\/p>\n<p><img decoding=\"async\" src=\"\/wp-content\/uploads\/factory-14.webp\"\/><\/p>\n<h2>OFTE STILLEDE SP\u00d8RGSM\u00c5L<\/h2>\n<p><p><b>1. Hvad er en Bright Anodize Brushed Black Window Profile? <\/b><\/p>\n<p> En Bright Anodize Brushed Black Window Profile er en vinduesramme i aluminium med en elegant b\u00f8rstet sort finish og lys anodisering, der kombinerer styrke og \u00e6stetik.<br \/>\n<\/p><br \/>\n<br \/>\n<p><b>2. Hvad er fordelene ved den b\u00f8rstede sorte finish? <\/b><\/p>\n<p> Den b\u00f8rstede sorte finish giver profilen et f\u00f8rsteklasses udseende, samtidig med at den skjuler fingeraftryk og mindre ridser.<br \/>\n<\/p><br \/>\n<br \/>\n<p><b>3. Hvordan forbedrer blank anodisering vinduesprofilen? <\/b><\/p>\n<p> Blank anodisering forbedrer korrosionsbestandighed, overfladeh\u00e5rdhed og farveholdbarhed, hvilket g\u00f8r vinduesprofilen mere vejrbestandig.<br \/>\n<\/p><br \/>\n<br \/>\n<p><b>4. Er profilen egnet til kyst- eller industrimilj\u00f8er? <\/b><\/p>\n<p> Ja, den blanke anodiserede b\u00f8rstede sorte overflade giver h\u00f8j modstandsdygtighed over for salt, fugt og forurenende stoffer, hvilket g\u00f8r den ideel til barske forhold.<br \/>\n<\/p><br \/>\n<br \/>\n<p><b>5. Kan vinduesprofilen Bright Anodize Brushed Black tilpasses? <\/b><\/p>\n<p> Ja, den kan skr\u00e6ddersys i l\u00e6ngde, form og udsk\u00e6ringer, s\u00e5 den passer til forskellige arkitektoniske krav.<br \/>\n<\/p><br \/>\n<br \/>\n<p><b>6. Bidrager aluminiumsmaterialet til b\u00e6redygtighed? <\/b><\/p>\n<p> Absolut, profilen er lavet af genanvendeligt aluminium, hvilket g\u00f8r det til et milj\u00f8venligt byggemateriale.<br \/>\n<\/p><br \/>\n<br \/>\n<p><b>7. Er installationsprocessen kompliceret? <\/b><\/p>\n<p> Nej, vinduesprofilen er designet til at v\u00e6re nem at sk\u00e6re, bore og montere, hvilket sparer tid og reducerer arbejdsomkostningerne.<br \/>\n<\/p><br \/>\n<br \/>\n<p><b>8. Underst\u00f8tter den moderne arkitektonisk design? <\/b><\/p>\n<p> Ja, det minimalistiske udseende i b\u00f8rstet sort passer perfekt til moderne og nutidig arkitektur.<br \/>\n<\/p><br \/><\/p>","protected":false},"featured_media":7431,"template":"","categories":[67],"class_list":["post-7432","product","type-product","status-publish","has-post-thumbnail","hentry","category-architectural-aluminium-profile"],"meta_box":{"hilight_text_group":{"product_hilight_text":"<li>High corrosion resistance for long-lasting performance.<\/li>\r\r\n<li>Elegant brushed black finish enhances modern architectural aesthetics.<\/li>\r\r\n<li>Precision extruded aluminum for superior structural integrity.<\/li>\r\r\n<li>Bright anodized surface ensures fade-resistant color durability.<\/li>\r\r\n<li>Easy to fabricate and install, reducing labor costs.<\/li>\r\r\n<li>Low maintenance surface ideal for residential and commercial use.<\/li>\r\r\n<li>Eco-friendly and recyclable aluminum material.<\/li>","product_chanpin_blog":"<ul>\r\r\n<li><a href=\"https:\/\/sinoextrud.com\/t-slot-v-slot-differences\/\" target=\"_blank\">t slot vs v slot<\/a><\/li>\r\r\n<li><a href=\"https:\/\/sinoextrud.com\/what-is-4040-aluminium-extrud\/\" target=\"_blank\">4040 aluminium extrusion<\/a><\/li>\r\r\n<li><a href=\"https:\/\/sinoextrud.com\/what-is-4040-aluminium-extrud\/\" target=\"_blank\">aluminum extrusions for industrial racks<\/a><\/li>\r\r\n<li><a href=\"https:\/\/sinoextrud.com\/powder-coating-aluminium-process\/\" target=\"_blank\">powder coating aluminium<\/a><\/li>\r\r\n<li><a href=\"https:\/\/sinoextrud.com\/what-is-an-aluminium-strip-ceiling\/\" target=\"_blank\">aluminium strip ceiling<\/a><\/li>\r\r\n<li><a href=\"https:\/\/sinoextrud.com\/what-is-a-heat-sink\/\" target=\"_blank\">what is a heat sink<\/a><\/li>\r\r\n<\/ul>","product_chanpin_chanpin":"<li><a href=\"https:\/\/sinoextrud.com\/product\/shutter-aluminum-profile-for-window-louver-frame\/\" target=\"_blank\">Shutter Aluminum Profile For Window Louver Frame<\/a><\/li>\r\n<li><a href=\"https:\/\/sinoextrud.com\/product\/extrusion-aluminum-shutter-profile-free-mould\/\" target=\"_blank\">Extrusion Aluminum Shutter Profile Free Mould<\/a><\/li>\r\n<li><a href=\"https:\/\/sinoextrud.com\/product\/pvdf-aluminum-extrusion-curtain-wall-profile\/\" target=\"_blank\">PVDF Aluminum Extrusion Curtain Wall Profile<\/a><\/li>\r\n<li><a href=\"https:\/\/sinoextrud.com\/product\/l-aluminum-profile-for-glass-railing\/\" target=\"_blank\">L Aluminum Profile For Glass Railing<\/a><\/li>\r\n<li><a href=\"https:\/\/sinoextrud.com\/product\/bright-anodize-brushed-black-window-profile\/\" target=\"_blank\">Bright Anodize Brushed Black Window Profile<\/a><\/li>\r\n<li><a href=\"https:\/\/sinoextrud.com\/product\/customized-aluminum-alloy-housing-grow-light\/\" target=\"_blank\">Customized Aluminum Alloy Housing Grow Light<\/a><\/li>\r\n<li><a href=\"https:\/\/sinoextrud.com\/product\/extruded-aluminum-interlocking-plank-floor\/\" target=\"_blank\">Extruded Aluminum Interlocking Plank Floor<\/a><\/li>\r\n<li><a href=\"https:\/\/sinoextrud.com\/product\/anodized-brushed-black-extruded-frame-profile\/\" target=\"_blank\">Anodized Brushed Black Extruded Frame Profile<\/a><\/li>\r\n<li><a href=\"https:\/\/sinoextrud.com\/product\/precision-cnc-machining-industrial-profile\/\" target=\"_blank\">Precision CNC Machining Industrial Profile<\/a><\/li>\r\n<li><a href=\"https:\/\/sinoextrud.com\/product\/extrusion-aluminum-pipe-anodized-sandblasted-black\/\" target=\"_blank\">Extrusion Aluminum Pipe Anodized Sandblasted Black<\/a><\/li>\r\n<li><a href=\"https:\/\/sinoextrud.com\/product\/coated-treatment-aluminium-extrusion\/\" target=\"_blank\">Coated Treatment Aluminium Extrusion<\/a><\/li>"},"feature_list":[]},"_links":{"self":[{"href":"https:\/\/sinoextrud.com\/da\/wp-json\/wp\/v2\/product\/7432","targetHints":{"allow":["GET"]}}],"collection":[{"href":"https:\/\/sinoextrud.com\/da\/wp-json\/wp\/v2\/product"}],"about":[{"href":"https:\/\/sinoextrud.com\/da\/wp-json\/wp\/v2\/types\/product"}],"wp:featuredmedia":[{"embeddable":true,"href":"https:\/\/sinoextrud.com\/da\/wp-json\/wp\/v2\/media\/7431"}],"wp:attachment":[{"href":"https:\/\/sinoextrud.com\/da\/wp-json\/wp\/v2\/media?parent=7432"}],"wp:term":[{"taxonomy":"category","embeddable":true,"href":"https:\/\/sinoextrud.com\/da\/wp-json\/wp\/v2\/categories?post=7432"}],"curies":[{"name":"wp","href":"https:\/\/api.w.org\/{rel}","templated":true}]}}