{"id":7430,"date":"2025-06-07T07:17:35","date_gmt":"2025-06-07T07:17:35","guid":{"rendered":"https:\/\/sinoextrud.com\/product\/l-aluminum-profile-for-glass-railing\/"},"modified":"2025-06-24T06:12:48","modified_gmt":"2025-06-24T06:12:48","slug":"l-aluminiumsprofil-til-glasraekvaerk","status":"publish","type":"product","link":"https:\/\/sinoextrud.com\/da\/product\/l-aluminum-profile-for-glass-railing\/","title":{"rendered":"L Aluminiumsprofil til glasr\u00e6kv\u00e6rk"},"content":{"rendered":"<h2>Detaljer om produkter<\/h2>\n<table class=\"custom-table\">\n<tbody>\n<tr>\n<td> Produktets navn<\/td>\n<td> L Aluminiumsprofil til glasr\u00e6kv\u00e6rk<\/td>\n<\/tr>\n<tr>\n<td> Materiale<\/td>\n<td> 6063-T5, andre tilpassede materialer accepteres<\/td>\n<\/tr>\n<tr>\n<td> Form og st\u00f8rrelse<\/td>\n<td> I henhold til kundernes krav<\/td>\n<\/tr>\n<tr>\n<td> Tykkelse<\/td>\n<td> Over 0,7 mm<\/td>\n<\/tr>\n<tr>\n<td> L\u00e6ngde<\/td>\n<td> Normalt 1-9M, speciel l\u00e6ngde tilg\u00e6ngelig<\/td>\n<\/tr>\n<tr>\n<td> Typiske anvendelser<\/td>\n<td> Udstillingslokale, hegn, vagtstang osv.<\/td>\n<\/tr>\n<tr>\n<td> Brugerdefineret type<\/td>\n<td> Tegning eller pr\u00f8ve leveret af kunden<\/td>\n<\/tr>\n<tr>\n<td> Dyb proces<\/td>\n<td> CNC-fr\u00e6sning, boring, stansning, boring, gevindsk\u00e6ring, bukning, svejsning osv.<\/td>\n<\/tr>\n<tr>\n<td> Brand<\/td>\n<td> Sinoextrud, Sinoextrud, tilpasset varem\u00e6rke muligt<\/td>\n<\/tr>\n<tr>\n<td> Overfladebehandling<\/td>\n<td> F\u00e6rdigbehandlet, tr\u00e6korn, anodiseret, pulverlakeret osv.<\/td>\n<\/tr>\n<tr>\n<td> Farve<\/td>\n<td> S\u00f8lv, sort, champagne osv.<\/td>\n<\/tr>\n<tr>\n<td> MOQ<\/td>\n<td> 200 kg afh\u00e6nger af forskellig overfladebehandling<\/td>\n<\/tr>\n<tr>\n<td> Kvalitetsstandard<\/td>\n<td> H\u00f8jt kvalitetsniveau<\/td>\n<\/tr>\n<tr>\n<td> Certifikater<\/td>\n<td> ISO9001,ISO4001,CQM,SGS,CE,BV etc.<\/td>\n<\/tr>\n<tr>\n<td> Kapacitet<\/td>\n<td> 3000 tons om m\u00e5neden<\/td>\n<\/tr>\n<tr>\n<td> Oprindelsessted<\/td>\n<td> Guangdong, Kina<\/td>\n<\/tr>\n<tr>\n<td> Virksomhedens historie<\/td>\n<td> Siden 1993<\/td>\n<\/tr>\n<\/tbody>\n<\/table>\n<h2>Vores produktionsbase<\/h2>\n<h3>Panorama over fabrikken<\/h3>\n<p><img decoding=\"async\" src=\"\/wp-content\/uploads\/factory-01.webp\"\/><\/p>\n<h3>V\u00e6rksted til fremstilling af aluminiumst\u00e6nger<\/h3>\n<p><img decoding=\"async\" src=\"\/wp-content\/uploads\/factory-02.webp\"\/><\/p>\n<p><img decoding=\"async\" src=\"\/wp-content\/uploads\/factory-03.webp\"\/><\/p>\n<h3>Lager til opbevaring af skimmelsvampe<\/h3>\n<p><img decoding=\"async\" src=\"\/wp-content\/uploads\/factory-04.webp\"\/><\/p>\n<h3>43 ekstruderingslinjer for aluminium (500-5500 ton)<\/h3>\n<p><img decoding=\"async\" src=\"\/wp-content\/uploads\/factory-05.webp\"\/><\/p>\n<p><img decoding=\"async\" src=\"\/wp-content\/uploads\/factory-06.webp\"\/><\/p>\n<p><img decoding=\"async\" src=\"\/wp-content\/uploads\/factory-07.webp\"\/><\/p>\n<h3>V\u00e6rksted for pulverlakering<\/h3>\n<p><img decoding=\"async\" src=\"\/wp-content\/uploads\/factory-09.webp\"\/><\/p>\n<h3>Anodiseringsv\u00e6rksted<\/h3>\n<p><img decoding=\"async\" src=\"\/wp-content\/uploads\/factory-10.webp\"\/><\/p>\n<h3>Workshop om dyb behandling<\/h3>\n<p><img decoding=\"async\" src=\"\/wp-content\/uploads\/factory-11.webp\"\/><\/p>\n<h3>V\u00e6rksted for CNC-pr\u00e6cisionsbearbejdning<\/h3>\n<p><img decoding=\"async\" src=\"\/wp-content\/uploads\/factory-11.5.webp\"\/><\/p>\n<h3>F\u00e6rdigvare- og eksportlager<\/h3>\n<p><img decoding=\"async\" src=\"\/wp-content\/uploads\/factory-12.webp\"\/><\/p>\n<p><img decoding=\"async\" src=\"\/wp-content\/uploads\/factory-13.webp\"\/><\/p>\n<p><img decoding=\"async\" src=\"\/wp-content\/uploads\/factory-14.webp\"\/><\/p>\n<h2>OFTE STILLEDE SP\u00d8RGSM\u00c5L<\/h2>\n<p><p><b>1. Hvad er en L-aluminiumsprofil til glasr\u00e6kv\u00e6rk?<\/b><\/p>\n<p>Det er en L-formet ekstruderet aluminiumsprofil, der bruges til sikker underst\u00f8ttelse af glaspaneler i r\u00e6kv\u00e6rkssystemer.<br \/>\n<\/p><br \/>\n<br \/>\n<p><b>2. Hvorfor v\u00e6lge en L-formet profil til glasr\u00e6kv\u00e6rk?<\/b><\/p>\n<p>L-formen giver stabil strukturel st\u00f8tte, nem installation og et rent, moderne udseende til r\u00e6kv\u00e6rk.<br \/>\n<\/p><br \/>\n<br \/>\n<p><b>3. Er aluminiumsprofilen rustfri?<\/b><\/p>\n<p>Ja, profilen er anodiseret eller pulverlakeret for fremragende korrosionsbestandighed i indend\u00f8rs og udend\u00f8rs milj\u00f8er.<br \/>\n<\/p><br \/>\n<br \/>\n<p><b>4. Kan den rumme forskellige glastykkelser?<\/b><\/p>\n<p>Ja, L-aluminiumsprofilen er kompatibel med flere glastykkelser og giver fleksible designmuligheder.<br \/>\n<\/p><br \/>\n<br \/>\n<p><b>5. Hvor bruges denne profil typisk?<\/b><\/p>\n<p>Det bruges ofte til altaner, trapper, terrasser, erhvervsbygninger og eksklusive boligprojekter.<br \/>\n<\/p><br \/>\n<br \/>\n<p><b>6. Kan produktet tilpasses?<\/b><\/p>\n<p>Ja, vi tilbyder tilpasning af dimensioner, vinkler, farver og overfladebehandlinger for at opfylde projektets behov.<br \/>\n<\/p><br \/>\n<br \/>\n<p><b>7. Hvor st\u00e6rk er L-aluminiumsprofilen?<\/b><\/p>\n<p>Det er konstrueret med henblik p\u00e5 b\u00e6reevne og slagfasthed og opfylder sikkerhedsstandarderne for glasr\u00e6kv\u00e6rkssystemer.<br \/>\n<\/p><br \/>\n<br \/>\n<p><b>8. Underst\u00f8tter den rammel\u00f8se glasdesigns?<\/b><\/p>\n<p>Ja, L-profilen kan integreres i halv- eller helrammel\u00f8se glasr\u00e6kv\u00e6rkssystemer for et minimalistisk look.<br \/>\n<\/p><br \/><\/p>","protected":false},"featured_media":0,"template":"","categories":[67],"class_list":["post-7430","product","type-product","status-publish","hentry","category-architectural-aluminium-profile"],"meta_box":{"hilight_text_group":{"product_hilight_text":"<li>L-shaped aluminum profile provides strong edge support for glass railing systems<\/li>\r\r\n<li>Corrosion-resistant surface for long-term outdoor and indoor applications<\/li>\r\r\n<li>Lightweight yet durable structure simplifies installation and reduces labor costs<\/li>\r\r\n<li>Modern and sleek design enhances architectural aesthetics<\/li>\r\r\n<li>Compatible with various glass thicknesses and safety standards<\/li>\r\r\n<li>Custom lengths, finishes, and angles available for tailored applications<\/li>\r\r\n<li>Ideal for balconies, staircases, and commercial railing systems<\/li>","product_chanpin_blog":"<ul>\r\r\n<li><a href=\"https:\/\/sinoextrud.com\/t-slot-v-slot-differences\/\" target=\"_blank\">t slot vs v slot<\/a><\/li>\r\r\n<li><a href=\"https:\/\/sinoextrud.com\/what-is-4040-aluminium-extrud\/\" target=\"_blank\">4040 aluminium extrusion<\/a><\/li>\r\r\n<li><a href=\"https:\/\/sinoextrud.com\/what-is-4040-aluminium-extrud\/\" target=\"_blank\">aluminum extrusions for industrial racks<\/a><\/li>\r\r\n<li><a href=\"https:\/\/sinoextrud.com\/powder-coating-aluminium-process\/\" target=\"_blank\">powder coating aluminium<\/a><\/li>\r\r\n<li><a href=\"https:\/\/sinoextrud.com\/what-is-an-aluminium-strip-ceiling\/\" target=\"_blank\">aluminium strip ceiling<\/a><\/li>\r\r\n<li><a href=\"https:\/\/sinoextrud.com\/what-is-a-heat-sink\/\" target=\"_blank\">what is a heat sink<\/a><\/li>\r\r\n<\/ul>","product_chanpin_chanpin":"<li><a href=\"https:\/\/sinoextrud.com\/product\/sound-proof-aluminum-glass-casement-windows-sliding-windows-and-doors-aluminum-profile-for-buildings-louver-system\/\" target=\"_blank\">Sound-proof Aluminum Glass Casement Windows Sliding Windows And Doors Aluminum Profile For Buildings Louver System<\/a><\/li>\r\n<li><a href=\"https:\/\/sinoextrud.com\/product\/shutter-aluminum-profile-for-window-louver-frame\/\" target=\"_blank\">Shutter Aluminum Profile For Window Louver Frame<\/a><\/li>\r\n<li><a href=\"https:\/\/sinoextrud.com\/product\/extrusion-aluminum-shutter-profile-free-mould\/\" target=\"_blank\">Extrusion Aluminum Shutter Profile Free Mould<\/a><\/li>\r\n<li><a href=\"https:\/\/sinoextrud.com\/product\/pvdf-aluminum-extrusion-curtain-wall-profile\/\" target=\"_blank\">PVDF Aluminum Extrusion Curtain Wall Profile<\/a><\/li>\r\n<li><a href=\"https:\/\/sinoextrud.com\/product\/l-aluminum-profile-for-glass-railing\/\" target=\"_blank\">L Aluminum Profile For Glass Railing<\/a><\/li>\r\n<li><a href=\"https:\/\/sinoextrud.com\/product\/bright-anodize-brushed-black-window-profile\/\" target=\"_blank\">Bright Anodize Brushed Black Window Profile<\/a><\/li>\r\n<li><a href=\"https:\/\/sinoextrud.com\/product\/customized-aluminum-alloy-housing-grow-light\/\" target=\"_blank\">Customized Aluminum Alloy Housing Grow Light<\/a><\/li>\r\n<li><a href=\"https:\/\/sinoextrud.com\/product\/extruded-aluminum-interlocking-plank-floor\/\" target=\"_blank\">Extruded Aluminum Interlocking Plank Floor<\/a><\/li>\r\n<li><a href=\"https:\/\/sinoextrud.com\/product\/anodized-brushed-black-extruded-frame-profile\/\" target=\"_blank\">Anodized Brushed Black Extruded Frame Profile<\/a><\/li>\r\n<li><a href=\"https:\/\/sinoextrud.com\/product\/large-aluminium-pipe-aluminium-pole\/\" target=\"_blank\">Large Aluminium Pipe Aluminium Pole<\/a><\/li>\r\n<li><a href=\"https:\/\/sinoextrud.com\/product\/construction-aluminum-profile\/\" target=\"_blank\">Construction Aluminum Profile<\/a><\/li>"},"feature_list":[]},"_links":{"self":[{"href":"https:\/\/sinoextrud.com\/da\/wp-json\/wp\/v2\/product\/7430","targetHints":{"allow":["GET"]}}],"collection":[{"href":"https:\/\/sinoextrud.com\/da\/wp-json\/wp\/v2\/product"}],"about":[{"href":"https:\/\/sinoextrud.com\/da\/wp-json\/wp\/v2\/types\/product"}],"wp:attachment":[{"href":"https:\/\/sinoextrud.com\/da\/wp-json\/wp\/v2\/media?parent=7430"}],"wp:term":[{"taxonomy":"category","embeddable":true,"href":"https:\/\/sinoextrud.com\/da\/wp-json\/wp\/v2\/categories?post=7430"}],"curies":[{"name":"wp","href":"https:\/\/api.w.org\/{rel}","templated":true}]}}