{"id":7422,"date":"2025-06-07T07:06:01","date_gmt":"2025-06-07T07:06:01","guid":{"rendered":"https:\/\/sinoextrud.com\/product\/sound-proof-aluminum-glass-casement-windows-sliding-windows-and-doors-aluminum-profile-for-buildings-louver-system\/"},"modified":"2025-06-24T06:12:47","modified_gmt":"2025-06-24T06:12:47","slug":"lydisolerede-aluminiumsglasvinduer-skydevinduer-og-dore-aluminiumsprofil-til-bygninger-lamelsystem","status":"publish","type":"product","link":"https:\/\/sinoextrud.com\/da\/product\/sound-proof-aluminum-glass-casement-windows-sliding-windows-and-doors-aluminum-profile-for-buildings-louver-system\/","title":{"rendered":"Lydisolerede aluminiumsglasvinduer Skydevinduer og -d\u00f8re Aluminiumsprofil til bygninger Louversystem"},"content":{"rendered":"<h2>Detaljer om produkter<\/h2>\n<table class=\"custom-table\">\n<tr>\n<td class=\"label\">Titel<\/td>\n<td>Lydisolerede aluminiumsglasvinduer Skydevinduer og -d\u00f8re Aluminiumsprofil til bygninger Louversystem<\/td>\n<\/tr>\n<\/table>\n<h2>Vores produktionsbase<\/h2>\n<h3>Panorama over fabrikken<\/h3>\n<p><img decoding=\"async\" src=\"\/wp-content\/uploads\/factory-01.webp\"\/><\/p>\n<h3>V\u00e6rksted til fremstilling af aluminiumst\u00e6nger<\/h3>\n<p><img decoding=\"async\" src=\"\/wp-content\/uploads\/factory-02.webp\"\/><\/p>\n<p><img decoding=\"async\" src=\"\/wp-content\/uploads\/factory-03.webp\"\/><\/p>\n<h3>Lager til opbevaring af skimmelsvampe<\/h3>\n<p><img decoding=\"async\" src=\"\/wp-content\/uploads\/factory-04.webp\"\/><\/p>\n<h3>43 ekstruderingslinjer for aluminium (500-5500 ton)<\/h3>\n<p><img decoding=\"async\" src=\"\/wp-content\/uploads\/factory-05.webp\"\/><\/p>\n<p><img decoding=\"async\" src=\"\/wp-content\/uploads\/factory-06.webp\"\/><\/p>\n<p><img decoding=\"async\" src=\"\/wp-content\/uploads\/factory-07.webp\"\/><\/p>\n<h3>V\u00e6rksted for pulverlakering<\/h3>\n<p><img decoding=\"async\" src=\"\/wp-content\/uploads\/factory-09.webp\"\/><\/p>\n<h3>Anodiseringsv\u00e6rksted<\/h3>\n<p><img decoding=\"async\" src=\"\/wp-content\/uploads\/factory-10.webp\"\/><\/p>\n<h3>Workshop om dyb behandling<\/h3>\n<p><img decoding=\"async\" src=\"\/wp-content\/uploads\/factory-11.webp\"\/><\/p>\n<h3>V\u00e6rksted for CNC-pr\u00e6cisionsbearbejdning<\/h3>\n<p><img decoding=\"async\" src=\"\/wp-content\/uploads\/factory-11.5.webp\"\/><\/p>\n<h3>F\u00e6rdigvare- og eksportlager<\/h3>\n<p><img decoding=\"async\" src=\"\/wp-content\/uploads\/factory-12.webp\"\/><\/p>\n<p><img decoding=\"async\" src=\"\/wp-content\/uploads\/factory-13.webp\"\/><\/p>\n<p><img decoding=\"async\" src=\"\/wp-content\/uploads\/factory-14.webp\"\/><\/p>\n<h2>OFTE STILLEDE SP\u00d8RGSM\u00c5L<\/h2>\n<p><p><b>1. Hvad er et lydisoleret aluminiumsglasvindue og d\u00f8rprofil?<\/b><\/p>\n<p>Det er en specialkonstrueret aluminiumsprofil, der er designet til at bygge vinduer og d\u00f8re med lydisolerende og varmeisolerende fordele.<br \/>\n<\/p><br \/>\n<br \/>\n<p><b>2. Hvilke fordele er der ved at bruge aluminiumsprofiler til skyde- og forsatsvinduer?<\/b><\/p>\n<p>Aluminium giver letv\u00e6gtsholdbarhed, korrosionsbestandighed og designfleksibilitet til forskellige vindues- og d\u00f8rtyper.<br \/>\n<\/p><br \/>\n<br \/>\n<p><b>3. Er dette profilsystem kompatibelt med lameller?<\/b><\/p>\n<p>Ja, det kan integreres med jalousisystemer i aluminium for ekstra ventilation, skygge og \u00e6stetik.<br \/>\n<\/p><br \/>\n<br \/>\n<p><b>4. Kan disse profiler bruges i kommercielle bygninger?<\/b><\/p>\n<p>Ja, de er ideelle til b\u00e5de bolig- og erhvervsbyggeri, der kr\u00e6ver h\u00f8jtydende vindues- og d\u00f8rsystemer.<br \/>\n<\/p><br \/>\n<br \/>\n<p><b>5. Er lydisolerende funktioner standard?<\/b><\/p>\n<p>Ja, profilerne er designet til at underst\u00f8tte dobbelte eller tredobbelte glasenheder for overlegen lydisolering.<br \/>\n<\/p><br \/>\n<br \/>\n<p><b>6. Tilbyder du muligheder for termisk afbrydelse?<\/b><\/p>\n<p>Ja, termiske aluminiumsprofiler er tilg\u00e6ngelige for at forbedre energieffektiviteten og den indend\u00f8rs komfort.<br \/>\n<\/p><br \/>\n<br \/>\n<p><b>7. Hvilke overfladebehandlinger er tilg\u00e6ngelige?<\/b><\/p>\n<p>Finishen omfatter anodiseret, pulverlakeret og tr\u00e6struktur for at matche forskellige designstile og vejrforhold.<br \/>\n<\/p><br \/>\n<br \/>\n<p><b>8. Er brugerdefinerede st\u00f8rrelser og farver underst\u00f8ttet?<\/b><\/p>\n<p>Absolut, vi tilbyder fuld tilpasning til unikke arkitektoniske krav og farvetemaer.<br \/>\n<\/p><br \/><\/p>","protected":false},"featured_media":7421,"template":"","categories":[67],"class_list":["post-7422","product","type-product","status-publish","has-post-thumbnail","hentry","category-architectural-aluminium-profile"],"meta_box":{"hilight_text_group":{"product_hilight_text":"<li>Designed for sound-proof performance in modern residential and commercial buildings<\/li>\r\r\n<li>High-quality aluminum profiles ensure structural strength and long-term durability<\/li>\r\r\n<li>Compatible with casement windows, sliding windows, and door systems<\/li>\r\r\n<li>Supports integrated louver systems for ventilation and privacy<\/li>\r\r\n<li>Corrosion-resistant finishes ideal for harsh weather conditions<\/li>\r\r\n<li>Customizable sizes, colors, and profiles to match architectural designs<\/li>\r\r\n<li>Energy-efficient thermal break options available to reduce heat transfer<\/li>","product_chanpin_blog":"<ul>\r\r\n<li><a href=\"https:\/\/sinoextrud.com\/t-slot-v-slot-differences\/\" target=\"_blank\">t slot vs v slot<\/a><\/li>\r\r\n<li><a href=\"https:\/\/sinoextrud.com\/what-is-4040-aluminium-extrud\/\" target=\"_blank\">4040 aluminium extrusion<\/a><\/li>\r\r\n<li><a href=\"https:\/\/sinoextrud.com\/what-is-4040-aluminium-extrud\/\" target=\"_blank\">aluminum extrusions for industrial racks<\/a><\/li>\r\r\n<li><a href=\"https:\/\/sinoextrud.com\/powder-coating-aluminium-process\/\" target=\"_blank\">powder coating aluminium<\/a><\/li>\r\r\n<li><a href=\"https:\/\/sinoextrud.com\/what-is-an-aluminium-strip-ceiling\/\" target=\"_blank\">aluminium strip ceiling<\/a><\/li>\r\r\n<li><a href=\"https:\/\/sinoextrud.com\/what-is-a-heat-sink\/\" target=\"_blank\">what is a heat sink<\/a><\/li>\r\r\n<\/ul>","product_chanpin_chanpin":"<li><a href=\"https:\/\/sinoextrud.com\/product\/new-design-kitchen-handle-aluminum-profile\/\" target=\"_blank\">New Design Kitchen Handle Aluminum Profile<\/a><\/li>\r\n<li><a href=\"https:\/\/sinoextrud.com\/product\/aluminum-tube-profile-processing-with-6060-material\/\" target=\"_blank\">Aluminum Tube Profile Processing with 6060 material<\/a><\/li>\r\n<li><a href=\"https:\/\/sinoextrud.com\/product\/shining-polishing-aluminum-profile-anodizing-silver\/\" target=\"_blank\">Shining Polishing Aluminum Profile Anodizing Silver<\/a><\/li>\r\n<li><a href=\"https:\/\/sinoextrud.com\/product\/cabinet-furniture-aluminium-extrusions-aluminum-handle-profile-for-kitchen-cabinet-horizontal-g-handle-system\/\" target=\"_blank\">Cabinet Furniture Aluminium Extrusions Aluminum Handle Profile For Kitchen Cabinet Horizontal G Handle System<\/a><\/li>\r\n<li><a href=\"https:\/\/sinoextrud.com\/product\/sound-proof-aluminum-glass-casement-windows-sliding-windows-and-doors-aluminum-profile-for-buildings-louver-system\/\" target=\"_blank\">Sound-proof Aluminum Glass Casement Windows Sliding Windows And Doors Aluminum Profile For Buildings Louver System<\/a><\/li>\r\n<li><a href=\"https:\/\/sinoextrud.com\/product\/shutter-aluminum-profile-for-window-louver-frame\/\" target=\"_blank\">Shutter Aluminum Profile For Window Louver Frame<\/a><\/li>\r\n<li><a href=\"https:\/\/sinoextrud.com\/product\/extrusion-aluminum-shutter-profile-free-mould\/\" target=\"_blank\">Extrusion Aluminum Shutter Profile Free Mould<\/a><\/li>\r\n<li><a href=\"https:\/\/sinoextrud.com\/product\/pvdf-aluminum-extrusion-curtain-wall-profile\/\" target=\"_blank\">PVDF Aluminum Extrusion Curtain Wall Profile<\/a><\/li>\r\n<li><a href=\"https:\/\/sinoextrud.com\/product\/l-aluminum-profile-for-glass-railing\/\" target=\"_blank\">L Aluminum Profile For Glass Railing<\/a><\/li>\r\n<li><a href=\"https:\/\/sinoextrud.com\/product\/aluminum-outdoor-enclose-heat-sinks\/\" target=\"_blank\">Aluminum outdoor enclose heat sinks<\/a><\/li>\r\n<li><a href=\"https:\/\/sinoextrud.com\/product\/commercial-handrail-systems\/\" target=\"_blank\">Commercial Handrail Systems<\/a><\/li>"},"feature_list":[]},"_links":{"self":[{"href":"https:\/\/sinoextrud.com\/da\/wp-json\/wp\/v2\/product\/7422","targetHints":{"allow":["GET"]}}],"collection":[{"href":"https:\/\/sinoextrud.com\/da\/wp-json\/wp\/v2\/product"}],"about":[{"href":"https:\/\/sinoextrud.com\/da\/wp-json\/wp\/v2\/types\/product"}],"wp:featuredmedia":[{"embeddable":true,"href":"https:\/\/sinoextrud.com\/da\/wp-json\/wp\/v2\/media\/7421"}],"wp:attachment":[{"href":"https:\/\/sinoextrud.com\/da\/wp-json\/wp\/v2\/media?parent=7422"}],"wp:term":[{"taxonomy":"category","embeddable":true,"href":"https:\/\/sinoextrud.com\/da\/wp-json\/wp\/v2\/categories?post=7422"}],"curies":[{"name":"wp","href":"https:\/\/api.w.org\/{rel}","templated":true}]}}