{"id":7416,"date":"2025-06-07T06:58:32","date_gmt":"2025-06-07T06:58:32","guid":{"rendered":"https:\/\/sinoextrud.com\/product\/aluminum-tube-profile-processing-with-6060-material\/"},"modified":"2025-06-24T06:12:46","modified_gmt":"2025-06-24T06:12:46","slug":"forarbejdning-af-aluminiumsrorprofil-med-6060-materiale","status":"publish","type":"product","link":"https:\/\/sinoextrud.com\/da\/product\/aluminum-tube-profile-processing-with-6060-material\/","title":{"rendered":"Forarbejdning af aluminiumsr\u00f8rprofil med 6060-materiale"},"content":{"rendered":"<h2>Detaljer om produkter<\/h2>\n<table class=\"custom-table\">\n<tr>\n<td class=\"label\">\nVare:<\/td>\n<td> Forarbejdning af aluminiumsr\u00f8rprofil med 6060-materiale<\/td>\n<\/tr>\n<tr>\n<td class=\"label\">Form:<\/td>\n<td> tilpasset <\/td>\n<\/tr>\n<tr>\n<td class=\"label\">Temperament:<\/td>\n<td> T3-T8<\/td>\n<\/tr>\n<tr>\n<td class=\"label\">Legering:<\/td>\n<td> Legering<\/td>\n<\/tr>\n<tr>\n<td class=\"label\">Legeringsingrediens:<\/td>\n<td> 6063<\/td>\n<\/tr>\n<tr>\n<td class=\"label\">Poleret aluminiumsprofil:<\/td>\n<td> Mekanisk polering<\/td>\n<\/tr>\n<tr>\n<td class=\"label\">\u00c6re:<\/td>\n<td> Kinas top 10-leverand\u00f8r af garanteret kvalitet<\/td>\n<\/tr>\n<tr>\n<td class=\"label\">Acceptabel valuta:<\/td>\n<td> USD, Aud, Eur, kinesisk RMB<\/td>\n<\/tr>\n<tr>\n<td class=\"label\">Betalingsperiode:<\/td>\n<td> T \/ T eller L \/ C ved syn, 30% depositum, balance derefter<\/td>\n<\/tr>\n<tr>\n<td class=\"label\">Transportpakke:<\/td>\n<td> Plastfilm og kraftpapir<\/td>\n<\/tr>\n<tr>\n<td class=\"label\">Type:<\/td>\n<td> Dekoration Aluminiumsprofil, LED<\/td>\n<\/tr>\n<tr>\n<td class=\"label\">Karakter:<\/td>\n<td> 6000-serien<\/td>\n<\/tr>\n<tr>\n<td class=\"label\">Aluminiumsprofil til vinduer og d\u00f8re:<\/td>\n<td> 70-serien<\/td>\n<\/tr>\n<tr>\n<td class=\"label\">Overfladebehandling:<\/td>\n<td> Overf\u00f8rsel af tr\u00e6korn<\/td>\n<\/tr>\n<tr>\n<td class=\"label\">Certificering:<\/td>\n<td> CE, SONCAP, ISO, CIQ, RoHS, TUV, Aama, DIN<\/td>\n<\/tr>\n<tr>\n<td class=\"label\">Produktnavn:<\/td>\n<td> Ekstruderet aluminiumskanal<\/td>\n<\/tr>\n<tr>\n<td class=\"label\">Det er en fordel:<\/td>\n<td> St\u00e6rk teknisk support<\/td>\n<\/tr>\n<tr>\n<td class=\"label\">Behandling:<\/td>\n<td> Raffineret sk\u00e6ring, fr\u00e6sning og boring<\/td>\n<\/tr>\n<tr>\n<td class=\"label\">Kvalitetsgaranti:<\/td>\n<td> 100% Gode produkter f\u00f8r forsendelse<\/td>\n<\/tr>\n<tr>\n<td class=\"label\">Specifikation:<\/td>\n<td> Efter kundernes \u00f8nske<\/td>\n<\/tr>\n<\/table>\n<h2>Vores produktionsbase<\/h2>\n<h3>Panorama over fabrikken<\/h3>\n<p><img decoding=\"async\" src=\"\/wp-content\/uploads\/factory-01.webp\"\/><\/p>\n<h3>V\u00e6rksted til fremstilling af aluminiumst\u00e6nger<\/h3>\n<p><img decoding=\"async\" src=\"\/wp-content\/uploads\/factory-02.webp\"\/><\/p>\n<\/p>\n<p><img decoding=\"async\" src=\"\/wp-content\/uploads\/factory-03.webp\"\/><\/p>\n<h3>Lager til opbevaring af skimmelsvampe<\/h3>\n<p><img decoding=\"async\" src=\"\/wp-content\/uploads\/factory-04.webp\"\/><\/p>\n<h3>43 ekstruderingslinjer for aluminium (500-5500 ton)<\/h3>\n<p><img decoding=\"async\" src=\"\/wp-content\/uploads\/factory-05.webp\"\/><\/p>\n<p><img decoding=\"async\" src=\"\/wp-content\/uploads\/factory-06.webp\"\/><\/p>\n<p><img decoding=\"async\" src=\"\/wp-content\/uploads\/factory-07.webp\"\/><\/p>\n<h3>V\u00e6rksted for pulverlakering<\/h3>\n<p><img decoding=\"async\" src=\"\/wp-content\/uploads\/factory-09.webp\"\/><\/p>\n<h3>Anodiseringsv\u00e6rksted<\/h3>\n<p><img decoding=\"async\" src=\"\/wp-content\/uploads\/factory-10.webp\"\/><\/p>\n<h3>Workshop om dyb behandling<\/h3>\n<p><img decoding=\"async\" src=\"\/wp-content\/uploads\/factory-11.webp\"\/><\/p>\n<h3>V\u00e6rksted for CNC-pr\u00e6cisionsbearbejdning<\/h3>\n<p><img decoding=\"async\" src=\"\/wp-content\/uploads\/factory-11.5.webp\"\/><\/p>\n<h3>F\u00e6rdigvare- og eksportlager<\/h3>\n<p><img decoding=\"async\" src=\"\/wp-content\/uploads\/factory-12.webp\"\/><\/p>\n<p><img decoding=\"async\" src=\"\/wp-content\/uploads\/factory-13.webp\"\/><\/p>\n<p><img decoding=\"async\" src=\"\/wp-content\/uploads\/factory-14.webp\"\/><\/p>\n<h2>OFTE STILLEDE SP\u00d8RGSM\u00c5L<\/h2>\n<p><b>1. Hvad er aluminiumsr\u00f8rprofilforarbejdning med 6060-materiale?<\/b><\/p>\n<p>Det refererer til specialfremstilling og bearbejdning af aluminiumsr\u00f8rprofiler lavet af 6060-legering til forskellige industrielle anvendelser.\n<\/p>\n<p><\/p>\n<p><b>2. Hvorfor v\u00e6lge 6060 aluminiumslegering til r\u00f8rprofiler?<\/b><\/p>\n<p>6060-aluminium har god styrke, korrosionsbestandighed, formbarhed og er ideelt til anodisering, hvilket g\u00f8r det velegnet til strukturelle og dekorative form\u00e5l.\n<\/p>\n<p><\/p>\n<p><b>3. Hvad er fordelene ved at bruge 6060 aluminium i r\u00f8rprofiler?<\/b><\/p>\n<p>Fordelene omfatter letv\u00e6gtsstyrke, nem fremstilling, korrosionsbestandighed og fremragende overfladefinish efter behandling.\n<\/p>\n<p><\/p>\n<p><b>4. kan 6060 aluminiumsr\u00f8rprofiler tilpasses?<\/b><\/p>\n<p>Ja, vi tilbyder tilpassede r\u00f8rdimensioner, v\u00e6gtykkelser, former og forarbejdning som f.eks. sk\u00e6ring, bukning og boring.\n<\/p>\n<p><\/p>\n<p><b>5. Er 6060 aluminium egnet til svejsning og bukning?<\/b><\/p>\n<p>Ja, 6060-aluminium har gode svejseegenskaber og kan let b\u00f8jes eller formes uden at revne.\n<\/p>\n<p><\/p>\n<p><b>6. Hvor bruges 6060 aluminiumsr\u00f8rprofiler ofte?<\/b><\/p>\n<p>De bruges i konstruktionsrammer, bildele, udstillingsstrukturer, m\u00f8bler og HVAC-systemer.\n<\/p>\n<p><\/p>\n<p><b>7. Hvilke overfladebehandlinger er kompatible med 6060 aluminium?<\/b><\/p>\n<p>6060-aluminium er fremragende til anodisering, pulverlakering og mekanisk polering til b\u00e5de funktionelle og dekorative overflader.\n<\/p>\n<p><\/p>\n<p><b>8. Er disse aluminiumsr\u00f8r vejrbestandige?<\/b><\/p>\n<p>Ja, 6060-legeringen giver st\u00e6rk modstandsdygtighed over for korrosion, hvilket g\u00f8r profilerne velegnede til udend\u00f8rs og marine milj\u00f8er.\n<\/p>\n<p><\/p>","protected":false},"featured_media":7415,"template":"","categories":[67],"class_list":["post-7416","product","type-product","status-publish","has-post-thumbnail","hentry","category-architectural-aluminium-profile"],"meta_box":{"hilight_text_group":{"product_hilight_text":"<li>Manufactured using high-quality 6060 aluminum alloy for excellent formability<\/li>\r\r\n<li>Good corrosion resistance, suitable for indoor and outdoor applications<\/li>\r\r\n<li>Lightweight with moderate strength for structural and decorative use<\/li>\r\r\n<li>Precision processing available for custom dimensions and complex shapes<\/li>\r\r\n<li>Excellent surface finish after anodizing or powder coating<\/li>\r\r\n<li>Suitable for cutting, drilling, bending, and welding processes<\/li>\r\r\n<li>Widely used in construction, automotive, furniture, and industrial equipment<\/li>","product_chanpin_blog":"<ul>\r\r\n<li><a href=\"https:\/\/sinoextrud.com\/t-slot-v-slot-differences\/\" target=\"_blank\">t slot vs v slot<\/a><\/li>\r\r\n<li><a href=\"https:\/\/sinoextrud.com\/what-is-4040-aluminium-extrud\/\" target=\"_blank\">4040 aluminium extrusion<\/a><\/li>\r\r\n<li><a href=\"https:\/\/sinoextrud.com\/what-is-4040-aluminium-extrud\/\" target=\"_blank\">aluminum extrusions for industrial racks<\/a><\/li>\r\r\n<li><a href=\"https:\/\/sinoextrud.com\/powder-coating-aluminium-process\/\" target=\"_blank\">powder coating aluminium<\/a><\/li>\r\r\n<li><a href=\"https:\/\/sinoextrud.com\/what-is-an-aluminium-strip-ceiling\/\" target=\"_blank\">aluminium strip ceiling<\/a><\/li>\r\r\n<li><a href=\"https:\/\/sinoextrud.com\/what-is-a-heat-sink\/\" target=\"_blank\">what is a heat sink<\/a><\/li>\r\r\n<\/ul>","product_chanpin_chanpin":"<li><a href=\"https:\/\/sinoextrud.com\/product\/customized-large-size-aluminum-alloy-louvers\/\" target=\"_blank\">Customized Large-Size Aluminum Alloy Louvers<\/a><\/li>\r\n<li><a href=\"https:\/\/sinoextrud.com\/product\/custom-cnc-machined-7075-aluminum-extrusion\/\" target=\"_blank\">Custom CNC Machined 7075 Aluminum Extrusion<\/a><\/li>\r\n<li><a href=\"https:\/\/sinoextrud.com\/product\/custom-aluminum-tongue-and-groove-extrusion-for-floor-decking\/\" target=\"_blank\">Custom Aluminum Tongue And Groove Extrusion for floor decking<\/a><\/li>\r\n<li><a href=\"https:\/\/sinoextrud.com\/product\/new-design-kitchen-handle-aluminum-profile\/\" target=\"_blank\">New Design Kitchen Handle Aluminum Profile<\/a><\/li>\r\n<li><a href=\"https:\/\/sinoextrud.com\/product\/aluminum-tube-profile-processing-with-6060-material\/\" target=\"_blank\">Aluminum Tube Profile Processing with 6060 material<\/a><\/li>\r\n<li><a href=\"https:\/\/sinoextrud.com\/product\/shining-polishing-aluminum-profile-anodizing-silver\/\" target=\"_blank\">Shining Polishing Aluminum Profile Anodizing Silver<\/a><\/li>\r\n<li><a href=\"https:\/\/sinoextrud.com\/product\/cabinet-furniture-aluminium-extrusions-aluminum-handle-profile-for-kitchen-cabinet-horizontal-g-handle-system\/\" target=\"_blank\">Cabinet Furniture Aluminium Extrusions Aluminum Handle Profile For Kitchen Cabinet Horizontal G Handle System<\/a><\/li>\r\n<li><a href=\"https:\/\/sinoextrud.com\/product\/sound-proof-aluminum-glass-casement-windows-sliding-windows-and-doors-aluminum-profile-for-buildings-louver-system\/\" target=\"_blank\">Sound-proof Aluminum Glass Casement Windows Sliding Windows And Doors Aluminum Profile For Buildings Louver System<\/a><\/li>\r\n<li><a href=\"https:\/\/sinoextrud.com\/product\/shutter-aluminum-profile-for-window-louver-frame\/\" target=\"_blank\">Shutter Aluminum Profile For Window Louver Frame<\/a><\/li>\r\n<li><a href=\"https:\/\/sinoextrud.com\/product\/electrophoresis-aluminum-profile-wood-grain\/\" target=\"_blank\">Electrophoresis Aluminum Profile Wood Grain<\/a><\/li>\r\n<li><a href=\"https:\/\/sinoextrud.com\/product\/aluminum-boat-extrusions-6082\/\" target=\"_blank\">Aluminum Boat Extrusions 6082<\/a><\/li>"},"feature_list":[]},"_links":{"self":[{"href":"https:\/\/sinoextrud.com\/da\/wp-json\/wp\/v2\/product\/7416","targetHints":{"allow":["GET"]}}],"collection":[{"href":"https:\/\/sinoextrud.com\/da\/wp-json\/wp\/v2\/product"}],"about":[{"href":"https:\/\/sinoextrud.com\/da\/wp-json\/wp\/v2\/types\/product"}],"wp:featuredmedia":[{"embeddable":true,"href":"https:\/\/sinoextrud.com\/da\/wp-json\/wp\/v2\/media\/7415"}],"wp:attachment":[{"href":"https:\/\/sinoextrud.com\/da\/wp-json\/wp\/v2\/media?parent=7416"}],"wp:term":[{"taxonomy":"category","embeddable":true,"href":"https:\/\/sinoextrud.com\/da\/wp-json\/wp\/v2\/categories?post=7416"}],"curies":[{"name":"wp","href":"https:\/\/api.w.org\/{rel}","templated":true}]}}