{"id":7404,"date":"2025-06-07T06:43:35","date_gmt":"2025-06-07T06:43:35","guid":{"rendered":"https:\/\/sinoextrud.com\/product\/china-aluminum-factory-wholesale-residential-aluminum-fence\/"},"modified":"2025-06-24T06:12:44","modified_gmt":"2025-06-24T06:12:44","slug":"kina-aluminium-fabrik-engros-bolig-aluminium-hegn","status":"publish","type":"product","link":"https:\/\/sinoextrud.com\/da\/product\/china-aluminum-factory-wholesale-residential-aluminum-fence\/","title":{"rendered":"Kina Aluminium Fabrik Engros Bolig Aluminium Hegn"},"content":{"rendered":"<h2>Detaljer om produkter<\/h2>\n<table class=\"custom-table\">\n<tr>\n<td class=\"label\">Vare:<\/td>\n<td>Kina aluminium fabrik engros bolig aluminium hegn<\/td>\n<\/tr>\n<tr>\n<td class=\"label\">Materiale:<\/td>\n<td>Aluminiumslegering af h\u00f8j kvalitet (f.eks. 6063)<\/td>\n<\/tr>\n<tr>\n<td class=\"label\">Mulighed for h\u00f8jde:<\/td>\n<td>3 fod, 4 fod, 5 fod, 6 fod (tilpassede h\u00f8jder er tilg\u00e6ngelige)<\/td>\n<\/tr>\n<tr>\n<td class=\"label\">Mulighed for bredde:<\/td>\n<td>Standard panelbredder p\u00e5 6 fod, 8 fod (tilpassede bredder kan f\u00e5s)<\/td>\n<\/tr>\n<tr>\n<td class=\"label\">Tykkelse:<\/td>\n<td>1,2 mm til 2,0 mm (tilpasset tykkelse tilg\u00e6ngelig)<\/td>\n<\/tr>\n<tr>\n<td class=\"label\">V\u00e6gt:<\/td>\n<td>Varierer afh\u00e6ngigt af dimensioner og design<\/td>\n<\/tr>\n<tr>\n<td class=\"label\">Overfladefinish:<\/td>\n<td>- Pulverlakeret<br \/>\n- Anodiseret<br \/>\n- B\u00f8rstet<\/td>\n<\/tr>\n<tr>\n<td class=\"label\">Farvemuligheder:<\/td>\n<td>Forskellige farver til r\u00e5dighed (f.eks. sort, hvid, bronze, gr\u00f8n)<\/td>\n<\/tr>\n<tr>\n<td class=\"label\">Designstile:<\/td>\n<td>- Klassisk<br \/>\n- Moderne<br \/>\n- Dekorativ<br \/>\n- Tilpassede designs er tilg\u00e6ngelige<\/td>\n<\/tr>\n<tr>\n<td class=\"label\">Mulighed for port:<\/td>\n<td>Enkelt- og dobbeltporte f\u00e5s og kan tilpasses i st\u00f8rrelse<\/td>\n<\/tr>\n<tr>\n<td class=\"label\">Modstandsdygtighed over for korrosion:<\/td>\n<td>Fremragende (naturlig egenskab ved aluminium)<\/td>\n<\/tr>\n<tr>\n<td class=\"label\">B\u00e6rende kapacitet:<\/td>\n<td>Varierer afh\u00e6ngigt af design og installation<\/td>\n<\/tr>\n<tr>\n<td class=\"label\">Installationsmetode:<\/td>\n<td>Let at installere med forborede huller og beslag<\/td>\n<\/tr>\n<tr>\n<td class=\"label\">Emballage:<\/td>\n<td>Sikker emballage med beskyttende materialer, m\u00e6rket for nem identifikation<\/td>\n<\/tr>\n<tr>\n<td class=\"label\">Certificeringer:<\/td>\n<td>ISO 9001, RoHS og andre relevante certificeringer<\/td>\n<\/tr>\n<tr>\n<td class=\"label\">Leveringstid:<\/td>\n<td>Typisk 2-4 uger (afh\u00e6ngigt af tilpasning og ordrem\u00e6ngde)<\/td>\n<\/tr>\n<tr>\n<td class=\"label\">Mindste ordrem\u00e6ngde (MOQ):<\/td>\n<td>100 meter eller efter aftale<\/td>\n<\/tr>\n<tr>\n<td class=\"label\">Tilpasningsmuligheder:<\/td>\n<td>Tilg\u00e6ngelig for dimensioner, farver, design og portfunktioner<\/td>\n<\/tr>\n<tr>\n<td class=\"label\">Kvalitetskontrol:<\/td>\n<td>Strenge inspektioner i hvert produktionsled<\/td>\n<\/tr>\n<tr>\n<td class=\"label\">Garanti:<\/td>\n<td>20 \u00e5rs garanti mod fabrikationsfejl<\/td>\n<\/tr>\n<tr>\n<td class=\"label\">Kundesupport:<\/td>\n<td>Teknisk support og r\u00e5dgivning er tilg\u00e6ngelig<\/td>\n<\/tr>\n<\/table>\n<h2>Vores produktionsbase<\/h2>\n<h3>Panorama over fabrikken<\/h3>\n<p><img decoding=\"async\" src=\"\/wp-content\/uploads\/factory-01.webp\"\/><\/p>\n<h3>V\u00e6rksted til fremstilling af aluminiumst\u00e6nger<\/h3>\n<p><img decoding=\"async\" src=\"\/wp-content\/uploads\/factory-02.webp\"\/><\/p>\n<p><img decoding=\"async\" src=\"\/wp-content\/uploads\/factory-03.webp\"\/><\/p>\n<h3>Lager til opbevaring af skimmelsvampe<\/h3>\n<p><img decoding=\"async\" src=\"\/wp-content\/uploads\/factory-04.webp\"\/><\/p>\n<h3>43 ekstruderingslinjer for aluminium (500-5500 ton)<\/h3>\n<p><img decoding=\"async\" src=\"\/wp-content\/uploads\/factory-05.webp\"\/><\/p>\n<p><img decoding=\"async\" src=\"\/wp-content\/uploads\/factory-06.webp\"\/><\/p>\n<p><img decoding=\"async\" src=\"\/wp-content\/uploads\/factory-07.webp\"\/><\/p>\n<h3>V\u00e6rksted for pulverlakering<\/h3>\n<p><img decoding=\"async\" src=\"\/wp-content\/uploads\/factory-09.webp\"\/><\/p>\n<h3>Anodiseringsv\u00e6rksted<\/h3>\n<p><img decoding=\"async\" src=\"\/wp-content\/uploads\/factory-10.webp\"\/><\/p>\n<h3>Workshop om dyb behandling<\/h3>\n<p><img decoding=\"async\" src=\"\/wp-content\/uploads\/factory-11.webp\"\/><\/p>\n<h3>V\u00e6rksted for CNC-pr\u00e6cisionsbearbejdning<\/h3>\n<p><img decoding=\"async\" src=\"\/wp-content\/uploads\/factory-11.5.webp\"\/><\/p>\n<h3>F\u00e6rdigvare- og eksportlager<\/h3>\n<p><img decoding=\"async\" src=\"\/wp-content\/uploads\/factory-12.webp\"\/><\/p>\n<p><img decoding=\"async\" src=\"\/wp-content\/uploads\/factory-13.webp\"\/><\/p>\n<p><img decoding=\"async\" src=\"\/wp-content\/uploads\/factory-14.webp\"\/><\/p>\n<h2>OFTE STILLEDE SP\u00d8RGSM\u00c5L<\/h2>\n<p><p><b>1. hvad er Kina aluminiumsfabrik engros bolig aluminium hegn?<\/b><\/p>\n<p>Det er en hegnsl\u00f8sning til boliger, der leveres direkte fra en kinesisk aluminiumsfabrik, og som tilbyder kvalitet og omkostningseffektivitet ved store ordrer.<br \/>\n<\/p><br \/>\n<br \/>\n<p><b>2. Hvad er fordelene ved at bruge aluminiumshegn til beboelsesejendomme?<\/b><\/p>\n<p>Aluminiumshegn er rustfrie, lette, holdbare og kr\u00e6ver minimal vedligeholdelse, hvilket g\u00f8r dem ideelle til langvarig udend\u00f8rs brug.<br \/>\n<\/p><br \/>\n<br \/>\n<p><b>3. Er aluminiumshegnet modstandsdygtigt over for korrosion og falmning?<\/b><\/p>\n<p>Ja, overfladen er pulverlakeret for at modst\u00e5 korrosion, UV-str\u00e5ler og vejrskader, hvilket sikrer et langtidsholdbart udseende.<br \/>\n<\/p><br \/>\n<br \/>\n<p><b>4. Kan jeg tilpasse designet af aluminiumshegnet?<\/b><\/p>\n<p>Ja, vi tilbyder en bred vifte af muligheder, der kan tilpasses, herunder farve, h\u00f8jde, stakitafstand og dekorative toppe.<br \/>\n<\/p><br \/>\n<br \/>\n<p><b>5. Er disse hegn nemme at installere?<\/b><\/p>\n<p>Ja, aluminiumshegn er designet til hurtig og nem installation med formonterede paneler og standardbeslag.<br \/>\n<\/p><br \/>\n<br \/>\n<p><b>6. Tilbyder I engrospriser til store projekter?<\/b><\/p>\n<p>Ja, vi har specialiseret os i fabriksn\u00e6re engrospriser til boligbyggerier, distribut\u00f8rer og entrepren\u00f8rer.<br \/>\n<\/p><br \/>\n<br \/>\n<p><b>7. Hvor bruges aluminiumshegn til boliger typisk?<\/b><\/p>\n<p>De bruges ofte til haver, g\u00e5rde, indk\u00f8rsler, poolindhegninger og perimetersikkerhed i boligomr\u00e5der.<br \/>\n<\/p><br \/>\n<br \/>\n<p><b>8. Hvor holdbart er et aluminiumshegn til boliger sammenlignet med jern eller tr\u00e6?<\/b><\/p>\n<p>Aluminiumshegn er mere modstandsdygtige over for rust og forfald, lettere at h\u00e5ndtere og kr\u00e6ver mindre vedligeholdelse end jern- eller tr\u00e6hegn.<br \/>\n<\/p><br \/><\/p>","protected":false},"featured_media":7403,"template":"","categories":[67],"class_list":["post-7404","product","type-product","status-publish","has-post-thumbnail","hentry","category-architectural-aluminium-profile"],"meta_box":{"hilight_text_group":{"product_hilight_text":"<li>Direct factory supply ensures competitive wholesale pricing<\/li>\r\r\n<li>High-quality aluminum construction for strength and weather resistance<\/li>\r\r\n<li>Low-maintenance surface with powder coating for long-lasting color<\/li>\r\r\n<li>Customizable styles, heights, and colors to match residential aesthetics<\/li>\r\r\n<li>Lightweight material allows easy transportation and installation<\/li>\r\r\n<li>Corrosion-resistant for long-term outdoor performance<\/li>\r\r\n<li>Ideal for gardens, yards, patios, and property boundaries<\/li>","product_chanpin_blog":"<ul>\r\r\n<li><a href=\"https:\/\/sinoextrud.com\/t-slot-v-slot-differences\/\" target=\"_blank\">t slot vs v slot<\/a><\/li>\r\r\n<li><a href=\"https:\/\/sinoextrud.com\/what-is-4040-aluminium-extrud\/\" target=\"_blank\">4040 aluminium extrusion<\/a><\/li>\r\r\n<li><a href=\"https:\/\/sinoextrud.com\/what-is-4040-aluminium-extrud\/\" target=\"_blank\">aluminum extrusions for industrial racks<\/a><\/li>\r\r\n<li><a href=\"https:\/\/sinoextrud.com\/powder-coating-aluminium-process\/\" target=\"_blank\">powder coating aluminium<\/a><\/li>\r\r\n<li><a href=\"https:\/\/sinoextrud.com\/what-is-an-aluminium-strip-ceiling\/\" target=\"_blank\">aluminium strip ceiling<\/a><\/li>\r\r\n<li><a href=\"https:\/\/sinoextrud.com\/what-is-a-heat-sink\/\" target=\"_blank\">what is a heat sink<\/a><\/li>\r\r\n<\/ul>","product_chanpin_chanpin":"<li><a href=\"https:\/\/sinoextrud.com\/product\/u-shape-extruded-aluminum-wall-panels\/\" target=\"_blank\">U Shape Extruded Aluminum Wall Panels<\/a><\/li>\r\n<li><a href=\"https:\/\/sinoextrud.com\/product\/greenhouse-aluminum-extrusions-blade-window\/\" target=\"_blank\">Greenhouse Aluminum Extrusions Blade Window<\/a><\/li>\r\n<li><a href=\"https:\/\/sinoextrud.com\/product\/wide-aluminum-extrusions\/\" target=\"_blank\">Wide Aluminum Extrusions<\/a><\/li>\r\n<li><a href=\"https:\/\/sinoextrud.com\/product\/anodizing-aluminum-picture-photo-frame-brushed-aluminium-frame-for-home-decoration\/\" target=\"_blank\">Anodizing Aluminum Picture Photo Frame Brushed Aluminium Frame For Home Decoration<\/a><\/li>\r\n<li><a href=\"https:\/\/sinoextrud.com\/product\/china-aluminum-factory-wholesale-residential-aluminum-fence\/\" target=\"_blank\">China Aluminum Factory Wholesale Residential Aluminum Fence<\/a><\/li>\r\n<li><a href=\"https:\/\/sinoextrud.com\/product\/aluminum-skirting-profile\/\" target=\"_blank\">Aluminum Skirting Profile<\/a><\/li>\r\n<li><a href=\"https:\/\/sinoextrud.com\/product\/customized-large-size-aluminum-alloy-louvers\/\" target=\"_blank\">Customized Large-Size Aluminum Alloy Louvers<\/a><\/li>\r\n<li><a href=\"https:\/\/sinoextrud.com\/product\/custom-cnc-machined-7075-aluminum-extrusion\/\" target=\"_blank\">Custom CNC Machined 7075 Aluminum Extrusion<\/a><\/li>\r\n<li><a href=\"https:\/\/sinoextrud.com\/product\/custom-aluminum-tongue-and-groove-extrusion-for-floor-decking\/\" target=\"_blank\">Custom Aluminum Tongue And Groove Extrusion for floor decking<\/a><\/li>\r\n<li><a href=\"https:\/\/sinoextrud.com\/product\/anodized-brushed-black-extruded-frame-profile\/\" target=\"_blank\">Anodized Brushed Black Extruded Frame Profile<\/a><\/li>\r\n<li><a href=\"https:\/\/sinoextrud.com\/product\/aluminium-z-section-extrusions\/\" target=\"_blank\">Aluminium Z Section Extrusions<\/a><\/li>"},"feature_list":[]},"_links":{"self":[{"href":"https:\/\/sinoextrud.com\/da\/wp-json\/wp\/v2\/product\/7404","targetHints":{"allow":["GET"]}}],"collection":[{"href":"https:\/\/sinoextrud.com\/da\/wp-json\/wp\/v2\/product"}],"about":[{"href":"https:\/\/sinoextrud.com\/da\/wp-json\/wp\/v2\/types\/product"}],"wp:featuredmedia":[{"embeddable":true,"href":"https:\/\/sinoextrud.com\/da\/wp-json\/wp\/v2\/media\/7403"}],"wp:attachment":[{"href":"https:\/\/sinoextrud.com\/da\/wp-json\/wp\/v2\/media?parent=7404"}],"wp:term":[{"taxonomy":"category","embeddable":true,"href":"https:\/\/sinoextrud.com\/da\/wp-json\/wp\/v2\/categories?post=7404"}],"curies":[{"name":"wp","href":"https:\/\/api.w.org\/{rel}","templated":true}]}}