{"id":7382,"date":"2025-06-07T06:26:44","date_gmt":"2025-06-07T06:26:44","guid":{"rendered":"https:\/\/sinoextrud.com\/product\/curved-extruded-aluminum-6063-alloy-anodizing\/"},"modified":"2025-06-24T06:12:40","modified_gmt":"2025-06-24T06:12:40","slug":"buet-ekstruderet-aluminium-6063-legering-anodisering","status":"publish","type":"product","link":"https:\/\/sinoextrud.com\/da\/product\/curved-extruded-aluminum-6063-alloy-anodizing\/","title":{"rendered":"Buet ekstruderet aluminium 6063 legering Anodisering"},"content":{"rendered":"<h2>Detaljer om produkter<\/h2>\n<table class=\"custom-table\">\n<tbody>\n<tr>\n<td> Karakter:<\/td>\n<td> 6063 -t5<\/td>\n<\/tr>\n<tr>\n<td> Teknik:<\/td>\n<td> Buet ekstruderet aluminium 6063 legering Anodisering<\/td>\n<\/tr>\n<tr>\n<td> Temperament:<\/td>\n<td> T3 - T8<\/td>\n<\/tr>\n<tr>\n<td> Bearbejdningstjenester:<\/td>\n<td> Boring, gevindsk\u00e6ring, nitning, montering osv.<\/td>\n<\/tr>\n<tr>\n<td> Varem\u00e6rke:<\/td>\n<td> Sinoextrud Sinoextrud <\/td>\n<\/tr>\n<tr>\n<td> Type:<\/td>\n<td> Buet<\/td>\n<\/tr>\n<tr>\n<td> Form:<\/td>\n<td> Lavet som kundernes design<\/td>\n<\/tr>\n<tr>\n<td> Overfladebehandling:<\/td>\n<td> Mill Finish Anodiseret B\u00f8rstet<\/td>\n<\/tr>\n<tr>\n<td> L\u00e6ngde:<\/td>\n<td> 1 m til 9 m pr. l\u00e6ngde<\/td>\n<\/tr>\n<tr>\n<td> Farver:<\/td>\n<td> S\u00f8lv Sort<\/td>\n<\/tr>\n<tr>\n<td> HS-kode:<\/td>\n<td> 76042990<\/td>\n<\/tr>\n<\/tbody>\n<\/table>\n<h2>Vores produktionsbase<\/h2>\n<h3>Panorama over fabrikken<\/h3>\n<p><img decoding=\"async\" src=\"\/wp-content\/uploads\/factory-01.webp\"\/><\/p>\n<h3>V\u00e6rksted til fremstilling af aluminiumst\u00e6nger<\/h3>\n<p><img decoding=\"async\" src=\"\/wp-content\/uploads\/factory-02.webp\"\/><\/p>\n<p><img decoding=\"async\" src=\"\/wp-content\/uploads\/factory-03.webp\"\/><\/p>\n<h3>Lager til opbevaring af skimmelsvampe<\/h3>\n<p><img decoding=\"async\" src=\"\/wp-content\/uploads\/factory-04.webp\"\/><\/p>\n<h3>43 ekstruderingslinjer for aluminium (500-5500 ton)<\/h3>\n<p><img decoding=\"async\" src=\"\/wp-content\/uploads\/factory-05.webp\"\/><\/p>\n<p><img decoding=\"async\" src=\"\/wp-content\/uploads\/factory-06.webp\"\/><\/p>\n<p><img decoding=\"async\" src=\"\/wp-content\/uploads\/factory-07.webp\"\/><\/p>\n<h3>V\u00e6rksted for pulverlakering<\/h3>\n<p><img decoding=\"async\" src=\"\/wp-content\/uploads\/factory-09.webp\"\/><\/p>\n<h3>Anodiseringsv\u00e6rksted<\/h3>\n<p><img decoding=\"async\" src=\"\/wp-content\/uploads\/factory-10.webp\"\/><\/p>\n<h3>Workshop om dyb behandling<\/h3>\n<p><img decoding=\"async\" src=\"\/wp-content\/uploads\/factory-11.webp\"\/><\/p>\n<h3>V\u00e6rksted for CNC-pr\u00e6cisionsbearbejdning<\/h3>\n<p><img decoding=\"async\" src=\"\/wp-content\/uploads\/factory-11.5.webp\"\/><\/p>\n<h3>F\u00e6rdigvare- og eksportlager<\/h3>\n<p><img decoding=\"async\" src=\"\/wp-content\/uploads\/factory-12.webp\"\/><\/p>\n<p><img decoding=\"async\" src=\"\/wp-content\/uploads\/factory-13.webp\"\/><\/p>\n<p><img decoding=\"async\" src=\"\/wp-content\/uploads\/factory-14.webp\"\/><\/p>\n<h2>OFTE STILLEDE SP\u00d8RGSM\u00c5L<\/h2>\n<p><p><b>1. Hvad er anodisering af buet ekstruderet aluminium 6063?<\/b><\/p>\n<p>Det er en specialformet aluminiumsprofil lavet af 6063-legering med en buet form og anodiseret overflade, der bruges i arkitektoniske og designm\u00e6ssige applikationer.<br \/>\n<\/p><br \/>\n<br \/>\n<p><b>2. Hvorfor v\u00e6lge 6063-legering til buet aluminiumsekstrudering?<\/b><\/p>\n<p>6063 aluminiumslegering giver fremragende ekstruderbarhed, god styrke og en glat overfladefinish - perfekt til b\u00f8jning og anodisering.<br \/>\n<\/p><br \/>\n<br \/>\n<p><b>3. Hvad er fordelene ved anodiserede buede aluminiumsprofiler?<\/b><\/p>\n<p>Anodisering forbedrer korrosionsbestandighed, farveuniformitet og overfladeh\u00e5rdhed, samtidig med at det giver en dekorativ metallisk finish.<br \/>\n<\/p><br \/>\n<br \/>\n<p><b>4. Hvilke industrier bruger buede aluminiumsprofiler?<\/b><\/p>\n<p>De bruges i vid udstr\u00e6kning til bygningsfacader, m\u00f8bler, skiltning, vinduessystemer og bilbekl\u00e6dning p\u00e5 grund af deres \u00e6stetiske og funktionelle alsidighed.<br \/>\n<\/p><br \/>\n<br \/>\n<p><b>5. Kan buede profiler tilpasses?<\/b><\/p>\n<p>Ja, radius, profilform, l\u00e6ngde, legeringstype og anodiseret farve kan alle tilpasses, s\u00e5 de opfylder OEM- eller projektspecifikke behov.<br \/>\n<\/p><br \/>\n<br \/>\n<p><b>6. Er buet 6063-aluminium egnet til udend\u00f8rs brug?<\/b><\/p>\n<p>Absolut, den anodiserede finish kombineret med 6063-legeringens korrosionsbestandighed g\u00f8r den ideel til udend\u00f8rs milj\u00f8er.<br \/>\n<\/p><br \/>\n<br \/>\n<p><b>7. Underst\u00f8tter leverand\u00f8rer bulk- eller OEM-ordrer?<\/b><\/p>\n<p>Ja, de fleste producenter tilbyder bulkleverancer og OEM-tjenester, herunder v\u00e6rkt\u00f8j, bukning, overfladebehandling og emballering.<br \/>\n<\/p><br \/><\/p>","protected":false},"featured_media":7381,"template":"","categories":[67],"class_list":["post-7382","product","type-product","status-publish","has-post-thumbnail","hentry","category-architectural-aluminium-profile"],"meta_box":{"hilight_text_group":{"product_hilight_text":"<li>Custom curved extrusion ideal for architectural and decorative applications<\/li>\r\r\n<li>Made from 6063 aluminum alloy for excellent formability and surface finish<\/li>\r\r\n<li>Anodized coating provides corrosion resistance and aesthetic appeal<\/li>\r\r\n<li>Lightweight yet strong, suitable for both structural and design elements<\/li>\r\r\n<li>Precision extrusion ensures smooth curves and dimensional accuracy<\/li>\r\r\n<li>OEM customization available for length, radius, color, and finish<\/li>","product_chanpin_blog":"<ul>\r\r\n<li><a href=\"https:\/\/sinoextrud.com\/t-slot-v-slot-differences\/\" target=\"_blank\">t slot vs v slot<\/a><\/li>\r\r\n<li><a href=\"https:\/\/sinoextrud.com\/what-is-4040-aluminium-extrud\/\" target=\"_blank\">4040 aluminium extrusion<\/a><\/li>\r\r\n<li><a href=\"https:\/\/sinoextrud.com\/what-is-4040-aluminium-extrud\/\" target=\"_blank\">aluminum extrusions for industrial racks<\/a><\/li>\r\r\n<li><a href=\"https:\/\/sinoextrud.com\/powder-coating-aluminium-process\/\" target=\"_blank\">powder coating aluminium<\/a><\/li>\r\r\n<li><a href=\"https:\/\/sinoextrud.com\/what-is-an-aluminium-strip-ceiling\/\" target=\"_blank\">aluminium strip ceiling<\/a><\/li>\r\r\n<li><a href=\"https:\/\/sinoextrud.com\/what-is-a-heat-sink\/\" target=\"_blank\">what is a heat sink<\/a><\/li>\r\r\n<\/ul>","product_chanpin_chanpin":"<li><a href=\"https:\/\/sinoextrud.com\/product\/custom-aluminum-tongue-and-groove-extrusion\/\" target=\"_blank\">Custom Aluminum Tongue And Groove Extrusion<\/a><\/li>\r\n<li><a href=\"https:\/\/sinoextrud.com\/product\/aluminum-extrusion-connectors-for-window-door-aluminum\/\" target=\"_blank\">Aluminum Extrusion Connectors For Window Door Aluminum<\/a><\/li>\r\n<li><a href=\"https:\/\/sinoextrud.com\/product\/wooden-grain-40mm-aluminum-extrusion-profiles\/\" target=\"_blank\">Wooden Grain 40mm Aluminum Extrusion Profiles<\/a><\/li>\r\n<li><a href=\"https:\/\/sinoextrud.com\/product\/powder-coating-golden-10mm-aluminum-extrusion\/\" target=\"_blank\">Powder Coating Golden 10mm Aluminum Extrusion<\/a><\/li>\r\n<li><a href=\"https:\/\/sinoextrud.com\/product\/curved-extruded-aluminum-6063-alloy-anodizing\/\" target=\"_blank\">Curved Extruded Aluminum 6063 Alloy Anodizing<\/a><\/li>\r\n<li><a href=\"https:\/\/sinoextrud.com\/product\/oem-building-interlocking-aluminum-extrusions\/\" target=\"_blank\">OEM Building Interlocking Aluminum Extrusions<\/a><\/li>\r\n<li><a href=\"https:\/\/sinoextrud.com\/product\/extruded-aluminum-tubing-round-in-stock\/\" target=\"_blank\">Extruded Aluminum Tubing Round In Stock<\/a><\/li>\r\n<li><a href=\"https:\/\/sinoextrud.com\/product\/extruded-h-beam-aluminum-profile\/\" target=\"_blank\">Extruded H Beam Aluminum Profile<\/a><\/li>\r\n<li><a href=\"https:\/\/sinoextrud.com\/product\/anodized-extruded-aluminum-j-channel\/\" target=\"_blank\">Anodized Extruded Aluminum J Channel<\/a><\/li>\r\n<li><a href=\"https:\/\/sinoextrud.com\/product\/aluminum-extrusion-framing\/\" target=\"_blank\">Aluminum Extrusion Framing<\/a><\/li>\r\n<li><a href=\"https:\/\/sinoextrud.com\/product\/aluminium-screen-door-extrusions\/\" target=\"_blank\">Aluminium Screen Door Extrusions<\/a><\/li>"},"feature_list":[]},"_links":{"self":[{"href":"https:\/\/sinoextrud.com\/da\/wp-json\/wp\/v2\/product\/7382","targetHints":{"allow":["GET"]}}],"collection":[{"href":"https:\/\/sinoextrud.com\/da\/wp-json\/wp\/v2\/product"}],"about":[{"href":"https:\/\/sinoextrud.com\/da\/wp-json\/wp\/v2\/types\/product"}],"wp:featuredmedia":[{"embeddable":true,"href":"https:\/\/sinoextrud.com\/da\/wp-json\/wp\/v2\/media\/7381"}],"wp:attachment":[{"href":"https:\/\/sinoextrud.com\/da\/wp-json\/wp\/v2\/media?parent=7382"}],"wp:term":[{"taxonomy":"category","embeddable":true,"href":"https:\/\/sinoextrud.com\/da\/wp-json\/wp\/v2\/categories?post=7382"}],"curies":[{"name":"wp","href":"https:\/\/api.w.org\/{rel}","templated":true}]}}