{"id":7362,"date":"2025-06-07T06:06:30","date_gmt":"2025-06-07T06:06:30","guid":{"rendered":"https:\/\/sinoextrud.com\/product\/aluminum-extruded-profile-f-channel\/"},"modified":"2025-06-24T06:12:38","modified_gmt":"2025-06-24T06:12:38","slug":"ekstruderet-aluminiumsprofil-f-kanal","status":"publish","type":"product","link":"https:\/\/sinoextrud.com\/da\/product\/aluminum-extruded-profile-f-channel\/","title":{"rendered":"Ekstruderet aluminiumsprofil F-kanal"},"content":{"rendered":"<h2>Detaljer om produkter<\/h2>\n<table class=\"custom-table\">\n<tbody>\n<tr>\n<td> Vare<\/td>\n<td> Ekstruderet aluminiumsprofil F-kanal<\/td>\n<\/tr>\n<tr>\n<td> Temperament<\/td>\n<td> T3-T8<\/td>\n<\/tr>\n<tr>\n<td> Procesflow<\/td>\n<td> Udvikling af st\u00f8beforme - Aluminiumssk\u00e6rver - Opvarmning - St\u00f8bning med r\u00e5 aluminium - Anodiseret pulverbel\u00e6gning<\/td>\n<\/tr>\n<tr>\n<td> Certificering<\/td>\n<td> CE, ISO, SGS, TUV<\/td>\n<\/tr>\n<tr>\n<td> Anvendelse<\/td>\n<td> Byggeri, industri<\/td>\n<\/tr>\n<tr>\n<td> Form<\/td>\n<td> Trekantet<\/td>\n<\/tr>\n<tr>\n<td> Overfladebehandling<\/td>\n<td> Fr\u00e6set f\u00e6rdig, anodiseret, power coating, sandbl\u00e6sning, elektroforese, b\u00f8rstet, polering osv.<\/td>\n<\/tr>\n<tr>\n<td> Farve<\/td>\n<td> Baseret p\u00e5 kundernes krav<\/td>\n<\/tr>\n<tr>\n<td> Dyb bearbejdning<\/td>\n<td> Sk\u00e6ring, boring, bearbejdning, stansning, bukning, gevindsk\u00e6ring og s\u00e5 videre<\/td>\n<\/tr>\n<tr>\n<td> Garanti<\/td>\n<td> ISO:9001, SONCAP, BV-certifikat, TUV, SGS eller kundernes certifikat til r\u00e5dighed<\/td>\n<\/tr>\n<tr>\n<td> MOQ<\/td>\n<td> 200 kg for hver profil<\/td>\n<\/tr>\n<tr>\n<td> Leveringstid<\/td>\n<td> Skimmeludvikling og pr\u00f8vekonformation er 12-15 dage, derefter er produktionsvarigheden 15-25 dage efter modtagelse af depositum fra k\u00f8ber.<\/td>\n<\/tr>\n<tr>\n<td> Gratis pr\u00f8ve<\/td>\n<td> 1-3 dage kan sendes<\/td>\n<\/tr>\n<\/tbody>\n<\/table>\n<h2>Vores produktionsbase<\/h2>\n<h3>Panorama over fabrikken<\/h3>\n<p><img decoding=\"async\" src=\"\/wp-content\/uploads\/factory-01.webp\"\/><\/p>\n<h3>V\u00e6rksted til fremstilling af aluminiumst\u00e6nger<\/h3>\n<p><img decoding=\"async\" src=\"\/wp-content\/uploads\/factory-02.webp\"\/><\/p>\n<p><img decoding=\"async\" src=\"\/wp-content\/uploads\/factory-03.webp\"\/><\/p>\n<h3>Lager til opbevaring af skimmelsvampe<\/h3>\n<p><img decoding=\"async\" src=\"\/wp-content\/uploads\/factory-04.webp\"\/><\/p>\n<h3>43 ekstruderingslinjer for aluminium (500-5500 ton)<\/h3>\n<p><img decoding=\"async\" src=\"\/wp-content\/uploads\/factory-05.webp\"\/><\/p>\n<p><img decoding=\"async\" src=\"\/wp-content\/uploads\/factory-06.webp\"\/><\/p>\n<p><img decoding=\"async\" src=\"\/wp-content\/uploads\/factory-07.webp\"\/><\/p>\n<h3>V\u00e6rksted for pulverlakering<\/h3>\n<p><img decoding=\"async\" src=\"\/wp-content\/uploads\/factory-09.webp\"\/><\/p>\n<h3>Anodiseringsv\u00e6rksted<\/h3>\n<p><img decoding=\"async\" src=\"\/wp-content\/uploads\/factory-10.webp\"\/><\/p>\n<h3>Workshop om dyb behandling<\/h3>\n<p><img decoding=\"async\" src=\"\/wp-content\/uploads\/factory-11.webp\"\/><\/p>\n<h3>V\u00e6rksted for CNC-pr\u00e6cisionsbearbejdning<\/h3>\n<p><img decoding=\"async\" src=\"\/wp-content\/uploads\/factory-11.5.webp\"\/><\/p>\n<h3>F\u00e6rdigvare- og eksportlager<\/h3>\n<p><img decoding=\"async\" src=\"\/wp-content\/uploads\/factory-12.webp\"\/><\/p>\n<p><img decoding=\"async\" src=\"\/wp-content\/uploads\/factory-13.webp\"\/><\/p>\n<p><img decoding=\"async\" src=\"\/wp-content\/uploads\/factory-14.webp\"\/><\/p>\n<h2>OFTE STILLEDE SP\u00d8RGSM\u00c5L<\/h2>\n<p><p><b>1. Hvad er en ekstruderet aluminiumsprofil F-kanal?<\/b><\/p>\n<p>Det er en aluminiumsprofil med et F-formet tv\u00e6rsnit, der bruges til indramning, besk\u00e6ring eller underst\u00f8tning af paneler og inventar.<br \/>\n<\/p><br \/>\n<br \/>\n<p><b>2. Hvorfor v\u00e6lge en F-kanalprofil i aluminium?<\/b><\/p>\n<p>F-skinner i aluminium er lette, korrosionsbestandige og nemme at installere og giver styrke og en ren visuel finish.<br \/>\n<\/p><br \/>\n<br \/>\n<p><b>3. Hvad er almindelige anvendelser for F-kanals aluminiumsprofiler?<\/b><\/p>\n<p>De bruges i vid udstr\u00e6kning til kabinetter, indvendige skillev\u00e6gge, v\u00e6gbekl\u00e6dning, skiltningssystemer og detaljer i vindues- og d\u00f8rkarme.<br \/>\n<\/p><br \/>\n<br \/>\n<p><b>4. Kan F-kanalprofiler tilpasses?<\/b><\/p>\n<p>Ja, de kan skr\u00e6ddersys med hensyn til bredde, tykkelse, finish, legering og tilsk\u00e6ring til specifikke OEM- eller projektbehov.<br \/>\n<\/p><br \/>\n<br \/>\n<p><b>5. Er F-skinner i aluminium egnede til udend\u00f8rs brug?<\/b><\/p>\n<p>Absolut, is\u00e6r n\u00e5r de er anodiserede eller pulverlakerede, modst\u00e5r de korrosion og bevarer udseendet i udend\u00f8rs milj\u00f8er.<br \/>\n<\/p><br \/>\n<br \/>\n<p><b>6. Hvilke overflader kan man f\u00e5 til F-profiler i aluminium?<\/b><\/p>\n<p>Popul\u00e6re overfladebehandlinger omfatter anodisering, pulverlakering, sandbl\u00e6sning og b\u00f8rstede eller polerede overflader til \u00e6stetiske og funktionelle form\u00e5l.<br \/>\n<\/p><br \/>\n<br \/>\n<p><b>7. Er det nemt at montere F-skinner i aluminium?<\/b><\/p>\n<p>Ja, de er designet til nem montering med kl\u00e6bemiddel, skruer eller clips, hvilket g\u00f8r dem ideelle til hurtige og rene installationer.<br \/>\n<\/p><br \/><\/p>","protected":false},"featured_media":7361,"template":"","categories":[67],"class_list":["post-7362","product","type-product","status-publish","has-post-thumbnail","hentry","category-architectural-aluminium-profile"],"meta_box":{"hilight_text_group":{"product_hilight_text":"<li>Durable F-shaped aluminum profile ideal for edge framing and panel support<\/li>\r\r\n<li>Lightweight and corrosion-resistant for indoor and outdoor use<\/li>\r\r\n<li>Easy to install with clean lines for modern architectural finishes<\/li>\r\r\n<li>Precision extrusion ensures dimensional accuracy and tight fit<\/li>\r\r\n<li>Available in custom lengths, finishes, and alloy grades<\/li>\r\r\n<li>Suitable for cabinets, partitions, signage, and construction detailing<\/li>","product_chanpin_blog":"<ul>\r\r\n<li><a href=\"https:\/\/sinoextrud.com\/t-slot-v-slot-differences\/\" target=\"_blank\">t slot vs v slot<\/a><\/li>\r\r\n<li><a href=\"https:\/\/sinoextrud.com\/what-is-4040-aluminium-extrud\/\" target=\"_blank\">4040 aluminium extrusion<\/a><\/li>\r\r\n<li><a href=\"https:\/\/sinoextrud.com\/what-is-4040-aluminium-extrud\/\" target=\"_blank\">aluminum extrusions for industrial racks<\/a><\/li>\r\r\n<li><a href=\"https:\/\/sinoextrud.com\/powder-coating-aluminium-process\/\" target=\"_blank\">powder coating aluminium<\/a><\/li>\r\r\n<li><a href=\"https:\/\/sinoextrud.com\/what-is-an-aluminium-strip-ceiling\/\" target=\"_blank\">aluminium strip ceiling<\/a><\/li>\r\r\n<li><a href=\"https:\/\/sinoextrud.com\/what-is-a-heat-sink\/\" target=\"_blank\">what is a heat sink<\/a><\/li>\r\r\n<\/ul>","product_chanpin_chanpin":"<li><a href=\"https:\/\/sinoextrud.com\/product\/aluminum-decorative-timber-batten-3d-aluminum-profiles-timber-ceilings-u-shaped-baffle-ceiling\/\" target=\"_blank\">Aluminum Decorative Timber Batten 3D Aluminum Profiles Timber Ceilings U-shaped Baffle Ceiling<\/a><\/li>\r\n<li><a href=\"https:\/\/sinoextrud.com\/product\/aluminum-alloy-profile\/\" target=\"_blank\">Aluminum Alloy Profile<\/a><\/li>\r\n<li><a href=\"https:\/\/sinoextrud.com\/product\/aluminum-louver-blades\/\" target=\"_blank\">Aluminum Louver Blades<\/a><\/li>\r\n<li><a href=\"https:\/\/sinoextrud.com\/product\/fabricated-aluminium-extrusions-electrophoresis-champagne\/\" target=\"_blank\">Fabricated Aluminium Extrusions Electrophoresis Champagne<\/a><\/li>\r\n<li><a href=\"https:\/\/sinoextrud.com\/product\/aluminum-extruded-profile-f-channel\/\" target=\"_blank\">Aluminum Extruded Profile F Channel<\/a><\/li>\r\n<li><a href=\"https:\/\/sinoextrud.com\/product\/cnc-machining-aluminum-hat-channel-extrusions\/\" target=\"_blank\">CNC Machining Aluminum Hat Channel Extrusions<\/a><\/li>\r\n<li><a href=\"https:\/\/sinoextrud.com\/product\/bulk-extruded-aluminum\/\" target=\"_blank\">Bulk Extruded Aluminum<\/a><\/li>\r\n<li><a href=\"https:\/\/sinoextrud.com\/product\/sliding-door-extrusions\/\" target=\"_blank\">Sliding Door Extrusions<\/a><\/li>\r\n<li><a href=\"https:\/\/sinoextrud.com\/product\/extruded-aluminum-hex-tube\/\" target=\"_blank\">Extruded Aluminum Hex Tube<\/a><\/li>\r\n<li><a href=\"https:\/\/sinoextrud.com\/product\/anodized-and-powder-coated-t-slotted-aluminum-extrusion\/\" target=\"_blank\">Anodized and Powder Coated T-Slotted Aluminum Extrusion<\/a><\/li>\r\n<li><a href=\"https:\/\/sinoextrud.com\/product\/modular-aluminium-extrusions\/\" target=\"_blank\">Modular Aluminium Extrusions<\/a><\/li>"},"feature_list":[]},"_links":{"self":[{"href":"https:\/\/sinoextrud.com\/da\/wp-json\/wp\/v2\/product\/7362","targetHints":{"allow":["GET"]}}],"collection":[{"href":"https:\/\/sinoextrud.com\/da\/wp-json\/wp\/v2\/product"}],"about":[{"href":"https:\/\/sinoextrud.com\/da\/wp-json\/wp\/v2\/types\/product"}],"wp:featuredmedia":[{"embeddable":true,"href":"https:\/\/sinoextrud.com\/da\/wp-json\/wp\/v2\/media\/7361"}],"wp:attachment":[{"href":"https:\/\/sinoextrud.com\/da\/wp-json\/wp\/v2\/media?parent=7362"}],"wp:term":[{"taxonomy":"category","embeddable":true,"href":"https:\/\/sinoextrud.com\/da\/wp-json\/wp\/v2\/categories?post=7362"}],"curies":[{"name":"wp","href":"https:\/\/api.w.org\/{rel}","templated":true}]}}