{"id":7354,"date":"2025-06-07T03:56:09","date_gmt":"2025-06-07T03:56:09","guid":{"rendered":"https:\/\/sinoextrud.com\/product\/aluminum-decorative-timber-batten-3d-aluminum-profiles-timber-ceilings-u-shaped-baffle-ceiling\/"},"modified":"2025-06-24T06:12:37","modified_gmt":"2025-06-24T06:12:37","slug":"dekorativ-traeliste-i-aluminium-3d-aluminiumsprofiler-traelofter-u-formet-baffelloft","status":"publish","type":"product","link":"https:\/\/sinoextrud.com\/da\/product\/aluminum-decorative-timber-batten-3d-aluminum-profiles-timber-ceilings-u-shaped-baffle-ceiling\/","title":{"rendered":"Dekorative t\u00f8mmerlister i aluminium 3D-aluminiumsprofiler T\u00f8mmerlofter U-formet baffelloft"},"content":{"rendered":"<h2>Detaljer om produkter<\/h2>\n<table class=\"custom-table\">\n<tr>\n<td class=\"label\">Produkt<\/td>\n<td>Dekorative t\u00f8mmerlister i aluminium 3D-aluminiumsprofiler T\u00f8mmerlofter U-formet baffelloft<\/td>\n<\/tr>\n<tr>\n<td class=\"label\">Materiale<\/td>\n<td>3000-serien, 5000-serien, 6000-serien<\/td>\n<\/tr>\n<tr>\n<td class=\"label\">Almindelig tykkelse<\/td>\n<td>tilpasset<\/td>\n<\/tr>\n<tr>\n<td class=\"label\">St\u00f8rrelse<\/td>\n<td>Tilpasset efter behov<\/td>\n<\/tr>\n<tr>\n<td class=\"label\">Farve<\/td>\n<td>S\u00f8lv, sort, guld, champange, bronze, r\u00f8d, bl\u00e5;<br \/>\nvi kan tilpasse farverne baseret p\u00e5 kundernes pr\u00f8ver<\/td>\n<\/tr>\n<tr>\n<td class=\"label\">Overfladebehandling<\/td>\n<td>pulverlakering, elektroforese, tr\u00e6korn, anodiseret, b\u00f8rstet, polering<\/td>\n<\/tr>\n<tr>\n<td class=\"label\">Dyb bearbejdning<\/td>\n<td>Sk\u00e6ring, boring, bearbejdning, stansning, bukning, gevindsk\u00e6ring og s\u00e5 videre<\/td>\n<\/tr>\n<tr>\n<td class=\"label\">Valg af m\u00f8nstre<\/td>\n<td>Tilpasset design tilg\u00e6ngeligt, ODM-design<\/td>\n<\/tr>\n<tr>\n<td class=\"label\">Anvendelse<\/td>\n<td>Indk\u00f8bscenter, supermarked<br \/>\nLufthavn, busstation, restaurant<br \/>\nHegn, paneler og gitre<br \/>\nMetalliske v\u00e6gge;<br \/>\n5. Riste og platforme;<br \/>\nAfsk\u00e6rmning af facaden.<\/td>\n<\/tr>\n<tr>\n<td class=\"label\">Fordel<\/td>\n<td>1, Nem luftcirkulation, udst\u00f8dning og varmeafledning;<br \/>\n2, Antistatisk, korrosionsbestandig, lang levetid.<br \/>\n3, Slidstyrke;<br \/>\n4. Undg\u00e5 fugt.<\/td>\n<\/tr>\n<tr>\n<td class=\"label\">Certifikater<\/td>\n<td>ISO:9001, SONCAP, BV-certifikat, TUV, SGS eller kundernes certifikat til r\u00e5dighed<\/td>\n<\/tr>\n<tr>\n<td class=\"label\">Service<\/td>\n<td>Fremstil produkter i overensstemmelse med kundetegninger<\/td>\n<\/tr>\n<tr>\n<td class=\"label\">Leveringstid<\/td>\n<td>Skimmeludvikling og pr\u00f8vekonformation er 12-15 dage, derefter er produktionsvarigheden 15-25 dage efter modtagelse af depositum fra k\u00f8ber.<\/td>\n<\/tr>\n<tr>\n<td class=\"label\">Flere tjenester<\/td>\n<td>OEM, \/ODM, gratis pr\u00f8ver.<\/td>\n<\/tr>\n<tr>\n<td class=\"label\">Procesflow<\/td>\n<td>Udvikling af st\u00f8beforme - Aluminiumssk\u00e6rver - Opvarmning - St\u00f8bning med r\u00e5 aluminium - Overfladebehandling og farve<\/td>\n<\/tr>\n<\/table>\n<h2>Vores produktionsbase<\/h2>\n<h3>Panorama over fabrikken<\/h3>\n<p><img decoding=\"async\" src=\"\/wp-content\/uploads\/factory-01.webp\"\/><\/p>\n<h3>V\u00e6rksted til fremstilling af aluminiumst\u00e6nger<\/h3>\n<p><img decoding=\"async\" src=\"\/wp-content\/uploads\/factory-02.webp\"\/><\/p>\n<p><img decoding=\"async\" src=\"\/wp-content\/uploads\/factory-03.webp\"\/><\/p>\n<h3>Lager til opbevaring af skimmelsvampe<\/h3>\n<p><img decoding=\"async\" src=\"\/wp-content\/uploads\/factory-04.webp\"\/><\/p>\n<h3>43 ekstruderingslinjer for aluminium (500-5500 ton)<\/h3>\n<p><img decoding=\"async\" src=\"\/wp-content\/uploads\/factory-05.webp\"\/><\/p>\n<p><img decoding=\"async\" src=\"\/wp-content\/uploads\/factory-06.webp\"\/><\/p>\n<p><img decoding=\"async\" src=\"\/wp-content\/uploads\/factory-07.webp\"\/><\/p>\n<h3>V\u00e6rksted for pulverlakering<\/h3>\n<p><img decoding=\"async\" src=\"\/wp-content\/uploads\/factory-09.webp\"\/><\/p>\n<h3>Anodiseringsv\u00e6rksted<\/h3>\n<p><img decoding=\"async\" src=\"\/wp-content\/uploads\/factory-10.webp\"\/><\/p>\n<h3>Workshop om dyb behandling<\/h3>\n<p><img decoding=\"async\" src=\"\/wp-content\/uploads\/factory-11.webp\"\/><\/p>\n<h3>V\u00e6rksted for CNC-pr\u00e6cisionsbearbejdning<\/h3>\n<p><img decoding=\"async\" src=\"\/wp-content\/uploads\/factory-11.5.webp\"\/><\/p>\n<h3>F\u00e6rdigvare- og eksportlager<\/h3>\n<p><img decoding=\"async\" src=\"\/wp-content\/uploads\/factory-12.webp\"\/><\/p>\n<p><img decoding=\"async\" src=\"\/wp-content\/uploads\/factory-13.webp\"\/><\/p>\n<p><img decoding=\"async\" src=\"\/wp-content\/uploads\/factory-14.webp\"\/><\/p>\n<h2>OFTE STILLEDE SP\u00d8RGSM\u00c5L<\/h2>\n<p><p><b>1. hvad er aluminiumsdekorative t\u00f8mmerlister 3D aluminiumsprofiler t\u00f8mmerlofter U-formet baffelloft?<\/b><\/p>\n<p>Det er et dekorativt loftsystem lavet af aluminium med en tr\u00e6lignende finish og U-formede profiler, der er designet til at skabe en moderne, arkitektonisk 3D-effekt.<br \/>\n<\/p><br \/>\n<br \/>\n<p><b>2. Hvad er fordelene ved at bruge loftsl\u00e6gter i aluminium med tr\u00e6look?<\/b><\/p>\n<p>De giver tr\u00e6ets udseende med aluminiums holdbarhed, brandsikkerhed og lave vedligeholdelse.<br \/>\n<\/p><br \/>\n<br \/>\n<p><b>3. Er U-formede baffellofter i aluminium velegnede til kommercielle interi\u00f8rer?<\/b><\/p>\n<p>Ja, de bruges i vid udstr\u00e6kning p\u00e5 kontorer, i indk\u00f8bscentre, lufthavne og offentlige rum p\u00e5 grund af deres \u00e6stetiske appel og ydeevne.<br \/>\n<\/p><br \/>\n<br \/>\n<p><b>4. Kan man tilpasse den tr\u00e6agtige finish p\u00e5 disse aluminiumsprofiler?<\/b><\/p>\n<p>Ja, vi tilbyder en r\u00e6kke forskellige tr\u00e6m\u00f8nstre, farver og overflader, der passer til forskellige designbehov.<br \/>\n<\/p><br \/>\n<br \/>\n<p><b>5. Hvordan forbedrer disse lofter den visuelle effekt?<\/b><\/p>\n<p>Den 3D U-formede profil giver dybde og tekstur og fremh\u00e6ver den arkitektoniske stil i lofterne.<br \/>\n<\/p><br \/>\n<br \/>\n<p><b>6. Er disse loftsprofiler i aluminium nemme at installere?<\/b><\/p>\n<p>Ja, de er designet til hurtig installation ved hj\u00e6lp af standard oph\u00e6ngningssystemer med skjulte fastg\u00f8relseselementer.<br \/>\n<\/p><br \/>\n<br \/>\n<p><b>7. Modst\u00e5r tr\u00e6lofter af aluminium fugt og sk\u00e6vheder?<\/b><\/p>\n<p>Ja, de er fugtbestandige og bliver ikke sk\u00e6ve, revner eller falmer som naturligt tr\u00e6, hvilket g\u00f8r dem ideelle til omr\u00e5der med h\u00f8j luftfugtighed.<br \/>\n<\/p><br \/>\n<br \/>\n<p><b>8. Hvad g\u00f8r disse produkter milj\u00f8venlige?<\/b><\/p>\n<p>De er lavet af genanvendeligt aluminium og fungerer som et b\u00e6redygtigt alternativ til at sk\u00e6re i naturligt tr\u00e6.<br \/>\n<\/p><br \/><\/p>","protected":false},"featured_media":7353,"template":"","categories":[67],"class_list":["post-7354","product","type-product","status-publish","has-post-thumbnail","hentry","category-architectural-aluminium-profile"],"meta_box":{"hilight_text_group":{"product_hilight_text":"<li>Realistic timber-look aluminum profiles for modern ceiling aesthetics<\/li>\r\r\n<li>Lightweight and corrosion-resistant for long-lasting performance<\/li>\r\r\n<li>U-shaped baffle design provides depth and a 3D visual effect<\/li>\r\r\n<li>Easy to install and maintain with concealed suspension systems<\/li>\r\r\n<li>Flame-retardant and moisture-resistant, ideal for commercial interiors<\/li>\r\r\n<li>Available in multiple wood grain finishes and custom colors<\/li>\r\r\n<li>Eco-friendly alternative to natural timber with no warping or cracking<\/li>","product_chanpin_blog":"<ul>\r\r\n<li><a href=\"https:\/\/sinoextrud.com\/t-slot-v-slot-differences\/\" target=\"_blank\">t slot vs v slot<\/a><\/li>\r\r\n<li><a href=\"https:\/\/sinoextrud.com\/what-is-4040-aluminium-extrud\/\" target=\"_blank\">4040 aluminium extrusion<\/a><\/li>\r\r\n<li><a href=\"https:\/\/sinoextrud.com\/what-is-4040-aluminium-extrud\/\" target=\"_blank\">aluminum extrusions for industrial racks<\/a><\/li>\r\r\n<li><a href=\"https:\/\/sinoextrud.com\/powder-coating-aluminium-process\/\" target=\"_blank\">powder coating aluminium<\/a><\/li>\r\r\n<li><a href=\"https:\/\/sinoextrud.com\/what-is-an-aluminium-strip-ceiling\/\" target=\"_blank\">aluminium strip ceiling<\/a><\/li>\r\r\n<li><a href=\"https:\/\/sinoextrud.com\/what-is-a-heat-sink\/\" target=\"_blank\">what is a heat sink<\/a><\/li>\r\r\n<\/ul>","product_chanpin_chanpin":"<li><a href=\"https:\/\/sinoextrud.com\/product\/aluminum-corner-extrusion-profiles\/\" target=\"_blank\">Aluminum Corner Extrusion Profiles<\/a><\/li>\r\n<li><a href=\"https:\/\/sinoextrud.com\/product\/aluminum-profile-for-windows-and-door-aluminum-curtain-wall-profile-extrusion\/\" target=\"_blank\">Aluminum Profile for Windows and Door Aluminum Curtain Wall Profile Extrusion<\/a><\/li>\r\n<li><a href=\"https:\/\/sinoextrud.com\/product\/aluminum-profiles-partition\/\" target=\"_blank\">Aluminum Profiles Partition<\/a><\/li>\r\n<li><a href=\"https:\/\/sinoextrud.com\/product\/aluminum-handle-profile\/\" target=\"_blank\">Aluminum Handle Profile<\/a><\/li>\r\n<li><a href=\"https:\/\/sinoextrud.com\/product\/aluminum-decorative-timber-batten-3d-aluminum-profiles-timber-ceilings-u-shaped-baffle-ceiling\/\" target=\"_blank\">Aluminum Decorative Timber Batten 3D Aluminum Profiles Timber Ceilings U-shaped Baffle Ceiling<\/a><\/li>\r\n<li><a href=\"https:\/\/sinoextrud.com\/product\/aluminum-alloy-profile\/\" target=\"_blank\">Aluminum Alloy Profile<\/a><\/li>\r\n<li><a href=\"https:\/\/sinoextrud.com\/product\/aluminum-louver-blades\/\" target=\"_blank\">Aluminum Louver Blades<\/a><\/li>\r\n<li><a href=\"https:\/\/sinoextrud.com\/product\/fabricated-aluminium-extrusions-electrophoresis-champagne\/\" target=\"_blank\">Fabricated Aluminium Extrusions Electrophoresis Champagne<\/a><\/li>\r\n<li><a href=\"https:\/\/sinoextrud.com\/product\/aluminum-extruded-profile-f-channel\/\" target=\"_blank\">Aluminum Extruded Profile F Channel<\/a><\/li>\r\n<li><a href=\"https:\/\/sinoextrud.com\/product\/v-rail-aluminum-extrusion-profiles-pipeline\/\" target=\"_blank\">V Rail Aluminum Extrusion Profiles Pipeline<\/a><\/li>\r\n<li><a href=\"https:\/\/sinoextrud.com\/product\/aluminum-boat-extrusions-6082\/\" target=\"_blank\">Aluminum Boat Extrusions 6082<\/a><\/li>"},"feature_list":[]},"_links":{"self":[{"href":"https:\/\/sinoextrud.com\/da\/wp-json\/wp\/v2\/product\/7354","targetHints":{"allow":["GET"]}}],"collection":[{"href":"https:\/\/sinoextrud.com\/da\/wp-json\/wp\/v2\/product"}],"about":[{"href":"https:\/\/sinoextrud.com\/da\/wp-json\/wp\/v2\/types\/product"}],"wp:featuredmedia":[{"embeddable":true,"href":"https:\/\/sinoextrud.com\/da\/wp-json\/wp\/v2\/media\/7353"}],"wp:attachment":[{"href":"https:\/\/sinoextrud.com\/da\/wp-json\/wp\/v2\/media?parent=7354"}],"wp:term":[{"taxonomy":"category","embeddable":true,"href":"https:\/\/sinoextrud.com\/da\/wp-json\/wp\/v2\/categories?post=7354"}],"curies":[{"name":"wp","href":"https:\/\/api.w.org\/{rel}","templated":true}]}}