{"id":7350,"date":"2025-06-07T03:39:22","date_gmt":"2025-06-07T03:39:22","guid":{"rendered":"https:\/\/sinoextrud.com\/product\/aluminum-profiles-partition\/"},"modified":"2025-06-24T06:12:36","modified_gmt":"2025-06-24T06:12:36","slug":"skillevaeg-af-aluminiumsprofiler","status":"publish","type":"product","link":"https:\/\/sinoextrud.com\/da\/product\/aluminum-profiles-partition\/","title":{"rendered":"Skillev\u00e6g af aluminiumsprofiler"},"content":{"rendered":"<h2>Detaljer om produkter<\/h2>\n<table class=\"custom-table\">\n<tr>\n<td class=\"label\">Karakter :<\/td>\n<td>6063<\/td>\n<\/tr>\n<tr>\n<td class=\"label\">Temperament :<\/td>\n<td>T5<\/td>\n<\/tr>\n<tr>\n<td class=\"label\">Pulvertykkelse :<\/td>\n<td>40~78\u03bcm<\/td>\n<\/tr>\n<tr>\n<td class=\"label\">Tr\u00e6kstyrke :<\/td>\n<td>\u2265 230Mpa<\/td>\n<\/tr>\n<tr>\n<td class=\"label\">Udbyttestyrke :<\/td>\n<td>\u2265 210Mpa<\/td>\n<\/tr>\n<tr>\n<td class=\"label\">H\u00e5rdhed :<\/td>\n<td>\u2265 11HW<\/td>\n<\/tr>\n<tr>\n<td class=\"label\">Output :<\/td>\n<td>15000t\/m\u00e5ned<\/td>\n<\/tr>\n<tr>\n<td class=\"label\">MOQ :<\/td>\n<td>200 kg\/vare<\/td>\n<\/tr>\n<tr>\n<td class=\"label\">Pakkemateriale:<\/td>\n<td>PE+PVC eller PE+EPE<\/td>\n<\/tr>\n<tr>\n<td class=\"label\">Betalingsbetingelser :<\/td>\n<td>T\/T,L\/C<\/td>\n<\/tr>\n<tr>\n<td class=\"label\">Leveringsfrist :<\/td>\n<td>20~25 dage efter modtagelse af depositum<\/td>\n<\/tr>\n<tr>\n<td class=\"label\">Lastning af v\u00e6gt :<\/td>\n<td>10t~12t\/20'GP, 20t~24t\/40'GP<\/td>\n<\/tr>\n<tr>\n<td class=\"label\">Lastning af port :<\/td>\n<td>Foshan, Guangzhou, Shenzhen<\/td>\n<\/tr>\n<tr>\n<td class=\"label\">OEM &amp; ODM :<\/td>\n<td>Acceptabelt. Pr\u00f8ver tilbydes gratis<\/td>\n<\/tr>\n<tr>\n<td class=\"label\">Eksportl\u00e6ngde :<\/td>\n<td>Almindelig 3~6m eller sk\u00e5ret i bestemt st\u00f8rrelse efter behov<\/td>\n<\/tr>\n<tr>\n<td class=\"label\">Overfladebehandlinger:<\/td>\n<td>M\u00f8lle, pulverlakering, anodisering, elektroforese, tr\u00e6korn<\/td>\n<\/tr>\n<tr>\n<td class=\"label\">Farve :<\/td>\n<td>S\u00f8lv, champagne, bronze, guld, sort, hvid eller efter behov<\/td>\n<\/tr>\n<tr>\n<td class=\"label\">Anvendelse :<\/td>\n<td>Vindue og d\u00f8r, skillev\u00e6g, arkitekturdekoration, industri osv.<\/td>\n<\/tr>\n<tr>\n<td class=\"label\">Hot Sell Market :<\/td>\n<td>Over hele verden<\/td>\n<\/tr>\n<tr>\n<td class=\"label\">Certificering:<\/td>\n<td>GB5237-2008 , ISO9001:2008 , CQM ,CE<\/td>\n<\/tr>\n<\/table>\n<h2>Vores produktionsbase<\/h2>\n<h3>Panorama over fabrikken<\/h3>\n<p><img decoding=\"async\" src=\"\/wp-content\/uploads\/factory-01.webp\"\/><\/p>\n<h3>V\u00e6rksted til fremstilling af aluminiumst\u00e6nger<\/h3>\n<p><img decoding=\"async\" src=\"\/wp-content\/uploads\/factory-02.webp\"\/><\/p>\n<\/p>\n<p><img decoding=\"async\" src=\"\/wp-content\/uploads\/factory-03.webp\"\/><\/p>\n<h3>Lager til opbevaring af skimmelsvampe<\/h3>\n<p><img decoding=\"async\" src=\"\/wp-content\/uploads\/factory-04.webp\"\/><\/p>\n<h3>43 ekstruderingslinjer for aluminium (500-5500 ton)<\/h3>\n<p><img decoding=\"async\" src=\"\/wp-content\/uploads\/factory-05.webp\"\/><\/p>\n<p><img decoding=\"async\" src=\"\/wp-content\/uploads\/factory-06.webp\"\/><\/p>\n<p><img decoding=\"async\" src=\"\/wp-content\/uploads\/factory-07.webp\"\/><\/p>\n<h3>V\u00e6rksted for pulverlakering<\/h3>\n<p><img decoding=\"async\" src=\"\/wp-content\/uploads\/factory-09.webp\"\/><\/p>\n<h3>Anodiseringsv\u00e6rksted<\/h3>\n<p><img decoding=\"async\" src=\"\/wp-content\/uploads\/factory-10.webp\"\/><\/p>\n<h3>Workshop om dyb behandling<\/h3>\n<p><img decoding=\"async\" src=\"\/wp-content\/uploads\/factory-11.webp\"\/><\/p>\n<h3>V\u00e6rksted for CNC-pr\u00e6cisionsbearbejdning<\/h3>\n<p><img decoding=\"async\" src=\"\/wp-content\/uploads\/factory-11.5.webp\"\/><\/p>\n<h3>F\u00e6rdigvare- og eksportlager<\/h3>\n<p><img decoding=\"async\" src=\"\/wp-content\/uploads\/factory-12.webp\"\/><\/p>\n<p><img decoding=\"async\" src=\"\/wp-content\/uploads\/factory-13.webp\"\/><\/p>\n<p><img decoding=\"async\" src=\"\/wp-content\/uploads\/factory-14.webp\"\/><\/p>\n<h2>OFTE STILLEDE SP\u00d8RGSM\u00c5L<\/h2>\n<p><b>1. Hvad er aluminiumsprofiler til skillev\u00e6gge?<\/b><\/p>\n<p>Aluminiumsprofiler til skillev\u00e6gge er strukturelle komponenter, der bruges til at skabe modul\u00e6re v\u00e6gsystemer i kontorer, butikslokaler og offentlige bygninger.\n<\/p>\n<p><\/p>\n<p><b>2. Hvorfor bruge aluminiumsprofiler til skillev\u00e6gssystemer?<\/b><\/p>\n<p>Aluminium er let, korrosionsbestandigt og har et elegant, moderne udseende, hvilket g\u00f8r det ideelt til holdbare og stilfulde skillev\u00e6gge.\n<\/p>\n<p><\/p>\n<p><b>3. Kan skillev\u00e6gsprofiler i aluminium tilpasses?<\/b><\/p>\n<p>Ja, de kan tilpasses i st\u00f8rrelse, tv\u00e6rsnit, farve og finish, s\u00e5 de passer til forskellige indretnings- og funktionskrav.\n<\/p>\n<p><\/p>\n<p><b>4. Hvilke typer paneler fungerer med skillev\u00e6gsprofiler i aluminium?<\/b><\/p>\n<p>Skillev\u00e6gssystemer i aluminium er kompatible med glas, tr\u00e6, PVC, akryl og kompositpaneler.\n<\/p>\n<p><\/p>\n<p><b>5. Er det nemt at installere skillev\u00e6gsprofiler i aluminium?<\/b><\/p>\n<p>Absolut, de er designet til hurtig montering med basisv\u00e6rkt\u00f8j og minimal arbejdsindsats.\n<\/p>\n<p><\/p>\n<p><b>6. Er disse profiler egnede til kommercielle kontormilj\u00f8er?<\/b><\/p>\n<p>Ja, de bruges i vid udstr\u00e6kning p\u00e5 kontorer, i showrooms, banker og coworking spaces p\u00e5 grund af deres professionelle udseende og fleksibilitet.\n<\/p>\n<p><\/p>\n<p><b>7. Hvilke overfladebehandlinger kan man f\u00e5 til skillev\u00e6gsprofiler i aluminium?<\/b><\/p>\n<p>Almindelige overflader omfatter anodiseret, pulverlakeret, b\u00f8rstet og tr\u00e6struktur for holdbarhed og visuel appel.\n<\/p>\n<p><\/p>","protected":false},"featured_media":7349,"template":"","categories":[67],"class_list":["post-7350","product","type-product","status-publish","has-post-thumbnail","hentry","category-architectural-aluminium-profile"],"meta_box":{"hilight_text_group":{"product_hilight_text":"<li>Durable aluminum construction ensures long-lasting partition support<\/li>\r\r\n<li>Lightweight material allows for easy handling and installation<\/li>\r\r\n<li>Corrosion-resistant surface suitable for indoor office and commercial use<\/li>\r\r\n<li>Modern and minimal design enhances space aesthetics<\/li>\r\r\n<li>Customizable in shape, color, and finish to match interior styles<\/li>\r\r\n<li>Compatible with glass, wood, and panel inserts for flexible configurations<\/li>","product_chanpin_blog":"<ul>\r\r\n<li><a href=\"https:\/\/sinoextrud.com\/t-slot-v-slot-differences\/\" target=\"_blank\">t slot vs v slot<\/a><\/li>\r\r\n<li><a href=\"https:\/\/sinoextrud.com\/what-is-4040-aluminium-extrud\/\" target=\"_blank\">4040 aluminium extrusion<\/a><\/li>\r\r\n<li><a href=\"https:\/\/sinoextrud.com\/what-is-4040-aluminium-extrud\/\" target=\"_blank\">aluminum extrusions for industrial racks<\/a><\/li>\r\r\n<li><a href=\"https:\/\/sinoextrud.com\/powder-coating-aluminium-process\/\" target=\"_blank\">powder coating aluminium<\/a><\/li>\r\r\n<li><a href=\"https:\/\/sinoextrud.com\/what-is-an-aluminium-strip-ceiling\/\" target=\"_blank\">aluminium strip ceiling<\/a><\/li>\r\r\n<li><a href=\"https:\/\/sinoextrud.com\/what-is-a-heat-sink\/\" target=\"_blank\">what is a heat sink<\/a><\/li>\r\r\n<\/ul>","product_chanpin_chanpin":"<li><a href=\"https:\/\/sinoextrud.com\/product\/aluminum-profile-for-office-partition-catalog\/\" target=\"_blank\">Aluminum Profile For Office Partition Catalog<\/a><\/li>\r\n<li><a href=\"https:\/\/sinoextrud.com\/product\/modular-aluminium-extrusions\/\" target=\"_blank\">Modular Aluminium Extrusions<\/a><\/li>\r\n<li><a href=\"https:\/\/sinoextrud.com\/product\/aluminum-corner-extrusion-profiles\/\" target=\"_blank\">Aluminum Corner Extrusion Profiles<\/a><\/li>\r\n<li><a href=\"https:\/\/sinoextrud.com\/product\/aluminum-profile-for-windows-and-door-aluminum-curtain-wall-profile-extrusion\/\" target=\"_blank\">Aluminum Profile for Windows and Door Aluminum Curtain Wall Profile Extrusion<\/a><\/li>\r\n<li><a href=\"https:\/\/sinoextrud.com\/product\/aluminum-profiles-partition\/\" target=\"_blank\">Aluminum Profiles Partition<\/a><\/li>\r\n<li><a href=\"https:\/\/sinoextrud.com\/product\/aluminum-handle-profile\/\" target=\"_blank\">Aluminum Handle Profile<\/a><\/li>\r\n<li><a href=\"https:\/\/sinoextrud.com\/product\/aluminum-decorative-timber-batten-3d-aluminum-profiles-timber-ceilings-u-shaped-baffle-ceiling\/\" target=\"_blank\">Aluminum Decorative Timber Batten 3D Aluminum Profiles Timber Ceilings U-shaped Baffle Ceiling<\/a><\/li>\r\n<li><a href=\"https:\/\/sinoextrud.com\/product\/aluminum-alloy-profile\/\" target=\"_blank\">Aluminum Alloy Profile<\/a><\/li>\r\n<li><a href=\"https:\/\/sinoextrud.com\/product\/aluminum-louver-blades\/\" target=\"_blank\">Aluminum Louver Blades<\/a><\/li>\r\n<li><a href=\"https:\/\/sinoextrud.com\/product\/aluminum-extrusion-box\/\" target=\"_blank\">aluminum extrusion box<\/a><\/li>\r\n<li><a href=\"https:\/\/sinoextrud.com\/product\/extrusion-aluminum-pipe-anodized-sandblasted-black\/\" target=\"_blank\">Extrusion Aluminum Pipe Anodized Sandblasted Black<\/a><\/li>"},"feature_list":[]},"_links":{"self":[{"href":"https:\/\/sinoextrud.com\/da\/wp-json\/wp\/v2\/product\/7350","targetHints":{"allow":["GET"]}}],"collection":[{"href":"https:\/\/sinoextrud.com\/da\/wp-json\/wp\/v2\/product"}],"about":[{"href":"https:\/\/sinoextrud.com\/da\/wp-json\/wp\/v2\/types\/product"}],"wp:featuredmedia":[{"embeddable":true,"href":"https:\/\/sinoextrud.com\/da\/wp-json\/wp\/v2\/media\/7349"}],"wp:attachment":[{"href":"https:\/\/sinoextrud.com\/da\/wp-json\/wp\/v2\/media?parent=7350"}],"wp:term":[{"taxonomy":"category","embeddable":true,"href":"https:\/\/sinoextrud.com\/da\/wp-json\/wp\/v2\/categories?post=7350"}],"curies":[{"name":"wp","href":"https:\/\/api.w.org\/{rel}","templated":true}]}}