{"id":7340,"date":"2025-06-07T03:31:40","date_gmt":"2025-06-07T03:31:40","guid":{"rendered":"https:\/\/sinoextrud.com\/product\/aluminum-railing\/"},"modified":"2025-06-24T06:12:34","modified_gmt":"2025-06-24T06:12:34","slug":"gelaender-i-aluminium","status":"publish","type":"product","link":"https:\/\/sinoextrud.com\/da\/product\/aluminum-railing\/","title":{"rendered":"R\u00e6kv\u00e6rk i aluminium"},"content":{"rendered":"<h2>Detaljer om produkter<\/h2>\n<table class=\"custom-table\">\n<tbody>\n<tr>\n<td> Vare:<\/td>\n<td> R\u00e6kv\u00e6rk i aluminium<\/td>\n<td> Form:<\/td>\n<td> Tilpasning<\/td>\n<\/tr>\n<tr>\n<td> Temperament:<\/td>\n<td> T3-T8<\/td>\n<td> Legering:<\/td>\n<td> Er legeret<\/td>\n<\/tr>\n<tr>\n<td> Karakter:<\/td>\n<td> 6000-serien<\/td>\n<td> L\u00e6ngde:<\/td>\n<td> 1-9 meter<\/td>\n<\/tr>\n<tr>\n<td> Farve:<\/td>\n<td> Lavet som forudsat Farve Nummer<\/td>\n<td> Leveringstid:<\/td>\n<td> 20-30 dage (i henhold til dit antal)<\/td>\n<\/tr>\n<tr>\n<td> Pakningsdetaljer:<\/td>\n<td> Standard eksportemballage<\/td>\n<td> Oprindelse:<\/td>\n<td> Foshan Kina<\/td>\n<\/tr>\n<tr>\n<td> Overfladebehandling:<\/td>\n<td> Anodiseret, pulverlakeret osv.<\/td>\n<td> Specifikation:<\/td>\n<td> ISO Rohs SGS TUV<\/td>\n<\/tr>\n<\/tbody>\n<\/table>\n<h2>Vores produktionsbase<\/h2>\n<h3>Panorama over fabrikken<\/h3>\n<p><img decoding=\"async\" src=\"\/wp-content\/uploads\/factory-01.webp\"\/><\/p>\n<h3>V\u00e6rksted til fremstilling af aluminiumst\u00e6nger<\/h3>\n<p><img decoding=\"async\" src=\"\/wp-content\/uploads\/factory-02.webp\"\/><\/p>\n<p><img decoding=\"async\" src=\"\/wp-content\/uploads\/factory-03.webp\"\/><\/p>\n<h3>Lager til opbevaring af skimmelsvampe<\/h3>\n<p><img decoding=\"async\" src=\"\/wp-content\/uploads\/factory-04.webp\"\/><\/p>\n<h3>43 ekstruderingslinjer for aluminium (500-5500 ton)<\/h3>\n<p><img decoding=\"async\" src=\"\/wp-content\/uploads\/factory-05.webp\"\/><\/p>\n<p><img decoding=\"async\" src=\"\/wp-content\/uploads\/factory-06.webp\"\/><\/p>\n<p><img decoding=\"async\" src=\"\/wp-content\/uploads\/factory-07.webp\"\/><\/p>\n<h3>V\u00e6rksted for pulverlakering<\/h3>\n<p><img decoding=\"async\" src=\"\/wp-content\/uploads\/factory-09.webp\"\/><\/p>\n<h3>Anodiseringsv\u00e6rksted<\/h3>\n<p><img decoding=\"async\" src=\"\/wp-content\/uploads\/factory-10.webp\"\/><\/p>\n<h3>Workshop om dyb behandling<\/h3>\n<p><img decoding=\"async\" src=\"\/wp-content\/uploads\/factory-11.webp\"\/><\/p>\n<h3>V\u00e6rksted for CNC-pr\u00e6cisionsbearbejdning<\/h3>\n<p><img decoding=\"async\" src=\"\/wp-content\/uploads\/factory-11.5.webp\"\/><\/p>\n<h3>F\u00e6rdigvare- og eksportlager<\/h3>\n<p><img decoding=\"async\" src=\"\/wp-content\/uploads\/factory-12.webp\"\/><\/p>\n<p><img decoding=\"async\" src=\"\/wp-content\/uploads\/factory-13.webp\"\/><\/p>\n<p><img decoding=\"async\" src=\"\/wp-content\/uploads\/factory-14.webp\"\/><\/p>\n<h2>OFTE STILLEDE SP\u00d8RGSM\u00c5L<\/h2>\n<p><p><b>1. Hvad er et aluminiumsgel\u00e6nder?<\/b><\/p>\n<p>Et aluminiumsgel\u00e6nder er en sikkerhedsbarriere lavet af let, korrosionsbestandigt aluminium, der bruges til altaner, trapper, terrasser og gangbroer.<br \/>\n<\/p><br \/>\n<br \/>\n<p><b>2. Hvorfor v\u00e6lge aluminiumsgel\u00e6ndere frem for andre materialer?<\/b><\/p>\n<p>Aluminiumsgel\u00e6ndere er holdbare, rustfri, lette og kr\u00e6ver mindre vedligeholdelse end alternativer af tr\u00e6 eller st\u00e5l.<br \/>\n<\/p><br \/>\n<br \/>\n<p><b>3. Er gel\u00e6ndere i aluminium egnet til udend\u00f8rs brug?<\/b><\/p>\n<p>Ja, aluminiums naturlige modstandsdygtighed over for korrosion g\u00f8r det ideelt til udvendige anvendelser under forskellige vejrforhold.<br \/>\n<\/p><br \/>\n<br \/>\n<p><b>4. Kan gel\u00e6ndere i aluminium tilpasses?<\/b><\/p>\n<p>De f\u00e5s i mange forskellige designs, h\u00f8jder, overflader og farver, s\u00e5 de passer til forskellige arkitektoniske stilarter.<br \/>\n<\/p><br \/>\n<br \/>\n<p><b>5. Hvilke overfladebehandlinger kan man f\u00e5 til aluminiumsgel\u00e6ndere?<\/b><\/p>\n<p>Almindelige overflader omfatter pulverlakering, anodisering og tr\u00e6kornseffekt for forbedret udseende og beskyttelse.<br \/>\n<\/p><br \/>\n<br \/>\n<p><b>6. Er gel\u00e6nder i aluminium nemt at installere?<\/b><\/p>\n<p>Ja, det lette design og de modul\u00e6re komponenter g\u00f8r installationen hurtigere og enklere end traditionelle r\u00e6kv\u00e6rkssystemer.<br \/>\n<\/p><br \/>\n<br \/>\n<p><b>7. Hvilke anvendelser er ideelle for aluminiumsgel\u00e6ndere?<\/b><\/p>\n<p>De er perfekte til altaner i boliger, kommercielle trapper, tagterrasser, offentlige rum og pooloverd\u00e6kninger.<br \/>\n<\/p><br \/><\/p>","protected":false},"featured_media":7339,"template":"","categories":[67],"class_list":["post-7340","product","type-product","status-publish","has-post-thumbnail","hentry","category-architectural-aluminium-profile"],"meta_box":{"hilight_text_group":{"product_hilight_text":"<li>High-strength aluminum structure provides safety and durability<\/li>\r\r\n<li>Corrosion-resistant surface ideal for indoor and outdoor use<\/li>\r\r\n<li>Lightweight design allows for easy transport and installation<\/li>\r\r\n<li>Low maintenance compared to steel or wood railings<\/li>\r\r\n<li>Modern appearance with customizable styles and finishes<\/li>\r\r\n<li>OEM options available for commercial, residential, and public projects<\/li>","product_chanpin_blog":"<ul>\r\r\n<li><a href=\"https:\/\/sinoextrud.com\/t-slot-v-slot-differences\/\" target=\"_blank\">t slot vs v slot<\/a><\/li>\r\r\n<li><a href=\"https:\/\/sinoextrud.com\/what-is-4040-aluminium-extrud\/\" target=\"_blank\">4040 aluminium extrusion<\/a><\/li>\r\r\n<li><a href=\"https:\/\/sinoextrud.com\/what-is-4040-aluminium-extrud\/\" target=\"_blank\">aluminum extrusions for industrial racks<\/a><\/li>\r\r\n<li><a href=\"https:\/\/sinoextrud.com\/powder-coating-aluminium-process\/\" target=\"_blank\">powder coating aluminium<\/a><\/li>\r\r\n<li><a href=\"https:\/\/sinoextrud.com\/what-is-an-aluminium-strip-ceiling\/\" target=\"_blank\">aluminium strip ceiling<\/a><\/li>\r\r\n<li><a href=\"https:\/\/sinoextrud.com\/what-is-a-heat-sink\/\" target=\"_blank\">what is a heat sink<\/a><\/li>\r\r\n<\/ul>","product_chanpin_chanpin":"<li><a href=\"https:\/\/sinoextrud.com\/product\/china-industrial-extruded-aluminium-heatsink-profile\/\" target=\"_blank\">China Industrial Extruded Aluminium Heatsink Profile<\/a><\/li>\r\n<li><a href=\"https:\/\/sinoextrud.com\/product\/aluminium-window-frame-profiles\/\" target=\"_blank\">Aluminium Window Frame Profiles<\/a><\/li>\r\n<li><a href=\"https:\/\/sinoextrud.com\/product\/customized-extruded-aluminum-enclosure-profile\/\" target=\"_blank\">Customized Extruded Aluminum Enclosure Profile<\/a><\/li>\r\n<li><a href=\"https:\/\/sinoextrud.com\/product\/aluminum-alloy-wall-decoration-edge-trim-strip\/\" target=\"_blank\">Aluminum Alloy Wall Decoration Edge Trim Strip<\/a><\/li>\r\n<li><a href=\"https:\/\/sinoextrud.com\/product\/aluminum-railing\/\" target=\"_blank\">Aluminum Railing<\/a><\/li>\r\n<li><a href=\"https:\/\/sinoextrud.com\/product\/aluminum-profile-for-office-partition-catalog\/\" target=\"_blank\">Aluminum Profile For Office Partition Catalog<\/a><\/li>\r\n<li><a href=\"https:\/\/sinoextrud.com\/product\/modular-aluminium-extrusions\/\" target=\"_blank\">Modular Aluminium Extrusions<\/a><\/li>\r\n<li><a href=\"https:\/\/sinoextrud.com\/product\/aluminum-corner-extrusion-profiles\/\" target=\"_blank\">Aluminum Corner Extrusion Profiles<\/a><\/li>\r\n<li><a href=\"https:\/\/sinoextrud.com\/product\/aluminum-profile-for-windows-and-door-aluminum-curtain-wall-profile-extrusion\/\" target=\"_blank\">Aluminum Profile for Windows and Door Aluminum Curtain Wall Profile Extrusion<\/a><\/li>\r\n<li><a href=\"https:\/\/sinoextrud.com\/product\/powder-coating-aluminium-profiles-for-industrial\/\" target=\"_blank\">Powder Coating Aluminium Profiles For Industrial<\/a><\/li>\r\n<li><a href=\"https:\/\/sinoextrud.com\/product\/aluminium-precision-tubing\/\" target=\"_blank\">Aluminium Precision Tubing<\/a><\/li>"},"feature_list":[]},"_links":{"self":[{"href":"https:\/\/sinoextrud.com\/da\/wp-json\/wp\/v2\/product\/7340","targetHints":{"allow":["GET"]}}],"collection":[{"href":"https:\/\/sinoextrud.com\/da\/wp-json\/wp\/v2\/product"}],"about":[{"href":"https:\/\/sinoextrud.com\/da\/wp-json\/wp\/v2\/types\/product"}],"wp:featuredmedia":[{"embeddable":true,"href":"https:\/\/sinoextrud.com\/da\/wp-json\/wp\/v2\/media\/7339"}],"wp:attachment":[{"href":"https:\/\/sinoextrud.com\/da\/wp-json\/wp\/v2\/media?parent=7340"}],"wp:term":[{"taxonomy":"category","embeddable":true,"href":"https:\/\/sinoextrud.com\/da\/wp-json\/wp\/v2\/categories?post=7340"}],"curies":[{"name":"wp","href":"https:\/\/api.w.org\/{rel}","templated":true}]}}