{"id":7330,"date":"2025-06-07T03:21:01","date_gmt":"2025-06-07T03:21:01","guid":{"rendered":"https:\/\/sinoextrud.com\/product\/aluminum-extrusion-profile-suppliers-for-good-kitchen-cabinet-manufacturers-cabinet-extrusion-pricing-construction-aluminium\/"},"modified":"2025-06-24T06:12:32","modified_gmt":"2025-06-24T06:12:32","slug":"leverandorer-af-aluminiumsekstruderingsprofiler-til-gode-kokkenskabsproducenter-kabinetekstruderingspriser-konstruktion-aluminium","status":"publish","type":"product","link":"https:\/\/sinoextrud.com\/da\/product\/aluminum-extrusion-profile-suppliers-for-good-kitchen-cabinet-manufacturers-cabinet-extrusion-pricing-construction-aluminium\/","title":{"rendered":"leverand\u00f8rer af aluminiumsekstruderingsprofiler til gode k\u00f8kkenskabsproducenter Skabsekstruderingspriser konstruktion aluminium"},"content":{"rendered":"<h2>Detaljer om produkter<\/h2>\n<table class=\"custom-table\">\n<tr>\n<td class=\"label\">Model nr:<\/td>\n<td> leverand\u00f8rer af aluminiumsekstruderingsprofiler til gode k\u00f8kkenskabsproducenter Skabsekstruderingspriser konstruktion aluminium<\/td>\n<\/tr>\n<tr>\n<td class=\"label\">Form:<\/td>\n<td> H\u00e5ndtagsprofil<\/td>\n<\/tr>\n<tr>\n<td class=\"label\">Temperament:<\/td>\n<td> T3-T8<\/td>\n<\/tr>\n<tr>\n<td class=\"label\">Legering:<\/td>\n<td> Legering, 6063\/6061\/6005\/6060 T5\/T6<\/td>\n<\/tr>\n<tr>\n<td class=\"label\">Legeringsingrediens:<\/td>\n<td> 6063<\/td>\n<\/tr>\n<tr>\n<td class=\"label\">leverand\u00f8rer af ekstruderingsprofiler i aluminium:<\/td>\n<td> tr\u00e6struktur<\/td>\n<\/tr>\n<tr>\n<td class=\"label\">F\u00e6rdig:<\/td>\n<td> Anodiseret, pulverlakeret, elektroforese osv.<\/td>\n<\/tr>\n<tr>\n<td class=\"label\">Farver:<\/td>\n<td> Alle er tilg\u00e6ngelige<\/td>\n<\/tr>\n<tr>\n<td class=\"label\">Fokus p\u00e5:<\/td>\n<td> Arkitektur, Industri, Husholdningsapparater<\/td>\n<\/tr>\n<tr>\n<td class=\"label\">Vores kvalitet:<\/td>\n<td> 100% QC-testning<\/td>\n<\/tr>\n<tr>\n<td class=\"label\">Vores fordel:<\/td>\n<td> St\u00e6rk teknisk support<\/td>\n<\/tr>\n<tr>\n<td class=\"label\">Transportpakke:<\/td>\n<td> Plastpapir og derefter indpakket i kraftpapir<\/td>\n<\/tr>\n<tr>\n<td class=\"label\">Type:<\/td>\n<td> konstruktion aluminium aluminium<\/td>\n<\/tr>\n<tr>\n<td class=\"label\">Karakter:<\/td>\n<td> 6000-serien<\/td>\n<\/tr>\n<tr>\n<td class=\"label\">Certificering:<\/td>\n<td> CE, SONCAP, ISO, CIQ, RoHS, TUV, Aama, DIN<\/td>\n<\/tr>\n<tr>\n<td class=\"label\">Varer:<\/td>\n<td> Aluminiumsprofil til k\u00f8kkenskabe<\/td>\n<\/tr>\n<tr>\n<td class=\"label\">CNC-bearbejdning:<\/td>\n<td> CNC-bearbejdning tilg\u00e6ngelig<\/td>\n<\/tr>\n<tr>\n<td class=\"label\">OEM\/ODM kan accepteres:<\/td>\n<td> Er OEM\/ODM acceptabelt?<\/td>\n<\/tr>\n<tr>\n<td class=\"label\">Vores l\u00f8fte:<\/td>\n<td> 100% Gode produkter f\u00f8r forsendelse<\/td>\n<\/tr>\n<tr>\n<td class=\"label\">Hornors:<\/td>\n<td> Kinas top 10-leverand\u00f8r af garanteret kvalitet<\/td>\n<\/tr>\n<tr>\n<td class=\"label\">Varem\u00e6rke:<\/td>\n<td> Sinoextrud, OEM<\/td>\n<\/tr>\n<tr>\n<td class=\"label\">Specifikation:<\/td>\n<td> Efter kundernes \u00f8nske<\/td>\n<\/tr>\n<tr>\n<td class=\"label\">HS-kode:<\/td>\n<td> 7604299000<\/td>\n<\/tr>\n<\/table>\n<h2>Vores produktionsbase<\/h2>\n<h3>Panorama over fabrikken<\/h3>\n<p><img decoding=\"async\" src=\"\/wp-content\/uploads\/factory-01.webp\"\/><\/p>\n<h3>V\u00e6rksted til fremstilling af aluminiumst\u00e6nger<\/h3>\n<p><img decoding=\"async\" src=\"\/wp-content\/uploads\/factory-02.webp\"\/><\/p>\n<\/p>\n<p><img decoding=\"async\" src=\"\/wp-content\/uploads\/factory-03.webp\"\/><\/p>\n<h3>Lager til opbevaring af skimmelsvampe<\/h3>\n<p><img decoding=\"async\" src=\"\/wp-content\/uploads\/factory-04.webp\"\/><\/p>\n<h3>43 ekstruderingslinjer for aluminium (500-5500 ton)<\/h3>\n<p><img decoding=\"async\" src=\"\/wp-content\/uploads\/factory-05.webp\"\/><\/p>\n<p><img decoding=\"async\" src=\"\/wp-content\/uploads\/factory-06.webp\"\/><\/p>\n<p><img decoding=\"async\" src=\"\/wp-content\/uploads\/factory-07.webp\"\/><\/p>\n<h3>V\u00e6rksted for pulverlakering<\/h3>\n<p><img decoding=\"async\" src=\"\/wp-content\/uploads\/factory-09.webp\"\/><\/p>\n<h3>Anodiseringsv\u00e6rksted<\/h3>\n<p><img decoding=\"async\" src=\"\/wp-content\/uploads\/factory-10.webp\"\/><\/p>\n<h3>Workshop om dyb behandling<\/h3>\n<p><img decoding=\"async\" src=\"\/wp-content\/uploads\/factory-11.webp\"\/><\/p>\n<h3>V\u00e6rksted for CNC-pr\u00e6cisionsbearbejdning<\/h3>\n<p><img decoding=\"async\" src=\"\/wp-content\/uploads\/factory-11.5.webp\"\/><\/p>\n<h3>F\u00e6rdigvare- og eksportlager<\/h3>\n<p><img decoding=\"async\" src=\"\/wp-content\/uploads\/factory-12.webp\"\/><\/p>\n<p><img decoding=\"async\" src=\"\/wp-content\/uploads\/factory-13.webp\"\/><\/p>\n<p><img decoding=\"async\" src=\"\/wp-content\/uploads\/factory-14.webp\"\/><\/p>\n<h2>OFTE STILLEDE SP\u00d8RGSM\u00c5L<\/h2>\n<p><b>1. Hvad er aluminiumsekstruderingsprofiler til producenter af k\u00f8kkenskabe?<\/b><\/p>\n<p>Det er pr\u00e6cisionsfremstillede aluminiumsprofiler, der bruges i konstruktionen af k\u00f8kkenskabe og giver styrke, stil og nem montering.\n<\/p>\n<p><\/p>\n<p><b>2. hvorfor skal producenter af k\u00f8kkenskabe v\u00e6lge leverand\u00f8rer af ekstruderingsprofiler i aluminium?<\/b><\/p>\n<p>P\u00e5lidelige leverand\u00f8rer af ekstruderingsprofiler i aluminium sikrer materialer af h\u00f8j kvalitet, ensartede dimensioner og tilpassede muligheder for fremstilling af skabe.\n<\/p>\n<p><\/p>\n<p><b>3. Er aluminiumsprofiler gode til konstruktion af k\u00f8kkenskabe?<\/b><\/p>\n<p>Ja, aluminiumsprofiler er korrosionsbestandige, lette og nemme at vedligeholde - perfekte til k\u00f8kkenets fugtige og meget brugte milj\u00f8.\n<\/p>\n<p><\/p>\n<p><b>4. kan ekstruderingsprofiler af aluminiumskabe tilpasses?<\/b><\/p>\n<p>Absolut, profiler kan tilpasses i form, finish og l\u00e6ngde, s\u00e5 de passer til specifikke skabsdesigns og producentens behov.\n<\/p>\n<p><\/p>\n<p><b>5. Er priserne p\u00e5 aluminiumsekstrudering konkurrencedygtige for store ordrer p\u00e5 skabe?<\/b><\/p>\n<p>Ja, mange leverand\u00f8rer tilbyder konkurrencedygtige priser for bulkordrer, hvilket g\u00f8r det omkostningseffektivt at producere kabinetter i stor skala.\n<\/p>\n<p><\/p>\n<p><b>6. Hvilke typer finish f\u00e5s til aluminiumsprofiler til k\u00f8kkenskabe?<\/b><\/p>\n<p>Almindelige overflader er anodiseret, pulverlakeret og b\u00f8rstet aluminium, som giver b\u00e5de holdbarhed og \u00e6stetisk appel.\n<\/p>\n<p><\/p>\n<p><b>7. G\u00f8r aluminiumsprofiler k\u00f8kkenskabe mere holdbare?<\/b><\/p>\n<p>Ja, aluminium tilf\u00f8jer strukturel integritet, samtidig med at det modst\u00e5r slid, korrosion og fugt, hvilket g\u00f8r det ideelt til k\u00f8kkenmilj\u00f8er med meget trafik.\n<\/p>\n<p><\/p>","protected":false},"featured_media":7329,"template":"","categories":[67],"class_list":["post-7330","product","type-product","status-publish","has-post-thumbnail","hentry","category-architectural-aluminium-profile"],"meta_box":{"hilight_text_group":{"product_hilight_text":"<li>High-precision aluminum extrusion profiles designed for kitchen cabinet applications<\/li>\r\r\n<li>Corrosion-resistant and easy-to-clean surfaces ideal for kitchen environments<\/li>\r\r\n<li>Custom OEM services available for cabinet manufacturers<\/li>\r\r\n<li>Lightweight yet strong aluminum for long-lasting cabinet structures<\/li>\r\r\n<li>Consistent quality and tight tolerances for seamless cabinet integration<\/li>\r\r\n<li>Competitive pricing for bulk cabinet extrusion supply<\/li>","product_chanpin_blog":"<ul>\r\r\n<li><a href=\"https:\/\/sinoextrud.com\/t-slot-v-slot-differences\/\" target=\"_blank\">t slot vs v slot<\/a><\/li>\r\r\n<li><a href=\"https:\/\/sinoextrud.com\/what-is-4040-aluminium-extrud\/\" target=\"_blank\">4040 aluminium extrusion<\/a><\/li>\r\r\n<li><a href=\"https:\/\/sinoextrud.com\/what-is-4040-aluminium-extrud\/\" target=\"_blank\">aluminum extrusions for industrial racks<\/a><\/li>\r\r\n<li><a href=\"https:\/\/sinoextrud.com\/powder-coating-aluminium-process\/\" target=\"_blank\">powder coating aluminium<\/a><\/li>\r\r\n<li><a href=\"https:\/\/sinoextrud.com\/what-is-an-aluminium-strip-ceiling\/\" target=\"_blank\">aluminium strip ceiling<\/a><\/li>\r\r\n<li><a href=\"https:\/\/sinoextrud.com\/what-is-a-heat-sink\/\" target=\"_blank\">what is a heat sink<\/a><\/li>\r\r\n<\/ul>","product_chanpin_chanpin":"<li><a href=\"https:\/\/sinoextrud.com\/product\/square-aluminum-tubing-with-anodized-mill-finish-polishing-treatment\/\" target=\"_blank\">Square Aluminum Tubing With Anodized Mill Finish Polishing Treatment<\/a><\/li>\r\n<li><a href=\"https:\/\/sinoextrud.com\/product\/roller-blind-aluminium-profiles\/\" target=\"_blank\">Roller blind aluminium profiles<\/a><\/li>\r\n<li><a href=\"https:\/\/sinoextrud.com\/product\/outdoor-aluminium-sun-shutters-louvres-system\/\" target=\"_blank\">Outdoor aluminium sun shutters( louvres) system<\/a><\/li>\r\n<li><a href=\"https:\/\/sinoextrud.com\/product\/anodized-and-powder-coated-t-slotted-aluminum-extrusion\/\" target=\"_blank\">Anodized and Powder Coated T-Slotted Aluminum Extrusion<\/a><\/li>\r\n<li><a href=\"https:\/\/sinoextrud.com\/product\/aluminum-extrusion-profile-suppliers-for-good-kitchen-cabinet-manufacturers-cabinet-extrusion-pricing-construction-aluminium\/\" target=\"_blank\">aluminum extrusion profile suppliers for Good Kitchen cabinet manufacturers Cabinet extrusion pricing construction aluminium<\/a><\/li>\r\n<li><a href=\"https:\/\/sinoextrud.com\/product\/china-industrial-extruded-aluminium-heatsink-profile\/\" target=\"_blank\">China Industrial Extruded Aluminium Heatsink Profile<\/a><\/li>\r\n<li><a href=\"https:\/\/sinoextrud.com\/product\/aluminium-window-frame-profiles\/\" target=\"_blank\">Aluminium Window Frame Profiles<\/a><\/li>\r\n<li><a href=\"https:\/\/sinoextrud.com\/product\/customized-extruded-aluminum-enclosure-profile\/\" target=\"_blank\">Customized Extruded Aluminum Enclosure Profile<\/a><\/li>\r\n<li><a href=\"https:\/\/sinoextrud.com\/product\/aluminum-alloy-wall-decoration-edge-trim-strip\/\" target=\"_blank\">Aluminum Alloy Wall Decoration Edge Trim Strip<\/a><\/li>\r\n<li><a href=\"https:\/\/sinoextrud.com\/product\/t-shaped-aluminium-extrusion\/\" target=\"_blank\">T Shaped Aluminium Extrusion<\/a><\/li>\r\n<li><a href=\"https:\/\/sinoextrud.com\/product\/china-industrial-extruded-aluminium-heatsink-profile\/\" target=\"_blank\">China Industrial Extruded Aluminium Heatsink Profile<\/a><\/li>"},"feature_list":[]},"_links":{"self":[{"href":"https:\/\/sinoextrud.com\/da\/wp-json\/wp\/v2\/product\/7330","targetHints":{"allow":["GET"]}}],"collection":[{"href":"https:\/\/sinoextrud.com\/da\/wp-json\/wp\/v2\/product"}],"about":[{"href":"https:\/\/sinoextrud.com\/da\/wp-json\/wp\/v2\/types\/product"}],"wp:featuredmedia":[{"embeddable":true,"href":"https:\/\/sinoextrud.com\/da\/wp-json\/wp\/v2\/media\/7329"}],"wp:attachment":[{"href":"https:\/\/sinoextrud.com\/da\/wp-json\/wp\/v2\/media?parent=7330"}],"wp:term":[{"taxonomy":"category","embeddable":true,"href":"https:\/\/sinoextrud.com\/da\/wp-json\/wp\/v2\/categories?post=7330"}],"curies":[{"name":"wp","href":"https:\/\/api.w.org\/{rel}","templated":true}]}}