{"id":7318,"date":"2025-06-07T03:08:30","date_gmt":"2025-06-07T03:08:30","guid":{"rendered":"https:\/\/sinoextrud.com\/product\/aluminium-profile-structure\/"},"modified":"2025-06-24T06:12:31","modified_gmt":"2025-06-24T06:12:31","slug":"struktur-af-aluminiumsprofiler","status":"publish","type":"product","link":"https:\/\/sinoextrud.com\/da\/product\/aluminium-profile-structure\/","title":{"rendered":"Struktur af aluminiumsprofiler"},"content":{"rendered":"<h2>Detaljer om produkter<\/h2>\n<table class=\"custom-table\">\n<tbody>\n<tr>\n<td> Vare:<\/td>\n<td> Struktur af aluminiumsprofiler<\/td>\n<td> Karakter:<\/td>\n<td> 6000 serie 6063<\/td>\n<\/tr>\n<tr>\n<td> Temperament:<\/td>\n<td> 6063-T5<\/td>\n<td> Oprindelsessted:<\/td>\n<td> Foshan, Guangdong<\/td>\n<\/tr>\n<tr>\n<td> Form:<\/td>\n<td> U-formet kanal<\/td>\n<td> Legering eller ej:<\/td>\n<td> Alunimun-legering<\/td>\n<\/tr>\n<tr>\n<td> Tolerance:<\/td>\n<td> \u00b10,5%<\/td>\n<td> Brand:<\/td>\n<td> Sinoextrud, Sinoextrud<\/td>\n<\/tr>\n<tr>\n<td> Standard:<\/td>\n<td> middel og h\u00f8j kvalitet<\/td>\n<td> Overfladebehandling:<\/td>\n<td> pulverlakering, elektroforese, tr\u00e6korn, anodiseret, b\u00f8rstet, polering<\/td>\n<\/tr>\n<tr>\n<td> Leveringstid:<\/td>\n<td> 25-30 dage<\/td>\n<td> MOQ:<\/td>\n<td> 200 kg<\/td>\n<\/tr>\n<tr>\n<td> Betalingsperiode:<\/td>\n<td> T \/ T (30% depositum), L \/ C<\/td>\n<td> Behandling af service:<\/td>\n<td> B\u00f8jning, afrulning, svejsning, stansning, sk\u00e6ring<\/td>\n<\/tr>\n<tr>\n<td> Havn:<\/td>\n<td> Guangzhou, Shenzhen<\/td>\n<td> L\u00e6ngde::<\/td>\n<td> 1-9m eller tilpasset<\/td>\n<\/tr>\n<\/tbody>\n<\/table>\n<h2>Vores produktionsbase<\/h2>\n<h3>Panorama over fabrikken<\/h3>\n<p><img decoding=\"async\" src=\"\/wp-content\/uploads\/factory-01.webp\"\/><\/p>\n<h3>V\u00e6rksted til fremstilling af aluminiumst\u00e6nger<\/h3>\n<p><img decoding=\"async\" src=\"\/wp-content\/uploads\/factory-02.webp\"\/><\/p>\n<p><img decoding=\"async\" src=\"\/wp-content\/uploads\/factory-03.webp\"\/><\/p>\n<h3>Lager til opbevaring af skimmelsvampe<\/h3>\n<p><img decoding=\"async\" src=\"\/wp-content\/uploads\/factory-04.webp\"\/><\/p>\n<h3>43 ekstruderingslinjer for aluminium (500-5500 ton)<\/h3>\n<p><img decoding=\"async\" src=\"\/wp-content\/uploads\/factory-05.webp\"\/><\/p>\n<p><img decoding=\"async\" src=\"\/wp-content\/uploads\/factory-06.webp\"\/><\/p>\n<p><img decoding=\"async\" src=\"\/wp-content\/uploads\/factory-07.webp\"\/><\/p>\n<h3>V\u00e6rksted for pulverlakering<\/h3>\n<p><img decoding=\"async\" src=\"\/wp-content\/uploads\/factory-09.webp\"\/><\/p>\n<h3>Anodiseringsv\u00e6rksted<\/h3>\n<p><img decoding=\"async\" src=\"\/wp-content\/uploads\/factory-10.webp\"\/><\/p>\n<h3>Workshop om dyb behandling<\/h3>\n<p><img decoding=\"async\" src=\"\/wp-content\/uploads\/factory-11.webp\"\/><\/p>\n<h3>V\u00e6rksted for CNC-pr\u00e6cisionsbearbejdning<\/h3>\n<p><img decoding=\"async\" src=\"\/wp-content\/uploads\/factory-11.5.webp\"\/><\/p>\n<h3>F\u00e6rdigvare- og eksportlager<\/h3>\n<p><img decoding=\"async\" src=\"\/wp-content\/uploads\/factory-12.webp\"\/><\/p>\n<p><img decoding=\"async\" src=\"\/wp-content\/uploads\/factory-13.webp\"\/><\/p>\n<p><img decoding=\"async\" src=\"\/wp-content\/uploads\/factory-14.webp\"\/><\/p>\n<h2>OFTE STILLEDE SP\u00d8RGSM\u00c5L<\/h2>\n<p><p><b>1. Hvad er en aluminiumsprofilstruktur? <\/b><\/p>\n<p> En aluminiumsprofilstruktur er en strukturel ramme lavet af aluminiumsprofiler, der er designet til brug i forskellige industrielle, arkitektoniske og tekniske applikationer.<br \/>\n<\/p><br \/>\n<br \/>\n<p><b>2. Hvorfor v\u00e6lge aluminium til konstruktionsprofiler? <\/b><\/p>\n<p> Aluminium er let, holdbart, korrosionsbestandigt og har et h\u00f8jt styrke-til-v\u00e6gt-forhold, hvilket g\u00f8r det ideelt til en lang r\u00e6kke strukturelle anvendelser.<br \/>\n<\/p><br \/>\n<br \/>\n<p><b>3. Kan disse profiler tilpasses? <\/b><\/p>\n<p> Ja, aluminiumsprofilkonstruktioner kan skr\u00e6ddersys med hensyn til st\u00f8rrelse, form, legering og overfladefinish for at opfylde specifikke projektkrav.<br \/>\n<\/p><br \/>\n<br \/>\n<p><b>4. Hvilke typer applikationer bruger aluminiumsprofilkonstruktioner? <\/b><\/p>\n<p> De bruges ofte i bygningsrammer, automatiseringsudstyr, maskinkabinetter og displaysystemer.<br \/>\n<\/p><br \/>\n<br \/>\n<p><b>5. Er strukturer af aluminiumsprofiler modstandsdygtige over for korrosion? <\/b><\/p>\n<p> Ja, aluminium modst\u00e5r naturligt korrosion, og med ekstra finish som anodisering eller pulverlakering forbedres holdbarheden betydeligt.<br \/>\n<\/p><br \/>\n<br \/>\n<p><b>6. Hvor let er det at samle aluminiumsprofilkonstruktioner? <\/b><\/p>\n<p> Det modul\u00e6re design og kompatibiliteten med standardstik og fastg\u00f8relseselementer g\u00f8r monteringen hurtig og nem uden behov for specialv\u00e6rkt\u00f8j.<br \/>\n<\/p><br \/>\n<br \/>\n<p><b>7. Er aluminium milj\u00f8venligt? <\/b><\/p>\n<p> Ja, aluminium er 100% genanvendeligt, hvilket g\u00f8r det til et milj\u00f8venligt valg til strukturelle anvendelser i b\u00e6redygtige byggemetoder.<br \/>\n<\/p><br \/><\/p>","protected":false},"featured_media":7317,"template":"","categories":[67],"class_list":["post-7318","product","type-product","status-publish","has-post-thumbnail","hentry","category-architectural-aluminium-profile"],"meta_box":{"hilight_text_group":{"product_hilight_text":"<li>High-strength aluminum construction ensures durability and reliability in various structural applications.<\/li>\r\r\n<li>Lightweight material reduces overall weight without compromising strength or stability.<\/li>\r\r\n<li>Corrosion-resistant surface provides long-lasting performance in both indoor and outdoor environments.<\/li>\r\r\n<li>Modular design allows for easy assembly and customization to fit specific structural needs.<\/li>\r\r\n<li>Compatible with a wide range of accessories, connectors, and fasteners for versatile applications.<\/li>\r\r\n<li>Cost-effective solution with low maintenance requirements and high structural integrity.<\/li>","product_chanpin_blog":"<ul>\r\r\n<li><a href=\"https:\/\/sinoextrud.com\/t-slot-v-slot-differences\/\" target=\"_blank\">t slot vs v slot<\/a><\/li>\r\r\n<li><a href=\"https:\/\/sinoextrud.com\/what-is-4040-aluminium-extrud\/\" target=\"_blank\">4040 aluminium extrusion<\/a><\/li>\r\r\n<li><a href=\"https:\/\/sinoextrud.com\/what-is-4040-aluminium-extrud\/\" target=\"_blank\">aluminum extrusions for industrial racks<\/a><\/li>\r\r\n<li><a href=\"https:\/\/sinoextrud.com\/powder-coating-aluminium-process\/\" target=\"_blank\">powder coating aluminium<\/a><\/li>\r\r\n<li><a href=\"https:\/\/sinoextrud.com\/what-is-an-aluminium-strip-ceiling\/\" target=\"_blank\">aluminium strip ceiling<\/a><\/li>\r\r\n<li><a href=\"https:\/\/sinoextrud.com\/what-is-a-heat-sink\/\" target=\"_blank\">what is a heat sink<\/a><\/li>\r\r\n<\/ul>","product_chanpin_chanpin":"<li><a href=\"https:\/\/sinoextrud.com\/product\/aluminium-profile-frame-for-fly-screen\/\" target=\"_blank\">Aluminium Profile Frame For Fly Screen<\/a><\/li>\r\n<li><a href=\"https:\/\/sinoextrud.com\/product\/aluminum-profile-for-tent\/\" target=\"_blank\">Aluminum profile for tent<\/a><\/li>\r\n<li><a href=\"https:\/\/sinoextrud.com\/product\/aluminium-profile-quarter-round-bar\/\" target=\"_blank\">Aluminium Profile Quarter Round Bar<\/a><\/li>\r\n<li><a href=\"https:\/\/sinoextrud.com\/product\/china-aluminum-angle-bar-alloy-profile\/\" target=\"_blank\">China Aluminum Angle Bar Alloy Profile<\/a><\/li>\r\n<li><a href=\"https:\/\/sinoextrud.com\/product\/aluminium-profile-structure\/\" target=\"_blank\">Aluminium Profile Structure<\/a><\/li>\r\n<li><a href=\"https:\/\/sinoextrud.com\/product\/cabinet-aluminum-profile\/\" target=\"_blank\">Cabinet Aluminum Profile<\/a><\/li>\r\n<li><a href=\"https:\/\/sinoextrud.com\/product\/square-aluminum-tubing-with-anodized-mill-finish-polishing-treatment\/\" target=\"_blank\">Square Aluminum Tubing With Anodized Mill Finish Polishing Treatment<\/a><\/li>\r\n<li><a href=\"https:\/\/sinoextrud.com\/product\/roller-blind-aluminium-profiles\/\" target=\"_blank\">Roller blind aluminium profiles<\/a><\/li>\r\n<li><a href=\"https:\/\/sinoextrud.com\/product\/outdoor-aluminium-sun-shutters-louvres-system\/\" target=\"_blank\">Outdoor aluminium sun shutters( louvres) system<\/a><\/li>\r\n<li><a href=\"https:\/\/sinoextrud.com\/product\/industrial-large-aluminum-heat-sink\/\" target=\"_blank\">Industrial Large Aluminum Heat Sink<\/a><\/li>\r\n<li><a href=\"https:\/\/sinoextrud.com\/product\/aluminum-rail-profile-precision\/\" target=\"_blank\">Aluminum Rail Profile Precision<\/a><\/li>"},"feature_list":[]},"_links":{"self":[{"href":"https:\/\/sinoextrud.com\/da\/wp-json\/wp\/v2\/product\/7318","targetHints":{"allow":["GET"]}}],"collection":[{"href":"https:\/\/sinoextrud.com\/da\/wp-json\/wp\/v2\/product"}],"about":[{"href":"https:\/\/sinoextrud.com\/da\/wp-json\/wp\/v2\/types\/product"}],"wp:featuredmedia":[{"embeddable":true,"href":"https:\/\/sinoextrud.com\/da\/wp-json\/wp\/v2\/media\/7317"}],"wp:attachment":[{"href":"https:\/\/sinoextrud.com\/da\/wp-json\/wp\/v2\/media?parent=7318"}],"wp:term":[{"taxonomy":"category","embeddable":true,"href":"https:\/\/sinoextrud.com\/da\/wp-json\/wp\/v2\/categories?post=7318"}],"curies":[{"name":"wp","href":"https:\/\/api.w.org\/{rel}","templated":true}]}}