{"id":7316,"date":"2025-06-07T03:05:26","date_gmt":"2025-06-07T03:05:26","guid":{"rendered":"https:\/\/sinoextrud.com\/product\/china-aluminum-angle-bar-alloy-profile\/"},"modified":"2025-06-24T06:12:31","modified_gmt":"2025-06-24T06:12:31","slug":"china-aluminium-vinkelstang-legeret-profil","status":"publish","type":"product","link":"https:\/\/sinoextrud.com\/da\/product\/china-aluminum-angle-bar-alloy-profile\/","title":{"rendered":"Kina Vinkelstang af aluminium Legeringsprofil"},"content":{"rendered":"<h2>Detaljer om produkter<\/h2>\n<table class=\"custom-table\">\n<tr>\n<td class=\"label\">Vare:<\/td>\n<td> Kina Producenter af aluminiumsvinkler og legeringsprofiler<\/td>\n<\/tr>\n<tr>\n<td class=\"label\">Temperament:<\/td>\n<td> T3-T8<\/td>\n<\/tr>\n<tr>\n<td class=\"label\">Legering:<\/td>\n<td> Legering<\/td>\n<\/tr>\n<tr>\n<td class=\"label\">Legeringsingrediens:<\/td>\n<td> 6063 T5<\/td>\n<\/tr>\n<tr>\n<td class=\"label\">St\u00f8rrelse:<\/td>\n<td> som tilpasset<\/td>\n<\/tr>\n<tr>\n<td class=\"label\">Materiale:<\/td>\n<td> 6063\/6061\/6005\/6060 T5\/T6<\/td>\n<\/tr>\n<tr>\n<td class=\"label\">Produkter Type:<\/td>\n<td> Industri Ekstruderede aluminiumslegeringer Profil<\/td>\n<\/tr>\n<tr>\n<td class=\"label\">Anvendelse:<\/td>\n<td> Vinkelstang af aluminium Legeringsprofil<\/td>\n<\/tr>\n<tr>\n<td class=\"label\">Transportpakke:<\/td>\n<td> Plastfilm og kraftpapir<\/td>\n<\/tr>\n<tr>\n<td class=\"label\">Oprindelse:<\/td>\n<td> Kina, Foshan<\/td>\n<\/tr>\n<tr>\n<td class=\"label\">Certificering:<\/td>\n<td> CE, SONCAP, ISO, CIQ, RoHS, TUV<\/td>\n<\/tr>\n<tr>\n<td class=\"label\">Farve:<\/td>\n<td> S\u00f8lv, bronze, sort, guld, efter \u00f8nske<\/td>\n<\/tr>\n<tr>\n<td class=\"label\">F\u00e6rdig:<\/td>\n<td> Anodisering, pulverlakering, tr\u00e6beskyttelse, polering<\/td>\n<\/tr>\n<tr>\n<td class=\"label\">Specifikation:<\/td>\n<td> Efter kundernes \u00f8nske<\/td>\n<\/tr>\n<\/table>\n<h2>Vores produktionsbase<\/h2>\n<h3>Panorama over fabrikken<\/h3>\n<p><img decoding=\"async\" src=\"\/wp-content\/uploads\/factory-01.webp\"\/><\/p>\n<h3>V\u00e6rksted til fremstilling af aluminiumst\u00e6nger<\/h3>\n<p><img decoding=\"async\" src=\"\/wp-content\/uploads\/factory-02.webp\"\/><\/p>\n<\/p>\n<p><img decoding=\"async\" src=\"\/wp-content\/uploads\/factory-03.webp\"\/><\/p>\n<h3>Lager til opbevaring af skimmelsvampe<\/h3>\n<p><img decoding=\"async\" src=\"\/wp-content\/uploads\/factory-04.webp\"\/><\/p>\n<h3>43 ekstruderingslinjer for aluminium (500-5500 ton)<\/h3>\n<p><img decoding=\"async\" src=\"\/wp-content\/uploads\/factory-05.webp\"\/><\/p>\n<p><img decoding=\"async\" src=\"\/wp-content\/uploads\/factory-06.webp\"\/><\/p>\n<p><img decoding=\"async\" src=\"\/wp-content\/uploads\/factory-07.webp\"\/><\/p>\n<h3>V\u00e6rksted for pulverlakering<\/h3>\n<p><img decoding=\"async\" src=\"\/wp-content\/uploads\/factory-09.webp\"\/><\/p>\n<h3>Anodiseringsv\u00e6rksted<\/h3>\n<p><img decoding=\"async\" src=\"\/wp-content\/uploads\/factory-10.webp\"\/><\/p>\n<h3>Workshop om dyb behandling<\/h3>\n<p><img decoding=\"async\" src=\"\/wp-content\/uploads\/factory-11.webp\"\/><\/p>\n<h3>V\u00e6rksted for CNC-pr\u00e6cisionsbearbejdning<\/h3>\n<p><img decoding=\"async\" src=\"\/wp-content\/uploads\/factory-11.5.webp\"\/><\/p>\n<h3>F\u00e6rdigvare- og eksportlager<\/h3>\n<p><img decoding=\"async\" src=\"\/wp-content\/uploads\/factory-12.webp\"\/><\/p>\n<p><img decoding=\"async\" src=\"\/wp-content\/uploads\/factory-13.webp\"\/><\/p>\n<p><img decoding=\"async\" src=\"\/wp-content\/uploads\/factory-14.webp\"\/><\/p>\n<h2>OFTE STILLEDE SP\u00d8RGSM\u00c5L<\/h2>\n<p><b>1. Hvem er kinesiske producenter af aluminiumsvinkelstanglegeringsprofiler?<\/b><\/p>\n<p>De er specialiserede producenter med base i Kina, der producerer aluminiumsvinkelprofiler af h\u00f8j kvalitet ved hj\u00e6lp af forskellige legeringssammens\u00e6tninger.\n<\/p>\n<p><\/p>\n<p><b>2. Hvorfor k\u00f8be fra producenter af aluminiumsvinkelprofiler i Kina?<\/b><\/p>\n<p>Kina tilbyder konkurrencedygtige priser, produktion i stor skala og avanceret ekstruderingsteknologi, hvilket g\u00f8r det ideelt til global sourcing.\n<\/p>\n<p><\/p>\n<p><b>3. Hvad bruges aluminiumsvinkelprofiler til?<\/b><\/p>\n<p>De bruges ofte til byggeri, indramning, st\u00f8ttestrukturer, transport og maskiner.\n<\/p>\n<p><\/p>\n<p><b>4. Kan disse vinkelprofiler tilpasses?<\/b><\/p>\n<p>Ja, producenterne tilbyder brugerdefineret ekstrudering, sk\u00e6ring, boring og efterbehandling for at opfylde specifikke projektbehov.\n<\/p>\n<p><\/p>\n<p><b>5. Hvilke overfladebehandlinger er tilg\u00e6ngelige for vinkeljern i aluminium?<\/b><\/p>\n<p>Almindelig finish omfatter anodisering, pulverlakering, b\u00f8rstet, poleret og fr\u00e6set finish for at forbedre udseende og holdbarhed.\n<\/p>\n<p><\/p>\n<p><b>6. Er de materialer, der bruges af kinesiske producenter, certificerede?<\/b><\/p>\n<p>Anerkendte producenter overholder ISO, SGS, RoHS og andre internationale standarder for kvalitet og sikkerhed.\n<\/p>\n<p><\/p>\n<p><b>7. Underst\u00f8tter disse producenter OEM-tjenester?<\/b><\/p>\n<p>Ja, mange Kina-baserede producenter tilbyder fuld OEM-service, inklusive v\u00e6rkt\u00f8j, branding og emballagetilpasning.\n<\/p>\n<p><\/p>\n<p><b>8. Er det omkostningseffektivt at importere aluminiumsvinkelprofiler fra Kina?<\/b><\/p>\n<p>Ja, p\u00e5 grund af stordriftsfordele og modne forsyningsk\u00e6der reducerer import fra Kina ofte de samlede indk\u00f8bsomkostninger.\n<\/p>\n<p><\/p>","protected":false},"featured_media":7315,"template":"","categories":[67],"class_list":["post-7316","product","type-product","status-publish","has-post-thumbnail","hentry","category-architectural-aluminium-profile"],"meta_box":{"hilight_text_group":{"product_hilight_text":"<li>Direct supply from experienced China aluminum angle bar alloy profile manufacturers<\/li>\r\r\n<li>Competitive pricing with high-quality alloy materials<\/li>\r\r\n<li>Wide range of angle bar sizes, thicknesses, and alloy grades available<\/li>\r\r\n<li>Custom extrusion services for OEM and industrial applications<\/li>\r\r\n<li>Surface finishes include anodized, powder-coated, and mill finish<\/li>\r\r\n<li>High production capacity ensures fast delivery and bulk order support<\/li>\r\r\n<li>Strict quality control and international certification compliance<\/li>","product_chanpin_blog":"<ul>\r\r\n<li><a href=\"https:\/\/sinoextrud.com\/t-slot-v-slot-differences\/\" target=\"_blank\">t slot vs v slot<\/a><\/li>\r\r\n<li><a href=\"https:\/\/sinoextrud.com\/what-is-4040-aluminium-extrud\/\" target=\"_blank\">4040 aluminium extrusion<\/a><\/li>\r\r\n<li><a href=\"https:\/\/sinoextrud.com\/what-is-4040-aluminium-extrud\/\" target=\"_blank\">aluminum extrusions for industrial racks<\/a><\/li>\r\r\n<li><a href=\"https:\/\/sinoextrud.com\/powder-coating-aluminium-process\/\" target=\"_blank\">powder coating aluminium<\/a><\/li>\r\r\n<li><a href=\"https:\/\/sinoextrud.com\/what-is-an-aluminium-strip-ceiling\/\" target=\"_blank\">aluminium strip ceiling<\/a><\/li>\r\r\n<li><a href=\"https:\/\/sinoextrud.com\/what-is-a-heat-sink\/\" target=\"_blank\">what is a heat sink<\/a><\/li>\r\r\n<\/ul>","product_chanpin_chanpin":"<li><a href=\"https:\/\/sinoextrud.com\/product\/aluminium-profile-for-wardrobe-sliding-door-frame\/\" target=\"_blank\">Aluminium Profile For Wardrobe Sliding Door Frame<\/a><\/li>\r\n<li><a href=\"https:\/\/sinoextrud.com\/product\/aluminium-profile-frame-for-fly-screen\/\" target=\"_blank\">Aluminium Profile Frame For Fly Screen<\/a><\/li>\r\n<li><a href=\"https:\/\/sinoextrud.com\/product\/aluminum-profile-for-tent\/\" target=\"_blank\">Aluminum profile for tent<\/a><\/li>\r\n<li><a href=\"https:\/\/sinoextrud.com\/product\/aluminium-profile-quarter-round-bar\/\" target=\"_blank\">Aluminium Profile Quarter Round Bar<\/a><\/li>\r\n<li><a href=\"https:\/\/sinoextrud.com\/product\/china-aluminum-angle-bar-alloy-profile\/\" target=\"_blank\">China Aluminum Angle Bar Alloy Profile<\/a><\/li>\r\n<li><a href=\"https:\/\/sinoextrud.com\/product\/aluminium-profile-structure\/\" target=\"_blank\">Aluminium Profile Structure<\/a><\/li>\r\n<li><a href=\"https:\/\/sinoextrud.com\/product\/cabinet-aluminum-profile\/\" target=\"_blank\">Cabinet Aluminum Profile<\/a><\/li>\r\n<li><a href=\"https:\/\/sinoextrud.com\/product\/square-aluminum-tubing-with-anodized-mill-finish-polishing-treatment\/\" target=\"_blank\">Square Aluminum Tubing With Anodized Mill Finish Polishing Treatment<\/a><\/li>\r\n<li><a href=\"https:\/\/sinoextrud.com\/product\/roller-blind-aluminium-profiles\/\" target=\"_blank\">Roller blind aluminium profiles<\/a><\/li>\r\n<li><a href=\"https:\/\/sinoextrud.com\/product\/extruded-aluminum-housing\/\" target=\"_blank\">Extruded Aluminum Housing<\/a><\/li>\r\n<li><a href=\"https:\/\/sinoextrud.com\/product\/aluminum-rectangular-extrusion\/\" target=\"_blank\">Aluminum Rectangular Extrusion<\/a><\/li>"},"feature_list":[]},"_links":{"self":[{"href":"https:\/\/sinoextrud.com\/da\/wp-json\/wp\/v2\/product\/7316","targetHints":{"allow":["GET"]}}],"collection":[{"href":"https:\/\/sinoextrud.com\/da\/wp-json\/wp\/v2\/product"}],"about":[{"href":"https:\/\/sinoextrud.com\/da\/wp-json\/wp\/v2\/types\/product"}],"wp:featuredmedia":[{"embeddable":true,"href":"https:\/\/sinoextrud.com\/da\/wp-json\/wp\/v2\/media\/7315"}],"wp:attachment":[{"href":"https:\/\/sinoextrud.com\/da\/wp-json\/wp\/v2\/media?parent=7316"}],"wp:term":[{"taxonomy":"category","embeddable":true,"href":"https:\/\/sinoextrud.com\/da\/wp-json\/wp\/v2\/categories?post=7316"}],"curies":[{"name":"wp","href":"https:\/\/api.w.org\/{rel}","templated":true}]}}