{"id":7314,"date":"2025-06-07T02:58:11","date_gmt":"2025-06-07T02:58:11","guid":{"rendered":"https:\/\/sinoextrud.com\/product\/aluminium-profile-quarter-round-bar\/"},"modified":"2025-06-24T06:12:30","modified_gmt":"2025-06-24T06:12:30","slug":"kvart-rundjern-med-aluminiumsprofil","status":"publish","type":"product","link":"https:\/\/sinoextrud.com\/da\/product\/aluminium-profile-quarter-round-bar\/","title":{"rendered":"Kvartrund aluminiumsprofil"},"content":{"rendered":"<h2>Detaljer om produkter<\/h2>\n<table class=\"custom-table\">\n<tr>\n<td class=\"label\">Produktets navn:<\/td>\n<td>Kvartrund aluminiumsprofil<\/td>\n<\/tr>\n<tr>\n<td class=\"label\">Profilomr\u00e5de:<\/td>\n<td>Aluminiumslegering i 6000-serien<\/td>\n<\/tr>\n<tr>\n<td class=\"label\">Temperament:<\/td>\n<td>T3-T8<\/td>\n<\/tr>\n<tr>\n<td class=\"label\">Teknologi:<\/td>\n<td>Ekstrudering af aluminium<\/td>\n<\/tr>\n<tr>\n<td class=\"label\">Overfladebehandling:<\/td>\n<td>Fr\u00e6sning, anodisering, pulverlakering, sandbl\u00e6sning, elektroforese osv.<\/td>\n<\/tr>\n<tr>\n<td class=\"label\">Farve:<\/td>\n<td>S\u00f8lvhvid, sort, gylden, champagne, m\u00f8rk bronze eller i henhold til dine krav<\/td>\n<\/tr>\n<tr>\n<td class=\"label\">Form:<\/td>\n<td>Firkantet, rund, flad eller i henhold til kundernes tegninger<\/td>\n<\/tr>\n<tr>\n<td class=\"label\">Skimmelsvamp:<\/td>\n<td>Vi kan designe for dig i henhold til dine krav og tegninger<\/td>\n<\/tr>\n<tr>\n<td class=\"label\">Specifikation:<\/td>\n<td>A.L\u00e6ngde: tilpasset<br \/>\nB. Normal v\u00e6gtykkelse: som du \u00f8nsker<br \/>\nC. Normal anodiseringstykkelse: \u22658\u03bcm<br \/>\nD.  Normal tykkelse af pulverlakering: 60-120 \u03bcm<br \/>\nE. Tr\u00e6kstyrke: \u2265160mpa<br \/>\nF. Udbyttestyrke: \u2265110mpa<br \/>\nG. Udvidelsesmuligheder: \u22658%<br \/>\nH.  H\u00e5rdhed (HW): 8-15<\/td>\n<\/tr>\n<tr>\n<td class=\"label\">Applikationer:<\/td>\n<td>D\u00f8re og vinduer i aluminium<\/td>\n<\/tr>\n<tr>\n<td class=\"label\">Pakningsdetaljer:<\/td>\n<td>Normalt af PE-film, EPE-skum, kraftpapir osv.<\/td>\n<\/tr>\n<tr>\n<td class=\"label\">MOQ:<\/td>\n<td>Normalt 200 kg<\/td>\n<\/tr>\n<tr>\n<td class=\"label\">Leveringstid:<\/td>\n<td>20-30 dage efter ordrebekr\u00e6ftelse<\/td>\n<\/tr>\n<tr>\n<td class=\"label\">Normal r\u00e6kkef\u00f8lge<\/td>\n<td>1. Bekr\u00e6ft tegninger, farver og pris<br \/>\n2. betal formgebyret, og vi begynder at lave forme<br \/>\n3. vi sender pr\u00f8ver til dig for at f\u00e5 din bekr\u00e6ftelse<br \/>\n4. foretag betaling af 30% depositum, start produktion<br \/>\n5.Levering<\/td>\n<\/tr>\n<\/table>\n<h2>Vores produktionsbase<\/h2>\n<h3>Panorama over fabrikken<\/h3>\n<p><img decoding=\"async\" src=\"\/wp-content\/uploads\/factory-01.webp\"\/><\/p>\n<h3>V\u00e6rksted til fremstilling af aluminiumst\u00e6nger<\/h3>\n<p><img decoding=\"async\" src=\"\/wp-content\/uploads\/factory-02.webp\"\/><\/p>\n<\/p>\n<p><img decoding=\"async\" src=\"\/wp-content\/uploads\/factory-03.webp\"\/><\/p>\n<h3>Lager til opbevaring af skimmelsvampe<\/h3>\n<p><img decoding=\"async\" src=\"\/wp-content\/uploads\/factory-04.webp\"\/><\/p>\n<h3>43 ekstruderingslinjer for aluminium (500-5500 ton)<\/h3>\n<p><img decoding=\"async\" src=\"\/wp-content\/uploads\/factory-05.webp\"\/><\/p>\n<p><img decoding=\"async\" src=\"\/wp-content\/uploads\/factory-06.webp\"\/><\/p>\n<p><img decoding=\"async\" src=\"\/wp-content\/uploads\/factory-07.webp\"\/><\/p>\n<h3>V\u00e6rksted for pulverlakering<\/h3>\n<p><img decoding=\"async\" src=\"\/wp-content\/uploads\/factory-09.webp\"\/><\/p>\n<h3>Anodiseringsv\u00e6rksted<\/h3>\n<p><img decoding=\"async\" src=\"\/wp-content\/uploads\/factory-10.webp\"\/><\/p>\n<h3>Workshop om dyb behandling<\/h3>\n<p><img decoding=\"async\" src=\"\/wp-content\/uploads\/factory-11.webp\"\/><\/p>\n<h3>V\u00e6rksted for CNC-pr\u00e6cisionsbearbejdning<\/h3>\n<p><img decoding=\"async\" src=\"\/wp-content\/uploads\/factory-11.5.webp\"\/><\/p>\n<h3>F\u00e6rdigvare- og eksportlager<\/h3>\n<p><img decoding=\"async\" src=\"\/wp-content\/uploads\/factory-12.webp\"\/><\/p>\n<p><img decoding=\"async\" src=\"\/wp-content\/uploads\/factory-13.webp\"\/><\/p>\n<p><img decoding=\"async\" src=\"\/wp-content\/uploads\/factory-14.webp\"\/><\/p>\n<h2>OFTE STILLEDE SP\u00d8RGSM\u00c5L<\/h2>\n<p><b>1. Hvad er en kvartrund aluminiumsprofil?<\/b><\/p>\n<p>Det er en buet aluminiumsprofil, der typisk bruges til kantbeskyttelse, afslutningslister eller dekorative accenter i byggeri og m\u00f8bler.\n<\/p>\n<p><\/p>\n<p><b>2. Hvorfor bruge en kvartrund aluminiumsstang?<\/b><\/p>\n<p>Kvartrunde aluminiumst\u00e6nger giver korrosionsbestandighed, letv\u00e6gtsstyrke og en ren \u00e6stetik til forskellige efterbehandlingsopgaver.\n<\/p>\n<p><\/p>\n<p><b>3. Kan den kvartrunde aluminiumsprofil tilpasses?<\/b><\/p>\n<p>Ja, den kan tilpasses i st\u00f8rrelse, radius, overfladefinish og legeringstype baseret p\u00e5 projektspecifikationer eller OEM-ordrer.\n<\/p>\n<p><\/p>\n<p><b>4. Hvor kan kvartrunde aluminiumst\u00e6nger bruges?<\/b><\/p>\n<p>De bruges ofte til skabe, v\u00e6gbekl\u00e6dning, bordplader, udstillingsinventar og arkitektoniske kanter.\n<\/p>\n<p><\/p>\n<p><b>5. Hvilke overflader er tilg\u00e6ngelige for kvartrunde aluminiumst\u00e6nger?<\/b><\/p>\n<p>Finishen omfatter anodiseret, pulverlakeret, b\u00f8rstet og poleret, hvilket giver b\u00e5de beskyttelse og visuel appel.\n<\/p>\n<p><\/p>\n<p><b>6. Er kvartrunde aluminiumsprofiler egnede til udend\u00f8rs brug?<\/b><\/p>\n<p>Ja, aluminiums korrosionsbestandige natur g\u00f8r disse profiler ideelle til b\u00e5de indend\u00f8rs og udend\u00f8rs brug.\n<\/p>\n<p><\/p>\n<p><b>7. Hvordan installeres den kvartrunde aluminiumsprofil?<\/b><\/p>\n<p>Installationen er enkel ved hj\u00e6lp af kl\u00e6bemidler, skruer eller monteringskanaler, afh\u00e6ngigt af underlaget og designet.\n<\/p>\n<p><\/p>","protected":false},"featured_media":7313,"template":"","categories":[67],"class_list":["post-7314","product","type-product","status-publish","has-post-thumbnail","hentry","category-architectural-aluminium-profile"],"meta_box":{"hilight_text_group":{"product_hilight_text":"<li>Made from high-quality aluminum for strength and corrosion resistance<\/li>\r\r\n<li>Quarter round design ideal for edge protection and decorative trims<\/li>\r\r\n<li>Lightweight and easy to install in furniture, walls, and fixtures<\/li>\r\r\n<li>Available in various lengths, diameters, and finishes<\/li>\r\r\n<li>Custom OEM production for specific architectural or industrial needs<\/li>\r\r\n<li>Suitable for both indoor and outdoor applications<\/li>","product_chanpin_blog":"<ul>\r\r\n<li><a href=\"https:\/\/sinoextrud.com\/t-slot-v-slot-differences\/\" target=\"_blank\">t slot vs v slot<\/a><\/li>\r\r\n<li><a href=\"https:\/\/sinoextrud.com\/what-is-4040-aluminium-extrud\/\" target=\"_blank\">4040 aluminium extrusion<\/a><\/li>\r\r\n<li><a href=\"https:\/\/sinoextrud.com\/what-is-4040-aluminium-extrud\/\" target=\"_blank\">aluminum extrusions for industrial racks<\/a><\/li>\r\r\n<li><a href=\"https:\/\/sinoextrud.com\/powder-coating-aluminium-process\/\" target=\"_blank\">powder coating aluminium<\/a><\/li>\r\r\n<li><a href=\"https:\/\/sinoextrud.com\/what-is-an-aluminium-strip-ceiling\/\" target=\"_blank\">aluminium strip ceiling<\/a><\/li>\r\r\n<li><a href=\"https:\/\/sinoextrud.com\/what-is-a-heat-sink\/\" target=\"_blank\">what is a heat sink<\/a><\/li>\r\r\n<\/ul>","product_chanpin_chanpin":"<li><a href=\"https:\/\/sinoextrud.com\/product\/aluminum-profile-windows-and-door-powder-coated-sliding-way\/\" target=\"_blank\">aluminum profile windows and door powder coated sliding way<\/a><\/li>\r\n<li><a href=\"https:\/\/sinoextrud.com\/product\/aluminium-profile-for-wardrobe-sliding-door-frame\/\" target=\"_blank\">Aluminium Profile For Wardrobe Sliding Door Frame<\/a><\/li>\r\n<li><a href=\"https:\/\/sinoextrud.com\/product\/aluminium-profile-frame-for-fly-screen\/\" target=\"_blank\">Aluminium Profile Frame For Fly Screen<\/a><\/li>\r\n<li><a href=\"https:\/\/sinoextrud.com\/product\/aluminum-profile-for-tent\/\" target=\"_blank\">Aluminum profile for tent<\/a><\/li>\r\n<li><a href=\"https:\/\/sinoextrud.com\/product\/aluminium-profile-quarter-round-bar\/\" target=\"_blank\">Aluminium Profile Quarter Round Bar<\/a><\/li>\r\n<li><a href=\"https:\/\/sinoextrud.com\/product\/china-aluminum-angle-bar-alloy-profile\/\" target=\"_blank\">China Aluminum Angle Bar Alloy Profile<\/a><\/li>\r\n<li><a href=\"https:\/\/sinoextrud.com\/product\/aluminium-profile-structure\/\" target=\"_blank\">Aluminium Profile Structure<\/a><\/li>\r\n<li><a href=\"https:\/\/sinoextrud.com\/product\/cabinet-aluminum-profile\/\" target=\"_blank\">Cabinet Aluminum Profile<\/a><\/li>\r\n<li><a href=\"https:\/\/sinoextrud.com\/product\/square-aluminum-tubing-with-anodized-mill-finish-polishing-treatment\/\" target=\"_blank\">Square Aluminum Tubing With Anodized Mill Finish Polishing Treatment<\/a><\/li>\r\n<li><a href=\"https:\/\/sinoextrud.com\/product\/o-shaped-pipe-baffle-ceiling-system\/\" target=\"_blank\">O-shaped pipe Baffle Ceiling System<\/a><\/li>\r\n<li><a href=\"https:\/\/sinoextrud.com\/product\/aluminium-profile-for-glass-railing\/\" target=\"_blank\">Aluminium Profile For Glass Railing<\/a><\/li>"},"feature_list":[]},"_links":{"self":[{"href":"https:\/\/sinoextrud.com\/da\/wp-json\/wp\/v2\/product\/7314","targetHints":{"allow":["GET"]}}],"collection":[{"href":"https:\/\/sinoextrud.com\/da\/wp-json\/wp\/v2\/product"}],"about":[{"href":"https:\/\/sinoextrud.com\/da\/wp-json\/wp\/v2\/types\/product"}],"wp:featuredmedia":[{"embeddable":true,"href":"https:\/\/sinoextrud.com\/da\/wp-json\/wp\/v2\/media\/7313"}],"wp:attachment":[{"href":"https:\/\/sinoextrud.com\/da\/wp-json\/wp\/v2\/media?parent=7314"}],"wp:term":[{"taxonomy":"category","embeddable":true,"href":"https:\/\/sinoextrud.com\/da\/wp-json\/wp\/v2\/categories?post=7314"}],"curies":[{"name":"wp","href":"https:\/\/api.w.org\/{rel}","templated":true}]}}