{"id":7312,"date":"2025-06-07T02:56:11","date_gmt":"2025-06-07T02:56:11","guid":{"rendered":"https:\/\/sinoextrud.com\/product\/aluminum-profile-for-tent\/"},"modified":"2025-06-24T06:12:30","modified_gmt":"2025-06-24T06:12:30","slug":"aluminiumsprofil-til-telt","status":"publish","type":"product","link":"https:\/\/sinoextrud.com\/da\/product\/aluminum-profile-for-tent\/","title":{"rendered":"Aluminiumsprofil til telt"},"content":{"rendered":"<h2>Detaljer om produkter<\/h2>\n<table class=\"custom-table\">\n<tr>\n<td class=\"label\">Vare:<\/td>\n<td> Aluminiumsprofil til teltleverand\u00f8r<\/td>\n<\/tr>\n<tr>\n<td class=\"label\">Karakter:<\/td>\n<td> 6000-serien<\/td>\n<\/tr>\n<tr>\n<td class=\"label\">Temperament:<\/td>\n<td> T3-T8<\/td>\n<\/tr>\n<tr>\n<td class=\"label\">L\u00e6ngde:<\/td>\n<td> 1-9 meter eller tilpasset<\/td>\n<\/tr>\n<tr>\n<td class=\"label\">Legering:<\/td>\n<td> Legering<\/td>\n<\/tr>\n<tr>\n<td class=\"label\">Standard:<\/td>\n<td> GB<\/td>\n<\/tr>\n<tr>\n<td class=\"label\">Produktionstype:<\/td>\n<td> Masseproduktion<\/td>\n<\/tr>\n<tr>\n<td class=\"label\">Min. antal:<\/td>\n<td> 200 KG<\/td>\n<\/tr>\n<tr>\n<td class=\"label\">Tolerance:<\/td>\n<td> +\/-0,1 mm<\/td>\n<\/tr>\n<tr>\n<td class=\"label\">Leveringstid for pr\u00f8ver:<\/td>\n<td> 10-15 dage<\/td>\n<\/tr>\n<tr>\n<td class=\"label\">Masseproduktion:<\/td>\n<td> 25-30 dage efter k\u00f8bers bekr\u00e6ftelse af pr\u00f8ve<\/td>\n<\/tr>\n<tr>\n<td class=\"label\">Transportpakke:<\/td>\n<td> Beskyttelsesfilm af plast og vandfast hobbypapir<\/td>\n<\/tr>\n<tr>\n<td class=\"label\">Oprindelse:<\/td>\n<td> Foshan, Kina<\/td>\n<\/tr>\n<\/table>\n<h2>Vores produktionsbase<\/h2>\n<h3>Panorama over fabrikken<\/h3>\n<p><img decoding=\"async\" src=\"\/wp-content\/uploads\/factory-01.webp\"\/><\/p>\n<h3>V\u00e6rksted til fremstilling af aluminiumst\u00e6nger<\/h3>\n<p><img decoding=\"async\" src=\"\/wp-content\/uploads\/factory-02.webp\"\/><\/p>\n<p><img decoding=\"async\" src=\"\/wp-content\/uploads\/factory-03.webp\"\/><\/p>\n<h3>Lager til opbevaring af skimmelsvampe<\/h3>\n<p><img decoding=\"async\" src=\"\/wp-content\/uploads\/factory-04.webp\"\/><\/p>\n<h3>43 ekstruderingslinjer for aluminium (500-5500 ton)<\/h3>\n<p><img decoding=\"async\" src=\"\/wp-content\/uploads\/factory-05.webp\"\/><\/p>\n<p><img decoding=\"async\" src=\"\/wp-content\/uploads\/factory-06.webp\"\/><\/p>\n<p><img decoding=\"async\" src=\"\/wp-content\/uploads\/factory-07.webp\"\/><\/p>\n<h3>V\u00e6rksted for pulverlakering<\/h3>\n<p><img decoding=\"async\" src=\"\/wp-content\/uploads\/factory-09.webp\"\/><\/p>\n<h3>Anodiseringsv\u00e6rksted<\/h3>\n<p><img decoding=\"async\" src=\"\/wp-content\/uploads\/factory-10.webp\"\/><\/p>\n<h3>Workshop om dyb behandling<\/h3>\n<p><img decoding=\"async\" src=\"\/wp-content\/uploads\/factory-11.webp\"\/><\/p>\n<h3>V\u00e6rksted for CNC-pr\u00e6cisionsbearbejdning<\/h3>\n<p><img decoding=\"async\" src=\"\/wp-content\/uploads\/factory-11.5.webp\"\/><\/p>\n<h3>F\u00e6rdigvare- og eksportlager<\/h3>\n<p><img decoding=\"async\" src=\"\/wp-content\/uploads\/factory-12.webp\"\/><\/p>\n<p><img decoding=\"async\" src=\"\/wp-content\/uploads\/factory-13.webp\"\/><\/p>\n<p><img decoding=\"async\" src=\"\/wp-content\/uploads\/factory-14.webp\"\/><\/p>\n<h2>OFTE STILLEDE SP\u00d8RGSM\u00c5L<\/h2>\n<p><p><b>1. Hvad er en aluminiumsprofil til teltleverand\u00f8rer?<\/b><\/p>\n<p>Det er en strukturel aluminiumprofil, der er designet specielt til teltrammer, og som tilbydes af producenter, der leverer til event- og shelterindustrien.<br \/>\n<\/p><br \/>\n<br \/>\n<p><b>2. Hvorfor bruge aluminiumsprofiler til telte?<\/b><\/p>\n<p>Aluminium er let, st\u00e6rkt og korrosionsbestandigt, hvilket g\u00f8r det ideelt til holdbare, b\u00e6rbare og vejrbestandige teltkonstruktioner.<br \/>\n<\/p><br \/>\n<br \/>\n<p><b>3. Kan teltprofiler i aluminium tilpasses?<\/b><\/p>\n<p>Ja, de kan skr\u00e6ddersys i form, l\u00e6ngde, tykkelse og finish, s\u00e5 de passer til specifikke teltdesigns og brandingkrav.<br \/>\n<\/p><br \/>\n<br \/>\n<p><b>4. Hvilke typer telte bruger aluminiumsprofiler?<\/b><\/p>\n<p>De bruges til udstillingstelte, shelters til arrangementer, bryllupstelte, industrielle lagertelte og n\u00f8dhj\u00e6lpsstrukturer.<br \/>\n<\/p><br \/>\n<br \/>\n<p><b>5. Er aluminiumsprofilen egnet til udend\u00f8rs brug?<\/b><\/p>\n<p>Og s\u00e5 er den meget modstandsdygtig over for rust, UV-str\u00e5ler og fugt, hvilket sikrer, at den fungerer udend\u00f8rs i lang tid.<br \/>\n<\/p><br \/>\n<br \/>\n<p><b>6. Kan teltrammer af aluminium genbruges?<\/b><\/p>\n<p>Ja, de er designet til flere form\u00e5l og har en lang levetid med minimal vedligeholdelse.<br \/>\n<\/p><br \/>\n<br \/>\n<p><b>7. Er aluminiumsprofiler til telte milj\u00f8venlige?<\/b><\/p>\n<p>Ja, aluminium er 100% genanvendeligt, hvilket g\u00f8r det til et b\u00e6redygtigt materialevalg til teltsystemer.<br \/>\n<\/p><br \/>\n<br \/>\n<p><b>8. Underst\u00f8tter disse profiler telte til store arrangementer?<\/b><\/p>\n<p>Ja, aluminiumsprofiler af h\u00f8j kvalitet giver fremragende strukturel st\u00f8tte til b\u00e5de sm\u00e5 og store eventtelte.<br \/>\n<\/p><br \/><\/p>","protected":false},"featured_media":7311,"template":"","categories":[67],"class_list":["post-7312","product","type-product","status-publish","has-post-thumbnail","hentry","category-architectural-aluminium-profile"],"meta_box":{"hilight_text_group":{"product_hilight_text":"<li>High-strength aluminum profiles ensure tent frame stability<\/li>\r\r\n<li>Lightweight for easy transportation and quick assembly<\/li>\r\r\n<li>Corrosion-resistant surface ideal for outdoor environments<\/li>\r\r\n<li>Available in various shapes and sizes for different tent designs<\/li>\r\r\n<li>Custom extrusions support OEM and branding needs<\/li>\r\r\n<li>Durable and reusable, suitable for long-term event use<\/li>\r\r\n<li>Eco-friendly material with full recyclability<\/li>","product_chanpin_blog":"<ul>\r\r\n<li><a href=\"https:\/\/sinoextrud.com\/t-slot-v-slot-differences\/\" target=\"_blank\">t slot vs v slot<\/a><\/li>\r\r\n<li><a href=\"https:\/\/sinoextrud.com\/what-is-4040-aluminium-extrud\/\" target=\"_blank\">4040 aluminium extrusion<\/a><\/li>\r\r\n<li><a href=\"https:\/\/sinoextrud.com\/what-is-4040-aluminium-extrud\/\" target=\"_blank\">aluminum extrusions for industrial racks<\/a><\/li>\r\r\n<li><a href=\"https:\/\/sinoextrud.com\/powder-coating-aluminium-process\/\" target=\"_blank\">powder coating aluminium<\/a><\/li>\r\r\n<li><a href=\"https:\/\/sinoextrud.com\/what-is-an-aluminium-strip-ceiling\/\" target=\"_blank\">aluminium strip ceiling<\/a><\/li>\r\r\n<li><a href=\"https:\/\/sinoextrud.com\/what-is-a-heat-sink\/\" target=\"_blank\">what is a heat sink<\/a><\/li>\r\r\n<\/ul>","product_chanpin_chanpin":"<li><a href=\"https:\/\/sinoextrud.com\/product\/customized-ome-aluminium-profile-extruded-with-the-anodized-black-champage-silver-white-and-blasted-treatment\/\" target=\"_blank\">Customized OME Aluminium Profile Extruded With The Anodized Black Champage Silver White And Blasted Treatment<\/a><\/li>\r\n<li><a href=\"https:\/\/sinoextrud.com\/product\/aluminum-profile-windows-and-door-powder-coated-sliding-way\/\" target=\"_blank\">aluminum profile windows and door powder coated sliding way<\/a><\/li>\r\n<li><a href=\"https:\/\/sinoextrud.com\/product\/aluminium-profile-for-wardrobe-sliding-door-frame\/\" target=\"_blank\">Aluminium Profile For Wardrobe Sliding Door Frame<\/a><\/li>\r\n<li><a href=\"https:\/\/sinoextrud.com\/product\/aluminium-profile-frame-for-fly-screen\/\" target=\"_blank\">Aluminium Profile Frame For Fly Screen<\/a><\/li>\r\n<li><a href=\"https:\/\/sinoextrud.com\/product\/aluminum-profile-for-tent\/\" target=\"_blank\">Aluminum profile for tent<\/a><\/li>\r\n<li><a href=\"https:\/\/sinoextrud.com\/product\/aluminium-profile-quarter-round-bar\/\" target=\"_blank\">Aluminium Profile Quarter Round Bar<\/a><\/li>\r\n<li><a href=\"https:\/\/sinoextrud.com\/product\/china-aluminum-angle-bar-alloy-profile\/\" target=\"_blank\">China Aluminum Angle Bar Alloy Profile<\/a><\/li>\r\n<li><a href=\"https:\/\/sinoextrud.com\/product\/aluminium-profile-structure\/\" target=\"_blank\">Aluminium Profile Structure<\/a><\/li>\r\n<li><a href=\"https:\/\/sinoextrud.com\/product\/cabinet-aluminum-profile\/\" target=\"_blank\">Cabinet Aluminum Profile<\/a><\/li>\r\n<li><a href=\"https:\/\/sinoextrud.com\/product\/stock-aluminum-extrusion-profiles\/\" target=\"_blank\">Stock Aluminum Extrusion Profiles<\/a><\/li>\r\n<li><a href=\"https:\/\/sinoextrud.com\/product\/square-aluminum-tubing-with-anodized-mill-finish-polishing-treatment\/\" target=\"_blank\">Square Aluminum Tubing With Anodized Mill Finish Polishing Treatment<\/a><\/li>"},"feature_list":[]},"_links":{"self":[{"href":"https:\/\/sinoextrud.com\/da\/wp-json\/wp\/v2\/product\/7312","targetHints":{"allow":["GET"]}}],"collection":[{"href":"https:\/\/sinoextrud.com\/da\/wp-json\/wp\/v2\/product"}],"about":[{"href":"https:\/\/sinoextrud.com\/da\/wp-json\/wp\/v2\/types\/product"}],"wp:featuredmedia":[{"embeddable":true,"href":"https:\/\/sinoextrud.com\/da\/wp-json\/wp\/v2\/media\/7311"}],"wp:attachment":[{"href":"https:\/\/sinoextrud.com\/da\/wp-json\/wp\/v2\/media?parent=7312"}],"wp:term":[{"taxonomy":"category","embeddable":true,"href":"https:\/\/sinoextrud.com\/da\/wp-json\/wp\/v2\/categories?post=7312"}],"curies":[{"name":"wp","href":"https:\/\/api.w.org\/{rel}","templated":true}]}}