{"id":7298,"date":"2025-06-07T02:29:16","date_gmt":"2025-06-07T02:29:16","guid":{"rendered":"https:\/\/sinoextrud.com\/product\/aluminium-glass-fitting-channel\/"},"modified":"2025-06-24T06:12:28","modified_gmt":"2025-06-24T06:12:28","slug":"kanal-til-glasbeslag-i-aluminium","status":"publish","type":"product","link":"https:\/\/sinoextrud.com\/da\/product\/aluminium-glass-fitting-channel\/","title":{"rendered":"Kanal til glasmontering i aluminium"},"content":{"rendered":"<h2>Detaljer om produkter<\/h2>\n<table class=\"custom-table\">\n<tbody>\n<tr>\n<td> Produktets navn<\/td>\n<td> Kanal til glasmontering i aluminium<\/td>\n<\/tr>\n<tr>\n<td> Produktsortiment<\/td>\n<td> aluminiumsprofiler til glasr\u00e6kv\u00e6rk u-kanal, u-kanal glasr\u00e6kv\u00e6rk, glasr\u00e6kv\u00e6rksbeslag, aluminium u-kanal glasr\u00e6kv\u00e6rk osv.<\/td>\n<\/tr>\n<tr>\n<td> Produkttype<\/td>\n<td> glasbruser fast panel dyb u-kanal aluminium, aluminium glasbruser u-kanal glas til 10-12mm, glas fast panel dyb aluminium u-kanal, aluminium u-kanal glasr\u00e6kv\u00e6rk til rammel\u00f8s, u-kanal aluminiumsprofil til glasr\u00e6kv\u00e6rk, aluminiumskanal til glas, aluminium u-kanal glasr\u00e6kv\u00e6rk, aluminium glas kanal, aluminium u-formet kanal til glas indhegnet osv.<\/td>\n<\/tr>\n<tr>\n<td> Aluminiumslegering<\/td>\n<td> 1000-serien, 200-serien, 3000-serien, 5000-serien, 6000-serien, 7000-serien<\/td>\n<\/tr>\n<tr>\n<td> Temperament<\/td>\n<td> T3-T8<\/td>\n<\/tr>\n<tr>\n<td> Form<\/td>\n<td> Tilpasning<\/td>\n<\/tr>\n<tr>\n<td> Farve<\/td>\n<td> Tilpasning<\/td>\n<\/tr>\n<tr>\n<td> Overfladebehandling<\/td>\n<td> fr\u00e6set f\u00e6rdig, anodiseret, tr\u00e6korn, power coating, sandbl\u00e6sning, elektroforese, b\u00f8rstet, polering osv.<\/td>\n<\/tr>\n<tr>\n<td> CNC-dybbearbejdning<\/td>\n<td> sk\u00e6ring, boring, bearbejdning, stansning, bukning, gevindsk\u00e6ring og s\u00e5 videre<\/td>\n<\/tr>\n<tr>\n<td> Certificeringer<\/td>\n<td> CE, ISO, SGS, TUV, ROHS<\/td>\n<\/tr>\n<tr>\n<td> Pr\u00f8ver<\/td>\n<td> Gratis pr\u00f8ve. 1-3 dage leveret til dig.<\/td>\n<\/tr>\n<tr>\n<td> MOQ<\/td>\n<td> 200 kg for hver profil<\/td>\n<\/tr>\n<tr>\n<td> Leveringstid<\/td>\n<td> Formudvikling og pr\u00f8vekonformitet er 12-15 dage, derefter er produktionsvarigheden 15-25 dage efter modtagelse af depositum fra k\u00f8ber.<\/td>\n<\/tr>\n<tr>\n<td> Betalingsbetingelser<\/td>\n<td> 30% depositum f\u00f8r produktion og balance f\u00f8r forsendelse.<\/td>\n<\/tr>\n<tr>\n<td> Havn<\/td>\n<td> Shenzhen, Guangzhou<\/td>\n<\/tr>\n<\/tbody>\n<\/table>\n<h2>Vores produktionsbase<\/h2>\n<h3>Panorama over fabrikken<\/h3>\n<p><img decoding=\"async\" src=\"\/wp-content\/uploads\/factory-01.webp\"\/><\/p>\n<h3>V\u00e6rksted til fremstilling af aluminiumst\u00e6nger<\/h3>\n<p><img decoding=\"async\" src=\"\/wp-content\/uploads\/factory-02.webp\"\/><\/p>\n<p><img decoding=\"async\" src=\"\/wp-content\/uploads\/factory-03.webp\"\/><\/p>\n<h3>Lager til opbevaring af skimmelsvampe<\/h3>\n<p><img decoding=\"async\" src=\"\/wp-content\/uploads\/factory-04.webp\"\/><\/p>\n<h3>43 ekstruderingslinjer for aluminium (500-5500 ton)<\/h3>\n<p><img decoding=\"async\" src=\"\/wp-content\/uploads\/factory-05.webp\"\/><\/p>\n<p><img decoding=\"async\" src=\"\/wp-content\/uploads\/factory-06.webp\"\/><\/p>\n<p><img decoding=\"async\" src=\"\/wp-content\/uploads\/factory-07.webp\"\/><\/p>\n<h3>V\u00e6rksted for pulverlakering<\/h3>\n<p><img decoding=\"async\" src=\"\/wp-content\/uploads\/factory-09.webp\"\/><\/p>\n<h3>Anodiseringsv\u00e6rksted<\/h3>\n<p><img decoding=\"async\" src=\"\/wp-content\/uploads\/factory-10.webp\"\/><\/p>\n<h3>Workshop om dyb behandling<\/h3>\n<p><img decoding=\"async\" src=\"\/wp-content\/uploads\/factory-11.webp\"\/><\/p>\n<h3>V\u00e6rksted for CNC-pr\u00e6cisionsbearbejdning<\/h3>\n<p><img decoding=\"async\" src=\"\/wp-content\/uploads\/factory-11.5.webp\"\/><\/p>\n<h3>F\u00e6rdigvare- og eksportlager<\/h3>\n<p><img decoding=\"async\" src=\"\/wp-content\/uploads\/factory-12.webp\"\/><\/p>\n<p><img decoding=\"async\" src=\"\/wp-content\/uploads\/factory-13.webp\"\/><\/p>\n<p><img decoding=\"async\" src=\"\/wp-content\/uploads\/factory-14.webp\"\/><\/p>\n<h2>OFTE STILLEDE SP\u00d8RGSM\u00c5L<\/h2>\n<p><p><b>1. Hvad er en aluminiumskanal til glasmontering?<\/b><\/p>\n<p>En Aluminium Glass Fitting Channel er en pr\u00e6cisionsfremstillet aluminiumsprofil, der bruges til at holde glaspaneler sikkert fast i arkitektoniske og indvendige installationer.<br \/>\n<\/p><br \/>\n<br \/>\n<p><b>2. Hvad er fordelene ved at bruge glaskanaler i aluminium?<\/b><\/p>\n<p>De giver st\u00e6rk strukturel st\u00f8tte, korrosionsbestandighed, et elegant udseende og kompatibilitet med forskellige glastykkelser.<br \/>\n<\/p><br \/>\n<br \/>\n<p><b>3. Er denne kanal egnet til udend\u00f8rs brug?<\/b><\/p>\n<p>Ja, den korrosionsbestandige finish g\u00f8r den ideel til b\u00e5de indend\u00f8rs og udend\u00f8rs brug, inklusive balustrader og facader.<br \/>\n<\/p><br \/>\n<br \/>\n<p><b>4. Kan kanalen rumme forskellige glastykkelser?<\/b><\/p>\n<p>Ja, vi tilbyder flere kanalst\u00f8rrelser, der er designet til at passe til almindelige glastykkelser som 8 mm, 10 mm og 12 mm.<br \/>\n<\/p><br \/>\n<br \/>\n<p><b>5. Hvor bruges glasskinner af aluminium ofte?<\/b><\/p>\n<p>De bruges i vid udstr\u00e6kning i brusekabiner, glasskillev\u00e6gge, gel\u00e6ndere, balustrader og vinduessystemer til butiksfacader.<br \/>\n<\/p><br \/>\n<br \/>\n<p><b>6. Er disse kanaler nemme at installere?<\/b><\/p>\n<p>Ja, de er designet til hurtig installation ved hj\u00e6lp af standardfastg\u00f8relseselementer og fugemasse, hvilket minimerer arbejdstiden.<br \/>\n<\/p><br \/>\n<br \/>\n<p><b>7. Kan jeg f\u00e5 tilpassede l\u00e6ngder eller finish?<\/b><\/p>\n<p>Ja, tilpassede l\u00e6ngder, anodiserede farver og pulverlakerede overflader er tilg\u00e6ngelige for at matche projektets krav.<br \/>\n<\/p><br \/>\n<br \/>\n<p><b>8. Giver glaskanaler i aluminium en vandt\u00e6t forsegling?<\/b><\/p>\n<p>N\u00e5r de installeres med kompatible pakninger og t\u00e6tningsmidler, giver de fremragende t\u00e6tning til v\u00e5de omr\u00e5der som badev\u00e6relser og balkoner.<br \/>\n<\/p><br \/><\/p>","protected":false},"featured_media":7297,"template":"","categories":[67],"class_list":["post-7298","product","type-product","status-publish","has-post-thumbnail","hentry","category-architectural-aluminium-profile"],"meta_box":{"hilight_text_group":{"product_hilight_text":"<li>High-strength aluminum ensures secure and stable glass installation<\/li>\r\r\n<li>Corrosion-resistant surface ideal for interior and exterior applications<\/li>\r\r\n<li>Precision-extruded for tight fit and clean finish<\/li>\r\r\n<li>Supports various glass thicknesses for versatile use<\/li>\r\r\n<li>Easy to install with standard mounting hardware<\/li>\r\r\n<li>Available in multiple finishes and custom lengths<\/li>\r\r\n<li>Ideal for partitions, balustrades, shower enclosures, and shopfronts<\/li>","product_chanpin_blog":"<ul>\r\r\n<li><a href=\"https:\/\/sinoextrud.com\/t-slot-v-slot-differences\/\" target=\"_blank\">t slot vs v slot<\/a><\/li>\r\r\n<li><a href=\"https:\/\/sinoextrud.com\/what-is-4040-aluminium-extrud\/\" target=\"_blank\">4040 aluminium extrusion<\/a><\/li>\r\r\n<li><a href=\"https:\/\/sinoextrud.com\/what-is-4040-aluminium-extrud\/\" target=\"_blank\">aluminum extrusions for industrial racks<\/a><\/li>\r\r\n<li><a href=\"https:\/\/sinoextrud.com\/powder-coating-aluminium-process\/\" target=\"_blank\">powder coating aluminium<\/a><\/li>\r\r\n<li><a href=\"https:\/\/sinoextrud.com\/what-is-an-aluminium-strip-ceiling\/\" target=\"_blank\">aluminium strip ceiling<\/a><\/li>\r\r\n<li><a href=\"https:\/\/sinoextrud.com\/what-is-a-heat-sink\/\" target=\"_blank\">what is a heat sink<\/a><\/li>\r\r\n<\/ul>","product_chanpin_chanpin":"<li><a href=\"https:\/\/sinoextrud.com\/product\/aluminium-fabrication\/\" target=\"_blank\">Aluminium Fabrication<\/a><\/li>\r\n<li><a href=\"https:\/\/sinoextrud.com\/product\/aluminium-profile-for-window\/\" target=\"_blank\">Aluminium Profile For Window<\/a><\/li>\r\n<li><a href=\"https:\/\/sinoextrud.com\/product\/powder-coating-aluminium-roller-shutter-profile\/\" target=\"_blank\">Powder Coating Aluminium Roller shutter Profile<\/a><\/li>\r\n<li><a href=\"https:\/\/sinoextrud.com\/product\/aluminium-furniture\/\" target=\"_blank\">Aluminium Furniture<\/a><\/li>\r\n<li><a href=\"https:\/\/sinoextrud.com\/product\/aluminium-glass-fitting-channel\/\" target=\"_blank\">Aluminium Glass Fitting Channel<\/a><\/li>\r\n<li><a href=\"https:\/\/sinoextrud.com\/product\/aluminum-price-per-pound\/\" target=\"_blank\">Aluminum Price Per Pound<\/a><\/li>\r\n<li><a href=\"https:\/\/sinoextrud.com\/product\/aluminum-profile-extrusion-of-heatsink-sections-for-sale\/\" target=\"_blank\">Aluminum Profile Extrusion Of Heatsink Sections For Sale<\/a><\/li>\r\n<li><a href=\"https:\/\/sinoextrud.com\/product\/customized-ome-aluminium-profile-extruded-with-the-anodized-black-champage-silver-white-and-blasted-treatment\/\" target=\"_blank\">Customized OME Aluminium Profile Extruded With The Anodized Black Champage Silver White And Blasted Treatment<\/a><\/li>\r\n<li><a href=\"https:\/\/sinoextrud.com\/product\/aluminum-profile-windows-and-door-powder-coated-sliding-way\/\" target=\"_blank\">aluminum profile windows and door powder coated sliding way<\/a><\/li>\r\n<li><a href=\"https:\/\/sinoextrud.com\/product\/item-structural-aluminum-extrusions\/\" target=\"_blank\">Item Structural Aluminum Extrusions<\/a><\/li>\r\n<li><a href=\"https:\/\/sinoextrud.com\/product\/aluminum-extrusion-accessories\/\" target=\"_blank\">Aluminum Extrusion Accessories<\/a><\/li>"},"feature_list":[]},"_links":{"self":[{"href":"https:\/\/sinoextrud.com\/da\/wp-json\/wp\/v2\/product\/7298","targetHints":{"allow":["GET"]}}],"collection":[{"href":"https:\/\/sinoextrud.com\/da\/wp-json\/wp\/v2\/product"}],"about":[{"href":"https:\/\/sinoextrud.com\/da\/wp-json\/wp\/v2\/types\/product"}],"wp:featuredmedia":[{"embeddable":true,"href":"https:\/\/sinoextrud.com\/da\/wp-json\/wp\/v2\/media\/7297"}],"wp:attachment":[{"href":"https:\/\/sinoextrud.com\/da\/wp-json\/wp\/v2\/media?parent=7298"}],"wp:term":[{"taxonomy":"category","embeddable":true,"href":"https:\/\/sinoextrud.com\/da\/wp-json\/wp\/v2\/categories?post=7298"}],"curies":[{"name":"wp","href":"https:\/\/api.w.org\/{rel}","templated":true}]}}