{"id":7288,"date":"2025-06-06T04:06:59","date_gmt":"2025-06-06T04:06:59","guid":{"rendered":"https:\/\/sinoextrud.com\/product\/aluminium-profile-for-window\/"},"modified":"2025-06-24T06:12:26","modified_gmt":"2025-06-24T06:12:26","slug":"aluminiumsprofil-til-vindue","status":"publish","type":"product","link":"https:\/\/sinoextrud.com\/da\/product\/aluminium-profile-for-window\/","title":{"rendered":"Aluminiumsprofil til vindue"},"content":{"rendered":"<h2>Detaljer om produkter<\/h2>\n<table class=\"custom-table\">\n<tbody>\n<tr>\n<td> <\/td>\n<td>aluminiumsprofil til vindue<\/td>\n<\/tr>\n<tr>\n<td>Materiale<\/td>\n<td>6063-T5<\/td>\n<\/tr>\n<tr>\n<td>Temperament<\/td>\n<td>T4, T5, T6<\/td>\n<\/tr>\n<tr>\n<td>Tykkelse<\/td>\n<td>Profilernes tykkelse: 1,2 mm;<\/td>\n<\/tr>\n<tr>\n<td>L\u00e6ngde<\/td>\n<td>6 m pr. stk.<\/td>\n<\/tr>\n<tr>\n<td>Form<\/td>\n<td>Sporing af H-profiler, tilpasset tilg\u00e6ngelig<\/td>\n<\/tr>\n<tr>\n<td>Overfladebehandling<\/td>\n<td>Tr\u00e6korn med elektroforesisk bel\u00e6gning.<\/td>\n<\/tr>\n<tr>\n<td>Farve<\/td>\n<td>M\u00f8nster i tr\u00e6<\/td>\n<\/tr>\n<tr>\n<td>Anvendelse<\/td>\n<td>vinduer og d\u00f8re<\/td>\n<\/tr>\n<tr>\n<td>MOQ<\/td>\n<td>200 kg for hver vare<\/td>\n<\/tr>\n<\/tbody>\n<\/table>\n<h2>Vores produktionsbase<\/h2>\n<h3>Panorama over fabrikken<\/h3>\n<p><img decoding=\"async\" src=\"\/wp-content\/uploads\/factory-01.webp\"\/><\/p>\n<h3>V\u00e6rksted til fremstilling af aluminiumst\u00e6nger<\/h3>\n<p><img decoding=\"async\" src=\"\/wp-content\/uploads\/factory-02.webp\"\/><\/p>\n<p><img decoding=\"async\" src=\"\/wp-content\/uploads\/factory-03.webp\"\/><\/p>\n<h3>Lager til opbevaring af skimmelsvampe<\/h3>\n<p><img decoding=\"async\" src=\"\/wp-content\/uploads\/factory-04.webp\"\/><\/p>\n<h3>43 ekstruderingslinjer for aluminium (500-5500 ton)<\/h3>\n<p><img decoding=\"async\" src=\"\/wp-content\/uploads\/factory-05.webp\"\/><\/p>\n<p><img decoding=\"async\" src=\"\/wp-content\/uploads\/factory-06.webp\"\/><\/p>\n<p><img decoding=\"async\" src=\"\/wp-content\/uploads\/factory-07.webp\"\/><\/p>\n<h3>V\u00e6rksted for pulverlakering<\/h3>\n<p><img decoding=\"async\" src=\"\/wp-content\/uploads\/factory-09.webp\"\/><\/p>\n<h3>Anodiseringsv\u00e6rksted<\/h3>\n<p><img decoding=\"async\" src=\"\/wp-content\/uploads\/factory-10.webp\"\/><\/p>\n<h3>Workshop om dyb behandling<\/h3>\n<p><img decoding=\"async\" src=\"\/wp-content\/uploads\/factory-11.webp\"\/><\/p>\n<h3>V\u00e6rksted for CNC-pr\u00e6cisionsbearbejdning<\/h3>\n<p><img decoding=\"async\" src=\"\/wp-content\/uploads\/factory-11.5.webp\"\/><\/p>\n<h3>F\u00e6rdigvare- og eksportlager<\/h3>\n<p><img decoding=\"async\" src=\"\/wp-content\/uploads\/factory-12.webp\"\/><\/p>\n<p><img decoding=\"async\" src=\"\/wp-content\/uploads\/factory-13.webp\"\/><\/p>\n<p><img decoding=\"async\" src=\"\/wp-content\/uploads\/factory-14.webp\"\/><\/p>\n<h2>OFTE STILLEDE SP\u00d8RGSM\u00c5L<\/h2>\n<p><p><b>1. Hvad er en aluminiumsprofil til vinduer?<\/b><\/p>\n<p>En aluminiumsprofil til vinduer er en ekstruderet rammekomponent, der bruges i konstruktionen af moderne vinduessystemer for at sikre holdbarhed og ydeevne.<br \/>\n<\/p><br \/>\n<br \/>\n<p><b>2. Hvorfor v\u00e6lge aluminiumsprofiler til vinduesrammer?<\/b><\/p>\n<p>Aluminiumsprofiler har h\u00f8j styrke, vejrbestandighed og et slankt udseende, hvilket g\u00f8r dem ideelle til vinduer i boliger og erhverv.<br \/>\n<\/p><br \/>\n<br \/>\n<p><b>3. Er vinduesprofiler i aluminium vejrbestandige?<\/b><\/p>\n<p>Ja, de er meget modstandsdygtige over for korrosion, UV-str\u00e5ler og fugt, hvilket g\u00f8r dem perfekte til udend\u00f8rs og kystn\u00e6re milj\u00f8er.<br \/>\n<\/p><br \/>\n<br \/>\n<p><b>4. Kan aluminiumsprofiler bruges til alle typer vinduer?<\/b><\/p>\n<p>De kan absolut tilpasses til skyde-, karm-, vippe- og faste vinduesdesigns.<br \/>\n<\/p><br \/>\n<br \/>\n<p><b>5. Underst\u00f8tter aluminiumsprofiler varmeisolering?<\/b><\/p>\n<p>Ja, termisk brydningsteknologi kan tilf\u00f8jes til aluminiumsprofiler for at forbedre energieffektiviteten og reducere varmeoverf\u00f8rslen.<br \/>\n<\/p><br \/>\n<br \/>\n<p><b>6. Findes der forskellige overflader til vinduesprofiler i aluminium?<\/b><\/p>\n<p>Ja, finishen omfatter anodisering, pulverlakering, tr\u00e6korn og meget mere for at matche forskellige \u00e6stetiske og ydelsesm\u00e6ssige behov.<br \/>\n<\/p><br \/>\n<br \/>\n<p><b>7. Er vinduesprofiler i aluminium milj\u00f8venlige?<\/b><\/p>\n<p>Ja, aluminium er 100% genanvendeligt og underst\u00f8tter b\u00e6redygtig byggepraksis.<br \/>\n<\/p><br \/>\n<br \/>\n<p><b>8. Er det nemt at vedligeholde vinduesrammer i aluminium?<\/b><\/p>\n<p>Ja, de kr\u00e6ver minimal vedligeholdelse og er modstandsdygtige over for rust, falmning og vridning med tiden.<br \/>\n<\/p><br \/><\/p>","protected":false},"featured_media":7287,"template":"","categories":[67],"class_list":["post-7288","product","type-product","status-publish","has-post-thumbnail","hentry","category-architectural-aluminium-profile"],"meta_box":{"hilight_text_group":{"product_hilight_text":"<li>High-strength aluminum ensures long-lasting window frame support<\/li>\r\r\n<li>Corrosion-resistant surface ideal for all-weather applications<\/li>\r\r\n<li>Lightweight design simplifies installation and reduces structural load<\/li>\r\r\n<li>Available in various finishes including anodized and powder-coated<\/li>\r\r\n<li>Supports thermal insulation with optional thermal break designs<\/li>\r\r\n<li>Customizable profiles for sliding, casement, and fixed windows<\/li>\r\r\n<li>Low maintenance with excellent resistance to warping and fading<\/li>","product_chanpin_blog":"<ul>\r\r\n<li><a href=\"https:\/\/sinoextrud.com\/t-slot-v-slot-differences\/\" target=\"_blank\">t slot vs v slot<\/a><\/li>\r\r\n<li><a href=\"https:\/\/sinoextrud.com\/what-is-4040-aluminium-extrud\/\" target=\"_blank\">4040 aluminium extrusion<\/a><\/li>\r\r\n<li><a href=\"https:\/\/sinoextrud.com\/what-is-4040-aluminium-extrud\/\" target=\"_blank\">aluminum extrusions for industrial racks<\/a><\/li>\r\r\n<li><a href=\"https:\/\/sinoextrud.com\/powder-coating-aluminium-process\/\" target=\"_blank\">powder coating aluminium<\/a><\/li>\r\r\n<li><a href=\"https:\/\/sinoextrud.com\/what-is-an-aluminium-strip-ceiling\/\" target=\"_blank\">aluminium strip ceiling<\/a><\/li>\r\r\n<li><a href=\"https:\/\/sinoextrud.com\/what-is-a-heat-sink\/\" target=\"_blank\">what is a heat sink<\/a><\/li>\r\r\n<\/ul>","product_chanpin_chanpin":"<li><a href=\"https:\/\/sinoextrud.com\/product\/aluminum-price-per-ton\/\" target=\"_blank\">Aluminum Price Per Ton<\/a><\/li>\r\n<li><a href=\"https:\/\/sinoextrud.com\/product\/aluminium-extrusion-sections\/\" target=\"_blank\">Aluminium Extrusion Sections<\/a><\/li>\r\n<li><a href=\"https:\/\/sinoextrud.com\/product\/types-of-aluminum-profiles\/\" target=\"_blank\">Types Of Aluminum Profiles<\/a><\/li>\r\n<li><a href=\"https:\/\/sinoextrud.com\/product\/aluminium-fabrication\/\" target=\"_blank\">Aluminium Fabrication<\/a><\/li>\r\n<li><a href=\"https:\/\/sinoextrud.com\/product\/aluminium-profile-for-window\/\" target=\"_blank\">Aluminium Profile For Window<\/a><\/li>\r\n<li><a href=\"https:\/\/sinoextrud.com\/product\/powder-coating-aluminium-roller-shutter-profile\/\" target=\"_blank\">Powder Coating Aluminium Roller shutter Profile<\/a><\/li>\r\n<li><a href=\"https:\/\/sinoextrud.com\/product\/aluminium-furniture\/\" target=\"_blank\">Aluminium Furniture<\/a><\/li>\r\n<li><a href=\"https:\/\/sinoextrud.com\/product\/aluminium-glass-fitting-channel\/\" target=\"_blank\">Aluminium Glass Fitting Channel<\/a><\/li>\r\n<li><a href=\"https:\/\/sinoextrud.com\/product\/aluminum-price-per-pound\/\" target=\"_blank\">Aluminum Price Per Pound<\/a><\/li>\r\n<li><a href=\"https:\/\/sinoextrud.com\/product\/aluminium-solar-panel-frame-profile\/\" target=\"_blank\">Aluminium Solar Panel Frame Profile<\/a><\/li>\r\n<li><a href=\"https:\/\/sinoextrud.com\/product\/aluminum-extrusion-l-shaped-angle-aluminum-profile-in-china\/\" target=\"_blank\">Aluminum Extrusion L-shaped Angle Aluminum Profile in China<\/a><\/li>"},"feature_list":[]},"_links":{"self":[{"href":"https:\/\/sinoextrud.com\/da\/wp-json\/wp\/v2\/product\/7288","targetHints":{"allow":["GET"]}}],"collection":[{"href":"https:\/\/sinoextrud.com\/da\/wp-json\/wp\/v2\/product"}],"about":[{"href":"https:\/\/sinoextrud.com\/da\/wp-json\/wp\/v2\/types\/product"}],"wp:featuredmedia":[{"embeddable":true,"href":"https:\/\/sinoextrud.com\/da\/wp-json\/wp\/v2\/media\/7287"}],"wp:attachment":[{"href":"https:\/\/sinoextrud.com\/da\/wp-json\/wp\/v2\/media?parent=7288"}],"wp:term":[{"taxonomy":"category","embeddable":true,"href":"https:\/\/sinoextrud.com\/da\/wp-json\/wp\/v2\/categories?post=7288"}],"curies":[{"name":"wp","href":"https:\/\/api.w.org\/{rel}","templated":true}]}}