{"id":7280,"date":"2025-06-06T03:56:18","date_gmt":"2025-06-06T03:56:18","guid":{"rendered":"https:\/\/sinoextrud.com\/product\/aluminum-price-per-ton\/"},"modified":"2025-06-24T06:12:25","modified_gmt":"2025-06-24T06:12:25","slug":"aluminiumspris-pr-ton","status":"publish","type":"product","link":"https:\/\/sinoextrud.com\/da\/product\/aluminum-price-per-ton\/","title":{"rendered":"Aluminiumspris pr. ton"},"content":{"rendered":"<h2>Detaljer om produkter<\/h2>\n<table class=\"custom-table\">\n<tbody>\n<tr>\n<td> Vare:<\/td>\n<td> Aluminiumspris pr. ton, aluminiumspris pr. kg<\/td>\n<\/tr>\n<tr>\n<td> Materiale:<\/td>\n<td> 100% aluminiumsprofil<\/td>\n<\/tr>\n<tr>\n<td> legering:<\/td>\n<td> 6063-T5,6061-T6,6463-T5,6082etc<\/td>\n<\/tr>\n<tr>\n<td> Brand:<\/td>\n<td> Sinoextrud Aluminium\/Sinoextrud Aluminium Profiles <\/td>\n<\/tr>\n<tr>\n<td> St\u00f8rrelse:<\/td>\n<td> 1m-9m eller tilpasset st\u00f8rrelse<\/td>\n<\/tr>\n<tr>\n<td> Anvendelse:<\/td>\n<td> M\u00f8bler, vinduer og d\u00f8re, dekorationer, industri, byggeri osv.<\/td>\n<\/tr>\n<tr>\n<td> Farver:<\/td>\n<td> Anodiseret, tr\u00e6korn, pulverlakering, anodiseret poleret og b\u00f8rstet, elektroforese, flurocarbon pulverlakeret osv.<\/td>\n<\/tr>\n<tr>\n<td> MOQ:<\/td>\n<td> 200 kg for hver profil<\/td>\n<\/tr>\n<tr>\n<td> OEM-service:<\/td>\n<td> baseret p\u00e5 kundedesignede tegninger eller pr\u00f8ver<\/td>\n<\/tr>\n<tr>\n<td> Certificering tilg\u00e6ngelig:<\/td>\n<td> ISO:9001, SONCAP, BV-certifikat eller kundernes certifikat til r\u00e5dighed<\/td>\n<\/tr>\n<tr>\n<td> Betalingsbetingelser:<\/td>\n<td> T \/ T, 30% udbetaling, mens saldoen skal betales f\u00f8r levering<\/td>\n<\/tr>\n<tr>\n<td> Afregningsperiode:<\/td>\n<td> Den endelige betaling skal v\u00e6re baseret p\u00e5 den endelige faktiske fysiske v\u00e6gtning.<\/td>\n<\/tr>\n<tr>\n<td> Produktionsgaranti<\/td>\n<td> Overfladefarven kan holde i 10~20 \u00e5r ved indend\u00f8rs brug.<\/td>\n<\/tr>\n<tr>\n<td> Havn:<\/td>\n<td> Til Shenzhen, Guangzhou, Foshan<\/td>\n<\/tr>\n<\/tbody>\n<\/table>\n<h2>Vores produktionsbase<\/h2>\n<h3>Panorama over fabrikken<\/h3>\n<p><img decoding=\"async\" src=\"\/wp-content\/uploads\/factory-01.webp\"\/><\/p>\n<h3>V\u00e6rksted til fremstilling af aluminiumst\u00e6nger<\/h3>\n<p><img decoding=\"async\" src=\"\/wp-content\/uploads\/factory-02.webp\"\/><\/p>\n<\/p>\n<p><img decoding=\"async\" src=\"\/wp-content\/uploads\/factory-03.webp\"\/><\/p>\n<h3>Lager til opbevaring af skimmelsvampe<\/h3>\n<p><img decoding=\"async\" src=\"\/wp-content\/uploads\/factory-04.webp\"\/><\/p>\n<h3>43 ekstruderingslinjer for aluminium (500-5500 ton)<\/h3>\n<p><img decoding=\"async\" src=\"\/wp-content\/uploads\/factory-05.webp\"\/><\/p>\n<p><img decoding=\"async\" src=\"\/wp-content\/uploads\/factory-06.webp\"\/><\/p>\n<p><img decoding=\"async\" src=\"\/wp-content\/uploads\/factory-07.webp\"\/><\/p>\n<h3>V\u00e6rksted for pulverlakering<\/h3>\n<p><img decoding=\"async\" src=\"\/wp-content\/uploads\/factory-09.webp\"\/><\/p>\n<h3>Anodiseringsv\u00e6rksted<\/h3>\n<p><img decoding=\"async\" src=\"\/wp-content\/uploads\/factory-10.webp\"\/><\/p>\n<h3>Workshop om dyb behandling<\/h3>\n<p><img decoding=\"async\" src=\"\/wp-content\/uploads\/factory-11.webp\"\/><\/p>\n<h3>V\u00e6rksted for CNC-pr\u00e6cisionsbearbejdning<\/h3>\n<p><img decoding=\"async\" src=\"\/wp-content\/uploads\/factory-11.5.webp\"\/><\/p>\n<h3>F\u00e6rdigvare- og eksportlager<\/h3>\n<p><img decoding=\"async\" src=\"\/wp-content\/uploads\/factory-12.webp\"\/><\/p>\n<p><img decoding=\"async\" src=\"\/wp-content\/uploads\/factory-13.webp\"\/><\/p>\n<p><img decoding=\"async\" src=\"\/wp-content\/uploads\/factory-14.webp\"\/><\/p>\n<h2>OFTE STILLEDE SP\u00d8RGSM\u00c5L<\/h2>\n<p><b>1. Hvad betyder aluminiumspris pr. ton?<\/b><\/p>\n<p>Aluminiumspris pr. ton henviser til omkostningerne ved at k\u00f8be et ton r\u00e5 eller forarbejdet aluminium, som ofte bruges i industrielle masseindk\u00f8b.\n<\/p>\n<p><\/p>\n<p><b>2. Hvorfor er det vigtigt at overv\u00e5ge aluminiumsprisen pr. ton?<\/b><\/p>\n<p>At forst\u00e5 prisen pr. ton hj\u00e6lper producenter og indk\u00f8bere med at styre budgetter, kontrollere omkostninger og planl\u00e6gge produktionen effektivt.\n<\/p>\n<p><\/p>\n<p><b>3. Hvilke faktorer p\u00e5virker aluminiumsprisen pr. ton?<\/b><\/p>\n<p>De vigtigste faktorer er eftersp\u00f8rgslen p\u00e5 det globale marked, energiomkostninger, legeringskvalitet, forstyrrelser i forsyningsk\u00e6den og produktionskapacitet.\n<\/p>\n<p><\/p>\n<p><b>4. Er aluminiumsprisen pr. ton den samme for alle kvaliteter?<\/b><\/p>\n<p>Nej, priserne varierer afh\u00e6ngigt af typen af aluminiumslegering, forarbejdningsmetoden og de kr\u00e6vede specifikationer.\n<\/p>\n<p><\/p>\n<p><b>5. Kan jeg f\u00e5 tilpassede priser for store ordrer?<\/b><\/p>\n<p>Ja, de fleste leverand\u00f8rer tilbyder rabatter eller forhandlede priser baseret p\u00e5 store m\u00e6ngder og langtidskontrakter.\n<\/p>\n<p><\/p>\n<p><b>6. Hvordan sikrer jeg kvaliteten af aluminium til den angivne pris pr. ton?<\/b><\/p>\n<p>V\u00e6lg velrenommerede leverand\u00f8rer med certificeringer, materialesporbarhed og kvalitetssikringsprocesser for at garantere produktstandarder.\n<\/p>\n<p><\/p>\n<p><b>7. Er aluminiumsprisen pr. ton stabil?<\/b><\/p>\n<p>Priserne kan svinge dagligt p\u00e5 grund af r\u00e5varemarkederne, s\u00e5 det er vigtigt at tjekke de aktuelle priser og overveje terminskontrakter for at sikre stabilitet.\n<\/p>\n<p><\/p>\n<p><b>8. Hvor kan jeg bruge aluminium k\u00f8bt i ton?<\/b><\/p>\n<p>Aluminium k\u00f8bt pr. ton bruges i industrier som byggeri, transport, emballage, elektronik og energisystemer.\n<\/p>\n<p><\/p>","protected":false},"featured_media":7279,"template":"","categories":[67],"class_list":["post-7280","product","type-product","status-publish","has-post-thumbnail","hentry","category-architectural-aluminium-profile"],"meta_box":{"hilight_text_group":{"product_hilight_text":"<li>Competitive aluminum price per ton for bulk industrial orders<\/li>\r\r\n<li>Direct factory pricing ensures cost efficiency and stable supply<\/li>\r\r\n<li>Suitable for a wide range of applications across various industries<\/li>\r\r\n<li>Flexible pricing options based on alloy type and order volume<\/li>\r\r\n<li>High-quality raw aluminum with consistent purity and performance<\/li>\r\r\n<li>Timely delivery and logistics support for global customers<\/li>\r\r\n<li>Customized alloy grades available to match specific production needs<\/li>","product_chanpin_blog":"<ul>\r\r\n<li><a href=\"https:\/\/sinoextrud.com\/t-slot-v-slot-differences\/\" target=\"_blank\">t slot vs v slot<\/a><\/li>\r\r\n<li><a href=\"https:\/\/sinoextrud.com\/what-is-4040-aluminium-extrud\/\" target=\"_blank\">4040 aluminium extrusion<\/a><\/li>\r\r\n<li><a href=\"https:\/\/sinoextrud.com\/what-is-4040-aluminium-extrud\/\" target=\"_blank\">aluminum extrusions for industrial racks<\/a><\/li>\r\r\n<li><a href=\"https:\/\/sinoextrud.com\/powder-coating-aluminium-process\/\" target=\"_blank\">powder coating aluminium<\/a><\/li>\r\r\n<li><a href=\"https:\/\/sinoextrud.com\/what-is-an-aluminium-strip-ceiling\/\" target=\"_blank\">aluminium strip ceiling<\/a><\/li>\r\r\n<li><a href=\"https:\/\/sinoextrud.com\/what-is-a-heat-sink\/\" target=\"_blank\">what is a heat sink<\/a><\/li>\r\r\n<\/ul>","product_chanpin_chanpin":"<li><a href=\"https:\/\/sinoextrud.com\/product\/customized-aluminium-heavy-duty-door-hinge\/\" target=\"_blank\">Customized Aluminium Heavy Duty Door Hinge<\/a><\/li>\r\n<li><a href=\"https:\/\/sinoextrud.com\/product\/extruded-aluminium-curtain-walls\/\" target=\"_blank\">Extruded Aluminium Curtain Walls<\/a><\/li>\r\n<li><a href=\"https:\/\/sinoextrud.com\/product\/aluminium-extrusion-handles-for-closet\/\" target=\"_blank\">Aluminium Extrusion Handles for Closet<\/a><\/li>\r\n<li><a href=\"https:\/\/sinoextrud.com\/product\/aluminium-extrusion-machining\/\" target=\"_blank\">Aluminium Extrusion Machining<\/a><\/li>\r\n<li><a href=\"https:\/\/sinoextrud.com\/product\/aluminum-price-per-ton\/\" target=\"_blank\">Aluminum Price Per Ton<\/a><\/li>\r\n<li><a href=\"https:\/\/sinoextrud.com\/product\/aluminium-extrusion-sections\/\" target=\"_blank\">Aluminium Extrusion Sections<\/a><\/li>\r\n<li><a href=\"https:\/\/sinoextrud.com\/product\/types-of-aluminum-profiles\/\" target=\"_blank\">Types Of Aluminum Profiles<\/a><\/li>\r\n<li><a href=\"https:\/\/sinoextrud.com\/product\/aluminium-fabrication\/\" target=\"_blank\">Aluminium Fabrication<\/a><\/li>\r\n<li><a href=\"https:\/\/sinoextrud.com\/product\/aluminium-profile-for-window\/\" target=\"_blank\">Aluminium Profile For Window<\/a><\/li>\r\n<li><a href=\"https:\/\/sinoextrud.com\/product\/aluminium-kitchen-cabinet-handles\/\" target=\"_blank\">Aluminium Kitchen Cabinet Handles<\/a><\/li>\r\n<li><a href=\"https:\/\/sinoextrud.com\/product\/anodized-extruded-aluminium-glazing-profiles\/\" target=\"_blank\">Anodized Extruded Aluminium Glazing Profiles<\/a><\/li>"},"feature_list":[]},"_links":{"self":[{"href":"https:\/\/sinoextrud.com\/da\/wp-json\/wp\/v2\/product\/7280","targetHints":{"allow":["GET"]}}],"collection":[{"href":"https:\/\/sinoextrud.com\/da\/wp-json\/wp\/v2\/product"}],"about":[{"href":"https:\/\/sinoextrud.com\/da\/wp-json\/wp\/v2\/types\/product"}],"wp:featuredmedia":[{"embeddable":true,"href":"https:\/\/sinoextrud.com\/da\/wp-json\/wp\/v2\/media\/7279"}],"wp:attachment":[{"href":"https:\/\/sinoextrud.com\/da\/wp-json\/wp\/v2\/media?parent=7280"}],"wp:term":[{"taxonomy":"category","embeddable":true,"href":"https:\/\/sinoextrud.com\/da\/wp-json\/wp\/v2\/categories?post=7280"}],"curies":[{"name":"wp","href":"https:\/\/api.w.org\/{rel}","templated":true}]}}