{"id":7272,"date":"2025-06-06T03:46:12","date_gmt":"2025-06-06T03:46:12","guid":{"rendered":"https:\/\/sinoextrud.com\/product\/customized-aluminium-heavy-duty-door-hinge\/"},"modified":"2025-06-24T06:12:24","modified_gmt":"2025-06-24T06:12:24","slug":"specialfremstillet-dorhaengsel-i-aluminium","status":"publish","type":"product","link":"https:\/\/sinoextrud.com\/da\/product\/customized-aluminium-heavy-duty-door-hinge\/","title":{"rendered":"Tilpassede kraftige d\u00f8rh\u00e6ngsler i aluminium"},"content":{"rendered":"<h2>Detaljer om produkter<\/h2>\n<table class=\"custom-table\">\n<tbody>\n<tr>\n<td> Vare:<\/td>\n<td> Tilpassede kraftige d\u00f8rh\u00e6ngsler i aluminium<\/td>\n<\/tr>\n<tr>\n<td> Temperament:<\/td>\n<td> T3 - T8<\/td>\n<\/tr>\n<tr>\n<td> L\u00e6ngde:<\/td>\n<td> 1-9 meter eller tilpasset<\/td>\n<\/tr>\n<tr>\n<td> Legering:<\/td>\n<td> Legering<\/td>\n<\/tr>\n<tr>\n<td> Karakter:<\/td>\n<td> 6000-serien<\/td>\n<\/tr>\n<tr>\n<td> Standard:<\/td>\n<td> GB<\/td>\n<\/tr>\n<tr>\n<td> Produktionstype:<\/td>\n<td> Masseproduktion<\/td>\n<\/tr>\n<tr>\n<td> Leveringstid for pr\u00f8ver:<\/td>\n<td> 10-15 dage<\/td>\n<\/tr>\n<tr>\n<td> Transportpakke:<\/td>\n<td> Beskyttelsesfilm af plast og vandfast hobbypapir<\/td>\n<\/tr>\n<tr>\n<td> Oprindelse:<\/td>\n<td> Foshan, Kina<\/td>\n<\/tr>\n<tr>\n<td> Anvendelse:<\/td>\n<td> Kraftigt d\u00f8rh\u00e6ngsel i aluminium til d\u00f8r<\/td>\n<\/tr>\n<tr>\n<td> Overfladebehandling:<\/td>\n<td> Brugerdefineret<\/td>\n<\/tr>\n<tr>\n<td> Masseproduktion:<\/td>\n<td> 25-30 dage efter k\u00f8bers bekr\u00e6ftelse af pr\u00f8ve<\/td>\n<\/tr>\n<tr>\n<td> Kapacitet:<\/td>\n<td> 200.000+ tons\/\u00e5r<\/td>\n<\/tr>\n<tr>\n<td> Varem\u00e6rke:<\/td>\n<td> Sinoextrud (Sinoextrud) \/ OEM<\/td>\n<\/tr>\n<\/tbody>\n<\/table>\n<h2>Vores produktionsbase<\/h2>\n<h3>Panorama over fabrikken<\/h3>\n<p><img decoding=\"async\" src=\"\/wp-content\/uploads\/factory-01.webp\"\/><\/p>\n<h3>V\u00e6rksted til fremstilling af aluminiumst\u00e6nger<\/h3>\n<p><img decoding=\"async\" src=\"\/wp-content\/uploads\/factory-02.webp\"\/><\/p>\n<\/p>\n<p><img decoding=\"async\" src=\"\/wp-content\/uploads\/factory-03.webp\"\/><\/p>\n<h3>Lager til opbevaring af skimmelsvampe<\/h3>\n<p><img decoding=\"async\" src=\"\/wp-content\/uploads\/factory-04.webp\"\/><\/p>\n<h3>43 ekstruderingslinjer for aluminium (500-5500 ton)<\/h3>\n<p><img decoding=\"async\" src=\"\/wp-content\/uploads\/factory-05.webp\"\/><\/p>\n<p><img decoding=\"async\" src=\"\/wp-content\/uploads\/factory-06.webp\"\/><\/p>\n<p><img decoding=\"async\" src=\"\/wp-content\/uploads\/factory-07.webp\"\/><\/p>\n<h3>V\u00e6rksted for pulverlakering<\/h3>\n<p><img decoding=\"async\" src=\"\/wp-content\/uploads\/factory-09.webp\"\/><\/p>\n<h3>Anodiseringsv\u00e6rksted<\/h3>\n<p><img decoding=\"async\" src=\"\/wp-content\/uploads\/factory-10.webp\"\/><\/p>\n<h3>Workshop om dyb behandling<\/h3>\n<p><img decoding=\"async\" src=\"\/wp-content\/uploads\/factory-11.webp\"\/><\/p>\n<h3>V\u00e6rksted for CNC-pr\u00e6cisionsbearbejdning<\/h3>\n<p><img decoding=\"async\" src=\"\/wp-content\/uploads\/factory-11.5.webp\"\/><\/p>\n<h3>F\u00e6rdigvare- og eksportlager<\/h3>\n<p><img decoding=\"async\" src=\"\/wp-content\/uploads\/factory-12.webp\"\/><\/p>\n<p><img decoding=\"async\" src=\"\/wp-content\/uploads\/factory-13.webp\"\/><\/p>\n<p><img decoding=\"async\" src=\"\/wp-content\/uploads\/factory-14.webp\"\/><\/p>\n<h2>OFTE STILLEDE SP\u00d8RGSM\u00c5L<\/h2>\n<p><b>1. Hvad er et tilpasset kraftigt d\u00f8rh\u00e6ngsel i aluminium?<\/b><\/p>\n<p>Det er et robust aluminiumsh\u00e6ngsel designet til d\u00f8re med h\u00f8j belastning, tilpasset til specifikke industrielle eller kommercielle d\u00f8rsystemer.\n<\/p>\n<p><\/p>\n<p><b>2. Hvorfor v\u00e6lge aluminium til kraftige d\u00f8rh\u00e6ngsler?<\/b><\/p>\n<p>Aluminium er et st\u00e6rkt, let og korrosionsbestandigt alternativ til st\u00e5l, der reducerer d\u00f8rens samlede v\u00e6gt og samtidig bevarer holdbarheden.\n<\/p>\n<p><\/p>\n<p><b>3. Kan disse d\u00f8rh\u00e6ngsler tilpasses?<\/b><\/p>\n<p>Ja, de kan skr\u00e6ddersys i st\u00f8rrelse, hulm\u00f8nster, belastningskapacitet og finish for at opfylde unikke anvendelseskrav.\n<\/p>\n<p><\/p>\n<p><b>4. Er d\u00f8rh\u00e6ngsler i aluminium egnede til udend\u00f8rs brug?<\/b><\/p>\n<p>Ja, de har korrosionsbestandige bel\u00e6gninger, der beskytter mod vejrlig og fugt.\n<\/p>\n<p><\/p>\n<p><b>5. Hvilke typer d\u00f8re kan bruge kraftige aluminiumsh\u00e6ngsler?<\/b><\/p>\n<p>Disse h\u00e6ngsler er ideelle til metald\u00f8re, kommercielle indgangspartier, industrikabinetter og tunge adgangspaneler.\n<\/p>\n<p><\/p>\n<p><b>6. Er det nemt at montere kraftige aluminiumsh\u00e6ngsler?<\/b><\/p>\n<p>Ja, det lette design forenkler h\u00e5ndtering og montering, hvilket reducerer arbejdstid og indsats.\n<\/p>\n<p><\/p>\n<p><b>7. Hvor holdbare er kundetilpassede d\u00f8rh\u00e6ngsler i aluminium?<\/b><\/p>\n<p>De er bygget til h\u00f8jcyklusbrug og langvarig p\u00e5lidelighed, selv i kr\u00e6vende milj\u00f8er.\n<\/p>\n<p><\/p>\n<p><b>8. Er disse d\u00f8rh\u00e6ngsler milj\u00f8venlige?<\/b><\/p>\n<p>Ja, aluminium er fuldt genanvendeligt og energieffektivt, hvilket underst\u00f8tter b\u00e6redygtig byggepraksis.\n<\/p>\n<p><\/p>","protected":false},"featured_media":7271,"template":"","categories":[67],"class_list":["post-7272","product","type-product","status-publish","has-post-thumbnail","hentry","category-architectural-aluminium-profile"],"meta_box":{"hilight_text_group":{"product_hilight_text":"<li>Made from high-strength aluminum for heavy-duty door applications<\/li>\r\r\n<li>Corrosion-resistant finish ensures long-term durability<\/li>\r\r\n<li>Customized design to fit various commercial and industrial door systems<\/li>\r\r\n<li>Lightweight construction allows for easy installation and operation<\/li>\r\r\n<li>Precision-machined for smooth and stable hinge performance<\/li>\r\r\n<li>Compatible with both aluminum and steel door frames<\/li>\r\r\n<li>Available in multiple finishes and sizes to match project needs<\/li>","product_chanpin_blog":"<ul>\r\r\n<li><a href=\"https:\/\/sinoextrud.com\/t-slot-v-slot-differences\/\" target=\"_blank\">t slot vs v slot<\/a><\/li>\r\r\n<li><a href=\"https:\/\/sinoextrud.com\/what-is-4040-aluminium-extrud\/\" target=\"_blank\">4040 aluminium extrusion<\/a><\/li>\r\r\n<li><a href=\"https:\/\/sinoextrud.com\/what-is-4040-aluminium-extrud\/\" target=\"_blank\">aluminum extrusions for industrial racks<\/a><\/li>\r\r\n<li><a href=\"https:\/\/sinoextrud.com\/powder-coating-aluminium-process\/\" target=\"_blank\">powder coating aluminium<\/a><\/li>\r\r\n<li><a href=\"https:\/\/sinoextrud.com\/what-is-an-aluminium-strip-ceiling\/\" target=\"_blank\">aluminium strip ceiling<\/a><\/li>\r\r\n<li><a href=\"https:\/\/sinoextrud.com\/what-is-a-heat-sink\/\" target=\"_blank\">what is a heat sink<\/a><\/li>\r\r\n<\/ul>","product_chanpin_chanpin":"<li><a href=\"https:\/\/sinoextrud.com\/product\/aluminium-system-profile\/\" target=\"_blank\">Aluminium System Profile<\/a><\/li>\r\n<li><a href=\"https:\/\/sinoextrud.com\/product\/aluminium-extrusion-c-beam\/\" target=\"_blank\">Aluminium Extrusion C Beam<\/a><\/li>\r\n<li><a href=\"https:\/\/sinoextrud.com\/product\/extruded-aluminum-tubing-for-stair-rail\/\" target=\"_blank\">Extruded Aluminum Tubing For Stair Rail<\/a><\/li>\r\n<li><a href=\"https:\/\/sinoextrud.com\/product\/aluminium-extrusion-curtain-wall-profile-with-powder-coated-surface-manufacturer-direct-selling\/\" target=\"_blank\">Aluminium Extrusion Curtain Wall Profile With Powder Coated Surface Manufacturer Direct Selling<\/a><\/li>\r\n<li><a href=\"https:\/\/sinoextrud.com\/product\/customized-aluminium-heavy-duty-door-hinge\/\" target=\"_blank\">Customized Aluminium Heavy Duty Door Hinge<\/a><\/li>\r\n<li><a href=\"https:\/\/sinoextrud.com\/product\/extruded-aluminium-curtain-walls\/\" target=\"_blank\">Extruded Aluminium Curtain Walls<\/a><\/li>\r\n<li><a href=\"https:\/\/sinoextrud.com\/product\/aluminium-extrusion-handles-for-closet\/\" target=\"_blank\">Aluminium Extrusion Handles for Closet<\/a><\/li>\r\n<li><a href=\"https:\/\/sinoextrud.com\/product\/aluminium-extrusion-machining\/\" target=\"_blank\">Aluminium Extrusion Machining<\/a><\/li>\r\n<li><a href=\"https:\/\/sinoextrud.com\/product\/aluminum-price-per-ton\/\" target=\"_blank\">Aluminum Price Per Ton<\/a><\/li>\r\n<li><a href=\"https:\/\/sinoextrud.com\/product\/powder-coated-and-anodized-aluminium-profile-for-electric-frame-motor-housing-and-aluminum-enclosure\/\" target=\"_blank\">Powder coated and Anodized aluminium profile for electric frame motor housing and aluminum enclosure<\/a><\/li>\r\n<li><a href=\"https:\/\/sinoextrud.com\/product\/aluminum-extrusion-6063-large-diameter-aluminum-tube\/\" target=\"_blank\">Aluminum Extrusion 6063 Large Diameter Aluminum Tube<\/a><\/li>"},"feature_list":[]},"_links":{"self":[{"href":"https:\/\/sinoextrud.com\/da\/wp-json\/wp\/v2\/product\/7272","targetHints":{"allow":["GET"]}}],"collection":[{"href":"https:\/\/sinoextrud.com\/da\/wp-json\/wp\/v2\/product"}],"about":[{"href":"https:\/\/sinoextrud.com\/da\/wp-json\/wp\/v2\/types\/product"}],"wp:featuredmedia":[{"embeddable":true,"href":"https:\/\/sinoextrud.com\/da\/wp-json\/wp\/v2\/media\/7271"}],"wp:attachment":[{"href":"https:\/\/sinoextrud.com\/da\/wp-json\/wp\/v2\/media?parent=7272"}],"wp:term":[{"taxonomy":"category","embeddable":true,"href":"https:\/\/sinoextrud.com\/da\/wp-json\/wp\/v2\/categories?post=7272"}],"curies":[{"name":"wp","href":"https:\/\/api.w.org\/{rel}","templated":true}]}}