{"id":7270,"date":"2025-06-06T03:43:29","date_gmt":"2025-06-06T03:43:29","guid":{"rendered":"https:\/\/sinoextrud.com\/product\/aluminium-extrusion-curtain-wall-profile-with-powder-coated-surface-manufacturer-direct-selling\/"},"modified":"2025-06-24T06:12:24","modified_gmt":"2025-06-24T06:12:24","slug":"gardinvaegsprofil-af-aluminiumsekstrudering-med-pulverlakeret-overflade-producentens-direkte-salg","status":"publish","type":"product","link":"https:\/\/sinoextrud.com\/da\/product\/aluminium-extrusion-curtain-wall-profile-with-powder-coated-surface-manufacturer-direct-selling\/","title":{"rendered":"Aluminiumsekstruderet gardinv\u00e6gsprofil med pulverlakeret overflade Producent direkte salg"},"content":{"rendered":"<h2>Detaljer om produkter<\/h2>\n<table class=\"custom-table\">\n<tbody>\n<tr>\n<td> 1<\/td>\n<td> Vare<\/td>\n<td> Aluminiumsekstruderet gardinv\u00e6gsprofil med pulverlakeret overflade Producent direkte salg<\/td>\n<\/tr>\n<tr>\n<td> 2<\/td>\n<td> Materiale<\/td>\n<td> Legering 6063<\/td>\n<\/tr>\n<tr>\n<td> 3<\/td>\n<td> Temperament<\/td>\n<td> T5<\/td>\n<\/tr>\n<tr>\n<td> 4<\/td>\n<td> Certifikat<\/td>\n<td> ISO9001, ISO14001<\/td>\n<\/tr>\n<tr>\n<td> 5<\/td>\n<td> Kapacitet<\/td>\n<td> \u00c5rlig produktion p\u00e5 mere end 60.000 tons<\/td>\n<\/tr>\n<tr>\n<td> 6<\/td>\n<td> Farve<\/td>\n<td> Tilpasset til r\u00e5dighed<\/td>\n<\/tr>\n<tr>\n<td> 7<\/td>\n<td> L\u00e6ngde<\/td>\n<td> 1-9 meter eller tilpasset<\/td>\n<\/tr>\n<tr>\n<td> 8<\/td>\n<td> Tykkelse<\/td>\n<td> Tilpasset<\/td>\n<\/tr>\n<tr>\n<td> 9<\/td>\n<td> Overfladefinish<\/td>\n<td> fr\u00e6sning, anodisering, elektroforese, pulverlakering, overf\u00f8rsel af tr\u00e6korn, fluorcarbonbel\u00e6gning osv.<\/td>\n<\/tr>\n<tr>\n<td> 10<\/td>\n<td> Anvendelse<\/td>\n<td> vindues- og d\u00f8rparti, gel\u00e6nder, forh\u00e6ngsv\u00e6g<\/td>\n<\/tr>\n<tr>\n<td> 11<\/td>\n<td> Lastning af port<\/td>\n<td> Shenzhen, Guangzhou, Foshan havn<\/td>\n<\/tr>\n<tr>\n<td> 12<\/td>\n<td> Betaling<\/td>\n<td> T \/ T, 30% udbetaling, mens saldoen skal betales f\u00f8r levering<\/td>\n<\/tr>\n<tr>\n<td> 13<\/td>\n<td> Pakke<\/td>\n<td> 1.Inside: pakket med beskyttende plastfilm for at beskytte hver profil<br \/>\n2.Outside: pakket med vandt\u00e6t h\u00e5ndv\u00e6rkspapir<\/td>\n<\/tr>\n<tr>\n<td> 14<\/td>\n<td> Levering<\/td>\n<td> 25-30 dage efter udbetaling<\/td>\n<\/tr>\n<tr>\n<td> 15<\/td>\n<td> Bestillingsr\u00e6kkef\u00f8lge<\/td>\n<td> 1. Bekr\u00e6ft tegninger, overfladebehandling og pris;<br \/>\n2. Betal formgebyret, og vi begynder at lave forme;<br \/>\n3. Vi sender pr\u00f8ver til dig for at f\u00e5 din bekr\u00e6ftelse;<br \/>\n4. Foretag betaling af 30%-indskud, start produktionen;<\/td>\n<\/tr>\n<\/tbody>\n<\/table>\n<h2>Vores produktionsbase<\/h2>\n<h3>Panorama over fabrikken<\/h3>\n<p><img decoding=\"async\" src=\"\/wp-content\/uploads\/factory-01.webp\"\/><\/p>\n<h3>V\u00e6rksted til fremstilling af aluminiumst\u00e6nger<\/h3>\n<p><img decoding=\"async\" src=\"\/wp-content\/uploads\/factory-02.webp\"\/><\/p>\n<p><img decoding=\"async\" src=\"\/wp-content\/uploads\/factory-03.webp\"\/><\/p>\n<h3>Lager til opbevaring af skimmelsvampe<\/h3>\n<p><img decoding=\"async\" src=\"\/wp-content\/uploads\/factory-04.webp\"\/><\/p>\n<h3>43 ekstruderingslinjer for aluminium (500-5500 ton)<\/h3>\n<p><img decoding=\"async\" src=\"\/wp-content\/uploads\/factory-05.webp\"\/><\/p>\n<p><img decoding=\"async\" src=\"\/wp-content\/uploads\/factory-06.webp\"\/><\/p>\n<p><img decoding=\"async\" src=\"\/wp-content\/uploads\/factory-07.webp\"\/><\/p>\n<h3>V\u00e6rksted for pulverlakering<\/h3>\n<p><img decoding=\"async\" src=\"\/wp-content\/uploads\/factory-09.webp\"\/><\/p>\n<h3>Anodiseringsv\u00e6rksted<\/h3>\n<p><img decoding=\"async\" src=\"\/wp-content\/uploads\/factory-10.webp\"\/><\/p>\n<h3>Workshop om dyb behandling<\/h3>\n<p><img decoding=\"async\" src=\"\/wp-content\/uploads\/factory-11.webp\"\/><\/p>\n<h3>V\u00e6rksted for CNC-pr\u00e6cisionsbearbejdning<\/h3>\n<p><img decoding=\"async\" src=\"\/wp-content\/uploads\/factory-11.5.webp\"\/><\/p>\n<h3>F\u00e6rdigvare- og eksportlager<\/h3>\n<p><img decoding=\"async\" src=\"\/wp-content\/uploads\/factory-12.webp\"\/><\/p>\n<p><img decoding=\"async\" src=\"\/wp-content\/uploads\/factory-13.webp\"\/><\/p>\n<p><img decoding=\"async\" src=\"\/wp-content\/uploads\/factory-14.webp\"\/><\/p>\n<h2>OFTE STILLEDE SP\u00d8RGSM\u00c5L<\/h2>\n<p><p><b>1. Hvad er en aluminiumsekstruderet gardinv\u00e6gsprofil med pulverlakeret overflade?<\/b><\/p>\n<p>Det er en strukturel aluminiumsprofil, der bruges i curtain wall-systemer, f\u00e6rdig med en pulverlakering for at forbedre holdbarheden og \u00e6stetikken.<br \/>\n<\/p><br \/>\n<br \/>\n<p><b>2. Hvorfor v\u00e6lge pulverlakerede aluminiumsprofiler til facader?<\/b><\/p>\n<p>Pulverlakering giver overlegen UV-, korrosions- og ridsefasthed, hvilket g\u00f8r den ideel til langvarig udend\u00f8rs brug.<br \/>\n<\/p><br \/>\n<br \/>\n<p><b>3. Kan aluminiumsprofiler til facadebekl\u00e6dning tilpasses?<\/b><\/p>\n<p>Ja, disse profiler kan tilpasses med hensyn til st\u00f8rrelse, form, farve og finish, s\u00e5 de opfylder arkitektoniske og projektspecifikke krav.<br \/>\n<\/p><br \/>\n<br \/>\n<p><b>4. Hvordan gavner producenternes direkte salg k\u00f8berne?<\/b><\/p>\n<p>Producentens direkte salg reducerer mellemmandsomkostningerne og sikrer mere konkurrencedygtige priser og p\u00e5lidelig levering til store gardinv\u00e6gsprojekter.<br \/>\n<\/p><br \/>\n<br \/>\n<p><b>5. Hvilke fordele er der ved at bruge aluminiumsprofiler i facader?<\/b><\/p>\n<p>Aluminiumsprofiler er lette, st\u00e6rke, korrosionsbestandige og giver mulighed for slanke, moderne arkitektoniske designs.<br \/>\n<\/p><br \/>\n<br \/>\n<p><b>6. Er pulverlakeret aluminium egnet til h\u00f8jhuse?<\/b><\/p>\n<p>Absolut, dets vejrbestandige egenskaber og styrke g\u00f8r det ideelt til h\u00f8jhuse og store kommercielle facadesystemer.<br \/>\n<\/p><br \/>\n<br \/>\n<p><b>7. Kan disse profiler underst\u00f8tte energieffektive facadedesigns?<\/b><\/p>\n<p>Ja, profilerne kan integreres med varmesp\u00e6rresystemer og dobbeltglaspaneler for at forbedre energieffektiviteten.<br \/>\n<\/p><br \/><\/p>","protected":false},"featured_media":7269,"template":"","categories":[67],"class_list":["post-7270","product","type-product","status-publish","has-post-thumbnail","hentry","category-architectural-aluminium-profile"],"meta_box":{"hilight_text_group":{"product_hilight_text":"<li>High-strength aluminum extrusion ideal for curtain wall systems<\/li>\r\r\n<li>Durable powder coated surface for enhanced weather resistance<\/li>\r\r\n<li>Modern aesthetics with customizable colors and finishes<\/li>\r\r\n<li>Direct manufacturer pricing for cost-effective sourcing<\/li>\r\r\n<li>Precision-engineered profiles ensure easy installation and stability<\/li>\r\r\n<li>Suitable for commercial, residential, and high-rise applications<\/li>","product_chanpin_blog":"<ul>\r\r\n<li><a href=\"https:\/\/sinoextrud.com\/t-slot-v-slot-differences\/\" target=\"_blank\">t slot vs v slot<\/a><\/li>\r\r\n<li><a href=\"https:\/\/sinoextrud.com\/what-is-4040-aluminium-extrud\/\" target=\"_blank\">4040 aluminium extrusion<\/a><\/li>\r\r\n<li><a href=\"https:\/\/sinoextrud.com\/what-is-4040-aluminium-extrud\/\" target=\"_blank\">aluminum extrusions for industrial racks<\/a><\/li>\r\r\n<li><a href=\"https:\/\/sinoextrud.com\/powder-coating-aluminium-process\/\" target=\"_blank\">powder coating aluminium<\/a><\/li>\r\r\n<li><a href=\"https:\/\/sinoextrud.com\/what-is-an-aluminium-strip-ceiling\/\" target=\"_blank\">aluminium strip ceiling<\/a><\/li>\r\r\n<li><a href=\"https:\/\/sinoextrud.com\/what-is-a-heat-sink\/\" target=\"_blank\">what is a heat sink<\/a><\/li>\r\r\n<\/ul>","product_chanpin_chanpin":"<li><a href=\"https:\/\/sinoextrud.com\/product\/extruded-aluminum-profiles\/\" target=\"_blank\">Extruded Aluminum Profiles<\/a><\/li>\r\n<li><a href=\"https:\/\/sinoextrud.com\/product\/aluminium-system-profile\/\" target=\"_blank\">Aluminium System Profile<\/a><\/li>\r\n<li><a href=\"https:\/\/sinoextrud.com\/product\/aluminium-extrusion-c-beam\/\" target=\"_blank\">Aluminium Extrusion C Beam<\/a><\/li>\r\n<li><a href=\"https:\/\/sinoextrud.com\/product\/extruded-aluminum-tubing-for-stair-rail\/\" target=\"_blank\">Extruded Aluminum Tubing For Stair Rail<\/a><\/li>\r\n<li><a href=\"https:\/\/sinoextrud.com\/product\/aluminium-extrusion-curtain-wall-profile-with-powder-coated-surface-manufacturer-direct-selling\/\" target=\"_blank\">Aluminium Extrusion Curtain Wall Profile With Powder Coated Surface Manufacturer Direct Selling<\/a><\/li>\r\n<li><a href=\"https:\/\/sinoextrud.com\/product\/customized-aluminium-heavy-duty-door-hinge\/\" target=\"_blank\">Customized Aluminium Heavy Duty Door Hinge<\/a><\/li>\r\n<li><a href=\"https:\/\/sinoextrud.com\/product\/extruded-aluminium-curtain-walls\/\" target=\"_blank\">Extruded Aluminium Curtain Walls<\/a><\/li>\r\n<li><a href=\"https:\/\/sinoextrud.com\/product\/aluminium-extrusion-handles-for-closet\/\" target=\"_blank\">Aluminium Extrusion Handles for Closet<\/a><\/li>\r\n<li><a href=\"https:\/\/sinoextrud.com\/product\/aluminium-extrusion-machining\/\" target=\"_blank\">Aluminium Extrusion Machining<\/a><\/li>\r\n<li><a href=\"https:\/\/sinoextrud.com\/product\/aluminium-sections-for-sliding-doors\/\" target=\"_blank\">Aluminium Sections For Sliding Doors<\/a><\/li>\r\n<li><a href=\"https:\/\/sinoextrud.com\/product\/extruded-aluminum-channel-shapes-customized\/\" target=\"_blank\">Extruded Aluminum Channel Shapes Customized<\/a><\/li>"},"feature_list":[]},"_links":{"self":[{"href":"https:\/\/sinoextrud.com\/da\/wp-json\/wp\/v2\/product\/7270","targetHints":{"allow":["GET"]}}],"collection":[{"href":"https:\/\/sinoextrud.com\/da\/wp-json\/wp\/v2\/product"}],"about":[{"href":"https:\/\/sinoextrud.com\/da\/wp-json\/wp\/v2\/types\/product"}],"wp:featuredmedia":[{"embeddable":true,"href":"https:\/\/sinoextrud.com\/da\/wp-json\/wp\/v2\/media\/7269"}],"wp:attachment":[{"href":"https:\/\/sinoextrud.com\/da\/wp-json\/wp\/v2\/media?parent=7270"}],"wp:term":[{"taxonomy":"category","embeddable":true,"href":"https:\/\/sinoextrud.com\/da\/wp-json\/wp\/v2\/categories?post=7270"}],"curies":[{"name":"wp","href":"https:\/\/api.w.org\/{rel}","templated":true}]}}