{"id":7258,"date":"2025-06-06T03:28:27","date_gmt":"2025-06-06T03:28:27","guid":{"rendered":"https:\/\/sinoextrud.com\/product\/modular-framing-systems\/"},"modified":"2025-06-24T06:12:22","modified_gmt":"2025-06-24T06:12:22","slug":"modulaere-rammesystemer","status":"publish","type":"product","link":"https:\/\/sinoextrud.com\/da\/product\/modular-framing-systems\/","title":{"rendered":"Modul\u00e6re rammesystemer"},"content":{"rendered":"<h2>Detaljer om produkter<\/h2>\n<table class=\"custom-table\">\n<tr>\n<td class=\"label\">\nForm:<\/td>\n<td> h - Profil\uff0c.<\/td>\n<\/tr>\n<tr>\n<td class=\"label\">Temperament:<\/td>\n<td> T3-T8<\/td>\n<\/tr>\n<tr>\n<td class=\"label\">Legeringsingrediens:<\/td>\n<td> 6063\uff0c<\/td>\n<\/tr>\n<tr>\n<td class=\"label\">Poleret aluminiumsprofil:<\/td>\n<td> Kemisk polering, b\u00f8rstet<\/td>\n<\/tr>\n<tr>\n<td class=\"label\">St\u00f8rrelse:<\/td>\n<td> 20 * 10 mm som tilpasset \uff0c.<\/td>\n<\/tr>\n<tr>\n<td class=\"label\">Fokus p\u00e5:<\/td>\n<td> Arkitektur, Husholdningsapparater<\/td>\n<\/tr>\n<tr>\n<td class=\"label\">Garanti:<\/td>\n<td> 15-20 \u00e5rs farvegaranti<\/td>\n<\/tr>\n<tr>\n<td class=\"label\">Hornors:<\/td>\n<td> Kina Top 10 leverand\u00f8r af garanteret kvalitet<\/td>\n<\/tr>\n<tr>\n<td class=\"label\">Oprindelse:<\/td>\n<td> Kina, Guangdong\uff0c.<\/td>\n<\/tr>\n<tr>\n<td class=\"label\">Produktnavn:<\/td>\n<td> M\u00f8bler af aluminium<\/td>\n<\/tr>\n<tr>\n<td class=\"label\">Farver:<\/td>\n<td> Alle er tilg\u00e6ngelige<\/td>\n<\/tr>\n<tr>\n<td class=\"label\">F\u00e6rdig:<\/td>\n<td> modul\u00e6re indramningssystemer<\/td>\n<\/tr>\n<tr>\n<td class=\"label\">Vores l\u00f8fte:<\/td>\n<td> 100% Gode produkter f\u00f8r forsendelse<\/td>\n<\/tr>\n<\/table>\n<h2>Vores produktionsbase<\/h2>\n<h3>Panorama over fabrikken<\/h3>\n<p><img decoding=\"async\" src=\"\/wp-content\/uploads\/factory-01.webp\"\/><\/p>\n<h3>V\u00e6rksted til fremstilling af aluminiumst\u00e6nger<\/h3>\n<p><img decoding=\"async\" src=\"\/wp-content\/uploads\/factory-02.webp\"\/><\/p>\n<p><img decoding=\"async\" src=\"\/wp-content\/uploads\/factory-03.webp\"\/><\/p>\n<h3>Lager til opbevaring af skimmelsvampe<\/h3>\n<p><img decoding=\"async\" src=\"\/wp-content\/uploads\/factory-04.webp\"\/><\/p>\n<h3>43 ekstruderingslinjer for aluminium (500-5500 ton)<\/h3>\n<p><img decoding=\"async\" src=\"\/wp-content\/uploads\/factory-05.webp\"\/><\/p>\n<p><img decoding=\"async\" src=\"\/wp-content\/uploads\/factory-06.webp\"\/><\/p>\n<p><img decoding=\"async\" src=\"\/wp-content\/uploads\/factory-07.webp\"\/><\/p>\n<h3>V\u00e6rksted for pulverlakering<\/h3>\n<p><img decoding=\"async\" src=\"\/wp-content\/uploads\/factory-09.webp\"\/><\/p>\n<h3>Anodiseringsv\u00e6rksted<\/h3>\n<p><img decoding=\"async\" src=\"\/wp-content\/uploads\/factory-10.webp\"\/><\/p>\n<h3>Workshop om dyb behandling<\/h3>\n<p><img decoding=\"async\" src=\"\/wp-content\/uploads\/factory-11.webp\"\/><\/p>\n<h3>V\u00e6rksted for CNC-pr\u00e6cisionsbearbejdning<\/h3>\n<p><img decoding=\"async\" src=\"\/wp-content\/uploads\/factory-11.5.webp\"\/><\/p>\n<h3>F\u00e6rdigvare- og eksportlager<\/h3>\n<p><img decoding=\"async\" src=\"\/wp-content\/uploads\/factory-12.webp\"\/><\/p>\n<p><img decoding=\"async\" src=\"\/wp-content\/uploads\/factory-13.webp\"\/><\/p>\n<p><img decoding=\"async\" src=\"\/wp-content\/uploads\/factory-14.webp\"\/><\/p>\n<h2>OFTE STILLEDE SP\u00d8RGSM\u00c5L<\/h2>\n<p><p><b>1. Hvad er fordelene ved at bruge 6063-T5 aluminiumslegering i modul\u00e6re rammesystemer? <\/b><\/p>\n<p>6063-T5 aluminiumslegering giver et overlegent styrke-til-v\u00e6gt-forhold og fremragende korrosionsbestandighed, hvilket g\u00f8r den ideel til holdbare og lette modul\u00e6re rammesystemer.<br \/>\n<\/p><br \/>\n<br \/>\n<p><b>2. Hvordan forbedrer det modul\u00e6re T-slot-design monteringsprocesserne? <\/b><\/p>\n<p>T-notdesignet giver mulighed for hurtig og nem montering, \u00e6ndring og demontering af strukturer uden behov for svejsning eller specialv\u00e6rkt\u00f8j, hvilket \u00f8ger fleksibiliteten og reducerer arbejdsomkostningerne.<br \/>\n<\/p><br \/>\n<br \/>\n<p><b>3. Kan modul\u00e6re rammesystemer i aluminium tilpasses til specifikke anvendelser? <\/b><\/p>\n<p>Ja, modul\u00e6re rammesystemer i aluminium kan i h\u00f8j grad tilpasses med forskellige profiler og l\u00e6ngder, der kan opfylde forskellige projektkrav.<br \/>\n<\/p><br \/>\n<br \/>\n<p><b>4. Er disse indramningssystemer egnede til b\u00e5de indend\u00f8rs og udend\u00f8rs brug? <\/b><\/p>\n<p>De korrosionsbestandige egenskaber ved 6063-T5-aluminium g\u00f8r disse indramningssystemer velegnede til en lang r\u00e6kke milj\u00f8er, herunder b\u00e5de indend\u00f8rs og udend\u00f8rs.<br \/>\n<\/p><br \/>\n<br \/>\n<p><b>5. Hvordan bidrager modul\u00e6re aluminiumssystemer til omkostningsbesparelser? <\/b><\/p>\n<p>Ved at reducere behovet for specialiseret arbejdskraft, minimere vedligeholdelseskravene og give mulighed for nem rekonfiguration giver modul\u00e6re aluminiumssystemer betydelige omkostningsbesparelser i forhold til traditionelle byggemetoder.<br \/>\n<\/p><br \/><\/p>","protected":false},"featured_media":7257,"template":"","categories":[67],"class_list":["post-7258","product","type-product","status-publish","has-post-thumbnail","hentry","category-architectural-aluminium-profile"],"meta_box":{"hilight_text_group":{"product_hilight_text":"<li>Constructed from high-strength 6063-T5 aluminum alloy, offering excellent corrosion resistance and durability for modular framing applications<\/li>\r\r\n<li>Modular T-slot design enables easy assembly, modification, and disassembly without the need for welding or specialized tools<\/li>\r\r\n<li>Lightweight yet robust construction facilitates rapid deployment and reduces overall structural load<\/li>\r\r\n<li>Available in various profiles and customizable lengths to meet specific project requirements<\/li>\r\r\n<li>Cost-effective solution with reduced labor and maintenance costs, enhancing overall project efficiency<\/li>","product_chanpin_blog":"<ul>\r\r\n<li><a href=\"https:\/\/sinoextrud.com\/t-slot-v-slot-differences\/\" target=\"_blank\">t slot vs v slot<\/a><\/li>\r\r\n<li><a href=\"https:\/\/sinoextrud.com\/what-is-4040-aluminium-extrud\/\" target=\"_blank\">4040 aluminium extrusion<\/a><\/li>\r\r\n<li><a href=\"https:\/\/sinoextrud.com\/what-is-4040-aluminium-extrud\/\" target=\"_blank\">aluminum extrusions for industrial racks<\/a><\/li>\r\r\n<li><a href=\"https:\/\/sinoextrud.com\/powder-coating-aluminium-process\/\" target=\"_blank\">powder coating aluminium<\/a><\/li>\r\r\n<li><a href=\"https:\/\/sinoextrud.com\/what-is-an-aluminium-strip-ceiling\/\" target=\"_blank\">aluminium strip ceiling<\/a><\/li>\r\r\n<li><a href=\"https:\/\/sinoextrud.com\/what-is-a-heat-sink\/\" target=\"_blank\">what is a heat sink<\/a><\/li>\r\r\n<\/ul>","product_chanpin_chanpin":"<li><a href=\"https:\/\/sinoextrud.com\/product\/aluminium-glass-profile\/\" target=\"_blank\">Aluminium Glass Profile<\/a><\/li>\r\n<li><a href=\"https:\/\/sinoextrud.com\/product\/customized-matt-electrophoresis-aluminum-extrusions-profile-for-building-material\/\" target=\"_blank\">Customized Matt Electrophoresis Aluminum Extrusions Profile For Building Material<\/a><\/li>\r\n<li><a href=\"https:\/\/sinoextrud.com\/product\/aluminium-profile-for-shower-room\/\" target=\"_blank\">Aluminium Profile For Shower Room<\/a><\/li>\r\n<li><a href=\"https:\/\/sinoextrud.com\/product\/bright-anodized-aluminum-profile\/\" target=\"_blank\">Bright Anodized Aluminum Profile<\/a><\/li>\r\n<li><a href=\"https:\/\/sinoextrud.com\/product\/modular-framing-systems\/\" target=\"_blank\">Modular Framing Systems<\/a><\/li>\r\n<li><a href=\"https:\/\/sinoextrud.com\/product\/aluminium-anodizing\/\" target=\"_blank\">Aluminium Anodizing<\/a><\/li>\r\n<li><a href=\"https:\/\/sinoextrud.com\/product\/extruded-aluminum-profiles\/\" target=\"_blank\">Extruded Aluminum Profiles<\/a><\/li>\r\n<li><a href=\"https:\/\/sinoextrud.com\/product\/aluminium-system-profile\/\" target=\"_blank\">Aluminium System Profile<\/a><\/li>\r\n<li><a href=\"https:\/\/sinoextrud.com\/product\/aluminium-extrusion-c-beam\/\" target=\"_blank\">Aluminium Extrusion C Beam<\/a><\/li>\r\n<li><a href=\"https:\/\/sinoextrud.com\/product\/extruded-aluminum-rectangular-tubing\/\" target=\"_blank\">Extruded Aluminum Rectangular Tubing<\/a><\/li>\r\n<li><a href=\"https:\/\/sinoextrud.com\/product\/aluminum-window-frames-mosquito-netting-suppliers\/\" target=\"_blank\">Aluminum Window Frames Mosquito Netting Suppliers<\/a><\/li>"},"feature_list":[]},"_links":{"self":[{"href":"https:\/\/sinoextrud.com\/da\/wp-json\/wp\/v2\/product\/7258","targetHints":{"allow":["GET"]}}],"collection":[{"href":"https:\/\/sinoextrud.com\/da\/wp-json\/wp\/v2\/product"}],"about":[{"href":"https:\/\/sinoextrud.com\/da\/wp-json\/wp\/v2\/types\/product"}],"wp:featuredmedia":[{"embeddable":true,"href":"https:\/\/sinoextrud.com\/da\/wp-json\/wp\/v2\/media\/7257"}],"wp:attachment":[{"href":"https:\/\/sinoextrud.com\/da\/wp-json\/wp\/v2\/media?parent=7258"}],"wp:term":[{"taxonomy":"category","embeddable":true,"href":"https:\/\/sinoextrud.com\/da\/wp-json\/wp\/v2\/categories?post=7258"}],"curies":[{"name":"wp","href":"https:\/\/api.w.org\/{rel}","templated":true}]}}