{"id":7244,"date":"2025-06-06T03:11:34","date_gmt":"2025-06-06T03:11:34","guid":{"rendered":"https:\/\/sinoextrud.com\/product\/extruded-aluminum-trim-shapes\/"},"modified":"2025-06-24T06:12:20","modified_gmt":"2025-06-24T06:12:20","slug":"ekstruderede-aluminiumsformer-2","status":"publish","type":"product","link":"https:\/\/sinoextrud.com\/da\/product\/extruded-aluminum-trim-shapes\/","title":{"rendered":"Ekstruderede aluminiumsformer"},"content":{"rendered":"<h2>Detaljer om produkter<\/h2>\n<table class=\"custom-table\">\n<tbody>\n<tr>\n<td> Vare:<\/td>\n<td>  Ekstruderede aluminiumsformer<\/td>\n<\/tr>\n<tr>\n<td> Materila:<\/td>\n<td> 6063-t5 aluminiumslegering<\/td>\n<\/tr>\n<tr>\n<td> Temperament:<\/td>\n<td> T5-T6<\/td>\n<\/tr>\n<tr>\n<td> Form:<\/td>\n<td> Flad u-form, samme som p\u00e5 billederne. Tilpasset til r\u00e5dighed.<\/td>\n<\/tr>\n<tr>\n<td> Profilen bliver tykkere:<\/td>\n<td> 1,0 mm over.<\/td>\n<\/tr>\n<tr>\n<td> Overfladebehandling:<\/td>\n<td> Fr\u00e6sning<\/td>\n<\/tr>\n<tr>\n<td> Farve:<\/td>\n<td> Sliver, tilpasset farve tilg\u00e6ngelig.<\/td>\n<\/tr>\n<tr>\n<td> Anvendelse:<\/td>\n<td> industri, transport osv.<\/td>\n<\/tr>\n<tr>\n<td> MOQ:<\/td>\n<td> 200 kg for hver vare<\/td>\n<\/tr>\n<tr>\n<td> Dyb bearbejdning<\/td>\n<td> Boring, sk\u00e6ring, stansning osv.<\/td>\n<\/tr>\n<tr>\n<td> Oprindelse:<\/td>\n<td> Foshan, Guangdong.<\/td>\n<\/tr>\n<tr>\n<td> HS-kode:<\/td>\n<td> 761699000<\/td>\n<\/tr>\n<\/tbody>\n<\/table>\n<h2>Vores produktionsbase<\/h2>\n<h3>Panorama over fabrikken<\/h3>\n<p><img decoding=\"async\" src=\"\/wp-content\/uploads\/factory-01.webp\"\/><\/p>\n<h3>V\u00e6rksted til fremstilling af aluminiumst\u00e6nger<\/h3>\n<p><img decoding=\"async\" src=\"\/wp-content\/uploads\/factory-02.webp\"\/><\/p>\n<\/p>\n<p><img decoding=\"async\" src=\"\/wp-content\/uploads\/factory-03.webp\"\/><\/p>\n<h3>Lager til opbevaring af skimmelsvampe<\/h3>\n<p><img decoding=\"async\" src=\"\/wp-content\/uploads\/factory-04.webp\"\/><\/p>\n<h3>43 ekstruderingslinjer for aluminium (500-5500 ton)<\/h3>\n<p><img decoding=\"async\" src=\"\/wp-content\/uploads\/factory-05.webp\"\/><\/p>\n<p><img decoding=\"async\" src=\"\/wp-content\/uploads\/factory-06.webp\"\/><\/p>\n<p><img decoding=\"async\" src=\"\/wp-content\/uploads\/factory-07.webp\"\/><\/p>\n<h3>V\u00e6rksted for pulverlakering<\/h3>\n<p><img decoding=\"async\" src=\"\/wp-content\/uploads\/factory-09.webp\"\/><\/p>\n<h3>Anodiseringsv\u00e6rksted<\/h3>\n<p><img decoding=\"async\" src=\"\/wp-content\/uploads\/factory-10.webp\"\/><\/p>\n<h3>Workshop om dyb behandling<\/h3>\n<p><img decoding=\"async\" src=\"\/wp-content\/uploads\/factory-11.webp\"\/><\/p>\n<h3>V\u00e6rksted for CNC-pr\u00e6cisionsbearbejdning<\/h3>\n<p><img decoding=\"async\" src=\"\/wp-content\/uploads\/factory-11.5.webp\"\/><\/p>\n<h3>F\u00e6rdigvare- og eksportlager<\/h3>\n<p><img decoding=\"async\" src=\"\/wp-content\/uploads\/factory-12.webp\"\/><\/p>\n<p><img decoding=\"async\" src=\"\/wp-content\/uploads\/factory-13.webp\"\/><\/p>\n<p><img decoding=\"async\" src=\"\/wp-content\/uploads\/factory-14.webp\"\/><\/p>\n<h2>OFTE STILLEDE SP\u00d8RGSM\u00c5L<\/h2>\n<p><b>1. Hvad er fordelene ved at bruge ekstruderet aluminium i byggeriet? <\/b><\/p>\n<p>Ekstruderede aluminiumprofiler giver en let, holdbar og korrosionsbestandig l\u00f8sning, der forbedrer b\u00e5de funktionaliteten og \u00e6stetikken i byggeprojekter.\n<\/p>\n<p><\/p>\n<p><b>2. Kan ekstruderede aluminiumsformer tilpasses til specifikke designbehov? <\/b><\/p>\n<p>Ja, ekstruderede aluminiumsformer kan skr\u00e6ddersys med hensyn til profil, l\u00e6ngde og finish for at opfylde unikke arkitektoniske og industrielle designkrav.\n<\/p>\n<p><\/p>\n<p><b>3. Er profiler i ekstruderet aluminium egnet til udend\u00f8rs brug? <\/b><\/p>\n<p>De korrosionsbestandige egenskaber ved 6063-aluminiumslegeringen g\u00f8r disse trimformer ideelle til b\u00e5de indend\u00f8rs og udend\u00f8rs brug.\n<\/p>\n<p><\/p>\n<p><b>4. Hvilke typer finish er tilg\u00e6ngelige for ekstruderede aluminiumprofiler? <\/b><\/p>\n<p>Ekstruderede aluminiumprofiler f\u00e5s i forskellige overflader, herunder anodiseret, pulverlakeret og fr\u00e6set, s\u00e5 de passer til forskellige \u00e6stetiske pr\u00e6ferencer og milj\u00f8forhold.\n<\/p>\n<p><\/p>\n<p><b>5. Hvordan forbedrer ekstruderede aluminiumprofiler installationernes holdbarhed? <\/b><\/p>\n<p>Ved at give beskyttende kanter og strukturel st\u00f8tte \u00f8ger ekstruderede aluminiumsformer installationernes levetid og modstandsdygtighed over for slid og milj\u00f8faktorer.\n<\/p>\n<p><\/p>","protected":false},"featured_media":7243,"template":"","categories":[67],"class_list":["post-7244","product","type-product","status-publish","has-post-thumbnail","hentry","category-architectural-aluminium-profile"],"meta_box":{"hilight_text_group":{"product_hilight_text":"<li>Precision-engineered extruded aluminum trim shapes designed for seamless integration in architectural and industrial applications<\/li>\r\r\n<li>Manufactured from high-grade 6063 aluminum alloy, offering excellent corrosion resistance and durability<\/li>\r\r\n<li>Available in a variety of profiles including angles, channels, and edge trims to suit diverse design requirements<\/li>\r\r\n<li>Lightweight construction facilitates easy handling and installation without compromising structural integrity<\/li>\r\r\n<li>Customizable lengths and finishes, including anodized and powder-coated options, to match specific project aesthetics<\/li>","product_chanpin_blog":"<ul>\r\r\n<li><a href=\"https:\/\/sinoextrud.com\/t-slot-v-slot-differences\/\" target=\"_blank\">t slot vs v slot<\/a><\/li>\r\r\n<li><a href=\"https:\/\/sinoextrud.com\/what-is-4040-aluminium-extrud\/\" target=\"_blank\">4040 aluminium extrusion<\/a><\/li>\r\r\n<li><a href=\"https:\/\/sinoextrud.com\/what-is-4040-aluminium-extrud\/\" target=\"_blank\">aluminum extrusions for industrial racks<\/a><\/li>\r\r\n<li><a href=\"https:\/\/sinoextrud.com\/powder-coating-aluminium-process\/\" target=\"_blank\">powder coating aluminium<\/a><\/li>\r\r\n<li><a href=\"https:\/\/sinoextrud.com\/what-is-an-aluminium-strip-ceiling\/\" target=\"_blank\">aluminium strip ceiling<\/a><\/li>\r\r\n<li><a href=\"https:\/\/sinoextrud.com\/what-is-a-heat-sink\/\" target=\"_blank\">what is a heat sink<\/a><\/li>\r\r\n<\/ul>","product_chanpin_chanpin":"<li><a href=\"https:\/\/sinoextrud.com\/product\/aluminum-profile-for-kitchen-cabinet-accesory-manufacture-price\/\" target=\"_blank\">Aluminum Profile For Kitchen Cabinet Accesory Manufacture Price<\/a><\/li>\r\n<li><a href=\"https:\/\/sinoextrud.com\/product\/high-quality-aluminium-extrusion-profile-for-curtain-wall\/\" target=\"_blank\">High Quality Aluminium Extrusion Profile for Curtain Wall<\/a><\/li>\r\n<li><a href=\"https:\/\/sinoextrud.com\/product\/oem-precision-cnc-machining-for-aluminum-parts\/\" target=\"_blank\">OEM Precision CNC Machining For Aluminum Parts<\/a><\/li>\r\n<li><a href=\"https:\/\/sinoextrud.com\/product\/60x60-aluminium-extrusion\/\" target=\"_blank\">60\u00c3\u201460 Aluminium Extrusion<\/a><\/li>\r\n<li><a href=\"https:\/\/sinoextrud.com\/product\/extruded-aluminum-trim-shapes\/\" target=\"_blank\">Extruded Aluminum Trim Shapes<\/a><\/li>\r\n<li><a href=\"https:\/\/sinoextrud.com\/product\/cnc-machined-6063-extruded-aluminum-fasteners\/\" target=\"_blank\">CNC Machined 6063 Extruded Aluminum Fasteners<\/a><\/li>\r\n<li><a href=\"https:\/\/sinoextrud.com\/product\/6463-electroplated-finish-shower-enclosure-aluminum-profile\/\" target=\"_blank\">6463 Electroplated Finish Shower Enclosure Aluminum Profile<\/a><\/li>\r\n<li><a href=\"https:\/\/sinoextrud.com\/product\/aluminium-glass-profile\/\" target=\"_blank\">Aluminium Glass Profile<\/a><\/li>\r\n<li><a href=\"https:\/\/sinoextrud.com\/product\/customized-matt-electrophoresis-aluminum-extrusions-profile-for-building-material\/\" target=\"_blank\">Customized Matt Electrophoresis Aluminum Extrusions Profile For Building Material<\/a><\/li>\r\n<li><a href=\"https:\/\/sinoextrud.com\/product\/aluminum-extrusion-7003-7005-7020\/\" target=\"_blank\">Aluminum Extrusion 7003 7005 7020 High Hardness Anodized Aluminum Profile<\/a><\/li>\r\n<li><a href=\"https:\/\/sinoextrud.com\/product\/industrial-aluminum-brushed-polish-profile-for-railing-and-showroom-decoration\/\" target=\"_blank\">Industrial Aluminum Brushed Polish Profile For Railing And Showroom Decoration<\/a><\/li>"},"feature_list":[]},"_links":{"self":[{"href":"https:\/\/sinoextrud.com\/da\/wp-json\/wp\/v2\/product\/7244","targetHints":{"allow":["GET"]}}],"collection":[{"href":"https:\/\/sinoextrud.com\/da\/wp-json\/wp\/v2\/product"}],"about":[{"href":"https:\/\/sinoextrud.com\/da\/wp-json\/wp\/v2\/types\/product"}],"wp:featuredmedia":[{"embeddable":true,"href":"https:\/\/sinoextrud.com\/da\/wp-json\/wp\/v2\/media\/7243"}],"wp:attachment":[{"href":"https:\/\/sinoextrud.com\/da\/wp-json\/wp\/v2\/media?parent=7244"}],"wp:term":[{"taxonomy":"category","embeddable":true,"href":"https:\/\/sinoextrud.com\/da\/wp-json\/wp\/v2\/categories?post=7244"}],"curies":[{"name":"wp","href":"https:\/\/api.w.org\/{rel}","templated":true}]}}