{"id":7242,"date":"2025-06-06T03:10:00","date_gmt":"2025-06-06T03:10:00","guid":{"rendered":"https:\/\/sinoextrud.com\/product\/60x60-aluminium-extrusion\/"},"modified":"2025-06-24T06:12:20","modified_gmt":"2025-06-24T06:12:20","slug":"60x60-aluminiumsprofiler","status":"publish","type":"product","link":"https:\/\/sinoextrud.com\/da\/product\/60x60-aluminium-extrusion\/","title":{"rendered":"60\u00d760 Ekstruderet aluminium"},"content":{"rendered":"<h2>Detaljer om produkter<\/h2>\n<table class=\"custom-table\">\n<tbody>\n<tr>\n<td> Produktets navn<\/td>\n<td> 60\u00d760 Ekstruderet aluminium<\/td>\n<td> <\/td>\n<\/tr>\n<tr>\n<td> Materiale<\/td>\n<td> 6063,6061,6005,6082 osv.<\/td>\n<td> <\/td>\n<\/tr>\n<tr>\n<td> Tykkelse<\/td>\n<td> 0,7 mm-10 mm<\/td>\n<td> <\/td>\n<\/tr>\n<tr>\n<td> Tolerance<\/td>\n<td> Som \u00f8nsket p\u00e5 tegningen<\/td>\n<td> <\/td>\n<\/tr>\n<tr>\n<td> L\u00e6ngde<\/td>\n<td> Standardl\u00e6ngde 1-9M, anden tilpasset l\u00e6ngde tilg\u00e6ngelig.<\/td>\n<td> <\/td>\n<\/tr>\n<tr>\n<td> Typiske anvendelser<\/td>\n<td> Arkitektur, industri osv.<\/td>\n<td> <\/td>\n<\/tr>\n<tr>\n<td> CNC-proces<\/td>\n<td> CNC-fr\u00e6sning, boring, stansning, boring, gevindsk\u00e6ring, bukning<\/td>\n<td> <\/td>\n<\/tr>\n<tr>\n<td> Overfladebehandling<\/td>\n<td> Fr\u00e6set f\u00e6rdig, anodiseret, pulverlakeret, tr\u00e6korn osv.<\/td>\n<td> <\/td>\n<\/tr>\n<tr>\n<td> Certifikater<\/td>\n<td> ISO9001,ISO4001,CQM,SGS,CE,BV etc.<\/td>\n<td> <\/td>\n<\/tr>\n<tr>\n<td> Oprindelsessted<\/td>\n<td> Guangdong, Kina<\/td>\n<td> <\/td>\n<\/tr>\n<\/tbody>\n<\/table>\n<h2>Vores produktionsbase<\/h2>\n<h3>Panorama over fabrikken<\/h3>\n<p><img decoding=\"async\" src=\"\/wp-content\/uploads\/factory-01.webp\"\/><\/p>\n<h3>V\u00e6rksted til fremstilling af aluminiumst\u00e6nger<\/h3>\n<p><img decoding=\"async\" src=\"\/wp-content\/uploads\/factory-02.webp\"\/><\/p>\n<\/p>\n<p><img decoding=\"async\" src=\"\/wp-content\/uploads\/factory-03.webp\"\/><\/p>\n<h3>Lager til opbevaring af skimmelsvampe<\/h3>\n<p><img decoding=\"async\" src=\"\/wp-content\/uploads\/factory-04.webp\"\/><\/p>\n<h3>43 ekstruderingslinjer for aluminium (500-5500 ton)<\/h3>\n<p><img decoding=\"async\" src=\"\/wp-content\/uploads\/factory-05.webp\"\/><\/p>\n<p><img decoding=\"async\" src=\"\/wp-content\/uploads\/factory-06.webp\"\/><\/p>\n<p><img decoding=\"async\" src=\"\/wp-content\/uploads\/factory-07.webp\"\/><\/p>\n<h3>V\u00e6rksted for pulverlakering<\/h3>\n<p><img decoding=\"async\" src=\"\/wp-content\/uploads\/factory-09.webp\"\/><\/p>\n<h3>Anodiseringsv\u00e6rksted<\/h3>\n<p><img decoding=\"async\" src=\"\/wp-content\/uploads\/factory-10.webp\"\/><\/p>\n<h3>Workshop om dyb behandling<\/h3>\n<p><img decoding=\"async\" src=\"\/wp-content\/uploads\/factory-11.webp\"\/><\/p>\n<h3>V\u00e6rksted for CNC-pr\u00e6cisionsbearbejdning<\/h3>\n<p><img decoding=\"async\" src=\"\/wp-content\/uploads\/factory-11.5.webp\"\/><\/p>\n<h3>F\u00e6rdigvare- og eksportlager<\/h3>\n<p><img decoding=\"async\" src=\"\/wp-content\/uploads\/factory-12.webp\"\/><\/p>\n<p><img decoding=\"async\" src=\"\/wp-content\/uploads\/factory-13.webp\"\/><\/p>\n<p><img decoding=\"async\" src=\"\/wp-content\/uploads\/factory-14.webp\"\/><\/p>\n<h2>OFTE STILLEDE SP\u00d8RGSM\u00c5L<\/h2>\n<p><b>1. Hvad er en 60\u00d760 aluminiumsekstrudering?<\/b><\/p>\n<p>Det er en aluminiumsprofil med et tv\u00e6rsnit p\u00e5 60 x 60 mm, som ofte bruges til industrielle indramninger, automatisering og maskinkonstruktioner.\n<\/p>\n<p><\/p>\n<p><b>2. Hvorfor v\u00e6lge 60\u00d760 aluminiumsprofiler til byggeri?<\/b><\/p>\n<p>60\u00d760-profilen giver en optimal balance mellem styrke og modul\u00e6r kompatibilitet, hvilket g\u00f8r den ideel til strukturelle anvendelser.\n<\/p>\n<p><\/p>\n<p><b>3. Er 60\u00d760 aluminiumsprofiler med T-spor?<\/b><\/p>\n<p>Ja, den har typisk et T-slot-design, som g\u00f8r det nemt at montere stik, paneler og tilbeh\u00f8r.\n<\/p>\n<p><\/p>\n<p><b>4. Hvad er fordelene ved at bruge 60\u00d760 aluminiumsprofiler?<\/b><\/p>\n<p>De er holdbare, korrosionsbestandige, nemme at installere og egner sig til systemer, der kan omkonfigureres.\n<\/p>\n<p><\/p>\n<p><b>5. kan 60\u00d760 aluminiumsprofilen tilpasses?<\/b><\/p>\n<p>Den kan absolut tilpasses med hensyn til l\u00e6ngde, overfladebehandling, hulboring og legeringskvalitet til specifikke projektbehov.\n<\/p>\n<p><\/p>\n<p><b>6. Hvilke overfladebehandlinger er tilg\u00e6ngelige?<\/b><\/p>\n<p>Almindelige overflader omfatter anodisering, pulverlakering, sandbl\u00e6sning og b\u00f8rstet aluminium for forbedret holdbarhed og udseende.\n<\/p>\n<p><\/p>\n<p><b>7. Hvilke applikationer bruger 60\u00d760 aluminiumsprofiler?<\/b><\/p>\n<p>Typiske anvendelser omfatter maskinrammer, arbejdsstationer, kabinetter, automatiseringslinjer og strukturelle st\u00f8ttesystemer.\n<\/p>\n<p><\/p>","protected":false},"featured_media":7241,"template":"","categories":[67],"class_list":["post-7242","product","type-product","status-publish","has-post-thumbnail","hentry","category-architectural-aluminium-profile"],"meta_box":{"hilight_text_group":{"product_hilight_text":"<li>Standard 60x60 mm profile offers high compatibility with modular systems<\/li>\r\r\n<li>Strong and lightweight aluminum ensures structural integrity<\/li>\r\r\n<li>Excellent corrosion resistance for both indoor and outdoor applications<\/li>\r\r\n<li>Easy to assemble and reconfigure with T-slot design<\/li>\r\r\n<li>Supports heavy-duty industrial and automation frameworks<\/li>\r\r\n<li>Custom lengths, finishes, and machining available for OEM orders<\/li>","product_chanpin_blog":"<ul>\r\r\n<li><a href=\"https:\/\/sinoextrud.com\/t-slot-v-slot-differences\/\" target=\"_blank\">t slot vs v slot<\/a><\/li>\r\r\n<li><a href=\"https:\/\/sinoextrud.com\/what-is-4040-aluminium-extrud\/\" target=\"_blank\">4040 aluminium extrusion<\/a><\/li>\r\r\n<li><a href=\"https:\/\/sinoextrud.com\/what-is-4040-aluminium-extrud\/\" target=\"_blank\">aluminum extrusions for industrial racks<\/a><\/li>\r\r\n<li><a href=\"https:\/\/sinoextrud.com\/powder-coating-aluminium-process\/\" target=\"_blank\">powder coating aluminium<\/a><\/li>\r\r\n<li><a href=\"https:\/\/sinoextrud.com\/what-is-an-aluminium-strip-ceiling\/\" target=\"_blank\">aluminium strip ceiling<\/a><\/li>\r\r\n<li><a href=\"https:\/\/sinoextrud.com\/what-is-a-heat-sink\/\" target=\"_blank\">what is a heat sink<\/a><\/li>\r\r\n<\/ul>","product_chanpin_chanpin":"<li><a href=\"https:\/\/sinoextrud.com\/product\/industrial-aluminum-extrusions-aluminum-profile\/\" target=\"_blank\">Industrial Aluminum Extrusions Aluminum Profile<\/a><\/li>\r\n<li><a href=\"https:\/\/sinoextrud.com\/product\/aluminum-profile-for-kitchen-cabinet-accesory-manufacture-price\/\" target=\"_blank\">Aluminum Profile For Kitchen Cabinet Accesory Manufacture Price<\/a><\/li>\r\n<li><a href=\"https:\/\/sinoextrud.com\/product\/high-quality-aluminium-extrusion-profile-for-curtain-wall\/\" target=\"_blank\">High Quality Aluminium Extrusion Profile for Curtain Wall<\/a><\/li>\r\n<li><a href=\"https:\/\/sinoextrud.com\/product\/oem-precision-cnc-machining-for-aluminum-parts\/\" target=\"_blank\">OEM Precision CNC Machining For Aluminum Parts<\/a><\/li>\r\n<li><a href=\"https:\/\/sinoextrud.com\/product\/60x60-aluminium-extrusion\/\" target=\"_blank\">60\u00c3\u201460 Aluminium Extrusion<\/a><\/li>\r\n<li><a href=\"https:\/\/sinoextrud.com\/product\/extruded-aluminum-trim-shapes\/\" target=\"_blank\">Extruded Aluminum Trim Shapes<\/a><\/li>\r\n<li><a href=\"https:\/\/sinoextrud.com\/product\/cnc-machined-6063-extruded-aluminum-fasteners\/\" target=\"_blank\">CNC Machined 6063 Extruded Aluminum Fasteners<\/a><\/li>\r\n<li><a href=\"https:\/\/sinoextrud.com\/product\/6463-electroplated-finish-shower-enclosure-aluminum-profile\/\" target=\"_blank\">6463 Electroplated Finish Shower Enclosure Aluminum Profile<\/a><\/li>\r\n<li><a href=\"https:\/\/sinoextrud.com\/product\/aluminium-glass-profile\/\" target=\"_blank\">Aluminium Glass Profile<\/a><\/li>\r\n<li><a href=\"https:\/\/sinoextrud.com\/product\/6063-anodized-road-case-aluminum-extrusions\/\" target=\"_blank\">6063 Anodized Road Case Aluminum Extrusions<\/a><\/li>\r\n<li><a href=\"https:\/\/sinoextrud.com\/product\/golden-electrophoresis-aluminum-profile\/\" target=\"_blank\">Golden Electrophoresis Aluminum Profile<\/a><\/li>"},"feature_list":[]},"_links":{"self":[{"href":"https:\/\/sinoextrud.com\/da\/wp-json\/wp\/v2\/product\/7242","targetHints":{"allow":["GET"]}}],"collection":[{"href":"https:\/\/sinoextrud.com\/da\/wp-json\/wp\/v2\/product"}],"about":[{"href":"https:\/\/sinoextrud.com\/da\/wp-json\/wp\/v2\/types\/product"}],"wp:featuredmedia":[{"embeddable":true,"href":"https:\/\/sinoextrud.com\/da\/wp-json\/wp\/v2\/media\/7241"}],"wp:attachment":[{"href":"https:\/\/sinoextrud.com\/da\/wp-json\/wp\/v2\/media?parent=7242"}],"wp:term":[{"taxonomy":"category","embeddable":true,"href":"https:\/\/sinoextrud.com\/da\/wp-json\/wp\/v2\/categories?post=7242"}],"curies":[{"name":"wp","href":"https:\/\/api.w.org\/{rel}","templated":true}]}}