{"id":7240,"date":"2025-06-06T03:01:40","date_gmt":"2025-06-06T03:01:40","guid":{"rendered":"https:\/\/sinoextrud.com\/product\/oem-precision-cnc-machining-for-aluminum-parts\/"},"modified":"2025-06-24T06:12:19","modified_gmt":"2025-06-24T06:12:19","slug":"oem-praecisions-cnc-bearbejdning-af-aluminiumsdele","status":"publish","type":"product","link":"https:\/\/sinoextrud.com\/da\/product\/oem-precision-cnc-machining-for-aluminum-parts\/","title":{"rendered":"OEM-pr\u00e6cisions-CNC-bearbejdning af aluminiumsdele"},"content":{"rendered":"<h2>Detaljer om produkter<\/h2>\n<table class=\"custom-table\">\n<tbody>\n<tr>\n<td> Vare:<\/td>\n<td> OEM-pr\u00e6cisions-CNC-bearbejdning af aluminiumsdele<\/td>\n<\/tr>\n<tr>\n<td> Materiale:<\/td>\n<td> 100% aluminiumsprofillegering: 6063-T5,6061-T6,6463-T5,7075-T6,6082,5052,2024,7005,6013,7020 osv.<\/td>\n<\/tr>\n<tr>\n<td> Brand:<\/td>\n<td> Sinoextrud Aluminium\/Sinoextrud Aluminium Profiles <\/td>\n<\/tr>\n<tr>\n<td> St\u00f8rrelse:<\/td>\n<td> 1m-9mortilpasset st\u00f8rrelse<\/td>\n<\/tr>\n<tr>\n<td> Anvendelse<\/td>\n<td> M\u00f8bler, vinduer og d\u00f8re, dekorationer, industri, byggeri osv.<\/td>\n<\/tr>\n<tr>\n<td> Farver:<\/td>\n<td> Anodiseret, tr\u00e6struktur, pulverlakering, anodiseret poleret og b\u00f8rstet, elektroforese, pulverlakeret med fluorcarbon osv.<\/td>\n<\/tr>\n<tr>\n<td> MOQ:<\/td>\n<td> 200 kg for hver profil<\/td>\n<\/tr>\n<tr>\n<td> OEM-service<\/td>\n<td> baseret p\u00e5 kundedesignede tegninger eller pr\u00f8ver<\/td>\n<\/tr>\n<tr>\n<td> Certificering tilg\u00e6ngelig<\/td>\n<td> ISO: 9001, SONCAP, BV-certifikat eller kundernes certifikat Tilg\u00e6ngelig<\/td>\n<\/tr>\n<tr>\n<td> Pakkeoplysninger<\/td>\n<td> (1) Indvendigt: pakket med beskyttende plastfilm, der beskytter hver profil<br \/>\n(2) Udenfor: pakket med vandt\u00e6t kunstpapir<\/td>\n<\/tr>\n<tr>\n<td> Leveringstid:<\/td>\n<td> (1) Formudvikling og stikpr\u00f8vetest: 12-18 dage.<br \/>\n (2) Produktionsvarighed: 25-30 dage efter, at pr\u00f8ven er bekr\u00e6ftet af k\u00f8beren.<\/td>\n<\/tr>\n<tr>\n<td> Betalingsbetingelser:<\/td>\n<td> T\/T, 30%downpayment, mens saldoen udbetales f\u00f8r levering.<\/td>\n<\/tr>\n<tr>\n<td> Forligsperiode:<\/td>\n<td> Den endelige betaling skal v\u00e6re baseret p\u00e5 den endelige faktiske fysiske vejning.<\/td>\n<\/tr>\n<tr>\n<td> Produktionskapacitet:<\/td>\n<td> 2400-3000Metriske tons pr. m\u00e5ned.<\/td>\n<\/tr>\n<tr>\n<td> Produktionsgaranti<\/td>\n<td> Surfacecolor er i stand til at holde i 10-20 \u00e5r ved indend\u00f8rs brug.<\/td>\n<\/tr>\n<tr>\n<td> Havn:<\/td>\n<td> FOBShenzhen, Guangzhou, Foshan<\/td>\n<\/tr>\n<\/tbody>\n<\/table>\n<h2>Vores produktionsbase<\/h2>\n<h3>Panorama over fabrikken<\/h3>\n<p><img decoding=\"async\" src=\"\/wp-content\/uploads\/factory-01.webp\"\/><\/p>\n<h3>V\u00e6rksted til fremstilling af aluminiumst\u00e6nger<\/h3>\n<p><img decoding=\"async\" src=\"\/wp-content\/uploads\/factory-02.webp\"\/><\/p>\n<\/p>\n<p><img decoding=\"async\" src=\"\/wp-content\/uploads\/factory-03.webp\"\/><\/p>\n<h3>Lager til opbevaring af skimmelsvampe<\/h3>\n<p><img decoding=\"async\" src=\"\/wp-content\/uploads\/factory-04.webp\"\/><\/p>\n<h3>43 ekstruderingslinjer for aluminium (500-5500 ton)<\/h3>\n<p><img decoding=\"async\" src=\"\/wp-content\/uploads\/factory-05.webp\"\/><\/p>\n<p><img decoding=\"async\" src=\"\/wp-content\/uploads\/factory-06.webp\"\/><\/p>\n<p><img decoding=\"async\" src=\"\/wp-content\/uploads\/factory-07.webp\"\/><\/p>\n<h3>V\u00e6rksted for pulverlakering<\/h3>\n<p><img decoding=\"async\" src=\"\/wp-content\/uploads\/factory-09.webp\"\/><\/p>\n<h3>Anodiseringsv\u00e6rksted<\/h3>\n<p><img decoding=\"async\" src=\"\/wp-content\/uploads\/factory-10.webp\"\/><\/p>\n<h3>Workshop om dyb behandling<\/h3>\n<p><img decoding=\"async\" src=\"\/wp-content\/uploads\/factory-11.webp\"\/><\/p>\n<h3>V\u00e6rksted for CNC-pr\u00e6cisionsbearbejdning<\/h3>\n<p><img decoding=\"async\" src=\"\/wp-content\/uploads\/factory-11.5.webp\"\/><\/p>\n<h3>F\u00e6rdigvare- og eksportlager<\/h3>\n<p><img decoding=\"async\" src=\"\/wp-content\/uploads\/factory-12.webp\"\/><\/p>\n<p><img decoding=\"async\" src=\"\/wp-content\/uploads\/factory-13.webp\"\/><\/p>\n<p><img decoding=\"async\" src=\"\/wp-content\/uploads\/factory-14.webp\"\/><\/p>\n<h2>OFTE STILLEDE SP\u00d8RGSM\u00c5L<\/h2>\n<p><b>1. Hvad er 6063 T5 ekstruderede T-profiler i aluminium? <\/b><\/p>\n<p> 6063 T5 ekstruderede aluminiumprofiler med T-not er modul\u00e6re rammekomponenter fremstillet af 6063-T5 aluminiumlegering med T-formede noter, der giver mulighed for alsidig samling af strukturer uden svejsning.\n<\/p>\n<p><\/p>\n<p><b>2. Hvorfor v\u00e6lge 6063 T5 aluminium til T-not-profiler? <\/b><\/p>\n<p> 6063 T5-aluminium giver en balance mellem styrke, korrosionsbestandighed og fremragende overfladefinish, hvilket g\u00f8r det ideelt til T-notprofiler, der bruges i forskellige strukturelle og arkitektoniske anvendelser.\n<\/p>\n<p><\/p>\n<p><b>3. Hvad er almindelige anvendelser af 6063 T5 T-slot aluminiumsprofiler? <\/b><\/p>\n<p> Disse profiler bruges ofte til at konstruere rammer, kabinetter, arbejdsstationer, maskinafsk\u00e6rmninger og udstillingsenheder p\u00e5 grund af deres modularitet og lette montering.\n<\/p>\n<p><\/p>\n<p><b>4. kan 6063 T5 T-slot aluminiumsprofiler tilpasses? <\/b><\/p>\n<p> Ja, de kan skr\u00e6ddersys med hensyn til st\u00f8rrelse, \u00e5bningskonfiguration og finish, s\u00e5 de opfylder specifikke design- og funktionskrav.\n<\/p>\n<p><\/p>\n<p><b>5. Er 6063 T5 aluminiumsprofiler med T-not egnet til udend\u00f8rs brug? <\/b><\/p>\n<p> Deres korrosionsbestandige egenskaber g\u00f8r dem ideelle til udend\u00f8rs brug, hvor de kan modst\u00e5 forskellige vejrforhold uden at blive nedbrudt.\n<\/p>\n<p><\/p>\n<p><b>6. Hvilke overflader er tilg\u00e6ngelige for 6063 T5 T-not aluminiumsprofiler? <\/b><\/p>\n<p> Almindelige overflader omfatter anodisering og pulverlakering, som forbedrer korrosionsbestandigheden og giver mulighed for forskellige farvemuligheder, der passer til design\u00e6stetikken.\n<\/p>\n<p><\/p>\n<p><b>7. Hvordan samler jeg strukturer med 6063 T5 T-not aluminiumsprofiler? <\/b><\/p>\n<p> Montering indeb\u00e6rer typisk brug af kompatible stik, fastg\u00f8relseselementer og tilbeh\u00f8r, der passer ind i T-sporene, hvilket giver mulighed for nem konstruktion og \u00e6ndring uden svejsning.\n<\/p>\n<p><\/p>\n<p><b>8. Er 6063 T5 T-slot aluminiumsprofiler milj\u00f8venlige? <\/b><\/p>\n<p> Ja, aluminium er fuldt ud genanvendeligt, og brug af 6063 T5 T-not aluminiumsprofiler bidrager til b\u00e6redygtig byggepraksis ved at reducere affald og fremme genbrug af materialer.<\/p>\n<p><\/p>","protected":false},"featured_media":7239,"template":"","categories":[67],"class_list":["post-7240","product","type-product","status-publish","has-post-thumbnail","hentry","category-architectural-aluminium-profile"],"meta_box":{"hilight_text_group":{"product_hilight_text":"<li>Manufactured from high-quality 6063-T5 aluminum alloy, offering excellent corrosion resistance and surface finish, ideal for architectural and structural applications.<\/li>\r\r\n<li>Lightweight yet strong construction facilitates easy handling and installation without compromising structural integrity.<\/li>\r\r\n<li>Available in various T-slot configurations, enabling modular assembly and flexibility in design for frameworks, enclosures, and workstations.<\/li>\r\r\n<li>Excellent anodizing properties allow for enhanced surface protection and aesthetic appeal in various finishes.<\/li>\r\r\n<li>Customizable lengths and profiles accommodate a wide range of project specifications and design requirements.<\/li>\r\r\n<li>High thermal and electrical conductivity makes them suitable for heat sinks and electrical enclosures.<\/li>\r\r\n<li>Environmentally friendly, as aluminum is 100% recyclable, supporting sustainable building practices.<\/li>","product_chanpin_blog":"<ul>\r\r\n<li><a href=\"https:\/\/sinoextrud.com\/t-slot-v-slot-differences\/\" target=\"_blank\">t slot vs v slot<\/a><\/li>\r\r\n<li><a href=\"https:\/\/sinoextrud.com\/what-is-4040-aluminium-extrud\/\" target=\"_blank\">4040 aluminium extrusion<\/a><\/li>\r\r\n<li><a href=\"https:\/\/sinoextrud.com\/what-is-4040-aluminium-extrud\/\" target=\"_blank\">aluminum extrusions for industrial racks<\/a><\/li>\r\r\n<li><a href=\"https:\/\/sinoextrud.com\/powder-coating-aluminium-process\/\" target=\"_blank\">powder coating aluminium<\/a><\/li>\r\r\n<li><a href=\"https:\/\/sinoextrud.com\/what-is-an-aluminium-strip-ceiling\/\" target=\"_blank\">aluminium strip ceiling<\/a><\/li>\r\r\n<li><a href=\"https:\/\/sinoextrud.com\/what-is-a-heat-sink\/\" target=\"_blank\">what is a heat sink<\/a><\/li>\r\r\n<\/ul>","product_chanpin_chanpin":"<li><a href=\"https:\/\/sinoextrud.com\/product\/aluminium-rail-profile\/\" target=\"_blank\">Aluminium Rail Profile<\/a><\/li>\r\n<li><a href=\"https:\/\/sinoextrud.com\/product\/industrial-aluminum-extrusions-aluminum-profile\/\" target=\"_blank\">Industrial Aluminum Extrusions Aluminum Profile<\/a><\/li>\r\n<li><a href=\"https:\/\/sinoextrud.com\/product\/aluminum-profile-for-kitchen-cabinet-accesory-manufacture-price\/\" target=\"_blank\">Aluminum Profile For Kitchen Cabinet Accesory Manufacture Price<\/a><\/li>\r\n<li><a href=\"https:\/\/sinoextrud.com\/product\/high-quality-aluminium-extrusion-profile-for-curtain-wall\/\" target=\"_blank\">High Quality Aluminium Extrusion Profile for Curtain Wall<\/a><\/li>\r\n<li><a href=\"https:\/\/sinoextrud.com\/product\/oem-precision-cnc-machining-for-aluminum-parts\/\" target=\"_blank\">OEM Precision CNC Machining For Aluminum Parts<\/a><\/li>\r\n<li><a href=\"https:\/\/sinoextrud.com\/product\/60x60-aluminium-extrusion\/\" target=\"_blank\">60\u00c3\u201460 Aluminium Extrusion<\/a><\/li>\r\n<li><a href=\"https:\/\/sinoextrud.com\/product\/extruded-aluminum-trim-shapes\/\" target=\"_blank\">Extruded Aluminum Trim Shapes<\/a><\/li>\r\n<li><a href=\"https:\/\/sinoextrud.com\/product\/cnc-machined-6063-extruded-aluminum-fasteners\/\" target=\"_blank\">CNC Machined 6063 Extruded Aluminum Fasteners<\/a><\/li>\r\n<li><a href=\"https:\/\/sinoextrud.com\/product\/6463-electroplated-finish-shower-enclosure-aluminum-profile\/\" target=\"_blank\">6463 Electroplated Finish Shower Enclosure Aluminum Profile<\/a><\/li>\r\n<li><a href=\"https:\/\/sinoextrud.com\/product\/l-shape-aluminum-angle-profile\/\" target=\"_blank\">L Shape Aluminum Angle Profile<\/a><\/li>\r\n<li><a href=\"https:\/\/sinoextrud.com\/product\/aluminum-outdoor-louvers\/\" target=\"_blank\">Aluminum Outdoor Louvers<\/a><\/li>"},"feature_list":[]},"_links":{"self":[{"href":"https:\/\/sinoextrud.com\/da\/wp-json\/wp\/v2\/product\/7240","targetHints":{"allow":["GET"]}}],"collection":[{"href":"https:\/\/sinoextrud.com\/da\/wp-json\/wp\/v2\/product"}],"about":[{"href":"https:\/\/sinoextrud.com\/da\/wp-json\/wp\/v2\/types\/product"}],"wp:featuredmedia":[{"embeddable":true,"href":"https:\/\/sinoextrud.com\/da\/wp-json\/wp\/v2\/media\/7239"}],"wp:attachment":[{"href":"https:\/\/sinoextrud.com\/da\/wp-json\/wp\/v2\/media?parent=7240"}],"wp:term":[{"taxonomy":"category","embeddable":true,"href":"https:\/\/sinoextrud.com\/da\/wp-json\/wp\/v2\/categories?post=7240"}],"curies":[{"name":"wp","href":"https:\/\/api.w.org\/{rel}","templated":true}]}}