{"id":7214,"date":"2025-06-06T02:15:01","date_gmt":"2025-06-06T02:15:01","guid":{"rendered":"https:\/\/sinoextrud.com\/product\/10x10-aluminum-extrusion-for-decoration\/"},"modified":"2025-06-24T06:12:15","modified_gmt":"2025-06-24T06:12:15","slug":"10x10-aluminiumsprofiler-til-dekoration","status":"publish","type":"product","link":"https:\/\/sinoextrud.com\/da\/product\/10x10-aluminum-extrusion-for-decoration\/","title":{"rendered":"10\u00d710 aluminiumsekstrudering til dekoration"},"content":{"rendered":"<h2>Detaljer om produkter<\/h2>\n<table class=\"custom-table\">\n<tbody>\n<tr>\n<td> Produktets navn<\/td>\n<td> 10\u00d710 Aluminiumsekstrudering til dekoration<\/td>\n<\/tr>\n<tr>\n<td> Dimensioner<\/td>\n<td> 10 mm x 10 mm (firkantet profil)<\/td>\n<\/tr>\n<tr>\n<td> Materiale<\/td>\n<td> Aluminiumslegering af h\u00f8j kvalitet6063 T5<\/td>\n<\/tr>\n<tr>\n<td> V\u00e6gt<\/td>\n<td> Letv\u00e6gt, nem at h\u00e5ndtere og installere<\/td>\n<\/tr>\n<tr>\n<td> Holdbarhed<\/td>\n<td> Ekstraordin\u00e6r styrke og holdbarhed, velegnet til forskellige anvendelser<\/td>\n<\/tr>\n<tr>\n<td> Modstandsdygtighed over for korrosion<\/td>\n<td> Naturligt modstandsdygtig over for korrosion, hvilket sikrer lang levetid<\/td>\n<\/tr>\n<tr>\n<td> Tilpasningsmuligheder<\/td>\n<td> F\u00e5s i forskellige l\u00e6ngder, udf\u00f8relser og ekstra funktioner (ODM\/OEM-service)<\/td>\n<\/tr>\n<tr>\n<td> Overfladebehandlinger<\/td>\n<td> Fr\u00e6set f\u00e6rdig, anodisering, pulverlakering, tr\u00e6, elektroforese eller tilpasset<\/td>\n<\/tr>\n<tr>\n<td> Kvalitetssikring<\/td>\n<td> Streng kvalitetskontrol i alle produktionsfaser, der sikrer overholdelse af internationale standarder<\/td>\n<\/tr>\n<tr>\n<td> Certificeringer<\/td>\n<td> ISO 9001 og andre relevante branchecertificeringer<\/td>\n<\/tr>\n<tr>\n<td> Emballage<\/td>\n<td> Emballagematerialer af h\u00f8j kvalitet for at forhindre skader under transport; tilpassede emballagemuligheder er tilg\u00e6ngelige<\/td>\n<\/tr>\n<tr>\n<td> Global r\u00e6kkevidde<\/td>\n<td> Betroet af kunder over hele verden med positiv feedback p\u00e5 produktkvalitet og kundeservice<\/td>\n<\/tr>\n<tr>\n<td> Hvorfor v\u00e6lge os<\/td>\n<td> - Over 30 \u00e5rs erfaring i branchen<br \/>\n- One-stop service til produktion og forarbejdning af aluminium<br \/>\n- Kundecentreret tilgang med fokus p\u00e5 tilfredshed<\/td>\n<\/tr>\n<\/tbody>\n<\/table>\n<h2>Vores produktionsbase<\/h2>\n<h3>Panorama over fabrikken<\/h3>\n<p><img decoding=\"async\" src=\"\/wp-content\/uploads\/factory-01.webp\"\/><\/p>\n<h3>V\u00e6rksted til fremstilling af aluminiumst\u00e6nger<\/h3>\n<p><img decoding=\"async\" src=\"\/wp-content\/uploads\/factory-02.webp\"\/><\/p>\n<\/p>\n<p><img decoding=\"async\" src=\"\/wp-content\/uploads\/factory-03.webp\"\/><\/p>\n<h3>Lager til opbevaring af skimmelsvampe<\/h3>\n<p><img decoding=\"async\" src=\"\/wp-content\/uploads\/factory-04.webp\"\/><\/p>\n<h3>43 ekstruderingslinjer for aluminium (500-5500 ton)<\/h3>\n<p><img decoding=\"async\" src=\"\/wp-content\/uploads\/factory-05.webp\"\/><\/p>\n<p><img decoding=\"async\" src=\"\/wp-content\/uploads\/factory-06.webp\"\/><\/p>\n<p><img decoding=\"async\" src=\"\/wp-content\/uploads\/factory-07.webp\"\/><\/p>\n<h3>V\u00e6rksted for pulverlakering<\/h3>\n<p><img decoding=\"async\" src=\"\/wp-content\/uploads\/factory-09.webp\"\/><\/p>\n<h3>Anodiseringsv\u00e6rksted<\/h3>\n<p><img decoding=\"async\" src=\"\/wp-content\/uploads\/factory-10.webp\"\/><\/p>\n<h3>Workshop om dyb behandling<\/h3>\n<p><img decoding=\"async\" src=\"\/wp-content\/uploads\/factory-11.webp\"\/><\/p>\n<h3>V\u00e6rksted for CNC-pr\u00e6cisionsbearbejdning<\/h3>\n<p><img decoding=\"async\" src=\"\/wp-content\/uploads\/factory-11.5.webp\"\/><\/p>\n<h3>F\u00e6rdigvare- og eksportlager<\/h3>\n<p><img decoding=\"async\" src=\"\/wp-content\/uploads\/factory-12.webp\"\/><\/p>\n<p><img decoding=\"async\" src=\"\/wp-content\/uploads\/factory-13.webp\"\/><\/p>\n<p><img decoding=\"async\" src=\"\/wp-content\/uploads\/factory-14.webp\"\/><\/p>\n<h2>OFTE STILLEDE SP\u00d8RGSM\u00c5L<\/h2>\n<p><b>1. Hvad er et 10\u00d710 aluminiumsekstrudering til dekoration?<\/b><\/p>\n<p>En 10\u00d710 aluminiumsekstrudering til dekoration er en kompakt aluminiumsprofil designet til \u00e6stetisk og let strukturel brug i interi\u00f8r- og arkitektoniske designs.\n<\/p>\n<p><\/p>\n<p><b>2. Er 10\u00d710 aluminiumsekstrudering egnet til indvendig udsmykning?<\/b><\/p>\n<p>Ja, 10\u00d710 Aluminum Extrusion er perfekt til indretning p\u00e5 grund af det slanke udseende, den kompakte st\u00f8rrelse og den nemme installation.\n<\/p>\n<p><\/p>\n<p><b>3. kan 10 \u00d7 10 aluminiumsekstruderinger tilpasses i farve?<\/b><\/p>\n<p>Ja, vi tilbyder brugerdefineret anodisering og pulverlakering til 10\u00d710 aluminiumsekstruderinger, s\u00e5 de passer til forskellige dekorative temaer.\n<\/p>\n<p><\/p>\n<p><b>4. Er 10\u00d710 aluminiumsekstrudering korrosionsbestandig?<\/b><\/p>\n<p>Ja, ekstruderingen er lavet af korrosionsbestandigt aluminium, hvilket g\u00f8r den velegnet til indend\u00f8rs og begr\u00e6nset udend\u00f8rs brug.\n<\/p>\n<p><\/p>\n<p><b>5. Hvad er de vigtigste fordele ved at bruge 10\u00d710 aluminiumsekstrudering til dekoration?<\/b><\/p>\n<p>De vigtigste fordele er en ren finish, designfleksibilitet, letv\u00e6gtsmateriale og modstandsdygtighed over for slid og oxidering.\n<\/p>\n<p><\/p>","protected":false},"featured_media":7213,"template":"","categories":[67],"class_list":["post-7214","product","type-product","status-publish","has-post-thumbnail","hentry","category-architectural-aluminium-profile"],"meta_box":{"hilight_text_group":{"product_hilight_text":"<li>Compact 10x10 size ideal for decorative and architectural use<\/li>\r\r\n<li>High-quality aluminum with smooth surface finish<\/li>\r\r\n<li>Lightweight and easy to install for interior applications<\/li>\r\r\n<li>Corrosion-resistant for both indoor and limited outdoor use<\/li>\r\r\n<li>Supports custom anodizing and color finishes for design flexibility<\/li>","product_chanpin_blog":"<ul>\r\r\n<li><a href=\"https:\/\/sinoextrud.com\/t-slot-v-slot-differences\/\" target=\"_blank\">t slot vs v slot<\/a><\/li>\r\r\n<li><a href=\"https:\/\/sinoextrud.com\/what-is-4040-aluminium-extrud\/\" target=\"_blank\">4040 aluminium extrusion<\/a><\/li>\r\r\n<li><a href=\"https:\/\/sinoextrud.com\/what-is-4040-aluminium-extrud\/\" target=\"_blank\">aluminum extrusions for industrial racks<\/a><\/li>\r\r\n<li><a href=\"https:\/\/sinoextrud.com\/powder-coating-aluminium-process\/\" target=\"_blank\">powder coating aluminium<\/a><\/li>\r\r\n<li><a href=\"https:\/\/sinoextrud.com\/what-is-an-aluminium-strip-ceiling\/\" target=\"_blank\">aluminium strip ceiling<\/a><\/li>\r\r\n<li><a href=\"https:\/\/sinoextrud.com\/what-is-a-heat-sink\/\" target=\"_blank\">what is a heat sink<\/a><\/li>\r\r\n<\/ul>","product_chanpin_chanpin":"<li><a href=\"https:\/\/sinoextrud.com\/product\/aluminum-partitioning-windows-doors-nigeria-design\/\" target=\"_blank\">Aluminum Partitioning Windows Doors Nigeria Design<\/a><\/li>\r\n<li><a href=\"https:\/\/sinoextrud.com\/product\/anodized-powder-coated-aluminum-extrusion-profile-for-outdoor-louver-shutter\/\" target=\"_blank\">Anodized Powder Coated Aluminum Extrusion Profile For Outdoor Louver Shutter<\/a><\/li>\r\n<li><a href=\"https:\/\/sinoextrud.com\/product\/extrusion-aluminium-tube-pipe-aluminum-polishing-style\/\" target=\"_blank\">Extrusion Aluminium Tube Pipe Aluminum Polishing Style<\/a><\/li>\r\n<li><a href=\"https:\/\/sinoextrud.com\/product\/10-series-golden-aluminum-extrusion-profiles\/\" target=\"_blank\">10 Series Golden Aluminum Extrusion Profiles<\/a><\/li>\r\n<li><a href=\"https:\/\/sinoextrud.com\/product\/10x10-aluminum-extrusion-for-decoration\/\" target=\"_blank\">10\u00c3\u201410 Aluminum Extrusion For Decoration<\/a><\/li>\r\n<li><a href=\"https:\/\/sinoextrud.com\/product\/12-to-20-mm-glass-aluminum-glass-railing-price-per-foot\/\" target=\"_blank\">12 To 20 MM Glass Aluminum Glass Railing Price Per Foot<\/a><\/li>\r\n<li><a href=\"https:\/\/sinoextrud.com\/product\/aluminum-extrusion-framing-systems\/\" target=\"_blank\">Aluminum Extrusion Framing Systems<\/a><\/li>\r\n<li><a href=\"https:\/\/sinoextrud.com\/product\/aluminium-door-frame-extrusions\/\" target=\"_blank\">Aluminium Door Frame Extrusions<\/a><\/li>\r\n<li><a href=\"https:\/\/sinoextrud.com\/product\/aluminium-fence-slats-aluminum-strips-aluminium-bean-and-aluminium-channel\/\" target=\"_blank\">Aluminium Fence Slats Aluminum Strips Aluminium Bean and Aluminium Channel<\/a><\/li>\r\n<li><a href=\"https:\/\/sinoextrud.com\/product\/anodized-aluminum-frame-profile-brushed-photo-aluminum-frame-modern-decorative-industrial-frame-profile\/\" target=\"_blank\">Anodized Aluminum Frame Profile Brushed Photo Aluminum Frame Modern Decorative Industrial Frame Profile<\/a><\/li>\r\n<li><a href=\"https:\/\/sinoextrud.com\/product\/3003-aluminum-tube-and-pipe\/\" target=\"_blank\">3003 Aluminum Tube And Pipe<\/a><\/li>"},"feature_list":[]},"_links":{"self":[{"href":"https:\/\/sinoextrud.com\/da\/wp-json\/wp\/v2\/product\/7214","targetHints":{"allow":["GET"]}}],"collection":[{"href":"https:\/\/sinoextrud.com\/da\/wp-json\/wp\/v2\/product"}],"about":[{"href":"https:\/\/sinoextrud.com\/da\/wp-json\/wp\/v2\/types\/product"}],"wp:featuredmedia":[{"embeddable":true,"href":"https:\/\/sinoextrud.com\/da\/wp-json\/wp\/v2\/media\/7213"}],"wp:attachment":[{"href":"https:\/\/sinoextrud.com\/da\/wp-json\/wp\/v2\/media?parent=7214"}],"wp:term":[{"taxonomy":"category","embeddable":true,"href":"https:\/\/sinoextrud.com\/da\/wp-json\/wp\/v2\/categories?post=7214"}],"curies":[{"name":"wp","href":"https:\/\/api.w.org\/{rel}","templated":true}]}}