{"id":7210,"date":"2025-06-06T01:58:03","date_gmt":"2025-06-06T01:58:03","guid":{"rendered":"https:\/\/sinoextrud.com\/product\/extrusion-aluminium-tube-pipe-aluminum-polishing-style\/"},"modified":"2025-06-24T06:12:13","modified_gmt":"2025-06-24T06:12:13","slug":"ekstrudering-af-aluminiumsror-polering-af-aluminium","status":"publish","type":"product","link":"https:\/\/sinoextrud.com\/da\/product\/extrusion-aluminium-tube-pipe-aluminum-polishing-style\/","title":{"rendered":"Ekstrudering af aluminiumsr\u00f8r R\u00f8r Aluminium Polering Stil"},"content":{"rendered":"<h2>Detaljer om produkter<\/h2>\n<table class=\"custom-table\">\n<tr>\n<td class=\"label\">Model nr:<\/td>\n<td>Ekstrudering af aluminiumsr\u00f8r \/ r\u00f8r \/ aluminiumspoleringsstil \uff0c.<\/td>\n<\/tr>\n<tr>\n<td class=\"label\">Vare:<\/td>\n<td>R\u00f8r af poleret aluminium<\/td>\n<\/tr>\n<tr>\n<td class=\"label\">Overfladebehandling:<\/td>\n<td>Poleret,\uff0c Poleret<\/td>\n<\/tr>\n<tr>\n<td class=\"label\">Legering:<\/td>\n<td>Legering<\/td>\n<\/tr>\n<tr>\n<td class=\"label\">Udvendig diameter:<\/td>\n<td>Od 2,6 mm til 90 mm<\/td>\n<\/tr>\n<tr>\n<td class=\"label\">Tykkelse:<\/td>\n<td>0,1 mm til 10 mm \uff0c.<\/td>\n<\/tr>\n<tr>\n<td class=\"label\">Oprindelsessted:<\/td>\n<td>Foshan, Kina (fastland)\uff0c.<\/td>\n<\/tr>\n<tr>\n<td class=\"label\">Modelnummer:<\/td>\n<td>Tl<\/td>\n<\/tr>\n<tr>\n<td class=\"label\">Al (Min):<\/td>\n<td>98.8%<\/td>\n<\/tr>\n<tr>\n<td class=\"label\">Transportpakke:<\/td>\n<td>I henhold til kundernes krav<\/td>\n<\/tr>\n<tr>\n<td class=\"label\">Form:<\/td>\n<td>Rund\uff0c.<\/td>\n<\/tr>\n<tr>\n<td class=\"label\">Karakter:<\/td>\n<td>6000-serien<\/td>\n<\/tr>\n<tr>\n<td class=\"label\">Temperament:<\/td>\n<td>T3 - T8\uff0c.<\/td>\n<\/tr>\n<tr>\n<td class=\"label\">V\u00e6ggens tykkelse:<\/td>\n<td>efter din anmodning<\/td>\n<\/tr>\n<tr>\n<td class=\"label\">L\u00e6ngde:<\/td>\n<td>1-9M\uff0c<\/td>\n<\/tr>\n<tr>\n<td class=\"label\">Brand Name:<\/td>\n<td>Sinoextrud<\/td>\n<\/tr>\n<tr>\n<td class=\"label\">H\u00e5rdhed:<\/td>\n<td>R\u00f8r af aluminiumslegering<\/td>\n<\/tr>\n<tr>\n<td class=\"label\">Specifikation:<\/td>\n<td>EN, ASTM, JIH og GB \uff0c.<\/td>\n<\/tr>\n<tr>\n<td class=\"label\">HS-kode:<\/td>\n<td>76082010\uff0c<\/td>\n<\/tr>\n<\/table>\n<h2>Vores produktionsbase<\/h2>\n<h3>Panorama over fabrikken<\/h3>\n<p><img decoding=\"async\" src=\"\/wp-content\/uploads\/factory-01.webp\"\/><\/p>\n<h3>V\u00e6rksted til fremstilling af aluminiumst\u00e6nger<\/h3>\n<p><img decoding=\"async\" src=\"\/wp-content\/uploads\/factory-02.webp\"\/><\/p>\n<p><img decoding=\"async\" src=\"\/wp-content\/uploads\/factory-03.webp\"\/><\/p>\n<h3>Lager til opbevaring af skimmelsvampe<\/h3>\n<p><img decoding=\"async\" src=\"\/wp-content\/uploads\/factory-04.webp\"\/><\/p>\n<h3>43 ekstruderingslinjer for aluminium (500-5500 ton)<\/h3>\n<p><img decoding=\"async\" src=\"\/wp-content\/uploads\/factory-05.webp\"\/><\/p>\n<p><img decoding=\"async\" src=\"\/wp-content\/uploads\/factory-06.webp\"\/><\/p>\n<p><img decoding=\"async\" src=\"\/wp-content\/uploads\/factory-07.webp\"\/><\/p>\n<h3>V\u00e6rksted for pulverlakering<\/h3>\n<p><img decoding=\"async\" src=\"\/wp-content\/uploads\/factory-09.webp\"\/><\/p>\n<h3>Anodiseringsv\u00e6rksted<\/h3>\n<p><img decoding=\"async\" src=\"\/wp-content\/uploads\/factory-10.webp\"\/><\/p>\n<h3>Workshop om dyb behandling<\/h3>\n<p><img decoding=\"async\" src=\"\/wp-content\/uploads\/factory-11.webp\"\/><\/p>\n<h3>V\u00e6rksted for CNC-pr\u00e6cisionsbearbejdning<\/h3>\n<p><img decoding=\"async\" src=\"\/wp-content\/uploads\/factory-11.5.webp\"\/><\/p>\n<h3>F\u00e6rdigvare- og eksportlager<\/h3>\n<p><img decoding=\"async\" src=\"\/wp-content\/uploads\/factory-12.webp\"\/><\/p>\n<p><img decoding=\"async\" src=\"\/wp-content\/uploads\/factory-13.webp\"\/><\/p>\n<p><img decoding=\"async\" src=\"\/wp-content\/uploads\/factory-14.webp\"\/><\/p>\n<h2>OFTE STILLEDE SP\u00d8RGSM\u00c5L<\/h2>\n<p><p><b>1. Hvad er det materiale, der bruges i ekstruderingsaluminiumsr\u00f8ret?<\/b><\/p>\n<p>Produktet er fremstillet af ekstruderet aluminium af h\u00f8j kvalitet, hvilket giver holdbarhed og strukturel integritet.<br \/>\n<\/p><br \/>\n<br \/>\n<p><b>2. Hvad g\u00f8r polering af aluminium til noget s\u00e6rligt?<\/b><\/p>\n<p>Polering af aluminium giver en glat, skinnende overflade, der forbedrer \u00e6stetikken og giver ekstra modstandsdygtighed over for slid og korrosion.<br \/>\n<\/p><br \/>\n<br \/>\n<p><b>3. Kan aluminiumsr\u00f8ret bruges udend\u00f8rs?<\/b><\/p>\n<p>Ja, det ekstruderede aluminiumsr\u00f8r er korrosionsbestandigt og velegnet til udend\u00f8rs brug.<br \/>\n<\/p><br \/>\n<br \/>\n<p><b>4. Er produktet tilg\u00e6ngeligt i specialst\u00f8rrelser?<\/b><\/p>\n<p>Ja, tilpassede dimensioner og finish er tilg\u00e6ngelige for at opfylde specifikke projektkrav.<br \/>\n<\/p><br \/>\n<br \/>\n<p><b>5. Er det ekstruderede aluminiumsr\u00f8r let at arbejde med?<\/b><\/p>\n<p>Det er nemt at sk\u00e6re, bearbejde, svejse og fremstille til en lang r\u00e6kke industrielle anvendelser.<br \/>\n<\/p><br \/>\n<br \/>\n<p><b>6. Hvilke industrier bruger ofte polerede aluminiumsr\u00f8r?<\/b><\/p>\n<p>Polerede ekstruderede aluminiumsr\u00f8r bruges i vid udstr\u00e6kning i bygge-, bil-, m\u00f8bel- og dekorationsindustrien.<br \/>\n<\/p><br \/>\n<br \/>\n<p><b>7. P\u00e5virker det polerede aluminium ledningsevnen?<\/b><\/p>\n<p>Nej, aluminium bevarer en fremragende termisk og elektrisk ledningsevne, selv efter polering.<br \/>\n<\/p><br \/>\n<br \/>\n<p><b>8. Er dette produkt egnet til arkitektonisk brug?<\/b><\/p>\n<p>Ja, dens slanke finish og styrke g\u00f8r den ideel til arkitektoniske og designm\u00e6ssige projekter.<br \/>\n<\/p><br \/>\n<br \/>\n<p><b>9. Hvordan vedligeholdes den polerede overflade?<\/b><\/p>\n<p>Den polerede aluminiumsoverflade kr\u00e6ver kun lidt vedligeholdelse og kan nemt reng\u00f8res med ikke-slibende reng\u00f8ringsmidler.<\/p>\n<p><\/p><br \/><\/p>","protected":false},"featured_media":7209,"template":"","categories":[67],"class_list":["post-7210","product","type-product","status-publish","has-post-thumbnail","hentry","category-architectural-aluminium-profile"],"meta_box":{"hilight_text_group":{"product_hilight_text":"<li>Manufactured using high-quality extrusion aluminum for enhanced strength and precision<\/li>\r\r\n<li>Polished surface finish delivers a sleek, professional appearance<\/li>\r\r\n<li>Corrosion-resistant material suitable for both indoor and outdoor applications<\/li>\r\r\n<li>Lightweight yet durable structure ideal for industrial and architectural use<\/li>\r\r\n<li>Customizable dimensions and finishes available to meet specific project needs<\/li>\r\r\n<li>Easy to machine, weld, and fabricate for various industrial applications<\/li>\r\r\n<li>Excellent thermal and electrical conductivity properties<\/li>","product_chanpin_blog":"<ul>\r\r\n<li><a href=\"https:\/\/sinoextrud.com\/t-slot-v-slot-differences\/\" target=\"_blank\">t slot vs v slot<\/a><\/li>\r\r\n<li><a href=\"https:\/\/sinoextrud.com\/what-is-4040-aluminium-extrud\/\" target=\"_blank\">4040 aluminium extrusion<\/a><\/li>\r\r\n<li><a href=\"https:\/\/sinoextrud.com\/what-is-4040-aluminium-extrud\/\" target=\"_blank\">aluminum extrusions for industrial racks<\/a><\/li>\r\r\n<li><a href=\"https:\/\/sinoextrud.com\/powder-coating-aluminium-process\/\" target=\"_blank\">powder coating aluminium<\/a><\/li>\r\r\n<li><a href=\"https:\/\/sinoextrud.com\/what-is-an-aluminium-strip-ceiling\/\" target=\"_blank\">aluminium strip ceiling<\/a><\/li>\r\r\n<li><a href=\"https:\/\/sinoextrud.com\/what-is-a-heat-sink\/\" target=\"_blank\">what is a heat sink<\/a><\/li>\r\r\n<\/ul>","product_chanpin_chanpin":"<li><a href=\"https:\/\/sinoextrud.com\/product\/the-world-most-popular-6000-series-aluminum-extrusion-profile-louver-shutter-for-adjustable-waterproof-louver-windows\/\" target=\"_blank\">The World Most Popular 6000 Series aluminum extrusion Profile louver shutter For Adjustable Waterproof Louver Windows<\/a><\/li>\r\n<li><a href=\"https:\/\/sinoextrud.com\/product\/aluminum-extrusion-solar-panel-frame\/\" target=\"_blank\">Aluminum extrusion solar panel frame<\/a><\/li>\r\n<li><a href=\"https:\/\/sinoextrud.com\/product\/aluminum-partitioning-windows-doors-nigeria-design\/\" target=\"_blank\">Aluminum Partitioning Windows Doors Nigeria Design<\/a><\/li>\r\n<li><a href=\"https:\/\/sinoextrud.com\/product\/anodized-powder-coated-aluminum-extrusion-profile-for-outdoor-louver-shutter\/\" target=\"_blank\">Anodized Powder Coated Aluminum Extrusion Profile For Outdoor Louver Shutter<\/a><\/li>\r\n<li><a href=\"https:\/\/sinoextrud.com\/product\/extrusion-aluminium-tube-pipe-aluminum-polishing-style\/\" target=\"_blank\">Extrusion Aluminium Tube Pipe Aluminum Polishing Style<\/a><\/li>\r\n<li><a href=\"https:\/\/sinoextrud.com\/product\/10-series-golden-aluminum-extrusion-profiles\/\" target=\"_blank\">10 Series Golden Aluminum Extrusion Profiles<\/a><\/li>\r\n<li><a href=\"https:\/\/sinoextrud.com\/product\/10x10-aluminum-extrusion-for-decoration\/\" target=\"_blank\">10\u00c3\u201410 Aluminum Extrusion For Decoration<\/a><\/li>\r\n<li><a href=\"https:\/\/sinoextrud.com\/product\/12-to-20-mm-glass-aluminum-glass-railing-price-per-foot\/\" target=\"_blank\">12 To 20 MM Glass Aluminum Glass Railing Price Per Foot<\/a><\/li>\r\n<li><a href=\"https:\/\/sinoextrud.com\/product\/aluminum-extrusion-framing-systems\/\" target=\"_blank\">Aluminum Extrusion Framing Systems<\/a><\/li>\r\n<li><a href=\"https:\/\/sinoextrud.com\/product\/aluminum-handrail-systems\/\" target=\"_blank\">Aluminum Handrail Systems<\/a><\/li>\r\n<li><a href=\"https:\/\/sinoextrud.com\/product\/extruded-aluminium-retangular-tube\/\" target=\"_blank\">Extruded Aluminium Retangular Tube<\/a><\/li>"},"feature_list":[]},"_links":{"self":[{"href":"https:\/\/sinoextrud.com\/da\/wp-json\/wp\/v2\/product\/7210","targetHints":{"allow":["GET"]}}],"collection":[{"href":"https:\/\/sinoextrud.com\/da\/wp-json\/wp\/v2\/product"}],"about":[{"href":"https:\/\/sinoextrud.com\/da\/wp-json\/wp\/v2\/types\/product"}],"wp:featuredmedia":[{"embeddable":true,"href":"https:\/\/sinoextrud.com\/da\/wp-json\/wp\/v2\/media\/7209"}],"wp:attachment":[{"href":"https:\/\/sinoextrud.com\/da\/wp-json\/wp\/v2\/media?parent=7210"}],"wp:term":[{"taxonomy":"category","embeddable":true,"href":"https:\/\/sinoextrud.com\/da\/wp-json\/wp\/v2\/categories?post=7210"}],"curies":[{"name":"wp","href":"https:\/\/api.w.org\/{rel}","templated":true}]}}