{"id":7046,"date":"2025-06-05T03:23:36","date_gmt":"2025-06-05T03:23:36","guid":{"rendered":"https:\/\/sinoextrud.com\/product\/aluminum-windows-and-doors-for-nigeria\/"},"modified":"2025-06-24T06:12:12","modified_gmt":"2025-06-24T06:12:12","slug":"aluminiumsvinduer-og-dore-til-nigeria","status":"publish","type":"product","link":"https:\/\/sinoextrud.com\/da\/product\/aluminum-windows-and-doors-for-nigeria\/","title":{"rendered":"Aluminiumsvinduer og -d\u00f8re til Nigeria"},"content":{"rendered":"<h2>Detaljer om produkter<\/h2>\n<table class=\"custom-table\">\n<tr>\n<td class=\"label\">Vare:<\/td>\n<td> CNC-stansedele af aluminium<\/td>\n<\/tr>\n<tr>\n<td class=\"label\">Temperament:<\/td>\n<td> T3-T8<\/td>\n<\/tr>\n<tr>\n<td class=\"label\">Materiale:<\/td>\n<td> 6063-T5, 6063-T6, 6061-T5, 6061-T6, 6463-T5\uff0c.<\/td>\n<\/tr>\n<tr>\n<td class=\"label\">Legering:<\/td>\n<td> Legering<\/td>\n<\/tr>\n<tr>\n<td class=\"label\">Karakter:<\/td>\n<td> 6000-serien<\/td>\n<\/tr>\n<tr>\n<td class=\"label\">St\u00f8rrelse:<\/td>\n<td> Brugerdefineret<\/td>\n<\/tr>\n<tr>\n<td class=\"label\">L\u00e6ngde:<\/td>\n<td> 1-9 meter, eller tilpasset \uff0c.<\/td>\n<\/tr>\n<tr>\n<td class=\"label\">M\u00e5nedlig produktion:<\/td>\n<td> 15.000+ tons\uff0c.<\/td>\n<\/tr>\n<tr>\n<td class=\"label\">Type:<\/td>\n<td> CNC-profiler til ekstrudering af aluminium \uff0c.<\/td>\n<\/tr>\n<tr>\n<td class=\"label\">Specifikation:<\/td>\n<td> ISO9001, ISO14001<\/td>\n<\/tr>\n<tr>\n<td class=\"label\">Kvalitetskontrol:<\/td>\n<td> 100% Inspektion f\u00f8r afsendelse<\/td>\n<\/tr>\n<tr>\n<td class=\"label\">Tolerance:<\/td>\n<td> +\/-0.1mm\uff0c.<\/td>\n<\/tr>\n<tr>\n<td class=\"label\">Garanti:<\/td>\n<td> Overfladefarven kan v\u00e6re stabil i 10-20 \u00e5r indend\u00f8rs \uff0c.<\/td>\n<\/tr>\n<tr>\n<td class=\"label\">Service:<\/td>\n<td> OEM\/ODM<\/td>\n<\/tr>\n<tr>\n<td class=\"label\">Oprindelse:<\/td>\n<td> Foshan, Kina\uff0c.<\/td>\n<\/tr>\n<tr>\n<td class=\"label\">Varem\u00e6rke:<\/td>\n<td> Sinoextrud (Sinoextrud) \/ OEM\uff0c.<\/td>\n<\/tr>\n<\/table>\n<h2>Vores produktionsbase<\/h2>\n<h3>Panorama over fabrikken<\/h3>\n<p><img decoding=\"async\" src=\"\/wp-content\/uploads\/factory-01.webp\"\/><\/p>\n<h3>V\u00e6rksted til fremstilling af aluminiumst\u00e6nger<\/h3>\n<p><img decoding=\"async\" src=\"\/wp-content\/uploads\/factory-02.webp\"\/><\/p>\n<p><img decoding=\"async\" src=\"\/wp-content\/uploads\/factory-03.webp\"\/><\/p>\n<h3>Lager til opbevaring af skimmelsvampe<\/h3>\n<p><img decoding=\"async\" src=\"\/wp-content\/uploads\/factory-04.webp\"\/><\/p>\n<h3>43 ekstruderingslinjer for aluminium (500-5500 ton)<\/h3>\n<p><img decoding=\"async\" src=\"\/wp-content\/uploads\/factory-05.webp\"\/><\/p>\n<p><img decoding=\"async\" src=\"\/wp-content\/uploads\/factory-06.webp\"\/><\/p>\n<p><img decoding=\"async\" src=\"\/wp-content\/uploads\/factory-07.webp\"\/><\/p>\n<h3>V\u00e6rksted for pulverlakering<\/h3>\n<p><img decoding=\"async\" src=\"\/wp-content\/uploads\/factory-09.webp\"\/><\/p>\n<h3>Anodiseringsv\u00e6rksted<\/h3>\n<p><img decoding=\"async\" src=\"\/wp-content\/uploads\/factory-10.webp\"\/><\/p>\n<h3>Workshop om dyb behandling<\/h3>\n<p><img decoding=\"async\" src=\"\/wp-content\/uploads\/factory-11.webp\"\/><\/p>\n<h3>V\u00e6rksted for CNC-pr\u00e6cisionsbearbejdning<\/h3>\n<p><img decoding=\"async\" src=\"\/wp-content\/uploads\/factory-11.5.webp\"\/><\/p>\n<h3>F\u00e6rdigvare- og eksportlager<\/h3>\n<p><img decoding=\"async\" src=\"\/wp-content\/uploads\/factory-12.webp\"\/><\/p>\n<p><img decoding=\"async\" src=\"\/wp-content\/uploads\/factory-13.webp\"\/><\/p>\n<p><img decoding=\"async\" src=\"\/wp-content\/uploads\/factory-14.webp\"\/><\/p>\n<h2>OFTE STILLEDE SP\u00d8RGSM\u00c5L<\/h2>\n<p><p><b>1. Hvad er aluminiumsvinduer og -d\u00f8re til Nigeria?<\/b><\/p>\n<p>Det er specialdesignede aluminiumsrammesystemer, der er skr\u00e6ddersyet til at opfylde de klimatiske, arkitektoniske og funktionelle behov i bygninger i Nigeria.<br \/>\n<\/p><br \/>\n<br \/>\n<p><b>2. Hvorfor v\u00e6lge aluminiumsvinduer og -d\u00f8re i Nigeria?<\/b><\/p>\n<p>Aluminium er korrosionsbestandigt, holdbart og ideelt til fugtige og regnfulde vejrforhold, som er almindelige i Nigeria.<br \/>\n<\/p><br \/>\n<br \/>\n<p><b>3. Er aluminiumsd\u00f8re og -vinduer velegnede til b\u00e5de boliger og kontorer?<\/b><\/p>\n<p>Ja, de bruges i vid udstr\u00e6kning i bolig-, erhvervs- og institutionsbygninger p\u00e5 grund af deres elegante udseende og holdbarhed.<br \/>\n<\/p><br \/>\n<br \/>\n<p><b>4. Kr\u00e6ver aluminiumsrammer meget vedligeholdelse?<\/b><\/p>\n<p>Nej, de kr\u00e6ver ikke megen vedligeholdelse og skal kun reng\u00f8res af og til for at bevare deres udseende.<br \/>\n<\/p><br \/>\n<br \/>\n<p><b>5. Kan jeg f\u00e5 tilpassede farver og stilarter til aluminiumsd\u00f8re og -vinduer?<\/b><\/p>\n<p>Der findes et stort udvalg af pulverlakerede farver og designkonfigurationer, der passer til din bygnings \u00e6stetik.<br \/>\n<\/p><br \/>\n<br \/>\n<p><b>6. Er aluminiumsvinduer energieffektive i varme klimaer?<\/b><\/p>\n<p>Ja, termiske aluminiumsprofiler hj\u00e6lper med at reducere varmeoverf\u00f8rslen, hvilket forbedrer indekomforten og giver energibesparelser.<br \/>\n<\/p><br \/>\n<br \/>\n<p><b>7. Modst\u00e5r aluminiumsvinduer og -d\u00f8re rust og korrosion?<\/b><\/p>\n<p>Ja, materialet er naturligt rustbestandigt og ofte forbedret med anodiseret eller pulverlakeret finish for ekstra holdbarhed.<br \/>\n<\/p><br \/>\n<br \/>\n<p><b>8. Er aluminium en bedre l\u00f8sning end tr\u00e6 eller st\u00e5l i Nigeria?<\/b><\/p>\n<p>Ja, aluminium er lettere, mere holdbart og bedre egnet til klimaet, hvilket g\u00f8r det til en mere praktisk og omkostningseffektiv l\u00f8sning.<br \/>\n<\/p><br \/><\/p>","protected":false},"featured_media":7045,"template":"","categories":[67],"class_list":["post-7046","product","type-product","status-publish","has-post-thumbnail","hentry","category-architectural-aluminium-profile"],"meta_box":{"hilight_text_group":{"product_hilight_text":"<li>Designed to withstand Nigeria\u00e2\u20ac\u2122s hot, humid, and rainy climate<\/li>\r\r\n<li>Corrosion-resistant aluminum ensures long-lasting performance<\/li>\r\r\n<li>Modern designs available for residential and commercial properties<\/li>\r\r\n<li>Low maintenance and easy to clean compared to wood or steel<\/li>\r\r\n<li>Lightweight material allows for smooth operation and installation<\/li>\r\r\n<li>Customizable colors, styles, and glass options<\/li>\r\r\n<li>Energy-efficient profiles available with thermal insulation options<\/li>","product_chanpin_blog":"<ul>\r\r\n<li><a href=\"https:\/\/sinoextrud.com\/t-slot-v-slot-differences\/\" target=\"_blank\">t slot vs v slot<\/a><\/li>\r\r\n<li><a href=\"https:\/\/sinoextrud.com\/what-is-4040-aluminium-extrud\/\" target=\"_blank\">4040 aluminium extrusion<\/a><\/li>\r\r\n<li><a href=\"https:\/\/sinoextrud.com\/what-is-4040-aluminium-extrud\/\" target=\"_blank\">aluminum extrusions for industrial racks<\/a><\/li>\r\r\n<li><a href=\"https:\/\/sinoextrud.com\/powder-coating-aluminium-process\/\" target=\"_blank\">powder coating aluminium<\/a><\/li>\r\r\n<li><a href=\"https:\/\/sinoextrud.com\/what-is-an-aluminium-strip-ceiling\/\" target=\"_blank\">aluminium strip ceiling<\/a><\/li>\r\r\n<li><a href=\"https:\/\/sinoextrud.com\/what-is-a-heat-sink\/\" target=\"_blank\">what is a heat sink<\/a><\/li>\r\r\n<\/ul>","product_chanpin_chanpin":"<li><a href=\"https:\/\/sinoextrud.com\/product\/l-shaped-aluminum-extrusion-6063-t5-aluminum-angle-bar-alloy-profile\/\" target=\"_blank\">L Shaped Aluminum Extrusion  6063 T5 Aluminum Angle Bar Alloy Profile<\/a><\/li>\r\n<li><a href=\"https:\/\/sinoextrud.com\/product\/h-section-aluminium-extrusion-foshan-factory\/\" target=\"_blank\">H Section Aluminium Extrusion Foshan Factory<\/a><\/li>\r\n<li><a href=\"https:\/\/sinoextrud.com\/product\/6061-extruded-aluminum\/\" target=\"_blank\">6061 Extruded Aluminum<\/a><\/li>\r\n<li><a href=\"https:\/\/sinoextrud.com\/product\/powder-coating-aluminum-window-profile\/\" target=\"_blank\">Powder Coating Aluminum Window Profile<\/a><\/li>\r\n<li><a href=\"https:\/\/sinoextrud.com\/product\/aluminum-windows-and-doors-for-nigeria\/\" target=\"_blank\">Aluminum windows And Doors For Nigeria<\/a><\/li>\r\n<li><a href=\"https:\/\/sinoextrud.com\/product\/aluminum-curtain-wall-profile-extrusion-profiles-aluminum-tubing-catalog\/\" target=\"_blank\">aluminum curtain wall profile extrusion profiles aluminum tubing catalog<\/a><\/li>\r\n<li><a href=\"https:\/\/sinoextrud.com\/product\/the-world-most-popular-6000-series-aluminum-extrusion-profile-louver-shutter-for-adjustable-waterproof-louver-windows\/\" target=\"_blank\">The World Most Popular 6000 Series aluminum extrusion Profile louver shutter For Adjustable Waterproof Louver Windows<\/a><\/li>\r\n<li><a href=\"https:\/\/sinoextrud.com\/product\/aluminum-extrusion-solar-panel-frame\/\" target=\"_blank\">Aluminum extrusion solar panel frame<\/a><\/li>\r\n<li><a href=\"https:\/\/sinoextrud.com\/product\/aluminum-partitioning-windows-doors-nigeria-design\/\" target=\"_blank\">Aluminum Partitioning Windows Doors Nigeria Design<\/a><\/li>\r\n<li><a href=\"https:\/\/sinoextrud.com\/product\/modular-aluminum-profiles-machine-hand-robot-hand-manipulator\/\" target=\"_blank\">Modular Aluminum Profiles Machine Hand Robot Hand Manipulator<\/a><\/li>\r\n<li><a href=\"https:\/\/sinoextrud.com\/product\/aluminum-extrusion-7003-7075-aluminum-profile-cnc\/\" target=\"_blank\">Aluminum Extrusion 7003 7075 Pilates Equipment Aluminum Profile CNC Precision Aluminum Profile<\/a><\/li>"},"feature_list":[]},"_links":{"self":[{"href":"https:\/\/sinoextrud.com\/da\/wp-json\/wp\/v2\/product\/7046","targetHints":{"allow":["GET"]}}],"collection":[{"href":"https:\/\/sinoextrud.com\/da\/wp-json\/wp\/v2\/product"}],"about":[{"href":"https:\/\/sinoextrud.com\/da\/wp-json\/wp\/v2\/types\/product"}],"wp:featuredmedia":[{"embeddable":true,"href":"https:\/\/sinoextrud.com\/da\/wp-json\/wp\/v2\/media\/7045"}],"wp:attachment":[{"href":"https:\/\/sinoextrud.com\/da\/wp-json\/wp\/v2\/media?parent=7046"}],"wp:term":[{"taxonomy":"category","embeddable":true,"href":"https:\/\/sinoextrud.com\/da\/wp-json\/wp\/v2\/categories?post=7046"}],"curies":[{"name":"wp","href":"https:\/\/api.w.org\/{rel}","templated":true}]}}