{"id":7030,"date":"2025-06-05T02:54:11","date_gmt":"2025-06-05T02:54:11","guid":{"rendered":"https:\/\/sinoextrud.com\/product\/color-polishing-aluminium-for-sliding-door\/"},"modified":"2025-06-24T06:12:09","modified_gmt":"2025-06-24T06:12:09","slug":"farvepolering-af-aluminium-til-skydedor","status":"publish","type":"product","link":"https:\/\/sinoextrud.com\/da\/product\/color-polishing-aluminium-for-sliding-door\/","title":{"rendered":"Farvepolering af aluminium til skyded\u00f8r"},"content":{"rendered":"<h2>Detaljer om produkter<\/h2>\n<table class=\"custom-table\">\n<tr>\n<td class=\"label\">Vare:<\/td>\n<td> Farvepolering af aluminium til skyded\u00f8r<\/td>\n<\/tr>\n<tr>\n<td class=\"label\">Temperament:<\/td>\n<td> T3-T8<\/td>\n<\/tr>\n<tr>\n<td class=\"label\">Type:<\/td>\n<td> Ekstension af aluminiumsprofiler \uff0c.<\/td>\n<\/tr>\n<tr>\n<td class=\"label\">Legering:<\/td>\n<td> Legering<\/td>\n<\/tr>\n<tr>\n<td class=\"label\">Karakter:<\/td>\n<td> 6000-serien<\/td>\n<\/tr>\n<tr>\n<td class=\"label\">St\u00f8rrelse:<\/td>\n<td> Brugerdefineret<\/td>\n<\/tr>\n<tr>\n<td class=\"label\">Overfladebehandling:<\/td>\n<td> Polering af farver<\/td>\n<\/tr>\n<tr>\n<td class=\"label\">Materiale:<\/td>\n<td> 6063-T5, 6061-T6, 6463-T5, 7075-T6, 608\uff0c.<\/td>\n<\/tr>\n<tr>\n<td class=\"label\">Specifikation:<\/td>\n<td> ISO9001, ISO14001<\/td>\n<\/tr>\n<tr>\n<td class=\"label\">Kvalitetskontrol:<\/td>\n<td> 100% Inspektion f\u00f8r afsendelse<\/td>\n<\/tr>\n<tr>\n<td class=\"label\">Varem\u00e6rke:<\/td>\n<td> Sinoextrud (Sinoextrud) \/ OEM\uff0c.<\/td>\n<\/tr>\n<tr>\n<td class=\"label\">M\u00e5nedlig produktion:<\/td>\n<td> 2400-3000 tons<\/td>\n<\/tr>\n<tr>\n<td class=\"label\">Oprindelse:<\/td>\n<td> Foshan, Kina\uff0c.<\/td>\n<\/tr>\n<\/table>\n<h2>Vores produktionsbase<\/h2>\n<h3>Panorama over fabrikken<\/h3>\n<p><img decoding=\"async\" src=\"\/wp-content\/uploads\/factory-01.webp\"\/><\/p>\n<h3>V\u00e6rksted til fremstilling af aluminiumst\u00e6nger<\/h3>\n<p><img decoding=\"async\" src=\"\/wp-content\/uploads\/factory-02.webp\"\/><\/p>\n<p><img decoding=\"async\" src=\"\/wp-content\/uploads\/factory-03.webp\"\/><\/p>\n<h3>Lager til opbevaring af skimmelsvampe<\/h3>\n<p><img decoding=\"async\" src=\"\/wp-content\/uploads\/factory-04.webp\"\/><\/p>\n<h3>43 ekstruderingslinjer for aluminium (500-5500 ton)<\/h3>\n<p><img decoding=\"async\" src=\"\/wp-content\/uploads\/factory-05.webp\"\/><\/p>\n<p><img decoding=\"async\" src=\"\/wp-content\/uploads\/factory-06.webp\"\/><\/p>\n<p><img decoding=\"async\" src=\"\/wp-content\/uploads\/factory-07.webp\"\/><\/p>\n<h3>V\u00e6rksted for pulverlakering<\/h3>\n<p><img decoding=\"async\" src=\"\/wp-content\/uploads\/factory-09.webp\"\/><\/p>\n<h3>Anodiseringsv\u00e6rksted<\/h3>\n<p><img decoding=\"async\" src=\"\/wp-content\/uploads\/factory-10.webp\"\/><\/p>\n<h3>Workshop om dyb behandling<\/h3>\n<p><img decoding=\"async\" src=\"\/wp-content\/uploads\/factory-11.webp\"\/><\/p>\n<h3>V\u00e6rksted for CNC-pr\u00e6cisionsbearbejdning<\/h3>\n<p><img decoding=\"async\" src=\"\/wp-content\/uploads\/factory-11.5.webp\"\/><\/p>\n<h3>F\u00e6rdigvare- og eksportlager<\/h3>\n<p><img decoding=\"async\" src=\"\/wp-content\/uploads\/factory-12.webp\"\/><\/p>\n<p><img decoding=\"async\" src=\"\/wp-content\/uploads\/factory-13.webp\"\/><\/p>\n<p><img decoding=\"async\" src=\"\/wp-content\/uploads\/factory-14.webp\"\/><\/p>\n<h2>OFTE STILLEDE SP\u00d8RGSM\u00c5L<\/h2>\n<p><p><b>1. Hvad er farvepolering af aluminium til skyded\u00f8re?<\/b><\/p>\n<p>Color Polishing Aluminium for Sliding Door er en dekorativ og strukturel aluminiumsprofil med en poleret, farvet finish designet til skyded\u00f8rsrammer.<br \/>\n<\/p><br \/>\n<br \/>\n<p><b>2. Hvorfor v\u00e6lge farvepolering af aluminium til skyded\u00f8re?<\/b><\/p>\n<p>Det giver et stilfuldt udseende, en glat overflade og en st\u00e6rk strukturel integritet, hvilket g\u00f8r det ideelt til moderne skyded\u00f8rsdesign.<br \/>\n<\/p><br \/>\n<br \/>\n<p><b>3. Er den polerede aluminiumsoverflade ridsefast?<\/b><\/p>\n<p>Ja, den polerede og coatede overflade giver \u00f8get modstandsdygtighed over for ridser og slid og sikrer langvarig glans.<br \/>\n<\/p><br \/>\n<br \/>\n<p><b>4. Kan jeg f\u00e5 forskellige farver til aluminiumsprofiler til skyded\u00f8re?<\/b><\/p>\n<p>Absolut, farvepoleret aluminium f\u00e5s i en bred vifte af farver, der passer til indretning og designpr\u00e6ferencer.<br \/>\n<\/p><br \/>\n<br \/>\n<p><b>5. Er denne aluminiumsprofil egnet til fugtige milj\u00f8er?<\/b><\/p>\n<p>Ja, den har en fremragende korrosionsbestandighed, hvilket g\u00f8r den velegnet til k\u00f8kkener, badev\u00e6relser og andre fugtige omr\u00e5der.<br \/>\n<\/p><br \/>\n<br \/>\n<p><b>6. Underst\u00f8tter farvepolering af aluminium glat glidning?<\/b><\/p>\n<p>Ja, den lette og glatte overflade reducerer friktionen, hvilket g\u00f8r det nemt og lydl\u00f8st at betjene d\u00f8ren.<br \/>\n<\/p><br \/>\n<br \/>\n<p><b>7. Er disse aluminiumsprofiler nemme at installere?<\/b><\/p>\n<p>Ja, deres pr\u00e6cise dimensioner og lette struktur g\u00f8r dem nemme at h\u00e5ndtere og installere i skyded\u00f8rssystemer.<br \/>\n<\/p><br \/>\n<br \/>\n<p><b>8. Er farvepolering af aluminium milj\u00f8venligt?<\/b><\/p>\n<p>Ja, aluminium er genanvendeligt, og efterbehandlingsprocessen er designet til at minimere milj\u00f8p\u00e5virkningen.<br \/>\n<\/p><br \/><\/p>","protected":false},"featured_media":7029,"template":"","categories":[67],"class_list":["post-7030","product","type-product","status-publish","has-post-thumbnail","hentry","category-architectural-aluminium-profile"],"meta_box":{"hilight_text_group":{"product_hilight_text":"<li>Elegant polished finish enhances sliding door aesthetics<\/li>\r\r\n<li>Available in multiple colors to match various interior styles<\/li>\r\r\n<li>Durable aluminum material provides long-lasting structural support<\/li>\r\r\n<li>Corrosion-resistant surface ideal for humid and high-traffic areas<\/li>\r\r\n<li>Lightweight design enables smooth sliding and easy installation<\/li>\r\r\n<li>Customizable profiles to fit different sliding door systems<\/li>\r\r\n<li>Low-maintenance surface with long-term visual appeal<\/li>","product_chanpin_blog":"<ul>\r\r\n<li><a href=\"https:\/\/sinoextrud.com\/t-slot-v-slot-differences\/\" target=\"_blank\">t slot vs v slot<\/a><\/li>\r\r\n<li><a href=\"https:\/\/sinoextrud.com\/what-is-4040-aluminium-extrud\/\" target=\"_blank\">4040 aluminium extrusion<\/a><\/li>\r\r\n<li><a href=\"https:\/\/sinoextrud.com\/what-is-4040-aluminium-extrud\/\" target=\"_blank\">aluminum extrusions for industrial racks<\/a><\/li>\r\r\n<li><a href=\"https:\/\/sinoextrud.com\/powder-coating-aluminium-process\/\" target=\"_blank\">powder coating aluminium<\/a><\/li>\r\r\n<li><a href=\"https:\/\/sinoextrud.com\/what-is-an-aluminium-strip-ceiling\/\" target=\"_blank\">aluminium strip ceiling<\/a><\/li>\r\r\n<li><a href=\"https:\/\/sinoextrud.com\/what-is-a-heat-sink\/\" target=\"_blank\">what is a heat sink<\/a><\/li>\r\r\n<\/ul>","product_chanpin_chanpin":"<li><a href=\"https:\/\/sinoextrud.com\/product\/interlocking-aluminium-profiles\/\" target=\"_blank\">Interlocking Aluminium Profiles<\/a><\/li>\r\n<li><a href=\"https:\/\/sinoextrud.com\/product\/shining-electrophresis-and-crystal-electrophresis-aluminium-profiles\/\" target=\"_blank\">Shining Electrophresis and Crystal electrophresis aluminium profiles<\/a><\/li>\r\n<li><a href=\"https:\/\/sinoextrud.com\/product\/customized-aluminum-porch-railing\/\" target=\"_blank\">Customized Aluminum Porch Railing<\/a><\/li>\r\n<li><a href=\"https:\/\/sinoextrud.com\/product\/sell-well-window-and-door-aluminium-profile\/\" target=\"_blank\">Sell Well Window And Door Aluminium Profile<\/a><\/li>\r\n<li><a href=\"https:\/\/sinoextrud.com\/product\/color-polishing-aluminium-for-sliding-door\/\" target=\"_blank\">Color Polishing Aluminium For Sliding Door<\/a><\/li>\r\n<li><a href=\"https:\/\/sinoextrud.com\/product\/wood-grain-aluminium-frame-composite-used\/\" target=\"_blank\">Wood Grain Aluminium Frame Composite used<\/a><\/li>\r\n<li><a href=\"https:\/\/sinoextrud.com\/product\/half-round-aluminum-extrusion\/\" target=\"_blank\">Half Round Aluminum Extrusion<\/a><\/li>\r\n<li><a href=\"https:\/\/sinoextrud.com\/product\/u-channel-aluminium-extrusion\/\" target=\"_blank\">U Channel Aluminium Extrusion<\/a><\/li>\r\n<li><a href=\"https:\/\/sinoextrud.com\/product\/l-shaped-aluminum-extrusion-6063-t5-aluminum-angle-bar-alloy-profile\/\" target=\"_blank\">L Shaped Aluminum Extrusion  6063 T5 Aluminum Angle Bar Alloy Profile<\/a><\/li>\r\n<li><a href=\"https:\/\/sinoextrud.com\/product\/wall-aluminum-profile-decoration-t-shaped-edge-trim\/\" target=\"_blank\">Wall Aluminum Profile Decoration T Shaped Edge Trim<\/a><\/li>\r\n<li><a href=\"https:\/\/sinoextrud.com\/product\/aluminum-extrusion-aerospace-grade-2024-aluminum-alloy-tubes\/\" target=\"_blank\">Aluminum Extrusion Aerospace-Grade 2024 Aluminum Alloy Tubes<\/a><\/li>"},"feature_list":[]},"_links":{"self":[{"href":"https:\/\/sinoextrud.com\/da\/wp-json\/wp\/v2\/product\/7030","targetHints":{"allow":["GET"]}}],"collection":[{"href":"https:\/\/sinoextrud.com\/da\/wp-json\/wp\/v2\/product"}],"about":[{"href":"https:\/\/sinoextrud.com\/da\/wp-json\/wp\/v2\/types\/product"}],"wp:featuredmedia":[{"embeddable":true,"href":"https:\/\/sinoextrud.com\/da\/wp-json\/wp\/v2\/media\/7029"}],"wp:attachment":[{"href":"https:\/\/sinoextrud.com\/da\/wp-json\/wp\/v2\/media?parent=7030"}],"wp:term":[{"taxonomy":"category","embeddable":true,"href":"https:\/\/sinoextrud.com\/da\/wp-json\/wp\/v2\/categories?post=7030"}],"curies":[{"name":"wp","href":"https:\/\/api.w.org\/{rel}","templated":true}]}}