{"id":6989,"date":"2025-06-05T01:33:47","date_gmt":"2025-06-05T01:33:47","guid":{"rendered":"https:\/\/sinoextrud.com\/product\/aluminium-oxide\/"},"modified":"2025-06-24T06:12:02","modified_gmt":"2025-06-24T06:12:02","slug":"aluminiumoxid","status":"publish","type":"product","link":"https:\/\/sinoextrud.com\/da\/product\/aluminium-oxide\/","title":{"rendered":"Aluminiumoxid"},"content":{"rendered":"<h2>Detaljer om produkter<\/h2>\n<table class=\"custom-table\">\n<tr>\n<td class=\"label\">Type:<\/td>\n<td> Aluminiumoxid<\/td>\n<\/tr>\n<tr>\n<td class=\"label\">Karakter:<\/td>\n<td> 6000-serien<\/td>\n<\/tr>\n<tr>\n<td class=\"label\">Temperament:<\/td>\n<td> T3-T8<\/td>\n<\/tr>\n<tr>\n<td class=\"label\">Legering:<\/td>\n<td> Er legeret \uff0c.<\/td>\n<\/tr>\n<tr>\n<td class=\"label\">L\u00e6ngde:<\/td>\n<td> 1-9 meter eller tilpasset \uff0c.<\/td>\n<\/tr>\n<tr>\n<td class=\"label\">Certificering:<\/td>\n<td> ISO9001, TUV, SGS<\/td>\n<\/tr>\n<tr>\n<td class=\"label\">Transportpakke:<\/td>\n<td> Beskyttelsesfilm af plast og vandfast hobbypapir<\/td>\n<\/tr>\n<tr>\n<td class=\"label\">Udvikling af skimmelsvamp:<\/td>\n<td> 8-15 dage\uff0c.<\/td>\n<\/tr>\n<tr>\n<td class=\"label\">Masseproduktionstid:<\/td>\n<td> 25-30 dage efter bekr\u00e6ftelse af pr\u00f8ve fra k\u00f8ber \uff0c.<\/td>\n<\/tr>\n<tr>\n<td class=\"label\">Kvalitetskontrol:<\/td>\n<td> 100% Inspektion f\u00f8r afsendelse<\/td>\n<\/tr>\n<\/table>\n<h2>Vores produktionsbase<\/h2>\n<h3>Panorama over fabrikken<\/h3>\n<p><img decoding=\"async\" src=\"\/wp-content\/uploads\/factory-01.webp\"\/><\/p>\n<h3>V\u00e6rksted til fremstilling af aluminiumst\u00e6nger<\/h3>\n<p><img decoding=\"async\" src=\"\/wp-content\/uploads\/factory-02.webp\"\/><\/p>\n<\/p>\n<p><img decoding=\"async\" src=\"\/wp-content\/uploads\/factory-03.webp\"\/><\/p>\n<h3>Lager til opbevaring af skimmelsvampe<\/h3>\n<p><img decoding=\"async\" src=\"\/wp-content\/uploads\/factory-04.webp\"\/><\/p>\n<h3>43 ekstruderingslinjer for aluminium (500-5500 ton)<\/h3>\n<p><img decoding=\"async\" src=\"\/wp-content\/uploads\/factory-05.webp\"\/><\/p>\n<p><img decoding=\"async\" src=\"\/wp-content\/uploads\/factory-06.webp\"\/><\/p>\n<p><img decoding=\"async\" src=\"\/wp-content\/uploads\/factory-07.webp\"\/><\/p>\n<h3>V\u00e6rksted for pulverlakering<\/h3>\n<p><img decoding=\"async\" src=\"\/wp-content\/uploads\/factory-09.webp\"\/><\/p>\n<h3>Anodiseringsv\u00e6rksted<\/h3>\n<p><img decoding=\"async\" src=\"\/wp-content\/uploads\/factory-10.webp\"\/><\/p>\n<h3>Workshop om dyb behandling<\/h3>\n<p><img decoding=\"async\" src=\"\/wp-content\/uploads\/factory-11.webp\"\/><\/p>\n<h3>V\u00e6rksted for CNC-pr\u00e6cisionsbearbejdning<\/h3>\n<p><img decoding=\"async\" src=\"\/wp-content\/uploads\/factory-11.5.webp\"\/><\/p>\n<h3>F\u00e6rdigvare- og eksportlager<\/h3>\n<p><img decoding=\"async\" src=\"\/wp-content\/uploads\/factory-12.webp\"\/><\/p>\n<p><img decoding=\"async\" src=\"\/wp-content\/uploads\/factory-13.webp\"\/><\/p>\n<p><img decoding=\"async\" src=\"\/wp-content\/uploads\/factory-14.webp\"\/><\/p>\n<h2>OFTE STILLEDE SP\u00d8RGSM\u00c5L<\/h2>\n<p><b>1. Hvad er aluminiumoxid?<\/b><\/p>\n<p>Aluminiumoxid er en kemisk forbindelse af aluminium og ilt, der i vid udstr\u00e6kning anvendes som slibemiddel, i keramik og industrielle bel\u00e6gninger.\n<\/p>\n<p><\/p>\n<p><b>2. Hvorfor bruges aluminiumoxid i slibeprodukter?<\/b><\/p>\n<p>Det har h\u00f8j h\u00e5rdhed og sejhed, hvilket g\u00f8r det ideelt til slibning og sk\u00e6ring.\n<\/p>\n<p><\/p>\n<p><b>3. Er aluminiumoxid kemisk stabilt?<\/b><\/p>\n<p>Ja, den har en fremragende kemisk og termisk stabilitet og er velegnet til h\u00f8je temperaturer og reaktive milj\u00f8er.\n<\/p>\n<p><\/p>\n<p><b>4. Hvilke industrier bruger ofte aluminiumoxid?<\/b><\/p>\n<p>Industrier som metalbearbejdning, keramik, elektronik og rumfart bruger aluminiumoxid p\u00e5 grund af dets holdbarhed og ydeevne.\n<\/p>\n<p><\/p>\n<p><b>5. Er aluminiumoxid sikkert at bruge?<\/b><\/p>\n<p>Ja, det er ugiftigt og inert, hvilket g\u00f8r det sikkert til industrielle og kommercielle anvendelser med korrekt h\u00e5ndtering.\n<\/p>\n<p><\/p>\n<p><b>6. Kan aluminiumoxid bruges til polering?<\/b><\/p>\n<p>Absolut, det bruges ofte i fine pulvere og forbindelser til polering af glas, metaller og \u00e6delstene.\n<\/p>\n<p><\/p>\n<p><b>7. Findes der forskellige kvaliteter af aluminiumoxid?<\/b><\/p>\n<p>Ja, det f\u00e5s i en r\u00e6kke forskellige renheder og partikelst\u00f8rrelser, der passer til specifikke anvendelsesbehov.\n<\/p>\n<p><\/p>\n<p><b>8. Er aluminiumoxid milj\u00f8venligt?<\/b><\/p>\n<p>Ja, det er naturligt forekommende, genanvendeligt og ufarligt, hvilket g\u00f8r det til et b\u00e6redygtigt industrielt materiale.\n<\/p>\n<p><\/p>","protected":false},"featured_media":6988,"template":"","categories":[67],"class_list":["post-6989","product","type-product","status-publish","has-post-thumbnail","hentry","category-architectural-aluminium-profile"],"meta_box":{"hilight_text_group":{"product_hilight_text":"<li>High hardness and strength ideal for abrasive and cutting applications<\/li>\r\r\n<li>Excellent thermal and chemical stability for industrial processing<\/li>\r\r\n<li>Used in coatings, ceramics, and polishing compounds<\/li>\r\r\n<li>Available in multiple grades for specific industrial uses<\/li>\r\r\n<li>Non-toxic and environmentally friendly material<\/li>\r\r\n<li>Consistent particle size for precision applications<\/li>\r\r\n<li>Highly durable and wear-resistant for long service life<\/li>","product_chanpin_blog":"<ul>\r\r\n<li><a href=\"https:\/\/sinoextrud.com\/t-slot-v-slot-differences\/\" target=\"_blank\">t slot vs v slot<\/a><\/li>\r\r\n<li><a href=\"https:\/\/sinoextrud.com\/what-is-4040-aluminium-extrud\/\" target=\"_blank\">4040 aluminium extrusion<\/a><\/li>\r\r\n<li><a href=\"https:\/\/sinoextrud.com\/what-is-4040-aluminium-extrud\/\" target=\"_blank\">aluminum extrusions for industrial racks<\/a><\/li>\r\r\n<li><a href=\"https:\/\/sinoextrud.com\/powder-coating-aluminium-process\/\" target=\"_blank\">powder coating aluminium<\/a><\/li>\r\r\n<li><a href=\"https:\/\/sinoextrud.com\/what-is-an-aluminium-strip-ceiling\/\" target=\"_blank\">aluminium strip ceiling<\/a><\/li>\r\r\n<li><a href=\"https:\/\/sinoextrud.com\/what-is-a-heat-sink\/\" target=\"_blank\">what is a heat sink<\/a><\/li>\r\r\n<\/ul>","product_chanpin_chanpin":"<li><a href=\"https:\/\/sinoextrud.com\/product\/aluminum-door-jamb-extrusions\/\" target=\"_blank\">Aluminum Door Jamb Extrusions<\/a><\/li>\r\n<li><a href=\"https:\/\/sinoextrud.com\/product\/aluminum-rail-profile\/\" target=\"_blank\">Aluminum Rail Profile<\/a><\/li>\r\n<li><a href=\"https:\/\/sinoextrud.com\/product\/fluorocarbon-coated-heavy-duty-exposed-aluminium-frame-glazed-building-curtain-wall-aluminium-profile\/\" target=\"_blank\">Fluorocarbon coated heavy duty exposed aluminium frame glazed building curtain wall aluminium profile<\/a><\/li>\r\n<li><a href=\"https:\/\/sinoextrud.com\/product\/extruded-aluminum-channel-stock\/\" target=\"_blank\">Extruded Aluminum Channel Stock<\/a><\/li>\r\n<li><a href=\"https:\/\/sinoextrud.com\/product\/aluminium-oxide\/\" target=\"_blank\">Aluminium Oxide<\/a><\/li>\r\n<li><a href=\"https:\/\/sinoextrud.com\/product\/anodized-aluminum-profile-kitchen-cabinet-frame\/\" target=\"_blank\">Anodized Aluminum Profile Kitchen Cabinet Frame<\/a><\/li>\r\n<li><a href=\"https:\/\/sinoextrud.com\/product\/aluminum-extrusions-for-wall-panels-u-shape\/\" target=\"_blank\">Aluminum Extrusions For Wall Panels U Shape<\/a><\/li>\r\n<li><a href=\"https:\/\/sinoextrud.com\/product\/polished-sliver-aluminium-profile-like-mirror\/\" target=\"_blank\">Polished Sliver Aluminium Profile Like Mirror<\/a><\/li>\r\n<li><a href=\"https:\/\/sinoextrud.com\/product\/modular-aluminium-frame\/\" target=\"_blank\">Modular Aluminium Frame<\/a><\/li>\r\n<li><a href=\"https:\/\/sinoextrud.com\/product\/aluminum-wall-washer-aluminum-heat-sink-profiles-wit\/\" target=\"_blank\">Aluminum Wall Washer Aluminum Heat Sink Profiles Wit<\/a><\/li>\r\n<li><a href=\"https:\/\/sinoextrud.com\/product\/aluminium-shelf-extrusion\/\" target=\"_blank\">Aluminium Shelf Extrusion<\/a><\/li>"},"feature_list":[]},"_links":{"self":[{"href":"https:\/\/sinoextrud.com\/da\/wp-json\/wp\/v2\/product\/6989","targetHints":{"allow":["GET"]}}],"collection":[{"href":"https:\/\/sinoextrud.com\/da\/wp-json\/wp\/v2\/product"}],"about":[{"href":"https:\/\/sinoextrud.com\/da\/wp-json\/wp\/v2\/types\/product"}],"wp:featuredmedia":[{"embeddable":true,"href":"https:\/\/sinoextrud.com\/da\/wp-json\/wp\/v2\/media\/6988"}],"wp:attachment":[{"href":"https:\/\/sinoextrud.com\/da\/wp-json\/wp\/v2\/media?parent=6989"}],"wp:term":[{"taxonomy":"category","embeddable":true,"href":"https:\/\/sinoextrud.com\/da\/wp-json\/wp\/v2\/categories?post=6989"}],"curies":[{"name":"wp","href":"https:\/\/api.w.org\/{rel}","templated":true}]}}