{"id":6940,"date":"2025-06-04T03:14:59","date_gmt":"2025-06-04T03:14:59","guid":{"rendered":"https:\/\/sinoextrud.com\/product\/aluminum-rail-profile\/"},"modified":"2025-06-24T06:12:02","modified_gmt":"2025-06-24T06:12:02","slug":"skinneprofil-i-aluminium","status":"publish","type":"product","link":"https:\/\/sinoextrud.com\/da\/product\/aluminum-rail-profile\/","title":{"rendered":"Skinneprofil i aluminium"},"content":{"rendered":"<h2>Detaljer om produkter<\/h2>\n<table class=\"custom-table\">\n<tr>\n<td class=\"label\">Varens navn<\/td>\n<td>Skinneprofil af aluminium<\/td>\n<\/tr>\n<tr>\n<td class=\"label\">Materialekvalitet<\/td>\n<td>6063, 6061\uff0c<\/td>\n<\/tr>\n<tr>\n<td class=\"label\">Temperament<\/td>\n<td>T5-T6<\/td>\n<\/tr>\n<tr>\n<td class=\"label\">Teknologi<\/td>\n<td>Ekstrudering af aluminium<\/td>\n<\/tr>\n<tr>\n<td class=\"label\">Overfladebehandling<\/td>\n<td>Anodisering, pulverlakering, sandbl\u00e6sning, elektroforese, fluorcarbon osv.<\/td>\n<\/tr>\n<tr>\n<td class=\"label\">Farve<\/td>\n<td>Tilpasset \uff0c.<\/td>\n<\/tr>\n<tr>\n<td class=\"label\">Anodiseringens tykkelse<\/td>\n<td>8-25 um<\/td>\n<\/tr>\n<tr>\n<td class=\"label\">Power Bel\u00e6gningens tykkelse<\/td>\n<td>40-120 um\uff0c.<\/td>\n<\/tr>\n<tr>\n<td class=\"label\">Form<\/td>\n<td>Tilpasset \uff0c.<\/td>\n<\/tr>\n<tr>\n<td class=\"label\">Dimension<\/td>\n<td>Tilpasset \uff0c.<\/td>\n<\/tr>\n<tr>\n<td class=\"label\">Dyb bearbejdning<\/td>\n<td>sk\u00e6ring, boring, stansning, bukning osv.<\/td>\n<\/tr>\n<tr>\n<td class=\"label\">2D- og 3D-design<\/td>\n<td>Auto CAD, 3D, AI, SLD, PRT. IGS, PDF, JPEG osv.<\/td>\n<\/tr>\n<tr>\n<td class=\"label\">Teknik og v\u00e6rkt\u00f8j<\/td>\n<td>1: 8 ingeni\u00f8rer i formv\u00e6rkstedet.<br \/>\n2: Brug ekstruder med h\u00f8j tonnage, wire EDM, CNC, boremaskiner osv.<\/td>\n<\/tr>\n<tr>\n<td class=\"label\">Kvalitetskontrol<\/td>\n<td>1.SO Godkendt.<br \/>\n2. CE-godkendt<br \/>\n3. Inspektion p\u00e5 stedet.<br \/>\n4. inspektion f\u00f8r forsendelse.<br \/>\n5. testmaskine<\/td>\n<\/tr>\n<tr>\n<td class=\"label\">Emballagedetaljer<\/td>\n<td>(1) Indvendigt: pakket med beskyttende plastfilm til beskyttelse af hvert stykke<br \/>\n(2) Udenfor: Indpakning til bundter af vandfast papir \uff0c.<\/td>\n<\/tr>\n<tr>\n<td class=\"label\">Levering<\/td>\n<td>(1) Formudvikling og pr\u00f8vetestning: 12-18 dage.<br \/>\n(2) Masseproduktion afsluttet: 20-30 dage efter, at pr\u00f8ven er bekr\u00e6ftet af k\u00f8beren \uff0c.<\/td>\n<\/tr>\n<tr>\n<td class=\"label\">Betalingsperiode<\/td>\n<td>T \/ T 30%for depositum, balance f\u00f8r forsendelse \uff0c.<\/td>\n<\/tr>\n<\/table>\n<h2>Vores produktionsbase<\/h2>\n<h3>Panorama over fabrikken<\/h3>\n<p><img decoding=\"async\" src=\"\/wp-content\/uploads\/factory-01.webp\"\/><\/p>\n<h3>V\u00e6rksted til fremstilling af aluminiumst\u00e6nger<\/h3>\n<p><img decoding=\"async\" src=\"\/wp-content\/uploads\/factory-02.webp\"\/><\/p>\n<p><img decoding=\"async\" src=\"\/wp-content\/uploads\/factory-03.webp\"\/><\/p>\n<h3>Lager til opbevaring af skimmelsvampe<\/h3>\n<p><img decoding=\"async\" src=\"\/wp-content\/uploads\/factory-04.webp\"\/><\/p>\n<h3>43 ekstruderingslinjer for aluminium (500-5500 ton)<\/h3>\n<p><img decoding=\"async\" src=\"\/wp-content\/uploads\/factory-05.webp\"\/><\/p>\n<p><img decoding=\"async\" src=\"\/wp-content\/uploads\/factory-06.webp\"\/><\/p>\n<p><img decoding=\"async\" src=\"\/wp-content\/uploads\/factory-07.webp\"\/><\/p>\n<h3>V\u00e6rksted for pulverlakering<\/h3>\n<p><img decoding=\"async\" src=\"\/wp-content\/uploads\/factory-09.webp\"\/><\/p>\n<h3>Anodiseringsv\u00e6rksted<\/h3>\n<p><img decoding=\"async\" src=\"\/wp-content\/uploads\/factory-10.webp\"\/><\/p>\n<h3>Workshop om dyb behandling<\/h3>\n<p><img decoding=\"async\" src=\"\/wp-content\/uploads\/factory-11.webp\"\/><\/p>\n<h3>V\u00e6rksted for CNC-pr\u00e6cisionsbearbejdning<\/h3>\n<p><img decoding=\"async\" src=\"\/wp-content\/uploads\/factory-11.5.webp\"\/><\/p>\n<h3>F\u00e6rdigvare- og eksportlager<\/h3>\n<p><img decoding=\"async\" src=\"\/wp-content\/uploads\/factory-12.webp\"\/><\/p>\n<p><img decoding=\"async\" src=\"\/wp-content\/uploads\/factory-13.webp\"\/><\/p>\n<p><img decoding=\"async\" src=\"\/wp-content\/uploads\/factory-14.webp\"\/><\/p>\n<h2>OFTE STILLEDE SP\u00d8RGSM\u00c5L<\/h2>\n<p><p><b>1. Hvad er aluminiumsskinneprofiler?<\/b><\/p>\n<p>Aluminiumsskinneprofiler er specialdesignede aluminiumsprofiler, der bruges til at konstruere skinnesystemer og giver styrke, holdbarhed og \u00e6stetisk appel.<br \/>\n<\/p><br \/>\n<br \/>\n<p><b>2. Hvorfor v\u00e6lge aluminium til skinneprofiler?<\/b><\/p>\n<p>Aluminium giver et h\u00f8jt styrke\/v\u00e6gt-forhold, korrosionsbestandighed og designfleksibilitet, hvilket g\u00f8r det ideelt til holdbare og stilfulde skinnesystemer.<br \/>\n<\/p><br \/>\n<br \/>\n<p><b>3. Hvilke aluminiumslegeringer bruges ofte til skinneprofiler?<\/b><\/p>\n<p>Almindelige legeringer omfatter 6061-T6 for sin h\u00f8je styrke og korrosionsbestandighed og 6063-T5 for sin fremragende overfladefinish og formbarhed.<br \/>\n<\/p><br \/>\n<br \/>\n<p><b>4. Hvilke overfladebehandlinger er tilg\u00e6ngelige for aluminiumsskinneprofiler?<\/b><\/p>\n<p>De tilg\u00e6ngelige overflader omfatter anodiseret, pulverlakeret og fr\u00e6set finish, hvilket giver en r\u00e6kke farver og teksturer, der passer til forskellige arkitektoniske designs.<br \/>\n<\/p><br \/>\n<br \/>\n<p><b>5. Kan aluminiumsskinneprofiler tilpasses?<\/b><\/p>\n<p>Ja, producenterne tilbyder tilpasning med hensyn til st\u00f8rrelse, form og finish for at opfylde specifikke projektkrav og designpr\u00e6ferencer.<br \/>\n<\/p><br \/>\n<br \/>\n<p><b>6. Er disse profiler velegnede til b\u00e5de bolig- og erhvervsform\u00e5l?<\/b><\/p>\n<p>Absolut, aluminiumsskinneprofiler er ideelle til en bred vifte af omgivelser, herunder hjem, kontorer, hoteller og butikslokaler.<br \/>\n<\/p><br \/>\n<br \/>\n<p><b>7. Er aluminium et milj\u00f8venligt materiale til skinnesystemer?<\/b><\/p>\n<p>Ja, aluminium er fuldt genanvendeligt uden tab af egenskaber, hvilket g\u00f8r det til et b\u00e6redygtigt valg til milj\u00f8bevidste byggeprojekter.<br \/>\n<\/p><br \/><\/p>","protected":false},"featured_media":6939,"template":"","categories":[67],"class_list":["post-6940","product","type-product","status-publish","has-post-thumbnail","hentry","category-architectural-aluminium-profile"],"meta_box":{"hilight_text_group":{"product_hilight_text":"<li>Manufactured from high-strength aluminum alloys such as 6061-T6 and 6063-T5, offering excellent durability and corrosion resistance.<\/li>\r\r\n<li>Designed specifically for rail applications, providing precise dimensions and tight tolerances for seamless integration.<\/li>\r\r\n<li>Available in various finishes including anodized, powder-coated, and mill finish to match diverse architectural styles.<\/li>\r\r\n<li>Lightweight construction facilitates easy handling and installation, reducing labor costs.<\/li>\r\r\n<li>Excellent thermal conductivity and compatibility with thermal break systems enhance energy efficiency.<\/li>\r\r\n<li>Customizable profiles to meet specific design requirements and project specifications.<\/li>\r\r\n<li>Environmentally friendly and fully recyclable, supporting sustainable construction practices.<\/li>","product_chanpin_blog":"<ul>\r\r\n<li><a href=\"https:\/\/sinoextrud.com\/t-slot-v-slot-differences\/\" target=\"_blank\">t slot vs v slot<\/a><\/li>\r\r\n<li><a href=\"https:\/\/sinoextrud.com\/what-is-4040-aluminium-extrud\/\" target=\"_blank\">4040 aluminium extrusion<\/a><\/li>\r\r\n<li><a href=\"https:\/\/sinoextrud.com\/what-is-4040-aluminium-extrud\/\" target=\"_blank\">aluminum extrusions for industrial racks<\/a><\/li>\r\r\n<li><a href=\"https:\/\/sinoextrud.com\/powder-coating-aluminium-process\/\" target=\"_blank\">powder coating aluminium<\/a><\/li>\r\r\n<li><a href=\"https:\/\/sinoextrud.com\/what-is-an-aluminium-strip-ceiling\/\" target=\"_blank\">aluminium strip ceiling<\/a><\/li>\r\r\n<li><a href=\"https:\/\/sinoextrud.com\/what-is-a-heat-sink\/\" target=\"_blank\">what is a heat sink<\/a><\/li>\r\r\n<\/ul>","product_chanpin_chanpin":"<li><a href=\"https:\/\/sinoextrud.com\/product\/rectangular-aluminum-extrusions\/\" target=\"_blank\">Rectangular Aluminum Extrusions<\/a><\/li>\r\n<li><a href=\"https:\/\/sinoextrud.com\/product\/aluminium-extrusion-profiles-for-the-windows\/\" target=\"_blank\">Aluminium Extrusion Profiles For The Windows<\/a><\/li>\r\n<li><a href=\"https:\/\/sinoextrud.com\/product\/aluminum-extrusion-polished-square-tupe\/\" target=\"_blank\">Aluminum Extrusion Polished Square Tupe<\/a><\/li>\r\n<li><a href=\"https:\/\/sinoextrud.com\/product\/aluminum-door-jamb-extrusions\/\" target=\"_blank\">Aluminum Door Jamb Extrusions<\/a><\/li>\r\n<li><a href=\"https:\/\/sinoextrud.com\/product\/aluminum-rail-profile\/\" target=\"_blank\">Aluminum Rail Profile<\/a><\/li>\r\n<li><a href=\"https:\/\/sinoextrud.com\/product\/fluorocarbon-coated-heavy-duty-exposed-aluminium-frame-glazed-building-curtain-wall-aluminium-profile\/\" target=\"_blank\">Fluorocarbon coated heavy duty exposed aluminium frame glazed building curtain wall aluminium profile<\/a><\/li>\r\n<li><a href=\"https:\/\/sinoextrud.com\/product\/extruded-aluminum-channel-stock\/\" target=\"_blank\">Extruded Aluminum Channel Stock<\/a><\/li>\r\n<li><a href=\"https:\/\/sinoextrud.com\/product\/aluminium-oxide\/\" target=\"_blank\">Aluminium Oxide<\/a><\/li>\r\n<li><a href=\"https:\/\/sinoextrud.com\/product\/anodized-aluminum-profile-kitchen-cabinet-frame\/\" target=\"_blank\">Anodized Aluminum Profile Kitchen Cabinet Frame<\/a><\/li>\r\n<li><a href=\"https:\/\/sinoextrud.com\/product\/aluminum-partitioning-windows-doors-nigeria-design\/\" target=\"_blank\">Aluminum Partitioning Windows Doors Nigeria Design<\/a><\/li>\r\n<li><a href=\"https:\/\/sinoextrud.com\/product\/aluminium-profiles-and-accessories\/\" target=\"_blank\">Aluminium Profiles And Accessories<\/a><\/li>"},"feature_list":[]},"_links":{"self":[{"href":"https:\/\/sinoextrud.com\/da\/wp-json\/wp\/v2\/product\/6940","targetHints":{"allow":["GET"]}}],"collection":[{"href":"https:\/\/sinoextrud.com\/da\/wp-json\/wp\/v2\/product"}],"about":[{"href":"https:\/\/sinoextrud.com\/da\/wp-json\/wp\/v2\/types\/product"}],"wp:featuredmedia":[{"embeddable":true,"href":"https:\/\/sinoextrud.com\/da\/wp-json\/wp\/v2\/media\/6939"}],"wp:attachment":[{"href":"https:\/\/sinoextrud.com\/da\/wp-json\/wp\/v2\/media?parent=6940"}],"wp:term":[{"taxonomy":"category","embeddable":true,"href":"https:\/\/sinoextrud.com\/da\/wp-json\/wp\/v2\/categories?post=6940"}],"curies":[{"name":"wp","href":"https:\/\/api.w.org\/{rel}","templated":true}]}}