{"id":6922,"date":"2025-06-04T02:18:18","date_gmt":"2025-06-04T02:18:18","guid":{"rendered":"https:\/\/sinoextrud.com\/product\/anodized-extruded-c-section-aluminium-profile\/"},"modified":"2025-06-24T06:11:59","modified_gmt":"2025-06-24T06:11:59","slug":"anodiseret-ekstruderet-c-profil-i-aluminium","status":"publish","type":"product","link":"https:\/\/sinoextrud.com\/da\/product\/anodized-extruded-c-section-aluminium-profile\/","title":{"rendered":"Anodiseret ekstruderet C-profil i aluminium"},"content":{"rendered":"<h2>Detaljer om produkter<\/h2>\n<table class=\"custom-table\">\n<tr>\n<td class=\"label\">Karakter:<\/td>\n<td>6063 -t5\uff0c<\/td>\n<\/tr>\n<tr>\n<td class=\"label\">Teknik:<\/td>\n<td>Anodiseret ekstruderet C-profil af aluminium<\/td>\n<\/tr>\n<tr>\n<td class=\"label\">Temperament:<\/td>\n<td>T3 - T8\uff0c.<\/td>\n<\/tr>\n<tr>\n<td class=\"label\">Bearbejdningstjenester:<\/td>\n<td>Boring, gevindsk\u00e6ring, nitning, montering osv.<\/td>\n<\/tr>\n<tr>\n<td class=\"label\">Varem\u00e6rke:<\/td>\n<td>Sinoextrud Sinoextrud \uff0c.<\/td>\n<\/tr>\n<tr>\n<td class=\"label\">Type:<\/td>\n<td>Ekstruderet C-profil af aluminium<\/td>\n<\/tr>\n<tr>\n<td class=\"label\">Form:<\/td>\n<td>Lavet som kundernes design \uff0c.<\/td>\n<\/tr>\n<tr>\n<td class=\"label\">Overfladebehandling:<\/td>\n<td>Mill Finish Anodiseret B\u00f8rstet\uff0c.<\/td>\n<\/tr>\n<tr>\n<td class=\"label\">L\u00e6ngde:<\/td>\n<td>1 m til 9 m pr. l\u00e6ngde<\/td>\n<\/tr>\n<tr>\n<td class=\"label\">Farver:<\/td>\n<td>S\u00f8lv, sort<\/td>\n<\/tr>\n<tr>\n<td class=\"label\">HS-kode:<\/td>\n<td>76042990\uff0c<\/td>\n<\/tr>\n<\/table>\n<h2>Vores produktionsbase<\/h2>\n<h3>Panorama over fabrikken<\/h3>\n<p><img decoding=\"async\" src=\"\/wp-content\/uploads\/factory-01.webp\"\/><\/p>\n<h3>V\u00e6rksted til fremstilling af aluminiumst\u00e6nger<\/h3>\n<p><img decoding=\"async\" src=\"\/wp-content\/uploads\/factory-02.webp\"\/><\/p>\n<p><img decoding=\"async\" src=\"\/wp-content\/uploads\/factory-03.webp\"\/><\/p>\n<h3>Lager til opbevaring af skimmelsvampe<\/h3>\n<p><img decoding=\"async\" src=\"\/wp-content\/uploads\/factory-04.webp\"\/><\/p>\n<h3>43 ekstruderingslinjer for aluminium (500-5500 ton)<\/h3>\n<p><img decoding=\"async\" src=\"\/wp-content\/uploads\/factory-05.webp\"\/><\/p>\n<p><img decoding=\"async\" src=\"\/wp-content\/uploads\/factory-06.webp\"\/><\/p>\n<p><img decoding=\"async\" src=\"\/wp-content\/uploads\/factory-07.webp\"\/><\/p>\n<h3>V\u00e6rksted for pulverlakering<\/h3>\n<p><img decoding=\"async\" src=\"\/wp-content\/uploads\/factory-09.webp\"\/><\/p>\n<h3>Anodiseringsv\u00e6rksted<\/h3>\n<p><img decoding=\"async\" src=\"\/wp-content\/uploads\/factory-10.webp\"\/><\/p>\n<h3>Workshop om dyb behandling<\/h3>\n<p><img decoding=\"async\" src=\"\/wp-content\/uploads\/factory-11.webp\"\/><\/p>\n<h3>V\u00e6rksted for CNC-pr\u00e6cisionsbearbejdning<\/h3>\n<p><img decoding=\"async\" src=\"\/wp-content\/uploads\/factory-11.5.webp\"\/><\/p>\n<h3>F\u00e6rdigvare- og eksportlager<\/h3>\n<p><img decoding=\"async\" src=\"\/wp-content\/uploads\/factory-12.webp\"\/><\/p>\n<p><img decoding=\"async\" src=\"\/wp-content\/uploads\/factory-13.webp\"\/><\/p>\n<p><img decoding=\"async\" src=\"\/wp-content\/uploads\/factory-14.webp\"\/><\/p>\n<h2>OFTE STILLEDE SP\u00d8RGSM\u00c5L<\/h2>\n<p><p><b>1. Hvad er en anodiseret ekstruderet C-profil i aluminium?<\/b><\/p>\n<p>En anodiseret ekstruderet C-profil i aluminium er en C-formet ekstruderet aluminiumsprofil, der har gennemg\u00e5et anodisering, hvilket forbedrer dens korrosionsbestandighed og overfladeholdbarhed til forskellige strukturelle og dekorative anvendelser.<br \/>\n<\/p><br \/>\n<br \/>\n<p><b>2. Hvorfor v\u00e6lge anodiseret aluminium til C-profiler?<\/b><\/p>\n<p>Anodisering \u00f8ger tykkelsen af det naturlige oxidlag p\u00e5 aluminium, hvilket giver forbedret korrosionsbestandighed, overfladeh\u00e5rdhed og evnen til at acceptere forskellige farvefinisher, hvilket g\u00f8r det ideelt til b\u00e5de funktionelle og \u00e6stetiske form\u00e5l.<br \/>\n<\/p><br \/>\n<br \/>\n<p><b>3. Hvad er almindelige anvendelser af anodiserede ekstruderede C-profiler i aluminium?<\/b><\/p>\n<p>Disse profiler bruges ofte til indramning af bygninger, arkitektonisk bekl\u00e6dning, beskyttelseskanter, vindues- og d\u00f8rkarme og forskellige industrielle anvendelser, der kr\u00e6ver lette og holdbare komponenter.<br \/>\n<\/p><br \/>\n<br \/>\n<p><b>4. Kan dimensionerne og finishen p\u00e5 disse profiler tilpasses?<\/b><\/p>\n<p>Ja, producenterne tilbyder tilpasning med hensyn til st\u00f8rrelse, form og anodiseret finish for at opfylde specifikke projektkrav og designpr\u00e6ferencer.<br \/>\n<\/p><br \/>\n<br \/>\n<p><b>5. Er disse profiler egnede til udend\u00f8rs brug?<\/b><\/p>\n<p>Det anodiserede lag giver \u00f8get beskyttelse mod milj\u00f8m\u00e6ssige elementer, hvilket g\u00f8r disse profiler ideelle til udend\u00f8rs konstruktioner og installationer.<br \/>\n<\/p><br \/>\n<br \/>\n<p><b>6. Hvordan p\u00e5virker legeringstypen disse profilers ydeevne?<\/b><\/p>\n<p>6063-T5 aluminiumslegering giver fremragende ekstruderbarhed, korrosionsbestandighed og overfladefinish, hvilket g\u00f8r den til et foretrukket valg til anodiserede ekstruderede profiler, der bruges i arkitektoniske og strukturelle applikationer.<br \/>\n<\/p><br \/>\n<br \/>\n<p><b>7. Er aluminium et milj\u00f8venligt materiale til byggeprofiler?<\/b><\/p>\n<p>Ja, aluminium er fuldt genanvendeligt uden tab af egenskaber, hvilket g\u00f8r det til et b\u00e6redygtigt valg til milj\u00f8bevidste byggeprojekter.<br \/>\n<\/p><br \/><\/p>","protected":false},"featured_media":6921,"template":"","categories":[67],"class_list":["post-6922","product","type-product","status-publish","has-post-thumbnail","hentry","category-architectural-aluminium-profile"],"meta_box":{"hilight_text_group":{"product_hilight_text":"<li>Precision-extruded C-shaped profiles made from 6063-T5 aluminum alloy, offering excellent strength-to-weight ratio.<\/li>\r\r\n<li>Anodized finish enhances corrosion resistance, surface hardness, and aesthetic appeal, suitable for both indoor and outdoor applications.<\/li>\r\r\n<li>Available in various anodized colors including clear, bronze, black, and gold to match diverse design requirements.<\/li>\r\r\n<li>Customizable dimensions and lengths to fit specific architectural and industrial applications.<\/li>\r\r\n<li>Lightweight and easy to fabricate, allowing for efficient installation and reduced labor costs.<\/li>\r\r\n<li>Low-maintenance surfaces resist wear, fading, and weathering, ensuring long-term performance.<\/li>\r\r\n<li>Environmentally friendly and fully recyclable, supporting sustainable construction practices.<\/li>","product_chanpin_blog":"<ul>\r\r\n<li><a href=\"https:\/\/sinoextrud.com\/t-slot-v-slot-differences\/\" target=\"_blank\">t slot vs v slot<\/a><\/li>\r\r\n<li><a href=\"https:\/\/sinoextrud.com\/what-is-4040-aluminium-extrud\/\" target=\"_blank\">4040 aluminium extrusion<\/a><\/li>\r\r\n<li><a href=\"https:\/\/sinoextrud.com\/what-is-4040-aluminium-extrud\/\" target=\"_blank\">aluminum extrusions for industrial racks<\/a><\/li>\r\r\n<li><a href=\"https:\/\/sinoextrud.com\/powder-coating-aluminium-process\/\" target=\"_blank\">powder coating aluminium<\/a><\/li>\r\r\n<li><a href=\"https:\/\/sinoextrud.com\/what-is-an-aluminium-strip-ceiling\/\" target=\"_blank\">aluminium strip ceiling<\/a><\/li>\r\r\n<li><a href=\"https:\/\/sinoextrud.com\/what-is-a-heat-sink\/\" target=\"_blank\">what is a heat sink<\/a><\/li>\r\r\n<\/ul>","product_chanpin_chanpin":"<li><a href=\"https:\/\/sinoextrud.com\/product\/aluminum-cnc-machined-part-custom-aluminum-machining\/\" target=\"_blank\">Aluminum CNC Machined Part Custom Aluminum Machining<\/a><\/li>\r\n<li><a href=\"https:\/\/sinoextrud.com\/product\/aluminum-t-bar-extrusion\/\" target=\"_blank\">Aluminum T Bar Extrusion<\/a><\/li>\r\n<li><a href=\"https:\/\/sinoextrud.com\/product\/aluminium-profile-for-fold-rack-aluminum-alloy-clothes-drying-rack-and-aluminium-frame-clotheshorse\/\" target=\"_blank\">Aluminium profile for Fold rack Aluminum alloy Clothes drying rack and aluminium frame Clotheshorse<\/a><\/li>\r\n<li><a href=\"https:\/\/sinoextrud.com\/product\/custom-precision-cnc-machining-for-aluminum-parts\/\" target=\"_blank\">Custom Precision CNC Machining for Aluminum Parts<\/a><\/li>\r\n<li><a href=\"https:\/\/sinoextrud.com\/product\/anodized-extruded-c-section-aluminium-profile\/\" target=\"_blank\">Anodized Extruded C Section Aluminium Profile<\/a><\/li>\r\n<li><a href=\"https:\/\/sinoextrud.com\/product\/matte-champagne-floor-and-stair-step-parquet-tile-carpet-trim-transition-aluminium-profile\/\" target=\"_blank\">Matte champagne floor and stair step parquet tile carpet trim transition aluminium profile<\/a><\/li>\r\n<li><a href=\"https:\/\/sinoextrud.com\/product\/wall-surface-edging-protection-skirtboard-baseboard-kicking-line-aluminium-profile\/\" target=\"_blank\">Wall surface edging protection Skirtboard Baseboard Kicking line aluminium profile<\/a><\/li>\r\n<li><a href=\"https:\/\/sinoextrud.com\/product\/aluminum-edge-trim-for-plywood\/\" target=\"_blank\">Aluminum Edge Trim For Plywood<\/a><\/li>\r\n<li><a href=\"https:\/\/sinoextrud.com\/product\/rectangular-aluminum-extrusions\/\" target=\"_blank\">Rectangular Aluminum Extrusions<\/a><\/li>\r\n<li><a href=\"https:\/\/sinoextrud.com\/product\/aluminium-curtain-guide-rail\/\" target=\"_blank\">Aluminium Curtain Guide Rail<\/a><\/li>\r\n<li><a href=\"https:\/\/sinoextrud.com\/product\/aluminum-extrusion-electroplated-shower-room-aluminum-profile\/\" target=\"_blank\">Aluminum Extrusion Electroplated Shower Room Aluminum Profile<\/a><\/li>"},"feature_list":[]},"_links":{"self":[{"href":"https:\/\/sinoextrud.com\/da\/wp-json\/wp\/v2\/product\/6922","targetHints":{"allow":["GET"]}}],"collection":[{"href":"https:\/\/sinoextrud.com\/da\/wp-json\/wp\/v2\/product"}],"about":[{"href":"https:\/\/sinoextrud.com\/da\/wp-json\/wp\/v2\/types\/product"}],"wp:featuredmedia":[{"embeddable":true,"href":"https:\/\/sinoextrud.com\/da\/wp-json\/wp\/v2\/media\/6921"}],"wp:attachment":[{"href":"https:\/\/sinoextrud.com\/da\/wp-json\/wp\/v2\/media?parent=6922"}],"wp:term":[{"taxonomy":"category","embeddable":true,"href":"https:\/\/sinoextrud.com\/da\/wp-json\/wp\/v2\/categories?post=6922"}],"curies":[{"name":"wp","href":"https:\/\/api.w.org\/{rel}","templated":true}]}}