{"id":6916,"date":"2025-06-04T02:12:54","date_gmt":"2025-06-04T02:12:54","guid":{"rendered":"https:\/\/sinoextrud.com\/product\/aluminum-t-bar-extrusion\/"},"modified":"2025-06-24T06:11:58","modified_gmt":"2025-06-24T06:11:58","slug":"ekstrudering-af-t-staenger-i-aluminium","status":"publish","type":"product","link":"https:\/\/sinoextrud.com\/da\/product\/aluminum-t-bar-extrusion\/","title":{"rendered":"Ekstrudering af T-st\u00e6nger i aluminium"},"content":{"rendered":"<h2>Detaljer om produkter<\/h2>\n<table class=\"custom-table\">\n<tr>\n<td class=\"label\">Model nr:<\/td>\n<td>6063 Aluminium T Bar Ekstrudering\uff0c.<\/td>\n<\/tr>\n<tr>\n<td class=\"label\">Temperament:<\/td>\n<td>T3 - T8\uff0c.<\/td>\n<\/tr>\n<tr>\n<td class=\"label\">Overfladebehandling:<\/td>\n<td>anodiseret sliver\uff0c.<\/td>\n<\/tr>\n<tr>\n<td class=\"label\">Legering:<\/td>\n<td>Legering<\/td>\n<\/tr>\n<tr>\n<td class=\"label\">Type:<\/td>\n<td>Aluminiumsprofiler til vinduesbekl\u00e6dning \uff0c.<\/td>\n<\/tr>\n<tr>\n<td class=\"label\">Teknik:<\/td>\n<td>Ekstruderet \uff0c.<\/td>\n<\/tr>\n<tr>\n<td class=\"label\">Varem\u00e6rke:<\/td>\n<td>OEM<\/td>\n<\/tr>\n<tr>\n<td class=\"label\">Oprindelse:<\/td>\n<td>Guangdong, Kina<\/td>\n<\/tr>\n<tr>\n<td class=\"label\">Form:<\/td>\n<td>samme som p\u00e5 tegningen \uff0c.<\/td>\n<\/tr>\n<tr>\n<td class=\"label\">Certificering:<\/td>\n<td>EN, ASTM, GB\/T<\/td>\n<\/tr>\n<tr>\n<td class=\"label\">St\u00f8rrelse:<\/td>\n<td>100*20 mm\uff0c.<\/td>\n<\/tr>\n<tr>\n<td class=\"label\">HS-kode:<\/td>\n<td>7604299000\uff0c<\/td>\n<\/tr>\n<tr>\n<td class=\"label\">V\u00e6ggens tykkelse:<\/td>\n<td>1,2 mm. Tilpasset tilg\u00e6ngelig \uff0c.<\/td>\n<\/tr>\n<\/table>\n<h2>Vores produktionsbase<\/h2>\n<h3>Panorama over fabrikken<\/h3>\n<p><img decoding=\"async\" src=\"\/wp-content\/uploads\/factory-01.webp\"\/><\/p>\n<h3>V\u00e6rksted til fremstilling af aluminiumst\u00e6nger<\/h3>\n<p><img decoding=\"async\" src=\"\/wp-content\/uploads\/factory-02.webp\"\/><\/p>\n<p><img decoding=\"async\" src=\"\/wp-content\/uploads\/factory-03.webp\"\/><\/p>\n<h3>Lager til opbevaring af skimmelsvampe<\/h3>\n<p><img decoding=\"async\" src=\"\/wp-content\/uploads\/factory-04.webp\"\/><\/p>\n<h3>43 ekstruderingslinjer for aluminium (500-5500 ton)<\/h3>\n<p><img decoding=\"async\" src=\"\/wp-content\/uploads\/factory-05.webp\"\/><\/p>\n<p><img decoding=\"async\" src=\"\/wp-content\/uploads\/factory-06.webp\"\/><\/p>\n<p><img decoding=\"async\" src=\"\/wp-content\/uploads\/factory-07.webp\"\/><\/p>\n<h3>V\u00e6rksted for pulverlakering<\/h3>\n<p><img decoding=\"async\" src=\"\/wp-content\/uploads\/factory-09.webp\"\/><\/p>\n<h3>Anodiseringsv\u00e6rksted<\/h3>\n<p><img decoding=\"async\" src=\"\/wp-content\/uploads\/factory-10.webp\"\/><\/p>\n<h3>Workshop om dyb behandling<\/h3>\n<p><img decoding=\"async\" src=\"\/wp-content\/uploads\/factory-11.webp\"\/><\/p>\n<h3>V\u00e6rksted for CNC-pr\u00e6cisionsbearbejdning<\/h3>\n<p><img decoding=\"async\" src=\"\/wp-content\/uploads\/factory-11.5.webp\"\/><\/p>\n<h3>F\u00e6rdigvare- og eksportlager<\/h3>\n<p><img decoding=\"async\" src=\"\/wp-content\/uploads\/factory-12.webp\"\/><\/p>\n<p><img decoding=\"async\" src=\"\/wp-content\/uploads\/factory-13.webp\"\/><\/p>\n<p><img decoding=\"async\" src=\"\/wp-content\/uploads\/factory-14.webp\"\/><\/p>\n<h2>OFTE STILLEDE SP\u00d8RGSM\u00c5L<\/h2>\n<p><p><b>1. Hvad er en H-formet aluminiumsekstrudering?<\/b><\/p>\n<p>En H-formet aluminiumsekstrudering er en profil med et H-formet tv\u00e6rsnit, der ofte bruges i byggeri og industri til strukturel st\u00f8tte og indramning.<br \/>\n<\/p><br \/>\n<br \/>\n<p><b>2. Hvorfor v\u00e6lge aluminium til H-formede profiler?<\/b><\/p>\n<p>Aluminium har et h\u00f8jt styrke\/v\u00e6gt-forhold, er korrosionsbestandigt og let at fremstille, hvilket g\u00f8r det ideelt til H-formede profiler i forskellige anvendelser.<br \/>\n<\/p><br \/>\n<br \/>\n<p><b>3. Hvad er almindelige anvendelser af H-formede aluminiumsekstruderinger?<\/b><\/p>\n<p>De bruges i vid udstr\u00e6kning til bygningsindramning, arkitektonisk bekl\u00e6dning, beskyttelseskanter, k\u00f8ret\u00f8jschassis, reolsystemer og butiksinventar.<br \/>\n<\/p><br \/>\n<br \/>\n<p><b>4. kan dimensionerne p\u00e5 H-formede aluminiumsekstruderinger tilpasses?<\/b><\/p>\n<p>Ja, producenterne tilbyder tilpasning i st\u00f8rrelse, tykkelse og finish for at opfylde specifikke projektkrav.<br \/>\n<\/p><br \/>\n<br \/>\n<p><b>5. Hvordan p\u00e5virker legeringstypen ydeevnen for H-formede aluminiumsekstruderinger?<\/b><\/p>\n<p>Legeringer som 6061 giver h\u00f8jere styrke, mens 6063 giver bedre overfladefinish og korrosionsbestandighed, hvilket g\u00f8r det muligt at v\u00e6lge ud fra anvendelsesbehov.<br \/>\n<\/p><br \/>\n<br \/>\n<p><b>6. Er disse profiler egnede til udend\u00f8rs brug?<\/b><\/p>\n<p>Aluminiums korrosionsbestandige natur g\u00f8r H-formede profiler ideelle til udend\u00f8rs konstruktioner og installationer.<br \/>\n<\/p><br \/>\n<br \/>\n<p><b>7. Er aluminium milj\u00f8venligt?<\/b><\/p>\n<p>Ja, aluminium er fuldt genanvendeligt uden tab af egenskaber, hvilket g\u00f8r det til et b\u00e6redygtigt valg til forskellige anvendelser.<br \/>\n<\/p><br \/><\/p>","protected":false},"featured_media":6915,"template":"","categories":[67],"class_list":["post-6916","product","type-product","status-publish","has-post-thumbnail","hentry","category-architectural-aluminium-profile"],"meta_box":{"hilight_text_group":{"product_hilight_text":"<li>High strength-to-weight ratio ensures robust structural support while minimizing overall weight.<\/li>\r\r\n<li>Exceptional corrosion resistance makes it suitable for both indoor and outdoor applications.<\/li>\r\r\n<li>Customizable dimensions and finishes to meet specific architectural and industrial requirements.<\/li>\r\r\n<li>Versatile applications including framing, partitions, enclosures, and support structures.<\/li>\r\r\n<li>Low-maintenance surface that resists wear, reducing long-term upkeep costs.<\/li>\r\r\n<li>Easy to fabricate and assemble, allowing for efficient construction and installation.<\/li>\r\r\n<li>Environmentally friendly and fully recyclable, supporting sustainable construction practices.<\/li>","product_chanpin_blog":"<ul>\r\r\n<li><a href=\"https:\/\/sinoextrud.com\/t-slot-v-slot-differences\/\" target=\"_blank\">t slot vs v slot<\/a><\/li>\r\r\n<li><a href=\"https:\/\/sinoextrud.com\/what-is-4040-aluminium-extrud\/\" target=\"_blank\">4040 aluminium extrusion<\/a><\/li>\r\r\n<li><a href=\"https:\/\/sinoextrud.com\/what-is-4040-aluminium-extrud\/\" target=\"_blank\">aluminum extrusions for industrial racks<\/a><\/li>\r\r\n<li><a href=\"https:\/\/sinoextrud.com\/powder-coating-aluminium-process\/\" target=\"_blank\">powder coating aluminium<\/a><\/li>\r\r\n<li><a href=\"https:\/\/sinoextrud.com\/what-is-an-aluminium-strip-ceiling\/\" target=\"_blank\">aluminium strip ceiling<\/a><\/li>\r\r\n<li><a href=\"https:\/\/sinoextrud.com\/what-is-a-heat-sink\/\" target=\"_blank\">what is a heat sink<\/a><\/li>\r\r\n<\/ul>","product_chanpin_chanpin":"<li><a href=\"https:\/\/sinoextrud.com\/product\/6063-6061aluminum-extrusions-for-door-frames\/\" target=\"_blank\">6063 6061Aluminum Extrusions For Door Frames<\/a><\/li>\r\n<li><a href=\"https:\/\/sinoextrud.com\/product\/aluminium-window-trim-profiles\/\" target=\"_blank\">Aluminium Window Trim Profiles<\/a><\/li>\r\n<li><a href=\"https:\/\/sinoextrud.com\/product\/aluminium-window-and-door-profiles\/\" target=\"_blank\">Aluminium Window And Door Profiles<\/a><\/li>\r\n<li><a href=\"https:\/\/sinoextrud.com\/product\/aluminum-cnc-machined-part-custom-aluminum-machining\/\" target=\"_blank\">Aluminum CNC Machined Part Custom Aluminum Machining<\/a><\/li>\r\n<li><a href=\"https:\/\/sinoextrud.com\/product\/aluminum-t-bar-extrusion\/\" target=\"_blank\">Aluminum T Bar Extrusion<\/a><\/li>\r\n<li><a href=\"https:\/\/sinoextrud.com\/product\/aluminium-profile-for-fold-rack-aluminum-alloy-clothes-drying-rack-and-aluminium-frame-clotheshorse\/\" target=\"_blank\">Aluminium profile for Fold rack Aluminum alloy Clothes drying rack and aluminium frame Clotheshorse<\/a><\/li>\r\n<li><a href=\"https:\/\/sinoextrud.com\/product\/custom-precision-cnc-machining-for-aluminum-parts\/\" target=\"_blank\">Custom Precision CNC Machining for Aluminum Parts<\/a><\/li>\r\n<li><a href=\"https:\/\/sinoextrud.com\/product\/anodized-extruded-c-section-aluminium-profile\/\" target=\"_blank\">Anodized Extruded C Section Aluminium Profile<\/a><\/li>\r\n<li><a href=\"https:\/\/sinoextrud.com\/product\/matte-champagne-floor-and-stair-step-parquet-tile-carpet-trim-transition-aluminium-profile\/\" target=\"_blank\">Matte champagne floor and stair step parquet tile carpet trim transition aluminium profile<\/a><\/li>\r\n<li><a href=\"https:\/\/sinoextrud.com\/product\/aluminium-sliding-door-champagne-colour\/\" target=\"_blank\">Aluminium Sliding Door Champagne colour<\/a><\/li>\r\n<li><a href=\"https:\/\/sinoextrud.com\/product\/medical-instrument-aluminum-profile\/\" target=\"_blank\">Medical Instrument Aluminum Profile<\/a><\/li>"},"feature_list":[]},"_links":{"self":[{"href":"https:\/\/sinoextrud.com\/da\/wp-json\/wp\/v2\/product\/6916","targetHints":{"allow":["GET"]}}],"collection":[{"href":"https:\/\/sinoextrud.com\/da\/wp-json\/wp\/v2\/product"}],"about":[{"href":"https:\/\/sinoextrud.com\/da\/wp-json\/wp\/v2\/types\/product"}],"wp:featuredmedia":[{"embeddable":true,"href":"https:\/\/sinoextrud.com\/da\/wp-json\/wp\/v2\/media\/6915"}],"wp:attachment":[{"href":"https:\/\/sinoextrud.com\/da\/wp-json\/wp\/v2\/media?parent=6916"}],"wp:term":[{"taxonomy":"category","embeddable":true,"href":"https:\/\/sinoextrud.com\/da\/wp-json\/wp\/v2\/categories?post=6916"}],"curies":[{"name":"wp","href":"https:\/\/api.w.org\/{rel}","templated":true}]}}