{"id":6911,"date":"2025-06-04T02:05:12","date_gmt":"2025-06-04T02:05:12","guid":{"rendered":"https:\/\/sinoextrud.com\/product\/aluminium-window-trim-profiles\/"},"modified":"2025-06-24T06:11:57","modified_gmt":"2025-06-24T06:11:57","slug":"vinduesprofiler-i-aluminium","status":"publish","type":"product","link":"https:\/\/sinoextrud.com\/da\/product\/aluminium-window-trim-profiles\/","title":{"rendered":"Profiler til vinduesbekl\u00e6dning i aluminium"},"content":{"rendered":"<h2>Detaljer om produkter<\/h2>\n<table class=\"custom-table\">\n<tr>\n<td class=\"label\">Model nr:<\/td>\n<td>6063 aluminiumsvinduesprofiler\uff0c.<\/td>\n<\/tr>\n<tr>\n<td class=\"label\">Temperament:<\/td>\n<td>T3 - T8\uff0c.<\/td>\n<\/tr>\n<tr>\n<td class=\"label\">Overfladebehandling:<\/td>\n<td>anodiseret, pulverlakering osv.<\/td>\n<\/tr>\n<tr>\n<td class=\"label\">Legering:<\/td>\n<td>Legering<\/td>\n<\/tr>\n<tr>\n<td class=\"label\">Type:<\/td>\n<td>Aluminiumsprofiler til vinduesbekl\u00e6dning \uff0c.<\/td>\n<\/tr>\n<tr>\n<td class=\"label\">Teknik:<\/td>\n<td>Ekstruderet \uff0c.<\/td>\n<\/tr>\n<tr>\n<td class=\"label\">Varem\u00e6rke:<\/td>\n<td>OEM<\/td>\n<\/tr>\n<tr>\n<td class=\"label\">Oprindelse:<\/td>\n<td>Guangdong, Kina<\/td>\n<\/tr>\n<tr>\n<td class=\"label\">Form:<\/td>\n<td>samme som p\u00e5 tegningen \uff0c.<\/td>\n<\/tr>\n<tr>\n<td class=\"label\">Certificering:<\/td>\n<td>EN, ASTM, GB\/T<\/td>\n<\/tr>\n<tr>\n<td class=\"label\">St\u00f8rrelse:<\/td>\n<td>80*25 mm\uff0c.<\/td>\n<\/tr>\n<tr>\n<td class=\"label\">HS-kode:<\/td>\n<td>7604299000\uff0c<\/td>\n<\/tr>\n<tr>\n<td class=\"label\">V\u00e6ggens tykkelse:<\/td>\n<td>1,4 mm. Tilpasset tilg\u00e6ngelig \uff0c.<\/td>\n<\/tr>\n<\/table>\n<h2>Vores produktionsbase<\/h2>\n<h3>Panorama over fabrikken<\/h3>\n<p><img decoding=\"async\" src=\"\/wp-content\/uploads\/factory-01.webp\"\/><\/p>\n<h3>V\u00e6rksted til fremstilling af aluminiumst\u00e6nger<\/h3>\n<p><img decoding=\"async\" src=\"\/wp-content\/uploads\/factory-02.webp\"\/><\/p>\n<p><img decoding=\"async\" src=\"\/wp-content\/uploads\/factory-03.webp\"\/><\/p>\n<h3>Lager til opbevaring af skimmelsvampe<\/h3>\n<p><img decoding=\"async\" src=\"\/wp-content\/uploads\/factory-04.webp\"\/><\/p>\n<h3>43 ekstruderingslinjer for aluminium (500-5500 ton)<\/h3>\n<p><img decoding=\"async\" src=\"\/wp-content\/uploads\/factory-05.webp\"\/><\/p>\n<p><img decoding=\"async\" src=\"\/wp-content\/uploads\/factory-06.webp\"\/><\/p>\n<p><img decoding=\"async\" src=\"\/wp-content\/uploads\/factory-07.webp\"\/><\/p>\n<h3>V\u00e6rksted for pulverlakering<\/h3>\n<p><img decoding=\"async\" src=\"\/wp-content\/uploads\/factory-09.webp\"\/><\/p>\n<h3>Anodiseringsv\u00e6rksted<\/h3>\n<p><img decoding=\"async\" src=\"\/wp-content\/uploads\/factory-10.webp\"\/><\/p>\n<h3>Workshop om dyb behandling<\/h3>\n<p><img decoding=\"async\" src=\"\/wp-content\/uploads\/factory-11.webp\"\/><\/p>\n<h3>V\u00e6rksted for CNC-pr\u00e6cisionsbearbejdning<\/h3>\n<p><img decoding=\"async\" src=\"\/wp-content\/uploads\/factory-11.5.webp\"\/><\/p>\n<h3>F\u00e6rdigvare- og eksportlager<\/h3>\n<p><img decoding=\"async\" src=\"\/wp-content\/uploads\/factory-12.webp\"\/><\/p>\n<p><img decoding=\"async\" src=\"\/wp-content\/uploads\/factory-13.webp\"\/><\/p>\n<p><img decoding=\"async\" src=\"\/wp-content\/uploads\/factory-14.webp\"\/><\/p>\n<h2>OFTE STILLEDE SP\u00d8RGSM\u00c5L<\/h2>\n<p><p><b>1. Hvad er vinduesprofiler i aluminium?<\/b><\/p>\n<p>Aluminium Window Trim Profiles er ekstruderede aluminiumskomponenter, der er designet til at give en f\u00e6rdig kant omkring vinduesrammer, forbedre \u00e6stetikken og beskytte mod vejrliget.<br \/>\n<\/p><br \/>\n<br \/>\n<p><b>2. Hvorfor v\u00e6lge aluminium til vinduesprofiler?<\/b><\/p>\n<p>Aluminium har et h\u00f8jt styrke\/v\u00e6gt-forhold, korrosionsbestandighed og designfleksibilitet, hvilket g\u00f8r det ideelt til holdbare og stilfulde vinduesbekl\u00e6dninger.<br \/>\n<\/p><br \/>\n<br \/>\n<p><b>3. Hvilke overflader kan man f\u00e5 til vinduesprofiler i aluminium?<\/b><\/p>\n<p>Almindelige overflader omfatter anodiseret, pulverlakeret og tr\u00e6korn, der tilbyder en r\u00e6kke farver og teksturer, som passer til forskellige arkitektoniske designs.<br \/>\n<\/p><br \/>\n<br \/>\n<p><b>4. Kan vinduesbekl\u00e6dningsprofiler i aluminium tilpasses?<\/b><\/p>\n<p>Ja, producenterne tilbyder tilpasning med hensyn til st\u00f8rrelse, form og finish for at opfylde specifikke projektkrav og designpr\u00e6ferencer.<br \/>\n<\/p><br \/>\n<br \/>\n<p><b>5. Er disse profiler egnede til udend\u00f8rs brug?<\/b><\/p>\n<p>Aluminiums korrosionsbestandige egenskaber g\u00f8r disse pynteprofiler ideelle til udend\u00f8rs brug og til at modst\u00e5 forskellige vejrforhold.<br \/>\n<\/p><br \/>\n<br \/>\n<p><b>6. Hvordan bidrager vinduesprofiler i aluminium til energieffektivitet?<\/b><\/p>\n<p>N\u00e5r de bruges sammen med isolerede ruder, hj\u00e6lper aluminiumsprofiler med at reducere kuldebroer, hvilket forbedrer vinduernes samlede energieffektivitet.<br \/>\n<\/p><br \/>\n<br \/>\n<p><b>7. Er aluminium et milj\u00f8venligt materiale til vinduesindfatninger?<\/b><\/p>\n<p>Ja, aluminium er fuldt genanvendeligt uden tab af egenskaber, hvilket g\u00f8r det til et b\u00e6redygtigt valg til milj\u00f8bevidste byggeprojekter.<br \/>\n<\/p><br \/><\/p>","protected":false},"featured_media":6910,"template":"","categories":[67],"class_list":["post-6911","product","type-product","status-publish","has-post-thumbnail","hentry","category-architectural-aluminium-profile"],"meta_box":{"hilight_text_group":{"product_hilight_text":"<li>Durable and corrosion-resistant, ideal for both residential and commercial window applications.<\/li>\r\r\n<li>Lightweight construction allows for easy handling and installation, reducing labor costs.<\/li>\r\r\n<li>Available in various finishes including anodized, powder-coated, and wood grain to match diverse architectural styles.<\/li>\r\r\n<li>Customizable profiles to fit specific design requirements and window dimensions.<\/li>\r\r\n<li>Low-maintenance surfaces resist wear, fading, and weathering, ensuring long-term performance.<\/li>\r\r\n<li>Enhances energy efficiency when combined with insulated glazing systems.<\/li>\r\r\n<li>Environmentally friendly and fully recyclable, supporting sustainable building practices.<\/li>","product_chanpin_blog":"<ul>\r\r\n<li><a href=\"https:\/\/sinoextrud.com\/t-slot-v-slot-differences\/\" target=\"_blank\">t slot vs v slot<\/a><\/li>\r\r\n<li><a href=\"https:\/\/sinoextrud.com\/what-is-4040-aluminium-extrud\/\" target=\"_blank\">4040 aluminium extrusion<\/a><\/li>\r\r\n<li><a href=\"https:\/\/sinoextrud.com\/what-is-4040-aluminium-extrud\/\" target=\"_blank\">aluminum extrusions for industrial racks<\/a><\/li>\r\r\n<li><a href=\"https:\/\/sinoextrud.com\/powder-coating-aluminium-process\/\" target=\"_blank\">powder coating aluminium<\/a><\/li>\r\r\n<li><a href=\"https:\/\/sinoextrud.com\/what-is-an-aluminium-strip-ceiling\/\" target=\"_blank\">aluminium strip ceiling<\/a><\/li>\r\r\n<li><a href=\"https:\/\/sinoextrud.com\/what-is-a-heat-sink\/\" target=\"_blank\">what is a heat sink<\/a><\/li>\r\r\n<\/ul>","product_chanpin_chanpin":"<li><a href=\"https:\/\/sinoextrud.com\/product\/aluminium-c-channel-profiles\/\" target=\"_blank\">Aluminium C Channel Profiles<\/a><\/li>\r\n<li><a href=\"https:\/\/sinoextrud.com\/product\/aluminum-z-extrusion\/\" target=\"_blank\">Aluminum Z Extrusion<\/a><\/li>\r\n<li><a href=\"https:\/\/sinoextrud.com\/product\/h-shaped-aluminum-extrusion\/\" target=\"_blank\">H Shaped Aluminum Extrusion<\/a><\/li>\r\n<li><a href=\"https:\/\/sinoextrud.com\/product\/6063-6061aluminum-extrusions-for-door-frames\/\" target=\"_blank\">6063 6061Aluminum Extrusions For Door Frames<\/a><\/li>\r\n<li><a href=\"https:\/\/sinoextrud.com\/product\/aluminium-window-trim-profiles\/\" target=\"_blank\">Aluminium Window Trim Profiles<\/a><\/li>\r\n<li><a href=\"https:\/\/sinoextrud.com\/product\/aluminium-window-and-door-profiles\/\" target=\"_blank\">Aluminium Window And Door Profiles<\/a><\/li>\r\n<li><a href=\"https:\/\/sinoextrud.com\/product\/aluminum-cnc-machined-part-custom-aluminum-machining\/\" target=\"_blank\">Aluminum CNC Machined Part Custom Aluminum Machining<\/a><\/li>\r\n<li><a href=\"https:\/\/sinoextrud.com\/product\/aluminum-t-bar-extrusion\/\" target=\"_blank\">Aluminum T Bar Extrusion<\/a><\/li>\r\n<li><a href=\"https:\/\/sinoextrud.com\/product\/aluminium-profile-for-fold-rack-aluminum-alloy-clothes-drying-rack-and-aluminium-frame-clotheshorse\/\" target=\"_blank\">Aluminium profile for Fold rack Aluminum alloy Clothes drying rack and aluminium frame Clotheshorse<\/a><\/li>\r\n<li><a href=\"https:\/\/sinoextrud.com\/product\/rectangular-aluminum-extrusions\/\" target=\"_blank\">Rectangular Aluminum Extrusions<\/a><\/li>\r\n<li><a href=\"https:\/\/sinoextrud.com\/product\/aluminium-profile-for-glass-roof\/\" target=\"_blank\">Aluminium Profile For Glass Roof<\/a><\/li>"},"feature_list":[]},"_links":{"self":[{"href":"https:\/\/sinoextrud.com\/da\/wp-json\/wp\/v2\/product\/6911","targetHints":{"allow":["GET"]}}],"collection":[{"href":"https:\/\/sinoextrud.com\/da\/wp-json\/wp\/v2\/product"}],"about":[{"href":"https:\/\/sinoextrud.com\/da\/wp-json\/wp\/v2\/types\/product"}],"wp:featuredmedia":[{"embeddable":true,"href":"https:\/\/sinoextrud.com\/da\/wp-json\/wp\/v2\/media\/6910"}],"wp:attachment":[{"href":"https:\/\/sinoextrud.com\/da\/wp-json\/wp\/v2\/media?parent=6911"}],"wp:term":[{"taxonomy":"category","embeddable":true,"href":"https:\/\/sinoextrud.com\/da\/wp-json\/wp\/v2\/categories?post=6911"}],"curies":[{"name":"wp","href":"https:\/\/api.w.org\/{rel}","templated":true}]}}