{"id":6889,"date":"2025-06-04T01:26:07","date_gmt":"2025-06-04T01:26:07","guid":{"rendered":"https:\/\/sinoextrud.com\/product\/h-channel-aluminum-extrusion\/"},"modified":"2025-06-24T06:11:54","modified_gmt":"2025-06-24T06:11:54","slug":"h-kanal-aluminium-ekstrudering","status":"publish","type":"product","link":"https:\/\/sinoextrud.com\/da\/product\/h-channel-aluminum-extrusion\/","title":{"rendered":"H-kanal ekstrudering af aluminium"},"content":{"rendered":"<h2>Detaljer om produkter<\/h2>\n<table class=\"custom-table\">\n<tr>\n<td class=\"label\">Produktets navn<\/td>\n<td>H-kanal ekstrudering af aluminium<\/td>\n<\/tr>\n<tr>\n<td class=\"label\">Materiale<\/td>\n<td>6061\/6063-T5 T6\uff0c.<\/td>\n<\/tr>\n<tr>\n<td class=\"label\">Overfladebehandling<\/td>\n<td>Tr\u00e6korn, anodiseret, pulverlakering, elektroforese, PVDF osv.<\/td>\n<\/tr>\n<tr>\n<td class=\"label\">Farve<\/td>\n<td>Alle farver er tilg\u00e6ngelige<\/td>\n<\/tr>\n<tr>\n<td class=\"label\">MOQ<\/td>\n<td>200 kg for hver vare, et ton for hver farve.<\/td>\n<\/tr>\n<tr>\n<td class=\"label\">St\u00f8rrelse<\/td>\n<td>Som skr\u00e6ddersyet\uff0c.<\/td>\n<\/tr>\n<tr>\n<td class=\"label\">Dyb proces<\/td>\n<td>CNC-fr\u00e6sning, stansning, boring, gevindsk\u00e6ring, b\u00f8jning<\/td>\n<\/tr>\n<tr>\n<td class=\"label\">Garanti<\/td>\n<td>ISO 9001:2008;CQM,SGS,CE,BV,SONCAP\/GB,ISO,JIS,AS,NZS,QUALICOAT\uff0c.<\/td>\n<\/tr>\n<tr>\n<td class=\"label\">Genneml\u00f8bstid<\/td>\n<td>\u00c5bning af form og pr\u00f8vetest 10-12 dage<br \/>\nMasseproduktion 20-25 dage \uff0c.<\/td>\n<\/tr>\n<tr>\n<td class=\"label\">Leveringsperiode<\/td>\n<td>FOB Foshan\/Guangzhou\/Shenzhen\uff0c.<\/td>\n<\/tr>\n<tr>\n<td class=\"label\">Betalingsperiode<\/td>\n<td>LC eller TT 30% depositum, 70% balance f\u00f8r lastning \uff0c.<\/td>\n<\/tr>\n<\/table>\n<h2>Vores produktionsbase<\/h2>\n<h3>Panorama over fabrikken<\/h3>\n<p><img decoding=\"async\" src=\"\/wp-content\/uploads\/factory-01.webp\"\/><\/p>\n<h3>V\u00e6rksted til fremstilling af aluminiumst\u00e6nger<\/h3>\n<p><img decoding=\"async\" src=\"\/wp-content\/uploads\/factory-02.webp\"\/><\/p>\n<\/p>\n<p><img decoding=\"async\" src=\"\/wp-content\/uploads\/factory-03.webp\"\/><\/p>\n<h3>Lager til opbevaring af skimmelsvampe<\/h3>\n<p><img decoding=\"async\" src=\"\/wp-content\/uploads\/factory-04.webp\"\/><\/p>\n<h3>43 ekstruderingslinjer for aluminium (500-5500 ton)<\/h3>\n<p><img decoding=\"async\" src=\"\/wp-content\/uploads\/factory-05.webp\"\/><\/p>\n<p><img decoding=\"async\" src=\"\/wp-content\/uploads\/factory-06.webp\"\/><\/p>\n<p><img decoding=\"async\" src=\"\/wp-content\/uploads\/factory-07.webp\"\/><\/p>\n<h3>V\u00e6rksted for pulverlakering<\/h3>\n<p><img decoding=\"async\" src=\"\/wp-content\/uploads\/factory-09.webp\"\/><\/p>\n<h3>Anodiseringsv\u00e6rksted<\/h3>\n<p><img decoding=\"async\" src=\"\/wp-content\/uploads\/factory-10.webp\"\/><\/p>\n<h3>Workshop om dyb behandling<\/h3>\n<p><img decoding=\"async\" src=\"\/wp-content\/uploads\/factory-11.webp\"\/><\/p>\n<h3>V\u00e6rksted for CNC-pr\u00e6cisionsbearbejdning<\/h3>\n<p><img decoding=\"async\" src=\"\/wp-content\/uploads\/factory-11.5.webp\"\/><\/p>\n<h3>F\u00e6rdigvare- og eksportlager<\/h3>\n<p><img decoding=\"async\" src=\"\/wp-content\/uploads\/factory-12.webp\"\/><\/p>\n<p><img decoding=\"async\" src=\"\/wp-content\/uploads\/factory-13.webp\"\/><\/p>\n<p><img decoding=\"async\" src=\"\/wp-content\/uploads\/factory-14.webp\"\/><\/p>\n<h2>OFTE STILLEDE SP\u00d8RGSM\u00c5L<\/h2>\n<p><b>1. Hvad er en H-kanal i aluminium? <\/b><\/p>\n<p> Det er en aluminiumsprofil med et \"H\"-formet tv\u00e6rsnit, der bruges til konstruktions-, ramme- og st\u00f8tteopgaver p\u00e5 tv\u00e6rs af brancher.\n<\/p>\n<p><\/p>\n<p><b>2. Hvad er almindelige anvendelser for H-kanals aluminiumsprofiler? <\/b><\/p>\n<p> Disse profiler bruges i skillev\u00e6gge, d\u00f8r- og vinduesrammer, gardinv\u00e6gge, skiltestrukturer og som forbindelsesled i aluminiumsrammer.\n<\/p>\n<p><\/p>\n<p><b>3. Hvilke legeringer bruges til H-kanals aluminiumsprofiler? <\/b><\/p>\n<p> 6063-T5 og 6061 bruges ofte p\u00e5 grund af deres fremragende mekaniske egenskaber, korrosionsbestandighed og ekstruderbarhed.\n<\/p>\n<p><\/p>\n<p><b>4. Kan H-kanals aluminiumsprofiler tilpasses? <\/b><\/p>\n<p> Ja, producenterne tilbyder OEM-tilpasning, herunder bredde, h\u00f8jde, flangetykkelse, placering af slidser og hulboring for at opfylde specifikke designkrav.\n<\/p>\n<p><\/p>\n<p><b>5. Hvilke overfladebehandlinger er tilg\u00e6ngelige? <\/b><\/p>\n<p> Almindelige overflader omfatter anodisering for korrosionsbestandighed, pulverlakering for farve og holdbarhed og fr\u00e6sefinish til standard industriel brug.\n<\/p>\n<p><\/p>\n<p><b>6. Er H-kanaler egnede til udend\u00f8rs brug? <\/b><\/p>\n<p> Ja, med passende overfladebehandling er H-kanals aluminiumsprofiler ideelle til udvendige strukturelle og dekorative anvendelser.\n<\/p>\n<p><\/p>\n<p><b>7. Hvordan installeres H-profiler typisk? <\/b><\/p>\n<p> De monteres ved hj\u00e6lp af skruer, beslag eller inds\u00e6ttes i modul\u00e6re rammesystemer afh\u00e6ngigt af anvendelsen.\n<\/p>\n<p><\/p>\n<p><b>8. kan jeg k\u00f8be H-kanals aluminiumsprofiler i l\u00f8s v\u00e6gt fra Kina? <\/b><\/p>\n<p> De bedste kinesiske producenter tilbyder absolut h\u00f8jvolumenproduktion, konkurrencedygtige priser og eksporttjenester med OEM-support.\n<\/p>\n<p><\/p>","protected":false},"featured_media":6888,"template":"","categories":[67],"class_list":["post-6889","product","type-product","status-publish","has-post-thumbnail","hentry","category-architectural-aluminium-profile"],"meta_box":{"hilight_text_group":{"product_hilight_text":"<li>H channel aluminum extrusion designed for structural framing, partitions, and architectural cladding systems<\/li>\r\r\n<li>Manufactured from durable 6061 or 6063 alloy offering excellent corrosion resistance and strength-to-weight ratio<\/li>\r\r\n<li>Available in various widths, flange thicknesses, and slot configurations for versatile applications<\/li>\r\r\n<li>Surface finishes include anodized, powder-coated, and mill finish for enhanced durability and aesthetics<\/li>\r\r\n<li>OEM customization supported for profile size, cut length, and special fabrication needs<\/li>","product_chanpin_blog":"<ul>\r\r\n<li><a href=\"https:\/\/sinoextrud.com\/t-slot-v-slot-differences\/\" target=\"_blank\">t slot vs v slot<\/a><\/li>\r\r\n<li><a href=\"https:\/\/sinoextrud.com\/what-is-4040-aluminium-extrud\/\" target=\"_blank\">4040 aluminium extrusion<\/a><\/li>\r\r\n<li><a href=\"https:\/\/sinoextrud.com\/what-is-4040-aluminium-extrud\/\" target=\"_blank\">aluminum extrusions for industrial racks<\/a><\/li>\r\r\n<li><a href=\"https:\/\/sinoextrud.com\/powder-coating-aluminium-process\/\" target=\"_blank\">powder coating aluminium<\/a><\/li>\r\r\n<li><a href=\"https:\/\/sinoextrud.com\/what-is-an-aluminium-strip-ceiling\/\" target=\"_blank\">aluminium strip ceiling<\/a><\/li>\r\r\n<li><a href=\"https:\/\/sinoextrud.com\/what-is-a-heat-sink\/\" target=\"_blank\">what is a heat sink<\/a><\/li>\r\r\n<\/ul>","product_chanpin_chanpin":"<li><a href=\"https:\/\/sinoextrud.com\/product\/aluminum-window-frame-extrusions\/\" target=\"_blank\">Aluminum Window Frame Extrusions<\/a><\/li>\r\n<li><a href=\"https:\/\/sinoextrud.com\/product\/6063-cnc-machining-aluminum-extrusion-hinge\/\" target=\"_blank\">6063 CNC Machining Aluminum Extrusion Hinge<\/a><\/li>\r\n<li><a href=\"https:\/\/sinoextrud.com\/product\/aluminium-track-extrusions\/\" target=\"_blank\">Aluminium Track Extrusions<\/a><\/li>\r\n<li><a href=\"https:\/\/sinoextrud.com\/product\/aluminum-extrusion-aluminium-profile-for-surface-oxidized-pipe\/\" target=\"_blank\">Aluminum Extrusion Aluminium Profile for Surface Oxidized Pipe<\/a><\/li>\r\n<li><a href=\"https:\/\/sinoextrud.com\/product\/h-channel-aluminum-extrusion\/\" target=\"_blank\">H Channel Aluminum Extrusion<\/a><\/li>\r\n<li><a href=\"https:\/\/sinoextrud.com\/product\/cnc-anodized-6063-curved-aluminum-extrusions\/\" target=\"_blank\">CNC Anodized 6063 Curved Aluminum Extrusions<\/a><\/li>\r\n<li><a href=\"https:\/\/sinoextrud.com\/product\/6063-multiple-size-extruded-aluminium-t-slot\/\" target=\"_blank\">6063 Multiple Size Extruded Aluminium T Slot<\/a><\/li>\r\n<li><a href=\"https:\/\/sinoextrud.com\/product\/commercial-glass-aluminium-railing-systems\/\" target=\"_blank\">Commercial Glass Aluminium Railing Systems<\/a><\/li>\r\n<li><a href=\"https:\/\/sinoextrud.com\/product\/custom-made-modern-wood-grain-color-kitchen-cabinet-aluminium-extrusion-profile\/\" target=\"_blank\">Custom made modern wood grain color kitchen cabinet aluminium extrusion profile<\/a><\/li>\r\n<li><a href=\"https:\/\/sinoextrud.com\/product\/extruded-aluminium-skirting-aluminium-skirting-board\/\" target=\"_blank\">Extruded Aluminium Skirting Aluminium Skirting Board<\/a><\/li>\r\n<li><a href=\"https:\/\/sinoextrud.com\/product\/6063-t5-extruded-aluminum-t-slot\/\" target=\"_blank\">6063 T5 Extruded Aluminum T Slot<\/a><\/li>"},"feature_list":[]},"_links":{"self":[{"href":"https:\/\/sinoextrud.com\/da\/wp-json\/wp\/v2\/product\/6889","targetHints":{"allow":["GET"]}}],"collection":[{"href":"https:\/\/sinoextrud.com\/da\/wp-json\/wp\/v2\/product"}],"about":[{"href":"https:\/\/sinoextrud.com\/da\/wp-json\/wp\/v2\/types\/product"}],"wp:featuredmedia":[{"embeddable":true,"href":"https:\/\/sinoextrud.com\/da\/wp-json\/wp\/v2\/media\/6888"}],"wp:attachment":[{"href":"https:\/\/sinoextrud.com\/da\/wp-json\/wp\/v2\/media?parent=6889"}],"wp:term":[{"taxonomy":"category","embeddable":true,"href":"https:\/\/sinoextrud.com\/da\/wp-json\/wp\/v2\/categories?post=6889"}],"curies":[{"name":"wp","href":"https:\/\/api.w.org\/{rel}","templated":true}]}}