{"id":6866,"date":"2025-06-03T03:01:09","date_gmt":"2025-06-03T03:01:09","guid":{"rendered":"https:\/\/sinoextrud.com\/product\/aluminium-frame-extrusion-profile-picture-frame-profile-for-interior-decoration-supplied-by-china-manufacturer\/"},"modified":"2025-06-24T06:11:53","modified_gmt":"2025-06-24T06:11:53","slug":"aluminiumsrammeekstruderingsprofil-billedrammeprofil-til-indvendig-udsmykning-leveret-af-kina-producent","status":"publish","type":"product","link":"https:\/\/sinoextrud.com\/da\/product\/aluminium-frame-extrusion-profile-picture-frame-profile-for-interior-decoration-supplied-by-china-manufacturer\/","title":{"rendered":"Aluminiumsrammeekstruderingsprofil Billedrammeprofil til indvendig udsmykning Leveret af kinesisk producent"},"content":{"rendered":"<h2>Detaljer om produkter<\/h2>\n<table class=\"custom-table\">\n<tr>\n<td class=\"label\">Vare:<\/td>\n<td> Aluminiumsrammeekstruderingsprofil Billedrammeprofil til indvendig udsmykning \uff0c.<\/td>\n<\/tr>\n<tr>\n<td class=\"label\">Temperament:<\/td>\n<td> T3-T8<\/td>\n<\/tr>\n<tr>\n<td class=\"label\">Legering:<\/td>\n<td> Legering<\/td>\n<\/tr>\n<tr>\n<td class=\"label\">Karakter:<\/td>\n<td> 6000-serien<\/td>\n<\/tr>\n<tr>\n<td class=\"label\">Materiale:<\/td>\n<td> 6063-T5, 6061-T6, 6463-T5, 7075-T6, 6082\uff0c.<\/td>\n<\/tr>\n<tr>\n<td class=\"label\">Produkt:<\/td>\n<td> Ekstrudering af aluminiumsprofiler<\/td>\n<\/tr>\n<tr>\n<td class=\"label\">Varem\u00e6rke:<\/td>\n<td> Sinoextrud (Sinoextrud) \/ OEM\uff0c.<\/td>\n<\/tr>\n<tr>\n<td class=\"label\">Overfladebehandling:<\/td>\n<td> Tilpasset \uff0c.<\/td>\n<\/tr>\n<tr>\n<td class=\"label\">Betaling:<\/td>\n<td> T \/ T 30% for depositum, balance f\u00f8r levering \uff0c.<\/td>\n<\/tr>\n<tr>\n<td class=\"label\">Leveringstid:<\/td>\n<td> 25-30 dage efter bekr\u00e6ftelse af pr\u00f8ve fra k\u00f8ber \uff0c.<\/td>\n<\/tr>\n<tr>\n<td class=\"label\">Certificering:<\/td>\n<td> CE, SONCAP, ISO, CIQ, RoHS, TUV \uff0c.<\/td>\n<\/tr>\n<tr>\n<td class=\"label\">Transportpakke:<\/td>\n<td> Beskyttelsesfilm af plast og vandfast hobbypapir<\/td>\n<\/tr>\n<tr>\n<td class=\"label\">Indskibningshavn:<\/td>\n<td> Shenzhen\/ Guangzhou\/ Foshan\uff0c.<\/td>\n<\/tr>\n<tr>\n<td class=\"label\">Oprindelse:<\/td>\n<td> Foshan, Kina\uff0c.<\/td>\n<\/tr>\n<\/table>\n<h2>Vores produktionsbase<\/h2>\n<h3>Panorama over fabrikken<\/h3>\n<p><img decoding=\"async\" src=\"\/wp-content\/uploads\/factory-01.webp\"\/><\/p>\n<h3>V\u00e6rksted til fremstilling af aluminiumst\u00e6nger<\/h3>\n<p><img decoding=\"async\" src=\"\/wp-content\/uploads\/factory-02.webp\"\/><\/p>\n<p><img decoding=\"async\" src=\"\/wp-content\/uploads\/factory-03.webp\"\/><\/p>\n<h3>Lager til opbevaring af skimmelsvampe<\/h3>\n<p><img decoding=\"async\" src=\"\/wp-content\/uploads\/factory-04.webp\"\/><\/p>\n<h3>43 ekstruderingslinjer for aluminium (500-5500 ton)<\/h3>\n<p><img decoding=\"async\" src=\"\/wp-content\/uploads\/factory-05.webp\"\/><\/p>\n<p><img decoding=\"async\" src=\"\/wp-content\/uploads\/factory-06.webp\"\/><\/p>\n<p><img decoding=\"async\" src=\"\/wp-content\/uploads\/factory-07.webp\"\/><\/p>\n<h3>V\u00e6rksted for pulverlakering<\/h3>\n<p><img decoding=\"async\" src=\"\/wp-content\/uploads\/factory-09.webp\"\/><\/p>\n<h3>Anodiseringsv\u00e6rksted<\/h3>\n<p><img decoding=\"async\" src=\"\/wp-content\/uploads\/factory-10.webp\"\/><\/p>\n<h3>Workshop om dyb behandling<\/h3>\n<p><img decoding=\"async\" src=\"\/wp-content\/uploads\/factory-11.webp\"\/><\/p>\n<h3>V\u00e6rksted for CNC-pr\u00e6cisionsbearbejdning<\/h3>\n<p><img decoding=\"async\" src=\"\/wp-content\/uploads\/factory-11.5.webp\"\/><\/p>\n<h3>F\u00e6rdigvare- og eksportlager<\/h3>\n<p><img decoding=\"async\" src=\"\/wp-content\/uploads\/factory-12.webp\"\/><\/p>\n<p><img decoding=\"async\" src=\"\/wp-content\/uploads\/factory-13.webp\"\/><\/p>\n<p><img decoding=\"async\" src=\"\/wp-content\/uploads\/factory-14.webp\"\/><\/p>\n<h2>OFTE STILLEDE SP\u00d8RGSM\u00c5L<\/h2>\n<p><p><b>1. Hvad er en ekstruderingsprofil til billedrammer i aluminium? <\/b><\/p>\n<p> Det er en specialformet aluminiumsprofil, der er designet til indramning af kunstv\u00e6rker, spejle og dekorative paneler i bolig- og erhvervsindretninger.<br \/>\n<\/p><br \/>\n<br \/>\n<p><b>2. Hvorfor bruge aluminiumsprofiler til billedrammer? <\/b><\/p>\n<p> Aluminium er let, holdbart og korrosionsbestandigt, hvilket g\u00f8r det ideelt til langtidsholdbare dekorative rammer, der er nemme at montere.<br \/>\n<\/p><br \/>\n<br \/>\n<p><b>3. Hvilken legering bruges til rammeprofiler af aluminium? <\/b><\/p>\n<p> 6063-T5 bruges oftest p\u00e5 grund af sin fremragende overfladefinish, formbarhed og egnethed til anodisering eller bel\u00e6gning.<br \/>\n<\/p><br \/>\n<br \/>\n<p><b>4. Kan billedrammens profil tilpasses? <\/b><\/p>\n<p> Ja, OEM-tjenester giver mulighed for at tilpasse st\u00f8rrelse, farve, form og dekorative kanttyper, s\u00e5 de passer til forskellige kunstneriske og indretningsm\u00e6ssige behov.<br \/>\n<\/p><br \/>\n<br \/>\n<p><b>5. Hvilke overfladebehandlinger er tilg\u00e6ngelige? <\/b><\/p>\n<p> Popul\u00e6re overflader omfatter anodiseret (s\u00f8lv, sort, champagne), b\u00f8rstet, mat, blank og pulverlakeret i forskellige farver.<br \/>\n<\/p><br \/>\n<br \/>\n<p><b>6. Hvor bruges billedrammeprofiler af aluminium typisk? <\/b><\/p>\n<p> Disse profiler bruges i kunstgallerier, boligindretning, kommercielle udstillinger, indramning af spejle og indvendige arkitektoniske accenter.<br \/>\n<\/p><br \/>\n<br \/>\n<p><b>7. Er rammeprofiler af aluminium nemme at montere? <\/b><\/p>\n<p> Ja, de er designet til hurtig montering ved hj\u00e6lp af hj\u00f8rnebeslag eller clips, med mulighed for forudsk\u00e6ring og boring.<br \/>\n<\/p><br \/>\n<br \/>\n<p><b>8. Hvor kan jeg k\u00f8be billedrammeprofiler i aluminium fra Kina? <\/b><\/p>\n<p> Mange kinesiske producenter har specialiseret sig i OEM-profiler til aluminiumsrammer og tilbyder konkurrencedygtige fabrikspriser og global eksportservice.<br \/>\n<\/p><br \/><\/p>","protected":false},"featured_media":6865,"template":"","categories":[67],"class_list":["post-6866","product","type-product","status-publish","has-post-thumbnail","hentry","category-architectural-aluminium-profile"],"meta_box":{"hilight_text_group":{"product_hilight_text":"<li>Aluminium frame extrusion profiles specifically designed for picture frames and interior decoration<\/li>\r\r\n<li>Crafted from 6063-T5 alloy for superior surface finish, corrosion resistance, and lightweight strength<\/li>\r\r\n<li>Available in a variety of anodized, brushed, and powder-coated finishes to match interior design styles<\/li>\r\r\n<li>OEM customization for frame thickness, corner shapes, decorative edges, and mounting compatibility<\/li>\r\r\n<li>Supplied by leading Chinese manufacturers offering bulk pricing, consistent quality, and fast delivery<\/li>","product_chanpin_blog":"<ul>\r\r\n<li><a href=\"https:\/\/sinoextrud.com\/t-slot-v-slot-differences\/\" target=\"_blank\">t slot vs v slot<\/a><\/li>\r\r\n<li><a href=\"https:\/\/sinoextrud.com\/what-is-4040-aluminium-extrud\/\" target=\"_blank\">4040 aluminium extrusion<\/a><\/li>\r\r\n<li><a href=\"https:\/\/sinoextrud.com\/what-is-4040-aluminium-extrud\/\" target=\"_blank\">aluminum extrusions for industrial racks<\/a><\/li>\r\r\n<li><a href=\"https:\/\/sinoextrud.com\/powder-coating-aluminium-process\/\" target=\"_blank\">powder coating aluminium<\/a><\/li>\r\r\n<li><a href=\"https:\/\/sinoextrud.com\/what-is-an-aluminium-strip-ceiling\/\" target=\"_blank\">aluminium strip ceiling<\/a><\/li>\r\r\n<li><a href=\"https:\/\/sinoextrud.com\/what-is-a-heat-sink\/\" target=\"_blank\">what is a heat sink<\/a><\/li>\r\r\n<\/ul>","product_chanpin_chanpin":"<li><a href=\"https:\/\/sinoextrud.com\/product\/industrial-customized-6063-t5-alloy-aluminium-extrusion-profile\/\" target=\"_blank\">Industrial Customized 6063-T5 Alloy Aluminium Extrusion Profile<\/a><\/li>\r\n<li><a href=\"https:\/\/sinoextrud.com\/product\/aluminium-round-tube-extrusion-profile-with-anodized-powder-coating-surface-treatment-oem-customized-extruded-aluminium-tube-profile\/\" target=\"_blank\">Aluminium Round Tube Extrusion Profile With Anodized Powder Coating Surface Treatment OEM Customized  Extruded Aluminium Tube Profile<\/a><\/li>\r\n<li><a href=\"https:\/\/sinoextrud.com\/product\/anodized-aluminium-industrial-profile-aluminum-extrusion\/\" target=\"_blank\">Anodized Aluminium Industrial Profile & Aluminum Extrusion<\/a><\/li>\r\n<li><a href=\"https:\/\/sinoextrud.com\/product\/anodized-aluminium-industrial-profile-aluminum-extrusion-2\/\" target=\"_blank\">Anodized Aluminium Industrial Profile  Aluminum Extrusion<\/a><\/li>\r\n<li><a href=\"https:\/\/sinoextrud.com\/product\/aluminium-frame-extrusion-profile-picture-frame-profile-for-interior-decoration-supplied-by-china-manufacturer\/\" target=\"_blank\">Aluminium Frame Extrusion Profile Picture Frame Profile for Interior Decoration Supplied By China Manufacturer<\/a><\/li>\r\n<li><a href=\"https:\/\/sinoextrud.com\/product\/aluminum-window-frame-extrusions\/\" target=\"_blank\">Aluminum Window Frame Extrusions<\/a><\/li>\r\n<li><a href=\"https:\/\/sinoextrud.com\/product\/6063-cnc-machining-aluminum-extrusion-hinge\/\" target=\"_blank\">6063 CNC Machining Aluminum Extrusion Hinge<\/a><\/li>\r\n<li><a href=\"https:\/\/sinoextrud.com\/product\/aluminium-track-extrusions\/\" target=\"_blank\">Aluminium Track Extrusions<\/a><\/li>\r\n<li><a href=\"https:\/\/sinoextrud.com\/product\/aluminum-extrusion-aluminium-profile-for-surface-oxidized-pipe\/\" target=\"_blank\">Aluminum Extrusion Aluminium Profile for Surface Oxidized Pipe<\/a><\/li>\r\n<li><a href=\"https:\/\/sinoextrud.com\/product\/industrial-aluminum-profiles\/\" target=\"_blank\">Industrial Aluminum Profiles<\/a><\/li>\r\n<li><a href=\"https:\/\/sinoextrud.com\/product\/extruded-aluminum-heatsink\/\" target=\"_blank\">Extruded Aluminum Heatsink<\/a><\/li>"},"feature_list":[]},"_links":{"self":[{"href":"https:\/\/sinoextrud.com\/da\/wp-json\/wp\/v2\/product\/6866","targetHints":{"allow":["GET"]}}],"collection":[{"href":"https:\/\/sinoextrud.com\/da\/wp-json\/wp\/v2\/product"}],"about":[{"href":"https:\/\/sinoextrud.com\/da\/wp-json\/wp\/v2\/types\/product"}],"wp:featuredmedia":[{"embeddable":true,"href":"https:\/\/sinoextrud.com\/da\/wp-json\/wp\/v2\/media\/6865"}],"wp:attachment":[{"href":"https:\/\/sinoextrud.com\/da\/wp-json\/wp\/v2\/media?parent=6866"}],"wp:term":[{"taxonomy":"category","embeddable":true,"href":"https:\/\/sinoextrud.com\/da\/wp-json\/wp\/v2\/categories?post=6866"}],"curies":[{"name":"wp","href":"https:\/\/api.w.org\/{rel}","templated":true}]}}