{"id":6864,"date":"2025-06-03T02:58:31","date_gmt":"2025-06-03T02:58:31","guid":{"rendered":"https:\/\/sinoextrud.com\/product\/anodized-aluminium-industrial-profile-aluminum-extrusion-2\/"},"modified":"2025-06-24T06:11:53","modified_gmt":"2025-06-24T06:11:53","slug":"anodiseret-aluminium-industriel-profil-aluminium-ekstrudering-2","status":"publish","type":"product","link":"https:\/\/sinoextrud.com\/da\/product\/anodized-aluminium-industrial-profile-aluminum-extrusion-2\/","title":{"rendered":"Anodiseret aluminium industriel profil aluminium ekstrudering"},"content":{"rendered":"<h2>Detaljer om produkter<\/h2>\n<table class=\"custom-table\">\n<tr>\n<td class=\"label\">Vare:<\/td>\n<td> Anodiseret industriel aluminiumsprofil og ekstrudering af aluminium<\/td>\n<\/tr>\n<tr>\n<td class=\"label\">Model nr:<\/td>\n<td> 6000-serien<\/td>\n<\/tr>\n<tr>\n<td class=\"label\">Form:<\/td>\n<td> Vinkel, firkantet, rund, flad, T-profil, tilpasset \uff0c.<\/td>\n<\/tr>\n<tr>\n<td class=\"label\">Temperament:<\/td>\n<td> T3-T8<\/td>\n<\/tr>\n<tr>\n<td class=\"label\">Legering:<\/td>\n<td> Legering<\/td>\n<\/tr>\n<tr>\n<td class=\"label\">Legeringsingrediens:<\/td>\n<td> 6063-T5, 6061-T6, 6463-T5, 7075-T6, 6082\uff0c.<\/td>\n<\/tr>\n<tr>\n<td class=\"label\">Poleret aluminiumsprofil:<\/td>\n<td> Mekanisk polering<\/td>\n<\/tr>\n<tr>\n<td class=\"label\">Havn:<\/td>\n<td> Shenzhen, Guangzhou, Foshan<\/td>\n<\/tr>\n<tr>\n<td class=\"label\">MOQ:<\/td>\n<td> 200 kg for hver vare<\/td>\n<\/tr>\n<tr>\n<td class=\"label\">Produktionskapacitet:<\/td>\n<td> 15000+ tons m\u00e5nedligt<\/td>\n<\/tr>\n<tr>\n<td class=\"label\">Transportpakke:<\/td>\n<td> Indvendigt:\uff0c Pakket med plastikbeskyttelsesfilm, Udvendigt:\uff0c Pakket med vandt\u00e6t Craft Paper\uff0c.<\/td>\n<\/tr>\n<tr>\n<td class=\"label\">Oprindelse:<\/td>\n<td> Foshan, Kina\uff0c.<\/td>\n<\/tr>\n<tr>\n<td class=\"label\">Karakter:<\/td>\n<td> 6000-serien<\/td>\n<\/tr>\n<tr>\n<td class=\"label\">Overfladebehandling:<\/td>\n<td> Anodiseret, tr\u00e6korn, poleret, b\u00f8rstet, elektroforese<\/td>\n<\/tr>\n<tr>\n<td class=\"label\">Certificering:<\/td>\n<td> CE, ISO, RoHS, TUV<\/td>\n<\/tr>\n<tr>\n<td class=\"label\">Leveringstid:<\/td>\n<td> 20-30 dage efter modtagelse af depositum<\/td>\n<\/tr>\n<tr>\n<td class=\"label\">Betalingsperiode:<\/td>\n<td> T \/ T, 30% Udbetaling, mens saldoen skal betales inden levering \uff0c.<\/td>\n<\/tr>\n<tr>\n<td class=\"label\">Garanti:<\/td>\n<td> Overfladefarven er i stand til at holde i 10~20 \u00e5r \uff0c.<\/td>\n<\/tr>\n<tr>\n<td class=\"label\">Vare:<\/td>\n<td> Ekstruderingsprofil af aluminium<\/td>\n<\/tr>\n<tr>\n<td class=\"label\">Specifikation:<\/td>\n<td> 1m-9m eller tilpasset st\u00f8rrelse \uff0c.<\/td>\n<\/tr>\n<\/table>\n<h2>Vores produktionsbase<\/h2>\n<h3>Panorama over fabrikken<\/h3>\n<p><img decoding=\"async\" src=\"\/wp-content\/uploads\/factory-01.webp\"\/><\/p>\n<h3>V\u00e6rksted til fremstilling af aluminiumst\u00e6nger<\/h3>\n<p><img decoding=\"async\" src=\"\/wp-content\/uploads\/factory-02.webp\"\/><\/p>\n<\/p>\n<p><img decoding=\"async\" src=\"\/wp-content\/uploads\/factory-03.webp\"\/><\/p>\n<h3>Lager til opbevaring af skimmelsvampe<\/h3>\n<p><img decoding=\"async\" src=\"\/wp-content\/uploads\/factory-04.webp\"\/><\/p>\n<h3>43 ekstruderingslinjer for aluminium (500-5500 ton)<\/h3>\n<p><img decoding=\"async\" src=\"\/wp-content\/uploads\/factory-05.webp\"\/><\/p>\n<p><img decoding=\"async\" src=\"\/wp-content\/uploads\/factory-06.webp\"\/><\/p>\n<p><img decoding=\"async\" src=\"\/wp-content\/uploads\/factory-07.webp\"\/><\/p>\n<h3>V\u00e6rksted for pulverlakering<\/h3>\n<p><img decoding=\"async\" src=\"\/wp-content\/uploads\/factory-09.webp\"\/><\/p>\n<h3>Anodiseringsv\u00e6rksted<\/h3>\n<p><img decoding=\"async\" src=\"\/wp-content\/uploads\/factory-10.webp\"\/><\/p>\n<h3>Workshop om dyb behandling<\/h3>\n<p><img decoding=\"async\" src=\"\/wp-content\/uploads\/factory-11.webp\"\/><\/p>\n<h3>V\u00e6rksted for CNC-pr\u00e6cisionsbearbejdning<\/h3>\n<p><img decoding=\"async\" src=\"\/wp-content\/uploads\/factory-11.5.webp\"\/><\/p>\n<h3>F\u00e6rdigvare- og eksportlager<\/h3>\n<p><img decoding=\"async\" src=\"\/wp-content\/uploads\/factory-12.webp\"\/><\/p>\n<p><img decoding=\"async\" src=\"\/wp-content\/uploads\/factory-13.webp\"\/><\/p>\n<p><img decoding=\"async\" src=\"\/wp-content\/uploads\/factory-14.webp\"\/><\/p>\n<h2>OFTE STILLEDE SP\u00d8RGSM\u00c5L<\/h2>\n<p><b>1. Hvad er en industriel profil i anodiseret aluminium?<\/b><\/p>\n<p>En industriprofil i anodiseret aluminium er en aluminiumprofil, der er behandlet med et anodisk lag for at forbedre korrosionsbestandighed, holdbarhed og overflade\u00e6stetik.\n<\/p>\n<p><\/p>\n<p><b>2. Hvorfor v\u00e6lge aluminiumsekstrudering til industrielle applikationer?<\/b><\/p>\n<p>Ekstrudering af aluminium giver letv\u00e6gtsstyrke, pr\u00e6cision og fleksibilitet, hvilket g\u00f8r det ideelt til industriel strukturel og mekanisk brug.\n<\/p>\n<p><\/p>\n<p><b>3. Hvad er fordelene ved anodiseret aluminiumsekstrudering?<\/b><\/p>\n<p>Anodiseret aluminiumsekstrudering giver overlegen korrosionsbestandighed, forbedret udseende og forl\u00e6nget produktlevetid.\n<\/p>\n<p><\/p>\n<p><b>4. Er anodiseret aluminium egnet til udend\u00f8rs brug?<\/b><\/p>\n<p>Ja, anodiserede industriprofiler i aluminium er meget modstandsdygtige over for vejrlig, hvilket g\u00f8r dem ideelle til udend\u00f8rs brug.\n<\/p>\n<p><\/p>\n<p><b>5. Kan jeg tilpasse aluminiumsprofilens form?<\/b><\/p>\n<p>Ja, ekstruderingsprofiler i aluminium kan specialdesignes til at matche specifikke industrielle krav og dimensioner.\n<\/p>\n<p><\/p>\n<p><b>6. Hvor st\u00e6rk er en anodiseret aluminiumsprofil?<\/b><\/p>\n<p>Anodiserede aluminiumsprofiler giver fremragende strukturel integritet, samtidig med at de er lette, hvilket er ideelt til b\u00e6rende anvendelser.\n<\/p>\n<p><\/p>\n<p><b>7. Er anodiserede aluminiumsprofiler milj\u00f8venlige?<\/b><\/p>\n<p>Ja, anodiseret aluminium er ugiftigt, genanvendeligt og har en lav milj\u00f8p\u00e5virkning, hvilket g\u00f8r det til et b\u00e6redygtigt valg.\n<\/p>\n<p><\/p>\n<p><b>8. Hvordan forbedrer anodisering aluminiums ydeevne?<\/b><\/p>\n<p>Anodisering skaber et beskyttende oxidlag p\u00e5 aluminium, hvilket \u00f8ger h\u00e5rdheden, korrosionsbestandigheden og slidstyrken.\n<\/p>\n<p><\/p>","protected":false},"featured_media":6863,"template":"","categories":[67],"class_list":["post-6864","product","type-product","status-publish","has-post-thumbnail","hentry","category-architectural-aluminium-profile"],"meta_box":{"hilight_text_group":{"product_hilight_text":"<li>High corrosion resistance for long-lasting durability<\/li>\r\r\n<li>Precision extruded for consistent performance and fit<\/li>\r\r\n<li>Lightweight yet strong for structural applications<\/li>\r\r\n<li>Customizable profiles to meet specific industrial needs<\/li>\r\r\n<li>Excellent surface finish with anodized coating<\/li>\r\r\n<li>Eco-friendly and recyclable material<\/li>\r\r\n<li>Ideal for automation, construction, and machinery frameworks<\/li>","product_chanpin_blog":"<ul>\r\r\n<li><a href=\"https:\/\/sinoextrud.com\/t-slot-v-slot-differences\/\" target=\"_blank\">t slot vs v slot<\/a><\/li>\r\r\n<li><a href=\"https:\/\/sinoextrud.com\/what-is-4040-aluminium-extrud\/\" target=\"_blank\">4040 aluminium extrusion<\/a><\/li>\r\r\n<li><a href=\"https:\/\/sinoextrud.com\/what-is-4040-aluminium-extrud\/\" target=\"_blank\">aluminum extrusions for industrial racks<\/a><\/li>\r\r\n<li><a href=\"https:\/\/sinoextrud.com\/powder-coating-aluminium-process\/\" target=\"_blank\">powder coating aluminium<\/a><\/li>\r\r\n<li><a href=\"https:\/\/sinoextrud.com\/what-is-an-aluminium-strip-ceiling\/\" target=\"_blank\">aluminium strip ceiling<\/a><\/li>\r\r\n<li><a href=\"https:\/\/sinoextrud.com\/what-is-a-heat-sink\/\" target=\"_blank\">what is a heat sink<\/a><\/li>\r\r\n<\/ul>","product_chanpin_chanpin":"<li><a href=\"https:\/\/sinoextrud.com\/product\/aluminum-sunshading-profile\/\" target=\"_blank\">Aluminum Sunshading Profile<\/a><\/li>\r\n<li><a href=\"https:\/\/sinoextrud.com\/product\/industrial-customized-6063-t5-alloy-aluminium-extrusion-profile\/\" target=\"_blank\">Industrial Customized 6063-T5 Alloy Aluminium Extrusion Profile<\/a><\/li>\r\n<li><a href=\"https:\/\/sinoextrud.com\/product\/aluminium-round-tube-extrusion-profile-with-anodized-powder-coating-surface-treatment-oem-customized-extruded-aluminium-tube-profile\/\" target=\"_blank\">Aluminium Round Tube Extrusion Profile With Anodized Powder Coating Surface Treatment OEM Customized  Extruded Aluminium Tube Profile<\/a><\/li>\r\n<li><a href=\"https:\/\/sinoextrud.com\/product\/anodized-aluminium-industrial-profile-aluminum-extrusion\/\" target=\"_blank\">Anodized Aluminium Industrial Profile & Aluminum Extrusion<\/a><\/li>\r\n<li><a href=\"https:\/\/sinoextrud.com\/product\/anodized-aluminium-industrial-profile-aluminum-extrusion-2\/\" target=\"_blank\">Anodized Aluminium Industrial Profile  Aluminum Extrusion<\/a><\/li>\r\n<li><a href=\"https:\/\/sinoextrud.com\/product\/aluminium-frame-extrusion-profile-picture-frame-profile-for-interior-decoration-supplied-by-china-manufacturer\/\" target=\"_blank\">Aluminium Frame Extrusion Profile Picture Frame Profile for Interior Decoration Supplied By China Manufacturer<\/a><\/li>\r\n<li><a href=\"https:\/\/sinoextrud.com\/product\/aluminum-window-frame-extrusions\/\" target=\"_blank\">Aluminum Window Frame Extrusions<\/a><\/li>\r\n<li><a href=\"https:\/\/sinoextrud.com\/product\/6063-cnc-machining-aluminum-extrusion-hinge\/\" target=\"_blank\">6063 CNC Machining Aluminum Extrusion Hinge<\/a><\/li>\r\n<li><a href=\"https:\/\/sinoextrud.com\/product\/aluminium-track-extrusions\/\" target=\"_blank\">Aluminium Track Extrusions<\/a><\/li>\r\n<li><a href=\"https:\/\/sinoextrud.com\/product\/thin-wall-extruded-aluminum-tubing\/\" target=\"_blank\">Thin Wall Extruded Aluminum Tubing<\/a><\/li>\r\n<li><a href=\"https:\/\/sinoextrud.com\/product\/customize-extruded-aluminium-shower-profiles\/\" target=\"_blank\">Customize Extruded Aluminium Shower Profiles<\/a><\/li>"},"feature_list":[]},"_links":{"self":[{"href":"https:\/\/sinoextrud.com\/da\/wp-json\/wp\/v2\/product\/6864","targetHints":{"allow":["GET"]}}],"collection":[{"href":"https:\/\/sinoextrud.com\/da\/wp-json\/wp\/v2\/product"}],"about":[{"href":"https:\/\/sinoextrud.com\/da\/wp-json\/wp\/v2\/types\/product"}],"wp:featuredmedia":[{"embeddable":true,"href":"https:\/\/sinoextrud.com\/da\/wp-json\/wp\/v2\/media\/6863"}],"wp:attachment":[{"href":"https:\/\/sinoextrud.com\/da\/wp-json\/wp\/v2\/media?parent=6864"}],"wp:term":[{"taxonomy":"category","embeddable":true,"href":"https:\/\/sinoextrud.com\/da\/wp-json\/wp\/v2\/categories?post=6864"}],"curies":[{"name":"wp","href":"https:\/\/api.w.org\/{rel}","templated":true}]}}