{"id":6860,"date":"2025-06-03T02:48:04","date_gmt":"2025-06-03T02:48:04","guid":{"rendered":"https:\/\/sinoextrud.com\/product\/aluminium-round-tube-extrusion-profile-with-anodized-powder-coating-surface-treatment-oem-customized-extruded-aluminium-tube-profile\/"},"modified":"2025-06-24T06:11:52","modified_gmt":"2025-06-24T06:11:52","slug":"ekstruderingsprofil-af-runde-aluminiumsror-med-anodiseret-pulverlakering-overfladebehandling-oem-tilpasset-ekstruderet-aluminiumsrorprofil","status":"publish","type":"product","link":"https:\/\/sinoextrud.com\/da\/product\/aluminium-round-tube-extrusion-profile-with-anodized-powder-coating-surface-treatment-oem-customized-extruded-aluminium-tube-profile\/","title":{"rendered":"Ekstruderingsprofil af runde aluminiumsr\u00f8r med anodiseret pulverlakering af overfladebehandling OEM tilpasset ekstruderet aluminiumsr\u00f8rprofil"},"content":{"rendered":"<h2>Detaljer om produkter<\/h2>\n<table class=\"custom-table\">\n<tr>\n<td class=\"label\">Vare:<\/td>\n<td> Ekstruderingsprofil af runde aluminiumsr\u00f8r med anodiseret pulverlakering af overfladebehandling OEM tilpasset \/ ekstruderet aluminiumsr\u00f8rprofil \uff0c.<\/td>\n<\/tr>\n<tr>\n<td class=\"label\">Materialer:<\/td>\n<td> 6063\/6061\uff0c<\/td>\n<\/tr>\n<tr>\n<td class=\"label\">Temperament:<\/td>\n<td> T4, T5, T6<\/td>\n<\/tr>\n<tr>\n<td class=\"label\">V\u00e6gtykkelse:<\/td>\n<td> fra 0,8 til 1,2 mm, eller tilpasset \uff0c.<\/td>\n<\/tr>\n<tr>\n<td class=\"label\">Generel l\u00e6ngde:<\/td>\n<td> 1-9m, eller tilpasset\uff0c.<\/td>\n<\/tr>\n<tr>\n<td class=\"label\">Karakter:<\/td>\n<td> 6000-serien<\/td>\n<\/tr>\n<tr>\n<td class=\"label\">Legering:<\/td>\n<td> Legering<\/td>\n<\/tr>\n<tr>\n<td class=\"label\">Oprindelse:<\/td>\n<td> Foshan, Kina\uff0c.<\/td>\n<\/tr>\n<tr>\n<td class=\"label\">Overfladebehandling:<\/td>\n<td> som et krav<\/td>\n<\/tr>\n<tr>\n<td class=\"label\">Varem\u00e6rke:<\/td>\n<td> Sinoextrud (Sinoextrud) \/ OEM\uff0c.<\/td>\n<\/tr>\n<tr>\n<td class=\"label\">Type:<\/td>\n<td> Rund r\u00f8rprofil af aluminium<\/td>\n<\/tr>\n<\/table>\n<h2>Vores produktionsbase<\/h2>\n<h3>Panorama over fabrikken<\/h3>\n<p><img decoding=\"async\" src=\"\/wp-content\/uploads\/factory-01.webp\"\/><\/p>\n<h3>V\u00e6rksted til fremstilling af aluminiumst\u00e6nger<\/h3>\n<p><img decoding=\"async\" src=\"\/wp-content\/uploads\/factory-02.webp\"\/><\/p>\n<\/p>\n<p><img decoding=\"async\" src=\"\/wp-content\/uploads\/factory-03.webp\"\/><\/p>\n<h3>Lager til opbevaring af skimmelsvampe<\/h3>\n<p><img decoding=\"async\" src=\"\/wp-content\/uploads\/factory-04.webp\"\/><\/p>\n<h3>43 ekstruderingslinjer for aluminium (500-5500 ton)<\/h3>\n<p><img decoding=\"async\" src=\"\/wp-content\/uploads\/factory-05.webp\"\/><\/p>\n<p><img decoding=\"async\" src=\"\/wp-content\/uploads\/factory-06.webp\"\/><\/p>\n<p><img decoding=\"async\" src=\"\/wp-content\/uploads\/factory-07.webp\"\/><\/p>\n<h3>V\u00e6rksted for pulverlakering<\/h3>\n<p><img decoding=\"async\" src=\"\/wp-content\/uploads\/factory-09.webp\"\/><\/p>\n<h3>Anodiseringsv\u00e6rksted<\/h3>\n<p><img decoding=\"async\" src=\"\/wp-content\/uploads\/factory-10.webp\"\/><\/p>\n<h3>Workshop om dyb behandling<\/h3>\n<p><img decoding=\"async\" src=\"\/wp-content\/uploads\/factory-11.webp\"\/><\/p>\n<h3>V\u00e6rksted for CNC-pr\u00e6cisionsbearbejdning<\/h3>\n<p><img decoding=\"async\" src=\"\/wp-content\/uploads\/factory-11.5.webp\"\/><\/p>\n<h3>F\u00e6rdigvare- og eksportlager<\/h3>\n<p><img decoding=\"async\" src=\"\/wp-content\/uploads\/factory-12.webp\"\/><\/p>\n<p><img decoding=\"async\" src=\"\/wp-content\/uploads\/factory-13.webp\"\/><\/p>\n<p><img decoding=\"async\" src=\"\/wp-content\/uploads\/factory-14.webp\"\/><\/p>\n<h2>OFTE STILLEDE SP\u00d8RGSM\u00c5L<\/h2>\n<p><b>1. Hvad er en ekstruderingsprofil af runde aluminiumsr\u00f8r? <\/b><\/p>\n<p> Det er en cylindrisk hul aluminiumsektion, der er skabt gennem ekstrudering, og som bruges til strukturel st\u00f8tte, v\u00e6skeoverf\u00f8rsel og dekorative elementer.\n<\/p>\n<p><\/p>\n<p><b>2. Hvilke overfladebehandlinger kan man f\u00e5 til r\u00f8rprofiler af aluminium? <\/b><\/p>\n<p> Almindelige behandlinger omfatter anodisering (for korrosionsbestandighed og farve) og pulverlakering (for forbedret holdbarhed og tilpasset \u00e6stetik).\n<\/p>\n<p><\/p>\n<p><b>3. Hvilke legeringer bruges typisk til runde aluminiumsr\u00f8r? <\/b><\/p>\n<p> Legeringerne 6063 og 6061 er de mest anvendte p\u00e5 grund af deres fremragende styrke, bearbejdelighed og korrosionsbestandighed.\n<\/p>\n<p><\/p>\n<p><b>4. Kan jeg tilpasse st\u00f8rrelsen p\u00e5 ekstruderede runde aluminiumsr\u00f8r? <\/b><\/p>\n<p> Ja, OEM-producenter tilbyder tilpassede diametre, v\u00e6gtykkelser og l\u00e6ngder, der passer til specifikke design- eller konstruktionskrav.\n<\/p>\n<p><\/p>\n<p><b>5. Er anodiserede aluminiumsr\u00f8r egnet til udend\u00f8rs brug? <\/b><\/p>\n<p> Absolut, anodiserede og pulverlakerede r\u00f8r giver fremragende UV- og vejrbestandighed og er ideelle til udend\u00f8rs brug.\n<\/p>\n<p><\/p>\n<p><b>6. Hvad er de typiske anvendelsesomr\u00e5der for runde aluminiumsr\u00f8rprofiler? <\/b><\/p>\n<p> Disse profiler bruges i m\u00f8belrammer, gardinst\u00e6nger, sportsudstyr, strukturelle rammer og industrielle r\u00f8rsystemer.\n<\/p>\n<p><\/p>\n<p><b>7. Hvordan installeres eller samles r\u00f8rprofiler af aluminium? <\/b><\/p>\n<p> De kan sk\u00e6res, bores, svejses eller forbindes ved hj\u00e6lp af mekaniske fastg\u00f8relseselementer eller aluminiumsforbindelser afh\u00e6ngigt af anvendelsen.\n<\/p>\n<p><\/p>\n<p><b>8. Hvor kan jeg k\u00f8be OEM-ekstruderede runde aluminiumsr\u00f8r? <\/b><\/p>\n<p> F\u00f8rende kinesiske producenter leverer kundetilpassede aluminiumsr\u00f8rprofiler i l\u00f8s v\u00e6gt med en r\u00e6kke forskellige overfladebehandlinger og global forsendelse.\n<\/p>\n<p><\/p>","protected":false},"featured_media":6859,"template":"","categories":[67],"class_list":["post-6860","product","type-product","status-publish","has-post-thumbnail","hentry","category-architectural-aluminium-profile"],"meta_box":{"hilight_text_group":{"product_hilight_text":"<li>High-quality aluminium round tube extrusion profiles with anodized or powder-coated surface treatments<\/li>\r\r\n<li>Manufactured using 6061 or 6063 alloy for strength, corrosion resistance, and formability<\/li>\r\r\n<li>OEM customized dimensions, wall thicknesses, and lengths for structural, decorative, and mechanical uses<\/li>\r\r\n<li>Available in a variety of finishes including clear anodized, black, bronze, silver, and custom powder coating<\/li>\r\r\n<li>Widely used in construction, furniture, transportation, and industrial piping systems<\/li>","product_chanpin_blog":"<ul>\r\r\n<li><a href=\"https:\/\/sinoextrud.com\/t-slot-v-slot-differences\/\" target=\"_blank\">t slot vs v slot<\/a><\/li>\r\r\n<li><a href=\"https:\/\/sinoextrud.com\/what-is-4040-aluminium-extrud\/\" target=\"_blank\">4040 aluminium extrusion<\/a><\/li>\r\r\n<li><a href=\"https:\/\/sinoextrud.com\/what-is-4040-aluminium-extrud\/\" target=\"_blank\">aluminum extrusions for industrial racks<\/a><\/li>\r\r\n<li><a href=\"https:\/\/sinoextrud.com\/powder-coating-aluminium-process\/\" target=\"_blank\">powder coating aluminium<\/a><\/li>\r\r\n<li><a href=\"https:\/\/sinoextrud.com\/what-is-an-aluminium-strip-ceiling\/\" target=\"_blank\">aluminium strip ceiling<\/a><\/li>\r\r\n<li><a href=\"https:\/\/sinoextrud.com\/what-is-a-heat-sink\/\" target=\"_blank\">what is a heat sink<\/a><\/li>\r\r\n<\/ul>","product_chanpin_chanpin":"<li><a href=\"https:\/\/sinoextrud.com\/product\/aluminium-z-section-extrusions\/\" target=\"_blank\">Aluminium Z Section Extrusions<\/a><\/li>\r\n<li><a href=\"https:\/\/sinoextrud.com\/product\/6063-t5-aluminum-extruded-profiles\/\" target=\"_blank\">6063 T5 Aluminum Extruded Profiles<\/a><\/li>\r\n<li><a href=\"https:\/\/sinoextrud.com\/product\/aluminum-sunshading-profile\/\" target=\"_blank\">Aluminum Sunshading Profile<\/a><\/li>\r\n<li><a href=\"https:\/\/sinoextrud.com\/product\/industrial-customized-6063-t5-alloy-aluminium-extrusion-profile\/\" target=\"_blank\">Industrial Customized 6063-T5 Alloy Aluminium Extrusion Profile<\/a><\/li>\r\n<li><a href=\"https:\/\/sinoextrud.com\/product\/aluminium-round-tube-extrusion-profile-with-anodized-powder-coating-surface-treatment-oem-customized-extruded-aluminium-tube-profile\/\" target=\"_blank\">Aluminium Round Tube Extrusion Profile With Anodized Powder Coating Surface Treatment OEM Customized  Extruded Aluminium Tube Profile<\/a><\/li>\r\n<li><a href=\"https:\/\/sinoextrud.com\/product\/anodized-aluminium-industrial-profile-aluminum-extrusion\/\" target=\"_blank\">Anodized Aluminium Industrial Profile & Aluminum Extrusion<\/a><\/li>\r\n<li><a href=\"https:\/\/sinoextrud.com\/product\/anodized-aluminium-industrial-profile-aluminum-extrusion-2\/\" target=\"_blank\">Anodized Aluminium Industrial Profile  Aluminum Extrusion<\/a><\/li>\r\n<li><a href=\"https:\/\/sinoextrud.com\/product\/aluminium-frame-extrusion-profile-picture-frame-profile-for-interior-decoration-supplied-by-china-manufacturer\/\" target=\"_blank\">Aluminium Frame Extrusion Profile Picture Frame Profile for Interior Decoration Supplied By China Manufacturer<\/a><\/li>\r\n<li><a href=\"https:\/\/sinoextrud.com\/product\/aluminum-window-frame-extrusions\/\" target=\"_blank\">Aluminum Window Frame Extrusions<\/a><\/li>\r\n<li><a href=\"https:\/\/sinoextrud.com\/product\/aluminum-extrusion-electrophoresis-aluminum-tube\/\" target=\"_blank\">Aluminum Extrusion Electrophoresis Aluminum Tube<\/a><\/li>\r\n<li><a href=\"https:\/\/sinoextrud.com\/product\/v-slot-rail-aluminum-profile-extrusion\/\" target=\"_blank\">V Slot Rail Aluminum Profile Extrusion<\/a><\/li>"},"feature_list":[]},"_links":{"self":[{"href":"https:\/\/sinoextrud.com\/da\/wp-json\/wp\/v2\/product\/6860","targetHints":{"allow":["GET"]}}],"collection":[{"href":"https:\/\/sinoextrud.com\/da\/wp-json\/wp\/v2\/product"}],"about":[{"href":"https:\/\/sinoextrud.com\/da\/wp-json\/wp\/v2\/types\/product"}],"wp:featuredmedia":[{"embeddable":true,"href":"https:\/\/sinoextrud.com\/da\/wp-json\/wp\/v2\/media\/6859"}],"wp:attachment":[{"href":"https:\/\/sinoextrud.com\/da\/wp-json\/wp\/v2\/media?parent=6860"}],"wp:term":[{"taxonomy":"category","embeddable":true,"href":"https:\/\/sinoextrud.com\/da\/wp-json\/wp\/v2\/categories?post=6860"}],"curies":[{"name":"wp","href":"https:\/\/api.w.org\/{rel}","templated":true}]}}