{"id":6847,"date":"2025-06-03T02:17:31","date_gmt":"2025-06-03T02:17:31","guid":{"rendered":"https:\/\/sinoextrud.com\/product\/oem-aluminium-extrusion-profile-for-furniture-knobs-door-pull-handle\/"},"modified":"2025-06-24T06:11:50","modified_gmt":"2025-06-24T06:11:50","slug":"oem-aluminiumsekstruderingsprofil-til-mobelknopper-dortraekhandtag","status":"publish","type":"product","link":"https:\/\/sinoextrud.com\/da\/product\/oem-aluminium-extrusion-profile-for-furniture-knobs-door-pull-handle\/","title":{"rendered":"OEM aluminiumsekstruderingsprofil til m\u00f8belknopper D\u00f8rtr\u00e6kh\u00e5ndtag"},"content":{"rendered":"<h2>Detaljer om produkter<\/h2>\n<table class=\"custom-table\">\n<tr>\n<td class=\"label\">Vare:<\/td>\n<td>OEM aluminiumsekstruderingsprofil til m\u00f8belknopper D\u00f8rtr\u00e6kh\u00e5ndtag<\/td>\n<\/tr>\n<tr>\n<td class=\"label\">Karakter:<\/td>\n<td>6000-serien<\/td>\n<\/tr>\n<tr>\n<td class=\"label\">Teknik:<\/td>\n<td>Ekstruderet<\/td>\n<\/tr>\n<tr>\n<td class=\"label\">Temperament:<\/td>\n<td>T3 - T8<\/td>\n<\/tr>\n<tr>\n<td class=\"label\">St\u00f8rrelse:<\/td>\n<td>Brugerdefineret<\/td>\n<\/tr>\n<tr>\n<td class=\"label\">Transportpakke:<\/td>\n<td>Eksport af standardpakke<\/td>\n<\/tr>\n<tr>\n<td class=\"label\">Oprindelse:<\/td>\n<td>Kina<\/td>\n<\/tr>\n<tr>\n<td class=\"label\">Type:<\/td>\n<td>Aluminiumsprofiler<\/td>\n<\/tr>\n<tr>\n<td class=\"label\">Overfladebehandling:<\/td>\n<td>Fr\u00e6set finish<\/td>\n<\/tr>\n<tr>\n<td class=\"label\">Legering:<\/td>\n<td>Legering<\/td>\n<\/tr>\n<tr>\n<td class=\"label\">Certificering:<\/td>\n<td>CE<\/td>\n<\/tr>\n<tr>\n<td class=\"label\">Materiale:<\/td>\n<td>Aluminiumslegering<\/td>\n<\/tr>\n<tr>\n<td class=\"label\">Specifikation:<\/td>\n<td>SGS<\/td>\n<\/tr>\n<\/table>\n<h2>Vores produktionsbase<\/h2>\n<h3>Panorama over fabrikken<\/h3>\n<p><img decoding=\"async\" src=\"\/wp-content\/uploads\/factory-01.webp\"\/><\/p>\n<h3>V\u00e6rksted til fremstilling af aluminiumst\u00e6nger<\/h3>\n<p><img decoding=\"async\" src=\"\/wp-content\/uploads\/factory-02.webp\"\/><\/p>\n<\/p>\n<p><img decoding=\"async\" src=\"\/wp-content\/uploads\/factory-03.webp\"\/><\/p>\n<h3>Lager til opbevaring af skimmelsvampe<\/h3>\n<p><img decoding=\"async\" src=\"\/wp-content\/uploads\/factory-04.webp\"\/><\/p>\n<h3>43 ekstruderingslinjer for aluminium (500-5500 ton)<\/h3>\n<p><img decoding=\"async\" src=\"\/wp-content\/uploads\/factory-05.webp\"\/><\/p>\n<p><img decoding=\"async\" src=\"\/wp-content\/uploads\/factory-06.webp\"\/><\/p>\n<p><img decoding=\"async\" src=\"\/wp-content\/uploads\/factory-07.webp\"\/><\/p>\n<h3>V\u00e6rksted for pulverlakering<\/h3>\n<p><img decoding=\"async\" src=\"\/wp-content\/uploads\/factory-09.webp\"\/><\/p>\n<h3>Anodiseringsv\u00e6rksted<\/h3>\n<p><img decoding=\"async\" src=\"\/wp-content\/uploads\/factory-10.webp\"\/><\/p>\n<h3>Workshop om dyb behandling<\/h3>\n<p><img decoding=\"async\" src=\"\/wp-content\/uploads\/factory-11.webp\"\/><\/p>\n<h3>V\u00e6rksted for CNC-pr\u00e6cisionsbearbejdning<\/h3>\n<p><img decoding=\"async\" src=\"\/wp-content\/uploads\/factory-11.5.webp\"\/><\/p>\n<h3>F\u00e6rdigvare- og eksportlager<\/h3>\n<p><img decoding=\"async\" src=\"\/wp-content\/uploads\/factory-12.webp\"\/><\/p>\n<p><img decoding=\"async\" src=\"\/wp-content\/uploads\/factory-13.webp\"\/><\/p>\n<p><img decoding=\"async\" src=\"\/wp-content\/uploads\/factory-14.webp\"\/><\/p>\n<h2>OFTE STILLEDE SP\u00d8RGSM\u00c5L<\/h2>\n<p><b>1. Hvad er en OEM-ekstruderingsprofil i aluminium til knopper og h\u00e5ndtag? <\/b><\/p>\n<p> Det er en specialdesignet aluminiumsprofil, der er ekstruderet til brug ved fremstilling af m\u00f8belknopper, d\u00f8rgreb og skabsgreb.\n<\/p>\n<p><\/p>\n<p><b>2. Hvorfor bruge aluminium til m\u00f8belbeslag? <\/b><\/p>\n<p> Aluminium er let, st\u00e6rkt, korrosionsbestandigt og kan i h\u00f8j grad tilpasses - perfekt til holdbart og stilfuldt hardware.\n<\/p>\n<p><\/p>\n<p><b>3. Hvilken legering er bedst til h\u00e5ndtags- og knopprofiler? <\/b><\/p>\n<p> 6063-T5-legeringen bruges ofte p\u00e5 grund af dens fremragende overfladefinish, formbarhed og modstandsdygtighed over for slid og oxidering.\n<\/p>\n<p><\/p>\n<p><b>4. Hvilke overfladebehandlinger kan man f\u00e5 til aluminiumsh\u00e5ndtag? <\/b><\/p>\n<p> Overfladerne omfatter anodiseret (klar, sort, bronze), pulverlakeret, b\u00f8rstet og tr\u00e6struktur til forskellige dekorative stilarter.\n<\/p>\n<p><\/p>\n<p><b>5. Kan formen og st\u00f8rrelsen tilpasses? <\/b><\/p>\n<p> Ja, OEM-producenter tilbyder komplet tilpasning af dimensioner, krumning, monteringsmuligheder og finish, s\u00e5 de passer til specifikke m\u00f8belserier.\n<\/p>\n<p><\/p>\n<p><b>6. Hvilke anvendelser har h\u00e5ndtagsprofiler i aluminium? <\/b><\/p>\n<p> De bruges i k\u00f8kkenskabe, skuffer, skyded\u00f8re, garderobeskabe, kontorm\u00f8bler og indvendige d\u00f8rsystemer.\n<\/p>\n<p><\/p>\n<p><b>7. Er disse profiler nemme at installere? <\/b><\/p>\n<p> Ja, h\u00e5ndtagsprofiler i aluminium er designet til hurtig montering ved hj\u00e6lp af standardbeslag eller integrerede monteringsl\u00f8sninger.\n<\/p>\n<p><\/p>\n<p><b>8. Hvor kan jeg k\u00f8be disse profiler til fabrikspris? <\/b><\/p>\n<p> De bedste kinesiske producenter tilbyder OEM-aluminiumprofiler i l\u00f8s v\u00e6gt med fuld tilpasning og eksportsupport til m\u00f8bel- og isenkramm\u00e6rker.\n<\/p>\n<p><\/p>","protected":false},"featured_media":6846,"template":"","categories":[67],"class_list":["post-6847","product","type-product","status-publish","has-post-thumbnail","hentry","category-architectural-aluminium-profile"],"meta_box":{"hilight_text_group":{"product_hilight_text":"<li>OEM aluminium extrusion profiles tailored for furniture knobs, door pulls, and handles<\/li>\r\r\n<li>Made from high-quality 6063-T5 alloy ensuring excellent machinability and corrosion resistance<\/li>\r\r\n<li>Available in a variety of surface finishes including anodized, brushed, powder-coated, and wood grain<\/li>\r\r\n<li>Customizable shapes and dimensions to suit modern, minimalist, or classic furniture designs<\/li>\r\r\n<li>Lightweight, durable, and easy to integrate into cabinetry, wardrobes, drawers, and interior doors<\/li>","product_chanpin_blog":"<ul>\r\r\n<li><a href=\"https:\/\/sinoextrud.com\/t-slot-v-slot-differences\/\" target=\"_blank\">t slot vs v slot<\/a><\/li>\r\r\n<li><a href=\"https:\/\/sinoextrud.com\/what-is-4040-aluminium-extrud\/\" target=\"_blank\">4040 aluminium extrusion<\/a><\/li>\r\r\n<li><a href=\"https:\/\/sinoextrud.com\/what-is-4040-aluminium-extrud\/\" target=\"_blank\">aluminum extrusions for industrial racks<\/a><\/li>\r\r\n<li><a href=\"https:\/\/sinoextrud.com\/powder-coating-aluminium-process\/\" target=\"_blank\">powder coating aluminium<\/a><\/li>\r\r\n<li><a href=\"https:\/\/sinoextrud.com\/what-is-an-aluminium-strip-ceiling\/\" target=\"_blank\">aluminium strip ceiling<\/a><\/li>\r\r\n<li><a href=\"https:\/\/sinoextrud.com\/what-is-a-heat-sink\/\" target=\"_blank\">what is a heat sink<\/a><\/li>\r\r\n<\/ul>","product_chanpin_chanpin":"<li><a href=\"https:\/\/sinoextrud.com\/product\/aluminium-sliding-door-electrophoresis-golden\/\" target=\"_blank\">Aluminium Sliding Door Electrophoresis Golden<\/a><\/li>\r\n<li><a href=\"https:\/\/sinoextrud.com\/product\/extruded-aluminium-profile-tube-pipe-with-oval-trigle-square-round-shape-manufacturer-price\/\" target=\"_blank\">Extruded Aluminium Profile Tube Pipe With Oval Trigle Square Round Shape Manufacturer Price<\/a><\/li>\r\n<li><a href=\"https:\/\/sinoextrud.com\/product\/aluminium-sliding-door-brushed-grey\/\" target=\"_blank\">Aluminium Sliding Door Brushed Grey<\/a><\/li>\r\n<li><a href=\"https:\/\/sinoextrud.com\/product\/aluminium-sliding-door-matt-grey\/\" target=\"_blank\">Aluminium Sliding Door Matt Grey<\/a><\/li>\r\n<li><a href=\"https:\/\/sinoextrud.com\/product\/oem-aluminium-extrusion-profile-for-furniture-knobs-door-pull-handle\/\" target=\"_blank\">OEM Aluminium Extrusion Profile For Furniture Knobs Door Pull Handle<\/a><\/li>\r\n<li><a href=\"https:\/\/sinoextrud.com\/product\/aluminium-profile-for-glass-roof\/\" target=\"_blank\">Aluminium Profile For Glass Roof<\/a><\/li>\r\n<li><a href=\"https:\/\/sinoextrud.com\/product\/aluminium-z-section-extrusions\/\" target=\"_blank\">Aluminium Z Section Extrusions<\/a><\/li>\r\n<li><a href=\"https:\/\/sinoextrud.com\/product\/6063-t5-aluminum-extruded-profiles\/\" target=\"_blank\">6063 T5 Aluminum Extruded Profiles<\/a><\/li>\r\n<li><a href=\"https:\/\/sinoextrud.com\/product\/aluminum-sunshading-profile\/\" target=\"_blank\">Aluminum Sunshading Profile<\/a><\/li>\r\n<li><a href=\"https:\/\/sinoextrud.com\/product\/aluminum-railing\/\" target=\"_blank\">Aluminum Railing<\/a><\/li>\r\n<li><a href=\"https:\/\/sinoextrud.com\/product\/industrial-aluminium-profiles\/\" target=\"_blank\">Industrial Aluminium Profiles<\/a><\/li>"},"feature_list":[]},"_links":{"self":[{"href":"https:\/\/sinoextrud.com\/da\/wp-json\/wp\/v2\/product\/6847","targetHints":{"allow":["GET"]}}],"collection":[{"href":"https:\/\/sinoextrud.com\/da\/wp-json\/wp\/v2\/product"}],"about":[{"href":"https:\/\/sinoextrud.com\/da\/wp-json\/wp\/v2\/types\/product"}],"wp:featuredmedia":[{"embeddable":true,"href":"https:\/\/sinoextrud.com\/da\/wp-json\/wp\/v2\/media\/6846"}],"wp:attachment":[{"href":"https:\/\/sinoextrud.com\/da\/wp-json\/wp\/v2\/media?parent=6847"}],"wp:term":[{"taxonomy":"category","embeddable":true,"href":"https:\/\/sinoextrud.com\/da\/wp-json\/wp\/v2\/categories?post=6847"}],"curies":[{"name":"wp","href":"https:\/\/api.w.org\/{rel}","templated":true}]}}