{"id":6819,"date":"2025-06-02T13:15:24","date_gmt":"2025-06-02T13:15:24","guid":{"rendered":"https:\/\/sinoextrud.com\/product\/sliding-door-aluminium-profile-bronze-colour\/"},"modified":"2025-06-24T06:11:46","modified_gmt":"2025-06-24T06:11:46","slug":"skydedor-aluminiumsprofil-bronzefarve","status":"publish","type":"product","link":"https:\/\/sinoextrud.com\/da\/product\/sliding-door-aluminium-profile-bronze-colour\/","title":{"rendered":"Skyded\u00f8rsprofil i aluminium, bronzefarve"},"content":{"rendered":"<h2>Detaljer om produkter<\/h2>\n<table class=\"custom-table\">\n<tr>\n<td class=\"label\">Serie:<\/td>\n<td>Kommercielt system<\/td>\n<\/tr>\n<tr>\n<td class=\"label\">Navn\/model:<\/td>\n<td>Skyded\u00f8rsprofil i aluminium, bronzefarve<\/td>\n<\/tr>\n<tr>\n<td class=\"label\">Standard\/certifikat:<\/td>\n<td>Overholder AS2047\/CSA<\/td>\n<\/tr>\n<tr>\n<td class=\"label\">Glasstandard:<\/td>\n<td>Overholder AS2208\/IGCC<\/td>\n<\/tr>\n<tr>\n<td class=\"label\">Valg af farve:<\/td>\n<td>Standard: mat sort; matteret sort; hvid; gr\u00e5.<br \/>Tilpasset: Brozen; s\u00f8lvgr\u00e5; klar anodiseret; tr\u00e6farve og nogle andre.<\/td>\n<\/tr>\n<tr>\n<td class=\"label\">Termisk isolering:<\/td>\n<td>U-v\u00e6rdi fra 1,5 til 2,0 W\/M2k<\/td>\n<\/tr>\n<tr>\n<td class=\"label\">Vinduesvurdering:<\/td>\n<td>N6<\/td>\n<\/tr>\n<tr>\n<td class=\"label\">Leveringstid for pr\u00f8ver<\/td>\n<td>3 dage<\/td>\n<\/tr>\n<tr>\n<td class=\"label\">Vandgennemtr\u00e6ngning:<\/td>\n<td>450 pence<\/td>\n<\/tr>\n<tr>\n<td class=\"label\">Ultimativ styrke<\/td>\n<td>4500pa<\/td>\n<\/tr>\n<tr>\n<td class=\"label\">Infiltration af luft<\/td>\n<td>75\/150<\/td>\n<\/tr>\n<tr>\n<td class=\"label\">Ekstruderingslegeringer:<\/td>\n<td>6063-T5-profil med 2,0-3,0 mm tykkelse til d\u00f8re, 1,4-2,0 til vinduer<\/td>\n<\/tr>\n<tr>\n<td class=\"label\">Hardware:<\/td>\n<td>Australien doric; tysk m\u00e6rke med 10 \u00e5rs garanti<\/td>\n<\/tr>\n<tr>\n<td class=\"label\">Overfladebehandling:<\/td>\n<td>Pulverlakering opfylder AS 3715, elektroforese, PVDF, anodisering eller tr\u00e6farve<\/td>\n<\/tr>\n<\/table>\n<h2>Vores produktionsbase<\/h2>\n<h3>Panorama over fabrikken<\/h3>\n<p><img decoding=\"async\" src=\"\/wp-content\/uploads\/factory-01.webp\"\/><\/p>\n<h3>V\u00e6rksted til fremstilling af aluminiumst\u00e6nger<\/h3>\n<p><img decoding=\"async\" src=\"\/wp-content\/uploads\/factory-02.webp\"\/><\/p>\n<p><img decoding=\"async\" src=\"\/wp-content\/uploads\/factory-03.webp\"\/><\/p>\n<h3>Lager til opbevaring af skimmelsvampe<\/h3>\n<p><img decoding=\"async\" src=\"\/wp-content\/uploads\/factory-04.webp\"\/><\/p>\n<h3>43 ekstruderingslinjer for aluminium (500-5500 ton)<\/h3>\n<p><img decoding=\"async\" src=\"\/wp-content\/uploads\/factory-05.webp\"\/><\/p>\n<p><img decoding=\"async\" src=\"\/wp-content\/uploads\/factory-06.webp\"\/><\/p>\n<p><img decoding=\"async\" src=\"\/wp-content\/uploads\/factory-07.webp\"\/><\/p>\n<h3>V\u00e6rksted for pulverlakering<\/h3>\n<p><img decoding=\"async\" src=\"\/wp-content\/uploads\/factory-09.webp\"\/><\/p>\n<h3>Anodiseringsv\u00e6rksted<\/h3>\n<p><img decoding=\"async\" src=\"\/wp-content\/uploads\/factory-10.webp\"\/><\/p>\n<h3>Workshop om dyb behandling<\/h3>\n<p><img decoding=\"async\" src=\"\/wp-content\/uploads\/factory-11.webp\"\/><\/p>\n<h3>V\u00e6rksted for CNC-pr\u00e6cisionsbearbejdning<\/h3>\n<p><img decoding=\"async\" src=\"\/wp-content\/uploads\/factory-11.5.webp\"\/><\/p>\n<h3>F\u00e6rdigvare- og eksportlager<\/h3>\n<p><img decoding=\"async\" src=\"\/wp-content\/uploads\/factory-12.webp\"\/><\/p>\n<p><img decoding=\"async\" src=\"\/wp-content\/uploads\/factory-13.webp\"\/><\/p>\n<p><img decoding=\"async\" src=\"\/wp-content\/uploads\/factory-14.webp\"\/><\/p>\n<h2>OFTE STILLEDE SP\u00d8RGSM\u00c5L<\/h2>\n<p><p><b>1. Hvad er en bronzefarvet skyded\u00f8rsprofil i aluminium? <\/b><\/p>\n<p> Det er en aluminiumsprofil, der er belagt med en bronzefinish, og som bruges til at konstruere skyded\u00f8rsrammer, der b\u00e5de er funktionelle og visuelt tiltalende.<br \/>\n<\/p><br \/>\n<br \/>\n<p><b>2. Hvorfor v\u00e6lge bronzefarve til skyded\u00f8rsprofiler i aluminium? <\/b><\/p>\n<p> Bronze giver en sofistikeret, moderne \u00e6stetik og passer godt sammen med en r\u00e6kke forskellige indvendige og udvendige designstile.<br \/>\n<\/p><br \/>\n<br \/>\n<p><b>3. Hvilken legering bruges i skyded\u00f8rsprofiler af bronze? <\/b><\/p>\n<p> Typisk bruges 6063-T5 aluminium p\u00e5 grund af dets fremragende styrke, overfladefinish og korrosionsbestandighed.<br \/>\n<\/p><br \/>\n<br \/>\n<p><b>4. Hvilken type finish anvendes for at skabe bronzefarven? <\/b><\/p>\n<p> Bronzefinish opn\u00e5s typisk ved hj\u00e6lp af anodisering eller elektroforese, som sikrer farvestabilitet og modstandsdygtighed over for falmning og slid.<br \/>\n<\/p><br \/>\n<br \/>\n<p><b>5. Er skydeprofiler af bronzealuminium egnede til udend\u00f8rs brug? <\/b><\/p>\n<p> Ja, den beskyttende bel\u00e6gning forbedrer korrosionsbestandigheden, hvilket g\u00f8r dem ideelle til b\u00e5de indvendige og udvendige skyded\u00f8re.<br \/>\n<\/p><br \/>\n<br \/>\n<p><b>6. Kan profilst\u00f8rrelse og design tilpasses? <\/b><\/p>\n<p> Helt sikkert tilbyder producenterne OEM-tjenester til tilpassede dimensioner, design og finish for at opfylde specifikke arkitektoniske behov.<br \/>\n<\/p><br \/>\n<br \/>\n<p><b>7. Hvilke applikationer bruger skyded\u00f8rsprofiler i bronze? <\/b><\/p>\n<p> De bruges til garderobed\u00f8re, altanafsk\u00e6rmninger, kommercielle indgange og indvendige skillev\u00e6gge, der kr\u00e6ver et f\u00f8rsteklasses udseende.<br \/>\n<\/p><br \/>\n<br \/>\n<p><b>8. Kan man k\u00f8be disse profiler i l\u00f8s v\u00e6gt hos producenterne? <\/b><\/p>\n<p> Ja, mange af de bedste kinesiske leverand\u00f8rer tilbyder direkte priser fra fabrikken og mulighed for massebestillinger med hurtig ekspeditionstid.<br \/>\n<\/p><br \/><\/p>","protected":false},"featured_media":6818,"template":"","categories":[67],"class_list":["post-6819","product","type-product","status-publish","has-post-thumbnail","hentry","category-architectural-aluminium-profile"],"meta_box":{"hilight_text_group":{"product_hilight_text":"<li>Bronze color sliding door aluminum profiles designed for stylish and durable interior and exterior doors<\/li>\r\r\n<li>Manufactured from premium 6063-T5 alloy for excellent corrosion resistance and surface finish<\/li>\r\r\n<li>Electrophoresis or anodized bronze coating provides a rich, long-lasting decorative appearance<\/li>\r\r\n<li>Ideal for wardrobes, patio doors, office partitions, and commercial sliding systems<\/li>\r\r\n<li>Custom sizes and profile shapes available for OEM and architectural design flexibility<\/li>","product_chanpin_blog":"<ul>\r\r\n<li><a href=\"https:\/\/sinoextrud.com\/t-slot-v-slot-differences\/\" target=\"_blank\">t slot vs v slot<\/a><\/li>\r\r\n<li><a href=\"https:\/\/sinoextrud.com\/what-is-4040-aluminium-extrud\/\" target=\"_blank\">4040 aluminium extrusion<\/a><\/li>\r\r\n<li><a href=\"https:\/\/sinoextrud.com\/what-is-4040-aluminium-extrud\/\" target=\"_blank\">aluminum extrusions for industrial racks<\/a><\/li>\r\r\n<li><a href=\"https:\/\/sinoextrud.com\/powder-coating-aluminium-process\/\" target=\"_blank\">powder coating aluminium<\/a><\/li>\r\r\n<li><a href=\"https:\/\/sinoextrud.com\/what-is-an-aluminium-strip-ceiling\/\" target=\"_blank\">aluminium strip ceiling<\/a><\/li>\r\r\n<li><a href=\"https:\/\/sinoextrud.com\/what-is-a-heat-sink\/\" target=\"_blank\">what is a heat sink<\/a><\/li>\r\r\n<\/ul>","product_chanpin_chanpin":"<li><a href=\"https:\/\/sinoextrud.com\/product\/aluminium-alloy-profile-for-cleaning-room-with-good-quality-manufacturer-china\/\" target=\"_blank\">Aluminium Alloy Profile For Cleaning Room With Good Quality Manufacturer China<\/a><\/li>\r\n<li><a href=\"https:\/\/sinoextrud.com\/product\/wood-grain-allow-box-aluminium-section\/\" target=\"_blank\">Wood Grain Allow Box aluminium Section<\/a><\/li>\r\n<li><a href=\"https:\/\/sinoextrud.com\/product\/top-grade-expanded-metal-aluminium-profiles-partition-frame-for-doors-and-windows\/\" target=\"_blank\">Top Grade Expanded Metal Aluminium Profiles Partition Frame For Doors And Windows<\/a><\/li>\r\n<li><a href=\"https:\/\/sinoextrud.com\/product\/6000-series-extrusion-of-aluminum-alloy-profile-for-furniture\/\" target=\"_blank\">6000 Series Extrusion Of Aluminum Alloy Profile for Furniture<\/a><\/li>\r\n<li><a href=\"https:\/\/sinoextrud.com\/product\/sliding-door-aluminium-profile-bronze-colour\/\" target=\"_blank\">Sliding Door Aluminium Profile Bronze Colour<\/a><\/li>\r\n<li><a href=\"https:\/\/sinoextrud.com\/product\/heavy-duty-aluminium-sliding-door-golden\/\" target=\"_blank\">Heavy Duty Aluminium Sliding Door Golden<\/a><\/li>\r\n<li><a href=\"https:\/\/sinoextrud.com\/product\/aluminium-sliding-door-brushed-silver\/\" target=\"_blank\">Aluminium Sliding Door Brushed Silver<\/a><\/li>\r\n<li><a href=\"https:\/\/sinoextrud.com\/product\/aluminium-sliding-door-matt-bronze\/\" target=\"_blank\">Aluminium Sliding Door Matt Bronze<\/a><\/li>\r\n<li><a href=\"https:\/\/sinoextrud.com\/product\/aluminium-extrusion-connectors\/\" target=\"_blank\">Aluminium Extrusion Connectors<\/a><\/li>\r\n<li><a href=\"https:\/\/sinoextrud.com\/product\/fabricated-aluminium-extrusions-electrophoresis-champagne\/\" target=\"_blank\">Fabricated Aluminium Extrusions Electrophoresis Champagne<\/a><\/li>\r\n<li><a href=\"https:\/\/sinoextrud.com\/product\/aluminum-profile-for-glass-railings\/\" target=\"_blank\">Aluminum Profile For Glass Railings<\/a><\/li>"},"feature_list":[]},"_links":{"self":[{"href":"https:\/\/sinoextrud.com\/da\/wp-json\/wp\/v2\/product\/6819","targetHints":{"allow":["GET"]}}],"collection":[{"href":"https:\/\/sinoextrud.com\/da\/wp-json\/wp\/v2\/product"}],"about":[{"href":"https:\/\/sinoextrud.com\/da\/wp-json\/wp\/v2\/types\/product"}],"wp:featuredmedia":[{"embeddable":true,"href":"https:\/\/sinoextrud.com\/da\/wp-json\/wp\/v2\/media\/6818"}],"wp:attachment":[{"href":"https:\/\/sinoextrud.com\/da\/wp-json\/wp\/v2\/media?parent=6819"}],"wp:term":[{"taxonomy":"category","embeddable":true,"href":"https:\/\/sinoextrud.com\/da\/wp-json\/wp\/v2\/categories?post=6819"}],"curies":[{"name":"wp","href":"https:\/\/api.w.org\/{rel}","templated":true}]}}