{"id":6817,"date":"2025-06-02T13:12:31","date_gmt":"2025-06-02T13:12:31","guid":{"rendered":"https:\/\/sinoextrud.com\/product\/6000-series-extrusion-of-aluminum-alloy-profile-for-furniture\/"},"modified":"2025-06-24T06:11:46","modified_gmt":"2025-06-24T06:11:46","slug":"6000-serie-ekstrudering-af-aluminiumslegeringsprofil-til-mobler","status":"publish","type":"product","link":"https:\/\/sinoextrud.com\/da\/product\/6000-series-extrusion-of-aluminum-alloy-profile-for-furniture\/","title":{"rendered":"6000-serie ekstrudering af aluminiumslegeringsprofil til m\u00f8bler"},"content":{"rendered":"<h2>Detaljer om produkter<\/h2>\n<table class=\"custom-table\">\n<tr>\n<td class=\"label\">Vare:<\/td>\n<td>6000-serie ekstrudering af aluminiumslegeringsprofil til m\u00f8bler<\/td>\n<\/tr>\n<tr>\n<td class=\"label\">Form:<\/td>\n<td>i henhold til kundens tegning<\/td>\n<\/tr>\n<tr>\n<td class=\"label\">Temperament:<\/td>\n<td>T3-T8<\/td>\n<\/tr>\n<tr>\n<td class=\"label\">Legering:<\/td>\n<td>Legering<\/td>\n<\/tr>\n<tr>\n<td class=\"label\">OEM-design\/pr\u00f8ver:<\/td>\n<td>Velkommen\/Akceptabel<\/td>\n<\/tr>\n<tr>\n<td class=\"label\">Varem\u00e6rke:<\/td>\n<td> Sinoextrud (Sinoextrud) \/ OEM<\/td>\n<\/tr>\n<tr>\n<td class=\"label\">Specifikation:<\/td>\n<td>I henhold til kundens design<\/td>\n<\/tr>\n<tr>\n<td class=\"label\">Karakter:<\/td>\n<td> 6000-serien<\/td>\n<\/tr>\n<tr>\n<td class=\"label\">Certificering:<\/td>\n<td> CE, ISO, RoHS<\/td>\n<\/tr>\n<tr>\n<td class=\"label\">Testrapport:<\/td>\n<td> Ja<\/td>\n<\/tr>\n<tr>\n<td class=\"label\">Farver:<\/td>\n<td>S\u00f8lv, sort, guld, r\u00f8d, hvid osv.<\/td>\n<\/tr>\n<tr>\n<td class=\"label\">Transportpakke:<\/td>\n<td>Beskyttelsesfilm af plast og vandfast hobbypapir<\/td>\n<\/tr>\n<tr>\n<td class=\"label\">Oprindelse:<\/td>\n<td> Foshan, Guangdong, Kina<\/td>\n<\/tr>\n<\/table>\n<h2>Vores produktionsbase<\/h2>\n<h3>Panorama over fabrikken<\/h3>\n<p><img decoding=\"async\" src=\"\/wp-content\/uploads\/factory-01.webp\"\/><\/p>\n<h3>V\u00e6rksted til fremstilling af aluminiumst\u00e6nger<\/h3>\n<p><img decoding=\"async\" src=\"\/wp-content\/uploads\/factory-02.webp\"\/><\/p>\n<p><img decoding=\"async\" src=\"\/wp-content\/uploads\/factory-03.webp\"\/><\/p>\n<h3>Lager til opbevaring af skimmelsvampe<\/h3>\n<p><img decoding=\"async\" src=\"\/wp-content\/uploads\/factory-04.webp\"\/><\/p>\n<h3>43 ekstruderingslinjer for aluminium (500-5500 ton)<\/h3>\n<p><img decoding=\"async\" src=\"\/wp-content\/uploads\/factory-05.webp\"\/><\/p>\n<p><img decoding=\"async\" src=\"\/wp-content\/uploads\/factory-06.webp\"\/><\/p>\n<p><img decoding=\"async\" src=\"\/wp-content\/uploads\/factory-07.webp\"\/><\/p>\n<h3>V\u00e6rksted for pulverlakering<\/h3>\n<p><img decoding=\"async\" src=\"\/wp-content\/uploads\/factory-09.webp\"\/><\/p>\n<h3>Anodiseringsv\u00e6rksted<\/h3>\n<p><img decoding=\"async\" src=\"\/wp-content\/uploads\/factory-10.webp\"\/><\/p>\n<h3>Workshop om dyb behandling<\/h3>\n<p><img decoding=\"async\" src=\"\/wp-content\/uploads\/factory-11.webp\"\/><\/p>\n<h3>V\u00e6rksted for CNC-pr\u00e6cisionsbearbejdning<\/h3>\n<p><img decoding=\"async\" src=\"\/wp-content\/uploads\/factory-11.5.webp\"\/><\/p>\n<h3>F\u00e6rdigvare- og eksportlager<\/h3>\n<p><img decoding=\"async\" src=\"\/wp-content\/uploads\/factory-12.webp\"\/><\/p>\n<p><img decoding=\"async\" src=\"\/wp-content\/uploads\/factory-13.webp\"\/><\/p>\n<p><img decoding=\"async\" src=\"\/wp-content\/uploads\/factory-14.webp\"\/><\/p>\n<h2>OFTE STILLEDE SP\u00d8RGSM\u00c5L<\/h2>\n<p><p><b>1. Hvad bruges aluminiumslegeringen i 6000-serien til i m\u00f8belprofiler? <\/b><\/p>\n<p> 6000-serien, is\u00e6r 6061 og 6063, giver en god balance mellem styrke, korrosionsbestandighed og formbarhed, hvilket g\u00f8r den perfekt til m\u00f8belrammer af aluminium.<br \/>\n<\/p><br \/>\n<br \/>\n<p><b>2. Hvorfor bruge ekstruderingsprofiler af aluminium til m\u00f8bler? <\/b><\/p>\n<p> Aluminiumsprofiler er lette, holdbare, nemme at forme og korrosionsbestandige, hvilket g\u00f8r dem ideelle til modul\u00e6re, moderne og udend\u00f8rs m\u00f8beldesigns.<br \/>\n<\/p><br \/>\n<br \/>\n<p><b>3. Hvilke overflader er tilg\u00e6ngelige for aluminiumsprofiler til m\u00f8bler i 6000-serien? <\/b><\/p>\n<p> Finishen omfatter anodiseret, pulverlakeret, tr\u00e6struktur, b\u00f8rstet og poleret for at matche forskellige \u00e6stetiske og funktionelle behov.<br \/>\n<\/p><br \/>\n<br \/>\n<p><b>4. Kan disse aluminiumsprofiler tilpasses til forskellige m\u00f8belstile? <\/b><\/p>\n<p> Ja, profiler kan ekstruderes i tilpassede former og st\u00f8rrelser, s\u00e5 de passer til moderne, minimalistiske eller industrielle m\u00f8beldesigns.<br \/>\n<\/p><br \/>\n<br \/>\n<p><b>5. Er aluminiumsprofiler i 6000-serien egnede til udend\u00f8rsm\u00f8bler? <\/b><\/p>\n<p> Is\u00e6r n\u00e5r de er anodiserede eller pulverlakerede, modst\u00e5r disse profiler vejrliget og bevarer deres udseende udend\u00f8rs.<br \/>\n<\/p><br \/>\n<br \/>\n<p><b>6. Hvordan bruges disse profiler til m\u00f8belkonstruktion? <\/b><\/p>\n<p> De bruges i rammer, ben, underst\u00f8tninger, glidesystemer og pyntelister til stole, borde, skabe og reoler.<br \/>\n<\/p><br \/>\n<br \/>\n<p><b>7. Er aluminiumsm\u00f8bler milj\u00f8m\u00e6ssigt b\u00e6redygtige? <\/b><\/p>\n<p> Ja, aluminium er 100% genanvendeligt og bruges i vid udstr\u00e6kning i b\u00e6redygtig m\u00f8belproduktion p\u00e5 grund af dets lange levetid og minimale milj\u00f8p\u00e5virkning.<br \/>\n<\/p><br \/>\n<br \/>\n<p><b>8. Hvor bliver disse profiler fremstillet? <\/b><\/p>\n<p> Mange m\u00f8belprofiler i aluminium af h\u00f8j kvalitet produceres af kinesiske producenter, der tilbyder OEM-service til konkurrencedygtige priser.<br \/>\n<\/p><br \/><\/p>","protected":false},"featured_media":6816,"template":"","categories":[67],"class_list":["post-6817","product","type-product","status-publish","has-post-thumbnail","hentry","category-architectural-aluminium-profile"],"meta_box":{"hilight_text_group":{"product_hilight_text":"<li>Furniture-grade aluminum profiles extruded from 6000 series alloys, primarily 6061 and 6063<\/li>\r\r\n<li>Combines lightweight design with excellent strength, ideal for structural and decorative use<\/li>\r\r\n<li>Superior corrosion resistance, suitable for both indoor and outdoor furniture applications<\/li>\r\r\n<li>Available in anodized, powder-coated, brushed, and wood grain finishes for design versatility<\/li>\r\r\n<li>Customizable in cross-section, length, and surface treatment to match furniture styles<\/li>","product_chanpin_blog":"<ul>\r\r\n<li><a href=\"https:\/\/sinoextrud.com\/t-slot-v-slot-differences\/\" target=\"_blank\">t slot vs v slot<\/a><\/li>\r\r\n<li><a href=\"https:\/\/sinoextrud.com\/what-is-4040-aluminium-extrud\/\" target=\"_blank\">4040 aluminium extrusion<\/a><\/li>\r\r\n<li><a href=\"https:\/\/sinoextrud.com\/what-is-4040-aluminium-extrud\/\" target=\"_blank\">aluminum extrusions for industrial racks<\/a><\/li>\r\r\n<li><a href=\"https:\/\/sinoextrud.com\/powder-coating-aluminium-process\/\" target=\"_blank\">powder coating aluminium<\/a><\/li>\r\r\n<li><a href=\"https:\/\/sinoextrud.com\/what-is-an-aluminium-strip-ceiling\/\" target=\"_blank\">aluminium strip ceiling<\/a><\/li>\r\r\n<li><a href=\"https:\/\/sinoextrud.com\/what-is-a-heat-sink\/\" target=\"_blank\">what is a heat sink<\/a><\/li>\r\r\n<\/ul>","product_chanpin_chanpin":"<li><a href=\"https:\/\/sinoextrud.com\/product\/aluminum-sliding-door-frames-extrusion-profile-with-custom-shape-alloy-6063-for-furnitures-decoration\/\" target=\"_blank\">Aluminum Sliding Door Frames Extrusion Profile With Custom Shape Alloy 6063 For Furnitures Decoration<\/a><\/li>\r\n<li><a href=\"https:\/\/sinoextrud.com\/product\/aluminium-alloy-profile-for-cleaning-room-with-good-quality-manufacturer-china\/\" target=\"_blank\">Aluminium Alloy Profile For Cleaning Room With Good Quality Manufacturer China<\/a><\/li>\r\n<li><a href=\"https:\/\/sinoextrud.com\/product\/wood-grain-allow-box-aluminium-section\/\" target=\"_blank\">Wood Grain Allow Box aluminium Section<\/a><\/li>\r\n<li><a href=\"https:\/\/sinoextrud.com\/product\/top-grade-expanded-metal-aluminium-profiles-partition-frame-for-doors-and-windows\/\" target=\"_blank\">Top Grade Expanded Metal Aluminium Profiles Partition Frame For Doors And Windows<\/a><\/li>\r\n<li><a href=\"https:\/\/sinoextrud.com\/product\/6000-series-extrusion-of-aluminum-alloy-profile-for-furniture\/\" target=\"_blank\">6000 Series Extrusion Of Aluminum Alloy Profile for Furniture<\/a><\/li>\r\n<li><a href=\"https:\/\/sinoextrud.com\/product\/sliding-door-aluminium-profile-bronze-colour\/\" target=\"_blank\">Sliding Door Aluminium Profile Bronze Colour<\/a><\/li>\r\n<li><a href=\"https:\/\/sinoextrud.com\/product\/heavy-duty-aluminium-sliding-door-golden\/\" target=\"_blank\">Heavy Duty Aluminium Sliding Door Golden<\/a><\/li>\r\n<li><a href=\"https:\/\/sinoextrud.com\/product\/aluminium-sliding-door-brushed-silver\/\" target=\"_blank\">Aluminium Sliding Door Brushed Silver<\/a><\/li>\r\n<li><a href=\"https:\/\/sinoextrud.com\/product\/aluminium-sliding-door-matt-bronze\/\" target=\"_blank\">Aluminium Sliding Door Matt Bronze<\/a><\/li>\r\n<li><a href=\"https:\/\/sinoextrud.com\/product\/aluminum-extrusion-6061-6082-automotive-bumper-beam\/\" target=\"_blank\">Aluminum Extrusion 6061 6082 Automotive Bumper Beam<\/a><\/li>\r\n<li><a href=\"https:\/\/sinoextrud.com\/product\/aluminium-slot-profile\/\" target=\"_blank\">Aluminium Slot Profile<\/a><\/li>"},"feature_list":[]},"_links":{"self":[{"href":"https:\/\/sinoextrud.com\/da\/wp-json\/wp\/v2\/product\/6817","targetHints":{"allow":["GET"]}}],"collection":[{"href":"https:\/\/sinoextrud.com\/da\/wp-json\/wp\/v2\/product"}],"about":[{"href":"https:\/\/sinoextrud.com\/da\/wp-json\/wp\/v2\/types\/product"}],"wp:featuredmedia":[{"embeddable":true,"href":"https:\/\/sinoextrud.com\/da\/wp-json\/wp\/v2\/media\/6816"}],"wp:attachment":[{"href":"https:\/\/sinoextrud.com\/da\/wp-json\/wp\/v2\/media?parent=6817"}],"wp:term":[{"taxonomy":"category","embeddable":true,"href":"https:\/\/sinoextrud.com\/da\/wp-json\/wp\/v2\/categories?post=6817"}],"curies":[{"name":"wp","href":"https:\/\/api.w.org\/{rel}","templated":true}]}}