{"id":6801,"date":"2025-06-02T12:42:44","date_gmt":"2025-06-02T12:42:44","guid":{"rendered":"https:\/\/sinoextrud.com\/product\/sand-blastedsand-blastedaluminium-profile-extuded-for-handrail-and-barrier-with-internation-standard\/"},"modified":"2025-06-24T06:11:43","modified_gmt":"2025-06-24T06:11:43","slug":"sandblaestsandblaestaluminiumsprofil-udstanset-til-gelaender-og-barriere-med-international-standard","status":"publish","type":"product","link":"https:\/\/sinoextrud.com\/da\/product\/sand-blastedsand-blastedaluminium-profile-extuded-for-handrail-and-barrier-with-internation-standard\/","title":{"rendered":"Sandbl\u00e6stSandbl\u00e6stAluminiumsprofil udstanset til gel\u00e6nder og barriere med international standard"},"content":{"rendered":"<h2>Detaljer om produkter<\/h2>\n<table class=\"custom-table\">\n<tr>\n<td class=\"label\">Navn:<\/td>\n<td>Sandbl\u00e6stSandbl\u00e6stAluminiumsprofil udstanset til gel\u00e6nder og barriere med international standard<\/td>\n<\/tr>\n<\/table>\n<h2>Vores produktionsbase<\/h2>\n<h3>Panorama over fabrikken<\/h3>\n<p><img decoding=\"async\" src=\"\/wp-content\/uploads\/factory-01.webp\"\/><\/p>\n<h3>V\u00e6rksted til fremstilling af aluminiumst\u00e6nger<\/h3>\n<p><img decoding=\"async\" src=\"\/wp-content\/uploads\/factory-02.webp\"\/><\/p>\n<p><img decoding=\"async\" src=\"\/wp-content\/uploads\/factory-03.webp\"\/><\/p>\n<h3>Lager til opbevaring af skimmelsvampe<\/h3>\n<p><img decoding=\"async\" src=\"\/wp-content\/uploads\/factory-04.webp\"\/><\/p>\n<h3>43 ekstruderingslinjer for aluminium (500-5500 ton)<\/h3>\n<p><img decoding=\"async\" src=\"\/wp-content\/uploads\/factory-05.webp\"\/><\/p>\n<p><img decoding=\"async\" src=\"\/wp-content\/uploads\/factory-06.webp\"\/><\/p>\n<p><img decoding=\"async\" src=\"\/wp-content\/uploads\/factory-07.webp\"\/><\/p>\n<h3>V\u00e6rksted for pulverlakering<\/h3>\n<p><img decoding=\"async\" src=\"\/wp-content\/uploads\/factory-09.webp\"\/><\/p>\n<h3>Anodiseringsv\u00e6rksted<\/h3>\n<p><img decoding=\"async\" src=\"\/wp-content\/uploads\/factory-10.webp\"\/><\/p>\n<h3>Workshop om dyb behandling<\/h3>\n<p><img decoding=\"async\" src=\"\/wp-content\/uploads\/factory-11.webp\"\/><\/p>\n<h3>V\u00e6rksted for CNC-pr\u00e6cisionsbearbejdning<\/h3>\n<p><img decoding=\"async\" src=\"\/wp-content\/uploads\/factory-11.5.webp\"\/><\/p>\n<h3>F\u00e6rdigvare- og eksportlager<\/h3>\n<p><img decoding=\"async\" src=\"\/wp-content\/uploads\/factory-12.webp\"\/><\/p>\n<p><img decoding=\"async\" src=\"\/wp-content\/uploads\/factory-13.webp\"\/><\/p>\n<p><img decoding=\"async\" src=\"\/wp-content\/uploads\/factory-14.webp\"\/><\/p>\n<h2>OFTE STILLEDE SP\u00d8RGSM\u00c5L<\/h2>\n<p><p><b>1. Hvad er en sandbl\u00e6st aluminiumsprofil til gel\u00e6ndere og barrierer? <\/b><\/p>\n<p> Det er en aluminiumprofil, der har gennemg\u00e5et en sandbl\u00e6sningsproces for at skabe en mat, struktureret overflade, der er ideel til gel\u00e6ndere og sikkerhedsbarrierer.<br \/>\n<\/p><br \/>\n<br \/>\n<p><b>2. Hvorfor bruges sandbl\u00e6sning p\u00e5 h\u00e5ndlisteprofiler af aluminium? <\/b><\/p>\n<p> Sandbl\u00e6sning forbedrer grebet, reducerer bl\u00e6nding og giver en ensartet overflade, der forbedrer b\u00e5de sikkerhed og udseende i offentlige og kommercielle rum.<br \/>\n<\/p><br \/>\n<br \/>\n<p><b>3. Hvilken legering bruges typisk til disse aluminiumsprofiler? <\/b><\/p>\n<p> 6063-T5 aluminiumslegering foretr\u00e6kkes p\u00e5 grund af dens fremragende styrke, korrosionsbestandighed og egnethed til anodisering eller bel\u00e6gning.<br \/>\n<\/p><br \/>\n<br \/>\n<p><b>4. Er disse aluminiumsprofiler i overensstemmelse med internationale standarder? <\/b><\/p>\n<p> Ja, de er produceret til at opfylde eller overg\u00e5 internationale sikkerheds- og ydelsesstandarder for arkitektoniske og sikkerhedsm\u00e6ssige installationer.<br \/>\n<\/p><br \/>\n<br \/>\n<p><b>5. Kan den sandbl\u00e6ste finish kombineres med anodisering eller pulverlakering? <\/b><\/p>\n<p> Absolut, sandbl\u00e6ste profiler kan efterbehandles med anodisering eller pulverlakering for at forbedre holdbarheden og opn\u00e5 specifikke krav til farve eller struktur.<br \/>\n<\/p><br \/>\n<br \/>\n<p><b>6. Hvor bruges sandbl\u00e6ste aluminiumsgel\u00e6nderprofiler ofte? <\/b><\/p>\n<p> De bruges til trapper, balkoner, fodg\u00e6ngerbarrierer, offentlige transportstationer og sikkerhedsinstallationer i kommercielle bygninger.<br \/>\n<\/p><br \/>\n<br \/>\n<p><b>7. Er installationen af disse profiler ligetil? <\/b><\/p>\n<p> Ja, de er lette og designet til modul\u00e6r installation, hvilket forenkler processen og reducerer arbejdsomkostningerne.<br \/>\n<\/p><br \/>\n<br \/>\n<p><b>8. Er sandbl\u00e6st aluminium milj\u00f8m\u00e6ssigt b\u00e6redygtigt? <\/b><\/p>\n<p> Ja, aluminium er 100% genanvendeligt, og sandbl\u00e6sningsprocessen bruger ingen skadelige kemikalier, hvilket g\u00f8r det til en milj\u00f8venlig l\u00f8sning.<br \/>\n<\/p><br \/><\/p>","protected":false},"featured_media":6800,"template":"","categories":[67],"class_list":["post-6801","product","type-product","status-publish","has-post-thumbnail","hentry","category-architectural-aluminium-profile"],"meta_box":{"hilight_text_group":{"product_hilight_text":"<li>Sand blasted aluminum profiles designed for handrails and barriers in commercial and public infrastructure<\/li>\r\r\n<li>Manufactured to international standards using high-grade 6063-T5 aluminum alloy<\/li>\r\r\n<li>Non-reflective sandblasted finish provides enhanced grip and aesthetic appeal<\/li>\r\r\n<li>Corrosion-resistant and durable, suitable for both indoor and outdoor environments<\/li>\r\r\n<li>Custom lengths, shapes, and finishes available to meet diverse architectural requirements<\/li>","product_chanpin_blog":"<ul>\r\r\n<li><a href=\"https:\/\/sinoextrud.com\/t-slot-v-slot-differences\/\" target=\"_blank\">t slot vs v slot<\/a><\/li>\r\r\n<li><a href=\"https:\/\/sinoextrud.com\/what-is-4040-aluminium-extrud\/\" target=\"_blank\">4040 aluminium extrusion<\/a><\/li>\r\r\n<li><a href=\"https:\/\/sinoextrud.com\/what-is-4040-aluminium-extrud\/\" target=\"_blank\">aluminum extrusions for industrial racks<\/a><\/li>\r\r\n<li><a href=\"https:\/\/sinoextrud.com\/powder-coating-aluminium-process\/\" target=\"_blank\">powder coating aluminium<\/a><\/li>\r\r\n<li><a href=\"https:\/\/sinoextrud.com\/what-is-an-aluminium-strip-ceiling\/\" target=\"_blank\">aluminium strip ceiling<\/a><\/li>\r\r\n<li><a href=\"https:\/\/sinoextrud.com\/what-is-a-heat-sink\/\" target=\"_blank\">what is a heat sink<\/a><\/li>\r\r\n<\/ul>","product_chanpin_chanpin":"<li><a href=\"https:\/\/sinoextrud.com\/product\/aluminum-angle-extrusion\/\" target=\"_blank\">Aluminum Angle Extrusion<\/a><\/li>\r\n<li><a href=\"https:\/\/sinoextrud.com\/product\/aluminium-sliding-door-pictures-new-update-sliding-wardrobe-doors-profile-manufacturers-oem-value-frame-extrusion\/\" target=\"_blank\">aluminium sliding door pictures new update sliding wardrobe doors profile manufacturers OEM value frame extrusion<\/a><\/li>\r\n<li><a href=\"https:\/\/sinoextrud.com\/product\/anodized-aluminum-frame-extrusion-for-picture-price-per-pound\/\" target=\"_blank\">anodized aluminum frame extrusion for picture price per pound<\/a><\/li>\r\n<li><a href=\"https:\/\/sinoextrud.com\/product\/anodise-aluminum-curtain-wall-profile-with-custom-shape-alloy-6063\/\" target=\"_blank\">Anodise Aluminum Curtain Wall Profile With Custom Shape Alloy 6063<\/a><\/li>\r\n<li><a href=\"https:\/\/sinoextrud.com\/product\/sand-blastedsand-blastedaluminium-profile-extuded-for-handrail-and-barrier-with-internation-standard\/\" target=\"_blank\">Sand BlastedSand BlastedAluminium Profile Extuded For Handrail And Barrier With Internation Standard<\/a><\/li>\r\n<li><a href=\"https:\/\/sinoextrud.com\/product\/aluminum-thermal-break-profile-for-window-and-door\/\" target=\"_blank\">Aluminum Thermal Break Profile for Window And Door<\/a><\/li>\r\n<li><a href=\"https:\/\/sinoextrud.com\/product\/aluminium-louver-profile\/\" target=\"_blank\">Aluminium Louver Profile<\/a><\/li>\r\n<li><a href=\"https:\/\/sinoextrud.com\/product\/aluminium-profile-louver\/\" target=\"_blank\">Aluminium Profile Louver<\/a><\/li>\r\n<li><a href=\"https:\/\/sinoextrud.com\/product\/aluminum-sliding-door-frames-extrusion-profile-with-custom-shape-alloy-6063-for-furnitures-decoration\/\" target=\"_blank\">Aluminum Sliding Door Frames Extrusion Profile With Custom Shape Alloy 6063 For Furnitures Decoration<\/a><\/li>\r\n<li><a href=\"https:\/\/sinoextrud.com\/product\/alloy-aluminium\/\" target=\"_blank\">Alloy Aluminium<\/a><\/li>\r\n<li><a href=\"https:\/\/sinoextrud.com\/product\/aluminum-cabinet-extrusions\/\" target=\"_blank\">Aluminum Cabinet Extrusions<\/a><\/li>"},"feature_list":[]},"_links":{"self":[{"href":"https:\/\/sinoextrud.com\/da\/wp-json\/wp\/v2\/product\/6801","targetHints":{"allow":["GET"]}}],"collection":[{"href":"https:\/\/sinoextrud.com\/da\/wp-json\/wp\/v2\/product"}],"about":[{"href":"https:\/\/sinoextrud.com\/da\/wp-json\/wp\/v2\/types\/product"}],"wp:featuredmedia":[{"embeddable":true,"href":"https:\/\/sinoextrud.com\/da\/wp-json\/wp\/v2\/media\/6800"}],"wp:attachment":[{"href":"https:\/\/sinoextrud.com\/da\/wp-json\/wp\/v2\/media?parent=6801"}],"wp:term":[{"taxonomy":"category","embeddable":true,"href":"https:\/\/sinoextrud.com\/da\/wp-json\/wp\/v2\/categories?post=6801"}],"curies":[{"name":"wp","href":"https:\/\/api.w.org\/{rel}","templated":true}]}}