{"id":6779,"date":"2025-06-01T15:15:51","date_gmt":"2025-06-01T15:15:51","guid":{"rendered":"https:\/\/sinoextrud.com\/product\/aluminium-shop-front-extrusions\/"},"modified":"2025-06-24T06:11:40","modified_gmt":"2025-06-24T06:11:40","slug":"aluminiumsprofiler-til-butiksfacader","status":"publish","type":"product","link":"https:\/\/sinoextrud.com\/da\/product\/aluminium-shop-front-extrusions\/","title":{"rendered":"Ekstruderede butiksfacader i aluminium"},"content":{"rendered":"<h2>Detaljer om produkter<\/h2>\n<table class=\"custom-table\">\n<tr>\n<td class=\"label\">Form:<\/td>\n<td>skillev\u00e6gsprofil aluminiumsprofil<\/td>\n<\/tr>\n<tr>\n<td class=\"label\">Temperament:<\/td>\n<td>T3-T8<\/td>\n<\/tr>\n<tr>\n<td class=\"label\">Legering:<\/td>\n<td>Legering<\/td>\n<\/tr>\n<tr>\n<td class=\"label\">Legeringsingrediens:<\/td>\n<td>6063<\/td>\n<\/tr>\n<tr>\n<td class=\"label\">Overfladebehandling:<\/td>\n<td>pulverlakering, polering, anodisering<\/td>\n<\/tr>\n<tr>\n<td class=\"label\">\u00c6re:<\/td>\n<td>Kinas top 10-leverand\u00f8r<\/td>\n<\/tr>\n<tr>\n<td class=\"label\">Anden finish:<\/td>\n<td>Anodisering, sandbl\u00e6sning, pulverlakering, polering<\/td>\n<\/tr>\n<tr>\n<td class=\"label\">Kvalitetsgaranti:<\/td>\n<td>100% Godt produkt f\u00f8r forsendelse<\/td>\n<\/tr>\n<tr>\n<td class=\"label\">Acceptabel valuta:<\/td>\n<td>USD, kinesisk RMB, EUR<\/td>\n<\/tr>\n<tr>\n<td class=\"label\">Certificering:<\/td>\n<td>ISO 9001<\/td>\n<\/tr>\n<tr>\n<td class=\"label\">HS-kode:<\/td>\n<td>760429900<\/td>\n<\/tr>\n<tr>\n<td class=\"label\">Type:<\/td>\n<td>Dekorationsprofil i aluminium, bygningsskinne<\/td>\n<\/tr>\n<tr>\n<td class=\"label\">Karakter:<\/td>\n<td>6000-serien<\/td>\n<\/tr>\n<tr>\n<td class=\"label\">Produkt:<\/td>\n<td>Ekstruderingsprofil i aluminium<\/td>\n<\/tr>\n<tr>\n<td class=\"label\">Bearbejdning:<\/td>\n<td>Raffineret sk\u00e6ring, fr\u00e6sning, boring, stansning, C<\/td>\n<\/tr>\n<tr>\n<td class=\"label\">Glasruder:<\/td>\n<td>8-12 mm<\/td>\n<\/tr>\n<tr>\n<td class=\"label\">Oprindelse:<\/td>\n<td>Foshan, Guangdong.<\/td>\n<\/tr>\n<\/table>\n<h2>Vores produktionsbase<\/h2>\n<h3>Panorama over fabrikken<\/h3>\n<p><img decoding=\"async\" src=\"\/wp-content\/uploads\/factory-01.webp\"\/><\/p>\n<h3>V\u00e6rksted til fremstilling af aluminiumst\u00e6nger<\/h3>\n<p><img decoding=\"async\" src=\"\/wp-content\/uploads\/factory-02.webp\"\/><\/p>\n<p><img decoding=\"async\" src=\"\/wp-content\/uploads\/factory-03.webp\"\/><\/p>\n<h3>Lager til opbevaring af skimmelsvampe<\/h3>\n<p><img decoding=\"async\" src=\"\/wp-content\/uploads\/factory-04.webp\"\/><\/p>\n<h3>43 ekstruderingslinjer for aluminium (500-5500 ton)<\/h3>\n<p><img decoding=\"async\" src=\"\/wp-content\/uploads\/factory-05.webp\"\/><\/p>\n<p><img decoding=\"async\" src=\"\/wp-content\/uploads\/factory-06.webp\"\/><\/p>\n<p><img decoding=\"async\" src=\"\/wp-content\/uploads\/factory-07.webp\"\/><\/p>\n<h3>V\u00e6rksted for pulverlakering<\/h3>\n<p><img decoding=\"async\" src=\"\/wp-content\/uploads\/factory-09.webp\"\/><\/p>\n<h3>Anodiseringsv\u00e6rksted<\/h3>\n<p><img decoding=\"async\" src=\"\/wp-content\/uploads\/factory-10.webp\"\/><\/p>\n<h3>Workshop om dyb behandling<\/h3>\n<p><img decoding=\"async\" src=\"\/wp-content\/uploads\/factory-11.webp\"\/><\/p>\n<h3>V\u00e6rksted for CNC-pr\u00e6cisionsbearbejdning<\/h3>\n<p><img decoding=\"async\" src=\"\/wp-content\/uploads\/factory-11.5.webp\"\/><\/p>\n<h3>F\u00e6rdigvare- og eksportlager<\/h3>\n<p><img decoding=\"async\" src=\"\/wp-content\/uploads\/factory-12.webp\"\/><\/p>\n<p><img decoding=\"async\" src=\"\/wp-content\/uploads\/factory-13.webp\"\/><\/p>\n<p><img decoding=\"async\" src=\"\/wp-content\/uploads\/factory-14.webp\"\/><\/p>\n<h2>OFTE STILLEDE SP\u00d8RGSM\u00c5L<\/h2>\n<p><p><b>1. Hvad er aluminiumsprofiler til butiksfacader? <\/b><\/p>\n<p> Aluminiumsprofiler til butiksfacader er strukturelle aluminiumsprofiler, der bruges til at bygge kommercielle butiksfacader, herunder d\u00f8re, vinduer og glasrammer.<br \/>\n<\/p><br \/>\n<br \/>\n<p><b>2. Hvorfor bruge aluminiumsprofiler til butiksfacader? <\/b><\/p>\n<p> Aluminium er let, st\u00e6rkt, korrosionsbestandigt og kan tilpasses, hvilket g\u00f8r det ideelt til kommercielle indgangspartier og udstillingsvinduer med stor trafik.<br \/>\n<\/p><br \/>\n<br \/>\n<p><b>3. Hvilke overflader kan man f\u00e5 til butiksfacadeprofiler i aluminium? <\/b><\/p>\n<p> Almindelige overflader omfatter anodisering, pulverlakering og tr\u00e6struktur, som giver b\u00e5de holdbarhed og \u00e6stetisk fleksibilitet.<br \/>\n<\/p><br \/>\n<br \/>\n<p><b>4. Kan aluminiumsprofiler til butiksfacader tilpasses? <\/b><\/p>\n<p> Ja, profiler kan skr\u00e6ddersys med hensyn til dimensioner, farve og design, s\u00e5 de opfylder arkitektoniske specifikationer og brandingbehov.<br \/>\n<\/p><br \/>\n<br \/>\n<p><b>5. Er disse profiler kompatible med glas- og d\u00f8rsystemer? <\/b><\/p>\n<p> Butiksfacadeprofiler i aluminium er absolut designet til at kunne integreres med forskellige glastykkelser og d\u00f8rbeslagssystemer.<br \/>\n<\/p><br \/>\n<br \/>\n<p><b>6. Er aluminium egnet til udvendige butiksfacader? <\/b><\/p>\n<p> Ja, aluminiums naturlige korrosionsbestandighed og beskyttende finish g\u00f8r det ideelt til udvendige kommercielle anvendelser.<br \/>\n<\/p><br \/>\n<br \/>\n<p><b>7. Hvilke typer virksomheder bruger aluminiumsprofiler til butiksfacader? <\/b><\/p>\n<p> Detailbutikker, udstillingslokaler, kontorbygninger, banker og restauranter bruger ofte butiksfacadesystemer i aluminium p\u00e5 grund af deres holdbarhed og stil.<br \/>\n<\/p><br \/>\n<br \/>\n<p><b>8. Er aluminium et b\u00e6redygtigt valg til konstruktion af butiksfacader? <\/b><\/p>\n<p> Ja, aluminium er genanvendeligt og underst\u00f8tter gr\u00f8nne bygningsinitiativer, hvilket reducerer milj\u00f8p\u00e5virkningen, samtidig med at det giver en langsigtet ydeevne.<br \/>\n<\/p><br \/><\/p>","protected":false},"featured_media":6778,"template":"","categories":[67],"class_list":["post-6779","product","type-product","status-publish","has-post-thumbnail","hentry","category-architectural-aluminium-profile"],"meta_box":{"hilight_text_group":{"product_hilight_text":"<li>Engineered aluminum extrusions designed specifically for modern shop front systems<\/li>\r\r\n<li>Offers high structural strength and corrosion resistance for long-term durability<\/li>\r\r\n<li>Available in anodized, powder-coated, and custom finishes for premium aesthetics<\/li>\r\r\n<li>Compatible with glazing systems and door hardware for seamless installation<\/li>\r\r\n<li>Lightweight and easy to fabricate, reducing labor and installation time<\/li>","product_chanpin_blog":"<ul>\r\r\n<li><a href=\"https:\/\/sinoextrud.com\/t-slot-v-slot-differences\/\" target=\"_blank\">t slot vs v slot<\/a><\/li>\r\r\n<li><a href=\"https:\/\/sinoextrud.com\/what-is-4040-aluminium-extrud\/\" target=\"_blank\">4040 aluminium extrusion<\/a><\/li>\r\r\n<li><a href=\"https:\/\/sinoextrud.com\/what-is-4040-aluminium-extrud\/\" target=\"_blank\">aluminum extrusions for industrial racks<\/a><\/li>\r\r\n<li><a href=\"https:\/\/sinoextrud.com\/powder-coating-aluminium-process\/\" target=\"_blank\">powder coating aluminium<\/a><\/li>\r\r\n<li><a href=\"https:\/\/sinoextrud.com\/what-is-an-aluminium-strip-ceiling\/\" target=\"_blank\">aluminium strip ceiling<\/a><\/li>\r\r\n<li><a href=\"https:\/\/sinoextrud.com\/what-is-a-heat-sink\/\" target=\"_blank\">what is a heat sink<\/a><\/li>\r\r\n<\/ul>","product_chanpin_chanpin":"<li><a href=\"https:\/\/sinoextrud.com\/product\/anodizing-aluminium-section-sliding-window\/\" target=\"_blank\">Anodizing Aluminium Section Sliding Window<\/a><\/li>\r\n<li><a href=\"https:\/\/sinoextrud.com\/product\/wholesale-aluminium-extrusion-corner-profile\/\" target=\"_blank\">Wholesale Aluminium Extrusion Corner Profile<\/a><\/li>\r\n<li><a href=\"https:\/\/sinoextrud.com\/product\/anodizing-housings-large-aluminum-extrusions\/\" target=\"_blank\">Anodizing Housings Large Aluminum Extrusions<\/a><\/li>\r\n<li><a href=\"https:\/\/sinoextrud.com\/product\/aluminium-extrusion-profile-for-furniture-aluminum-profile-with-alloy-6063-t5-supplied-by-china-factory\/\" target=\"_blank\">Aluminium Extrusion Profile for Furniture Aluminum Profile With Alloy 6063 T5 Supplied By China Factory<\/a><\/li>\r\n<li><a href=\"https:\/\/sinoextrud.com\/product\/aluminium-shop-front-extrusions\/\" target=\"_blank\">Aluminium Shop Front Extrusions<\/a><\/li>\r\n<li><a href=\"https:\/\/sinoextrud.com\/product\/extruded-aluminum-handrail\/\" target=\"_blank\">Extruded Aluminum Handrail<\/a><\/li>\r\n<li><a href=\"https:\/\/sinoextrud.com\/product\/aluminum-mill-finish\/\" target=\"_blank\">Aluminum Mill Finish<\/a><\/li>\r\n<li><a href=\"https:\/\/sinoextrud.com\/product\/extruded-aluminum-profiles-prices-competitive-99-pure-aluminum-ingot-curtain-wall-aluminum-profile-extrusion-manufacturers\/\" target=\"_blank\">Extruded aluminum profiles prices competitive 99% pure aluminum ingot curtain wall aluminum profile extrusion manufacturers<\/a><\/li>\r\n<li><a href=\"https:\/\/sinoextrud.com\/product\/aluminium-sliding-door-profiles\/\" target=\"_blank\">Aluminium Sliding Door Profiles<\/a><\/li>\r\n<li><a href=\"https:\/\/sinoextrud.com\/product\/aluminium-extrusion-handles-for-closet\/\" target=\"_blank\">Aluminium Extrusion Handles for Closet<\/a><\/li>\r\n<li><a href=\"https:\/\/sinoextrud.com\/product\/aluminium-window-and-door-profiles\/\" target=\"_blank\">Aluminium Window And Door Profiles<\/a><\/li>"},"feature_list":[]},"_links":{"self":[{"href":"https:\/\/sinoextrud.com\/da\/wp-json\/wp\/v2\/product\/6779","targetHints":{"allow":["GET"]}}],"collection":[{"href":"https:\/\/sinoextrud.com\/da\/wp-json\/wp\/v2\/product"}],"about":[{"href":"https:\/\/sinoextrud.com\/da\/wp-json\/wp\/v2\/types\/product"}],"wp:featuredmedia":[{"embeddable":true,"href":"https:\/\/sinoextrud.com\/da\/wp-json\/wp\/v2\/media\/6778"}],"wp:attachment":[{"href":"https:\/\/sinoextrud.com\/da\/wp-json\/wp\/v2\/media?parent=6779"}],"wp:term":[{"taxonomy":"category","embeddable":true,"href":"https:\/\/sinoextrud.com\/da\/wp-json\/wp\/v2\/categories?post=6779"}],"curies":[{"name":"wp","href":"https:\/\/api.w.org\/{rel}","templated":true}]}}