{"id":6777,"date":"2025-06-01T15:13:02","date_gmt":"2025-06-01T15:13:02","guid":{"rendered":"https:\/\/sinoextrud.com\/product\/aluminium-extrusion-profile-for-furniture-aluminum-profile-with-alloy-6063-t5-supplied-by-china-factory\/"},"modified":"2025-06-24T06:11:40","modified_gmt":"2025-06-24T06:11:40","slug":"aluminiumsekstruderingsprofil-til-mobler-aluminiumsprofil-med-legering-6063-t5-leveret-af-kina-fabrik","status":"publish","type":"product","link":"https:\/\/sinoextrud.com\/da\/product\/aluminium-extrusion-profile-for-furniture-aluminum-profile-with-alloy-6063-t5-supplied-by-china-factory\/","title":{"rendered":"Aluminiumsekstruderingsprofil til m\u00f8bler Aluminiumsprofil med legering 6063 T5 leveret af Kina fabrik"},"content":{"rendered":"<h2>Detaljer om produkter<\/h2>\n<table class=\"custom-table\">\n<tr>\n<td class=\"label\">Beskrivelse<\/td>\n<td>Aluminiumsekstruderingsprofil til m\u00f8bler Aluminiumsprofil med legering 6063 T5 leveret af Kina fabrik<\/td>\n<\/tr>\n<tr>\n<td class=\"label\">Legering\/Temper<\/td>\n<td>6063-T5\/6060-T5; 6063-T6\/6060-T6<\/td>\n<\/tr>\n<tr>\n<td class=\"label\">Overfladebehandling<\/td>\n<td>Mill finish; anodiseret; pulverlakeret; tr\u00e6korn, maskin-\/syrepoleret osv.<\/td>\n<\/tr>\n<tr>\n<td class=\"label\">Standard g\u00e6lder<\/td>\n<td>EN755;DIN;ASTMB221;GB5237-2008 osv.<\/td>\n<\/tr>\n<tr>\n<td class=\"label\">Pris<\/td>\n<td>SMM\/LME-pris p\u00e5 prim\u00e6raluminium + de mest konkurrencedygtige konverteringsomkostninger<\/td>\n<\/tr>\n<tr>\n<td class=\"label\">Politik for skimmelsvamp<\/td>\n<td>Hver k\u00f8bt m\u00e6ngde kommer op p\u00e5 3 ton, refundering af skimmelbetaling<\/td>\n<\/tr>\n<tr>\n<td class=\"label\">Tidsplan for levering<\/td>\n<td>pr\u00f8ve: inden for 15 dage; ordre: inden for 15-20 dage<\/td>\n<\/tr>\n<tr>\n<td class=\"label\">Betalingsperiode<\/td>\n<td>20% depositum, restbel\u00f8bet betales mod B\/L-kopi inden for 7 dage<\/td>\n<\/tr>\n<tr>\n<td class=\"label\">Emballagestandard<\/td>\n<td>Beskyttet film og perlebomuld indeni og krympefilm udenp\u00e5<\/td>\n<\/tr>\n<tr>\n<td class=\"label\">Garantiperiode<\/td>\n<td>Hvis de leverede produkter ikke kan opfylde kravene, refunderes det samlede ordrebel\u00f8b straks, eller der arrangeres nye erstatningsforsendelser i stedet.<\/td>\n<\/tr>\n<\/table>\n<h2>Vores produktionsbase<\/h2>\n<h3>Panorama over fabrikken<\/h3>\n<p><img decoding=\"async\" src=\"\/wp-content\/uploads\/factory-01.webp\"\/><\/p>\n<h3>V\u00e6rksted til fremstilling af aluminiumst\u00e6nger<\/h3>\n<p><img decoding=\"async\" src=\"\/wp-content\/uploads\/factory-02.webp\"\/><\/p>\n<\/p>\n<p><img decoding=\"async\" src=\"\/wp-content\/uploads\/factory-03.webp\"\/><\/p>\n<h3>Lager til opbevaring af skimmelsvampe<\/h3>\n<p><img decoding=\"async\" src=\"\/wp-content\/uploads\/factory-04.webp\"\/><\/p>\n<h3>43 ekstruderingslinjer for aluminium (500-5500 ton)<\/h3>\n<p><img decoding=\"async\" src=\"\/wp-content\/uploads\/factory-05.webp\"\/><\/p>\n<p><img decoding=\"async\" src=\"\/wp-content\/uploads\/factory-06.webp\"\/><\/p>\n<p><img decoding=\"async\" src=\"\/wp-content\/uploads\/factory-07.webp\"\/><\/p>\n<h3>V\u00e6rksted for pulverlakering<\/h3>\n<p><img decoding=\"async\" src=\"\/wp-content\/uploads\/factory-09.webp\"\/><\/p>\n<h3>Anodiseringsv\u00e6rksted<\/h3>\n<p><img decoding=\"async\" src=\"\/wp-content\/uploads\/factory-10.webp\"\/><\/p>\n<h3>Workshop om dyb behandling<\/h3>\n<p><img decoding=\"async\" src=\"\/wp-content\/uploads\/factory-11.webp\"\/><\/p>\n<h3>V\u00e6rksted for CNC-pr\u00e6cisionsbearbejdning<\/h3>\n<p><img decoding=\"async\" src=\"\/wp-content\/uploads\/factory-11.5.webp\"\/><\/p>\n<h3>F\u00e6rdigvare- og eksportlager<\/h3>\n<p><img decoding=\"async\" src=\"\/wp-content\/uploads\/factory-12.webp\"\/><\/p>\n<p><img decoding=\"async\" src=\"\/wp-content\/uploads\/factory-13.webp\"\/><\/p>\n<p><img decoding=\"async\" src=\"\/wp-content\/uploads\/factory-14.webp\"\/><\/p>\n<h2>OFTE STILLEDE SP\u00d8RGSM\u00c5L<\/h2>\n<p><b>1. Hvad er en aluminiumsekstruderingsprofil til m\u00f8bler? <\/b><\/p>\n<p> Det er en specialformet aluminiumsprofil, der bruges til design og samling af m\u00f8belrammer, paneler og strukturer.\n<\/p>\n<p><\/p>\n<p><b>2. Hvorfor v\u00e6lge 6063 T5-legering til aluminiumsprofiler til m\u00f8bler? <\/b><\/p>\n<p> Legering 6063 T5 giver en perfekt kombination af styrke, korrosionsbestandighed og overfladefinish, hvilket g\u00f8r den ideel til m\u00f8bler.\n<\/p>\n<p><\/p>\n<p><b>3. Er disse m\u00f8belprofiler fremstillet i Kina? <\/b><\/p>\n<p> Ja, de produceres af erfarne kinesiske fabrikker, der er kendt for store produktionsm\u00e6ngder og omkostningseffektive l\u00f8sninger.\n<\/p>\n<p><\/p>\n<p><b>4. Hvilke typer finish f\u00e5s til m\u00f8belprofiler i aluminium? <\/b><\/p>\n<p> Almindelige overflader omfatter anodiseret (s\u00f8lv, sort, bronze), b\u00f8rstet, sandbl\u00e6st og pulverlakeret for at matche forskellige designtemaer.\n<\/p>\n<p><\/p>\n<p><b>5. Er det muligt at tilpasse aluminiumsprofiler til m\u00f8bler? <\/b><\/p>\n<p> Disse profiler kan skr\u00e6ddersys med hensyn til st\u00f8rrelse, tv\u00e6rsnit og finish, s\u00e5 de passer til specifikke m\u00f8beldesigns og funktioner.\n<\/p>\n<p><\/p>\n<p><b>6. Er aluminiumsprofiler til m\u00f8bler nemme at montere? <\/b><\/p>\n<p> Ja, de er lette, nemme at sk\u00e6re og bore i, og de er kompatible med standardstik og fastg\u00f8relseselementer, s\u00e5 de er nemme at montere.\n<\/p>\n<p><\/p>\n<p><b>7. Hvor bruges ekstruderingsprofiler af aluminium i m\u00f8bler? <\/b><\/p>\n<p> De bruges i vid udstr\u00e6kning i garderobeskabe, skabe, skyded\u00f8re, kontorborde og modul\u00e6re reolsystemer.\n<\/p>\n<p><\/p>\n<p><b>8. Er aluminium et b\u00e6redygtigt materiale til m\u00f8belproduktion? <\/b><\/p>\n<p> Ja, aluminium er fuldt genanvendeligt og milj\u00f8venligt, hvilket g\u00f8r det til et smart valg til b\u00e6redygtig m\u00f8belproduktion.\n<\/p>\n<p><\/p>","protected":false},"featured_media":6776,"template":"","categories":[67],"class_list":["post-6777","product","type-product","status-publish","has-post-thumbnail","hentry","category-architectural-aluminium-profile"],"meta_box":{"hilight_text_group":{"product_hilight_text":"<li>Precision aluminum extrusion profiles designed specifically for modern furniture applications<\/li>\r\r\n<li>Manufactured using high-quality 6063 T5 aluminum alloy for excellent strength and formability<\/li>\r\r\n<li>Supplied directly by Chinese factories with competitive pricing and bulk production capacity<\/li>\r\r\n<li>Available in a variety of finishes including anodized, brushed, and powder-coated<\/li>\r\r\n<li>Lightweight, corrosion-resistant, and easy to assemble, ideal for modular furniture design<\/li>","product_chanpin_blog":"<ul>\r\r\n<li><a href=\"https:\/\/sinoextrud.com\/t-slot-v-slot-differences\/\" target=\"_blank\">t slot vs v slot<\/a><\/li>\r\r\n<li><a href=\"https:\/\/sinoextrud.com\/what-is-4040-aluminium-extrud\/\" target=\"_blank\">4040 aluminium extrusion<\/a><\/li>\r\r\n<li><a href=\"https:\/\/sinoextrud.com\/what-is-4040-aluminium-extrud\/\" target=\"_blank\">aluminum extrusions for industrial racks<\/a><\/li>\r\r\n<li><a href=\"https:\/\/sinoextrud.com\/powder-coating-aluminium-process\/\" target=\"_blank\">powder coating aluminium<\/a><\/li>\r\r\n<li><a href=\"https:\/\/sinoextrud.com\/what-is-an-aluminium-strip-ceiling\/\" target=\"_blank\">aluminium strip ceiling<\/a><\/li>\r\r\n<li><a href=\"https:\/\/sinoextrud.com\/what-is-a-heat-sink\/\" target=\"_blank\">what is a heat sink<\/a><\/li>\r\r\n<\/ul>","product_chanpin_chanpin":"<li><a href=\"https:\/\/sinoextrud.com\/product\/v-slot-aluminum-profile-factory-bulk-business\/\" target=\"_blank\">v-slot aluminum profile Factory bulk business<\/a><\/li>\r\n<li><a href=\"https:\/\/sinoextrud.com\/product\/anodizing-aluminium-section-sliding-window\/\" target=\"_blank\">Anodizing Aluminium Section Sliding Window<\/a><\/li>\r\n<li><a href=\"https:\/\/sinoextrud.com\/product\/wholesale-aluminium-extrusion-corner-profile\/\" target=\"_blank\">Wholesale Aluminium Extrusion Corner Profile<\/a><\/li>\r\n<li><a href=\"https:\/\/sinoextrud.com\/product\/anodizing-housings-large-aluminum-extrusions\/\" target=\"_blank\">Anodizing Housings Large Aluminum Extrusions<\/a><\/li>\r\n<li><a href=\"https:\/\/sinoextrud.com\/product\/aluminium-extrusion-profile-for-furniture-aluminum-profile-with-alloy-6063-t5-supplied-by-china-factory\/\" target=\"_blank\">Aluminium Extrusion Profile for Furniture Aluminum Profile With Alloy 6063 T5 Supplied By China Factory<\/a><\/li>\r\n<li><a href=\"https:\/\/sinoextrud.com\/product\/aluminium-shop-front-extrusions\/\" target=\"_blank\">Aluminium Shop Front Extrusions<\/a><\/li>\r\n<li><a href=\"https:\/\/sinoextrud.com\/product\/extruded-aluminum-handrail\/\" target=\"_blank\">Extruded Aluminum Handrail<\/a><\/li>\r\n<li><a href=\"https:\/\/sinoextrud.com\/product\/aluminum-mill-finish\/\" target=\"_blank\">Aluminum Mill Finish<\/a><\/li>\r\n<li><a href=\"https:\/\/sinoextrud.com\/product\/extruded-aluminum-profiles-prices-competitive-99-pure-aluminum-ingot-curtain-wall-aluminum-profile-extrusion-manufacturers\/\" target=\"_blank\">Extruded aluminum profiles prices competitive 99% pure aluminum ingot curtain wall aluminum profile extrusion manufacturers<\/a><\/li>\r\n<li><a href=\"https:\/\/sinoextrud.com\/product\/aluminium-z-section-extrusions\/\" target=\"_blank\">Aluminium Z Section Extrusions<\/a><\/li>\r\n<li><a href=\"https:\/\/sinoextrud.com\/product\/40x40-aluminium-profile\/\" target=\"_blank\">40\u00c3\u201440 Aluminium Profile<\/a><\/li>"},"feature_list":[]},"_links":{"self":[{"href":"https:\/\/sinoextrud.com\/da\/wp-json\/wp\/v2\/product\/6777","targetHints":{"allow":["GET"]}}],"collection":[{"href":"https:\/\/sinoextrud.com\/da\/wp-json\/wp\/v2\/product"}],"about":[{"href":"https:\/\/sinoextrud.com\/da\/wp-json\/wp\/v2\/types\/product"}],"wp:featuredmedia":[{"embeddable":true,"href":"https:\/\/sinoextrud.com\/da\/wp-json\/wp\/v2\/media\/6776"}],"wp:attachment":[{"href":"https:\/\/sinoextrud.com\/da\/wp-json\/wp\/v2\/media?parent=6777"}],"wp:term":[{"taxonomy":"category","embeddable":true,"href":"https:\/\/sinoextrud.com\/da\/wp-json\/wp\/v2\/categories?post=6777"}],"curies":[{"name":"wp","href":"https:\/\/api.w.org\/{rel}","templated":true}]}}