{"id":6771,"date":"2025-06-01T15:07:53","date_gmt":"2025-06-01T15:07:53","guid":{"rendered":"https:\/\/sinoextrud.com\/product\/anodizing-aluminium-section-sliding-window\/"},"modified":"2025-06-24T06:11:39","modified_gmt":"2025-06-24T06:11:39","slug":"skydevindue-med-anodiseret-aluminiumsprofil","status":"publish","type":"product","link":"https:\/\/sinoextrud.com\/da\/product\/anodizing-aluminium-section-sliding-window\/","title":{"rendered":"Skydevindue i anodiseret aluminium"},"content":{"rendered":"<h2>Detaljer om produkter<\/h2>\n<table class=\"custom-table\">\n<tr>\n<td class=\"label\">Vare:<\/td>\n<td> Skydevindue i anodiseret aluminium<br \/>Grundl\u00e6ggende information<\/td>\n<\/tr>\n<tr>\n<td class=\"label\">Form:<\/td>\n<td> Brugerdefineret<\/td>\n<\/tr>\n<tr>\n<td class=\"label\">Temperament:<\/td>\n<td> T3-T8<\/td>\n<\/tr>\n<tr>\n<td class=\"label\">Legering eller ej:<\/td>\n<td> Er legeret<\/td>\n<\/tr>\n<tr>\n<td class=\"label\">Karakter:<\/td>\n<td> 6000-serien<\/td>\n<\/tr>\n<tr>\n<td class=\"label\">L\u00e6ngde:<\/td>\n<td> 1-9 meter eller som brugerdefineret<\/td>\n<\/tr>\n<tr>\n<td class=\"label\">Farve:<\/td>\n<td> Lavet som forudsat Farve Nummer<\/td>\n<\/tr>\n<tr>\n<td class=\"label\">Brug\/anvendelse:<\/td>\n<td> Skydevindue i anodiseret aluminium<\/td>\n<\/tr>\n<tr>\n<td class=\"label\">Leveringstid:<\/td>\n<td> 20-30 dage (i henhold til dit antal)<\/td>\n<\/tr>\n<tr>\n<td class=\"label\">Pakningsdetaljer:<\/td>\n<td> Standard eksportemballage<\/td>\n<\/tr>\n<tr>\n<td class=\"label\">Oprindelse:<\/td>\n<td> Foshan Kina<\/td>\n<\/tr>\n<tr>\n<td class=\"label\">Overfladebehandling:<\/td>\n<td> Anodiseret, pulverlakeret osv.<\/td>\n<\/tr>\n<tr>\n<td class=\"label\">Certificeringer:<\/td>\n<td> ISO Rohs SGS TUV<\/td>\n<\/tr>\n<\/table>\n<h2>Vores produktionsbase<\/h2>\n<h3>Panorama over fabrikken<\/h3>\n<p><img decoding=\"async\" src=\"\/wp-content\/uploads\/factory-01.webp\"\/><\/p>\n<h3>V\u00e6rksted til fremstilling af aluminiumst\u00e6nger<\/h3>\n<p><img decoding=\"async\" src=\"\/wp-content\/uploads\/factory-02.webp\"\/><\/p>\n<p><img decoding=\"async\" src=\"\/wp-content\/uploads\/factory-03.webp\"\/><\/p>\n<h3>Lager til opbevaring af skimmelsvampe<\/h3>\n<p><img decoding=\"async\" src=\"\/wp-content\/uploads\/factory-04.webp\"\/><\/p>\n<h3>43 ekstruderingslinjer for aluminium (500-5500 ton)<\/h3>\n<p><img decoding=\"async\" src=\"\/wp-content\/uploads\/factory-05.webp\"\/><\/p>\n<p><img decoding=\"async\" src=\"\/wp-content\/uploads\/factory-06.webp\"\/><\/p>\n<p><img decoding=\"async\" src=\"\/wp-content\/uploads\/factory-07.webp\"\/><\/p>\n<h3>V\u00e6rksted for pulverlakering<\/h3>\n<p><img decoding=\"async\" src=\"\/wp-content\/uploads\/factory-09.webp\"\/><\/p>\n<h3>Anodiseringsv\u00e6rksted<\/h3>\n<p><img decoding=\"async\" src=\"\/wp-content\/uploads\/factory-10.webp\"\/><\/p>\n<h3>Workshop om dyb behandling<\/h3>\n<p><img decoding=\"async\" src=\"\/wp-content\/uploads\/factory-11.webp\"\/><\/p>\n<h3>V\u00e6rksted for CNC-pr\u00e6cisionsbearbejdning<\/h3>\n<p><img decoding=\"async\" src=\"\/wp-content\/uploads\/factory-11.5.webp\"\/><\/p>\n<h3>F\u00e6rdigvare- og eksportlager<\/h3>\n<p><img decoding=\"async\" src=\"\/wp-content\/uploads\/factory-12.webp\"\/><\/p>\n<p><img decoding=\"async\" src=\"\/wp-content\/uploads\/factory-13.webp\"\/><\/p>\n<p><img decoding=\"async\" src=\"\/wp-content\/uploads\/factory-14.webp\"\/><\/p>\n<h2>OFTE STILLEDE SP\u00d8RGSM\u00c5L<\/h2>\n<p><p><b>1. Hvad er en anodiserende aluminiumssektion til skydevinduer? <\/b><\/p>\n<p> Det er en ekstruderet aluminiumsprofil, der er behandlet med anodisering for at forbedre korrosionsbestandigheden og bruges specifikt i skydevinduessystemer.<br \/>\n<\/p><br \/>\n<br \/>\n<p><b>2. Hvorfor er anodisering vigtig for skydevinduesrammer? <\/b><\/p>\n<p> Anodisering forbedrer overfladens h\u00e5rdhed og beskytter mod korrosion, slid og misfarvning, hvilket forl\u00e6nger skydevinduernes levetid.<br \/>\n<\/p><br \/>\n<br \/>\n<p><b>3. Hvilken aluminiumslegering bruges til anodiserede skydevinduespartier? <\/b><\/p>\n<p> 6063-T5 bruges ofte p\u00e5 grund af sin fremragende balance mellem styrke, bearbejdelighed og anodiseringsegenskaber.<br \/>\n<\/p><br \/>\n<br \/>\n<p><b>4. Er vinduesprofiler i anodiseret aluminium egnet til udend\u00f8rs brug? <\/b><\/p>\n<p> Ja, anodiserede overflader er vejrbestandige, hvilket g\u00f8r dem ideelle til udvendige skydevinduer, der er udsat for vind og vejr.<br \/>\n<\/p><br \/>\n<br \/>\n<p><b>5. Kan jeg f\u00e5 anodiserede skydevinduesprofiler i forskellige farver? <\/b><\/p>\n<p> Absolut, anodiseret aluminium kan produceres i forskellige farver som s\u00f8lv, bronze, sort og champagne, s\u00e5 det passer til arkitektoniske designs.<br \/>\n<\/p><br \/>\n<br \/>\n<p><b>6. Hvordan er anodiseret aluminium sammenlignet med malede eller pulverlakerede profiler? <\/b><\/p>\n<p> Anodiserede profiler giver en h\u00e5rdere og mere holdbar overflade, der modst\u00e5r falmning og ridser bedre end malede eller pulverlakerede alternativer.<br \/>\n<\/p><br \/>\n<br \/>\n<p><b>7. Kr\u00e6ves der vedligeholdelse af anodiserede skydevinduesprofiler? <\/b><\/p>\n<p> Minimal vedligeholdelse er n\u00f8dvendig - bare regelm\u00e6ssig reng\u00f8ring med vand og mildt reng\u00f8ringsmiddel for at bevare udseende og funktion.<br \/>\n<\/p><br \/>\n<br \/>\n<p><b>8. Hvad er fordelene ved at bruge aluminium frem for andre materialer til skydevinduer? <\/b><\/p>\n<p> Aluminium er let, st\u00e6rkt, korrosionsbestandigt og genanvendeligt, hvilket giver en overlegen ydeevne og b\u00e6redygtighed i forhold til tr\u00e6 eller plast.<br \/>\n<\/p><br \/><\/p>","protected":false},"featured_media":6770,"template":"","categories":[67],"class_list":["post-6771","product","type-product","status-publish","has-post-thumbnail","hentry","category-architectural-aluminium-profile"],"meta_box":{"hilight_text_group":{"product_hilight_text":"<li>Anodized aluminum sections provide enhanced corrosion resistance and surface durability<\/li>\r\r\n<li>Designed specifically for smooth, long-lasting sliding window performance<\/li>\r\r\n<li>High-strength 6063-T5 alloy ensures structural integrity and precision fitting<\/li>\r\r\n<li>Custom colors and finishes available for architectural and aesthetic flexibility<\/li>\r\r\n<li>Low maintenance and weather-resistant, ideal for residential and commercial use<\/li>","product_chanpin_blog":"<ul>\r\r\n<li><a href=\"https:\/\/sinoextrud.com\/t-slot-v-slot-differences\/\" target=\"_blank\">t slot vs v slot<\/a><\/li>\r\r\n<li><a href=\"https:\/\/sinoextrud.com\/what-is-4040-aluminium-extrud\/\" target=\"_blank\">4040 aluminium extrusion<\/a><\/li>\r\r\n<li><a href=\"https:\/\/sinoextrud.com\/what-is-4040-aluminium-extrud\/\" target=\"_blank\">aluminum extrusions for industrial racks<\/a><\/li>\r\r\n<li><a href=\"https:\/\/sinoextrud.com\/powder-coating-aluminium-process\/\" target=\"_blank\">powder coating aluminium<\/a><\/li>\r\r\n<li><a href=\"https:\/\/sinoextrud.com\/what-is-an-aluminium-strip-ceiling\/\" target=\"_blank\">aluminium strip ceiling<\/a><\/li>\r\r\n<li><a href=\"https:\/\/sinoextrud.com\/what-is-a-heat-sink\/\" target=\"_blank\">what is a heat sink<\/a><\/li>\r\r\n<\/ul>","product_chanpin_chanpin":"<li><a href=\"https:\/\/sinoextrud.com\/product\/expanded-metal-aluminium-profiles-partition-frame-for-bathroom-doors-busch-polish-light-top-a-grade\/\" target=\"_blank\">expanded metal aluminium profiles partition frame for bathroom doors busch polish light top a grade<\/a><\/li>\r\n<li><a href=\"https:\/\/sinoextrud.com\/product\/extude-aluminum-t-slot-and-v-slot-profile\/\" target=\"_blank\">Extude-Aluminum T Slot And V Slot Profile<\/a><\/li>\r\n<li><a href=\"https:\/\/sinoextrud.com\/product\/aluminium-square-tube-extrusion-profile-with-6063-t5-alloy-anodized-extruded-aluminium-profile\/\" target=\"_blank\">Aluminium Square Tube Extrusion Profile With 6063 T5 Alloy  Anodized Extruded Aluminium Profile<\/a><\/li>\r\n<li><a href=\"https:\/\/sinoextrud.com\/product\/v-slot-aluminum-profile-factory-bulk-business\/\" target=\"_blank\">v-slot aluminum profile Factory bulk business<\/a><\/li>\r\n<li><a href=\"https:\/\/sinoextrud.com\/product\/anodizing-aluminium-section-sliding-window\/\" target=\"_blank\">Anodizing Aluminium Section Sliding Window<\/a><\/li>\r\n<li><a href=\"https:\/\/sinoextrud.com\/product\/wholesale-aluminium-extrusion-corner-profile\/\" target=\"_blank\">Wholesale Aluminium Extrusion Corner Profile<\/a><\/li>\r\n<li><a href=\"https:\/\/sinoextrud.com\/product\/anodizing-housings-large-aluminum-extrusions\/\" target=\"_blank\">Anodizing Housings Large Aluminum Extrusions<\/a><\/li>\r\n<li><a href=\"https:\/\/sinoextrud.com\/product\/aluminium-extrusion-profile-for-furniture-aluminum-profile-with-alloy-6063-t5-supplied-by-china-factory\/\" target=\"_blank\">Aluminium Extrusion Profile for Furniture Aluminum Profile With Alloy 6063 T5 Supplied By China Factory<\/a><\/li>\r\n<li><a href=\"https:\/\/sinoextrud.com\/product\/aluminium-shop-front-extrusions\/\" target=\"_blank\">Aluminium Shop Front Extrusions<\/a><\/li>\r\n<li><a href=\"https:\/\/sinoextrud.com\/product\/standard-aluminum-extrusions\/\" target=\"_blank\">Standard Aluminum Extrusions<\/a><\/li>\r\n<li><a href=\"https:\/\/sinoextrud.com\/product\/standard-aluminium-extrusions\/\" target=\"_blank\">Standard Aluminium Extrusions<\/a><\/li>"},"feature_list":[]},"_links":{"self":[{"href":"https:\/\/sinoextrud.com\/da\/wp-json\/wp\/v2\/product\/6771","targetHints":{"allow":["GET"]}}],"collection":[{"href":"https:\/\/sinoextrud.com\/da\/wp-json\/wp\/v2\/product"}],"about":[{"href":"https:\/\/sinoextrud.com\/da\/wp-json\/wp\/v2\/types\/product"}],"wp:featuredmedia":[{"embeddable":true,"href":"https:\/\/sinoextrud.com\/da\/wp-json\/wp\/v2\/media\/6770"}],"wp:attachment":[{"href":"https:\/\/sinoextrud.com\/da\/wp-json\/wp\/v2\/media?parent=6771"}],"wp:term":[{"taxonomy":"category","embeddable":true,"href":"https:\/\/sinoextrud.com\/da\/wp-json\/wp\/v2\/categories?post=6771"}],"curies":[{"name":"wp","href":"https:\/\/api.w.org\/{rel}","templated":true}]}}