{"id":6765,"date":"2025-06-01T14:59:39","date_gmt":"2025-06-01T14:59:39","guid":{"rendered":"https:\/\/sinoextrud.com\/product\/extude-aluminum-t-slot-and-v-slot-profile\/"},"modified":"2025-06-24T06:11:38","modified_gmt":"2025-06-24T06:11:38","slug":"extude-aluminium-t-not-og-v-not-profil","status":"publish","type":"product","link":"https:\/\/sinoextrud.com\/da\/product\/extude-aluminum-t-slot-and-v-slot-profile\/","title":{"rendered":"Extude-Aluminium T-not og V-not profil"},"content":{"rendered":"<h2>Detaljer om produkter<\/h2>\n<table class=\"custom-table\">\n<tr>\n<td class=\"label\">Vare:<\/td>\n<td> Extude-Aluminium T-not og V-not profil<\/td>\n<\/tr>\n<tr>\n<td class=\"label\">Anvendelse:<\/td>\n<td> Dekorationer, k\u00f8leplade, transportv\u00e6rkt\u00f8j, glasv\u00e6g, industri<\/td>\n<\/tr>\n<tr>\n<td class=\"label\">Karakter:<\/td>\n<td> 6000-serien<\/td>\n<\/tr>\n<tr>\n<td class=\"label\">Teknik:<\/td>\n<td> Ekstruderet<\/td>\n<\/tr>\n<tr>\n<td class=\"label\">Temperament:<\/td>\n<td> T3 - T8<\/td>\n<\/tr>\n<tr>\n<td class=\"label\">St\u00f8rrelser:<\/td>\n<td> Det kunne tilpasses som leveret design<\/td>\n<\/tr>\n<tr>\n<td class=\"label\">Bearbejdningstjenester:<\/td>\n<td> Boring, gevindsk\u00e6ring, nitning, montering osv.<\/td>\n<\/tr>\n<tr>\n<td class=\"label\">Oprindelse:<\/td>\n<td> FOSHAN,GUANGDONG <\/td>\n<\/tr>\n<tr>\n<td class=\"label\">Type:<\/td>\n<td> Aluminiumsprofiler<\/td>\n<\/tr>\n<tr>\n<td class=\"label\">Form:<\/td>\n<td> Lavet som kundernes design<\/td>\n<\/tr>\n<tr>\n<td class=\"label\">Overfladebehandling:<\/td>\n<td> Anodiseret, pulverlakeret osv.<\/td>\n<\/tr>\n<tr>\n<td class=\"label\">Legering:<\/td>\n<td> Legering<\/td>\n<\/tr>\n<tr>\n<td class=\"label\">Certificering:<\/td>\n<td> GB\/T, ISO RoHS SGS<\/td>\n<\/tr>\n<tr>\n<td class=\"label\">L\u00e6ngde:<\/td>\n<td> Den kan sk\u00e6re efter specifikke behov<\/td>\n<\/tr>\n<tr>\n<td class=\"label\">Farver:<\/td>\n<td> Tilpasset<\/td>\n<\/tr>\n<tr>\n<td class=\"label\">Specifikation:<\/td>\n<td> SGS, Rohs, ISO<\/td>\n<\/tr>\n<tr>\n<td class=\"label\">HS-kode:<\/td>\n<td> 76042990<\/td>\n<\/tr>\n<\/table>\n<h2>Vores produktionsbase<\/h2>\n<h3>Panorama over fabrikken<\/h3>\n<p><img decoding=\"async\" src=\"\/wp-content\/uploads\/factory-01.webp\"\/><\/p>\n<h3>V\u00e6rksted til fremstilling af aluminiumst\u00e6nger<\/h3>\n<p><img decoding=\"async\" src=\"\/wp-content\/uploads\/factory-02.webp\"\/><\/p>\n<p><img decoding=\"async\" src=\"\/wp-content\/uploads\/factory-03.webp\"\/><\/p>\n<h3>Lager til opbevaring af skimmelsvampe<\/h3>\n<p><img decoding=\"async\" src=\"\/wp-content\/uploads\/factory-04.webp\"\/><\/p>\n<h3>43 ekstruderingslinjer for aluminium (500-5500 ton)<\/h3>\n<p><img decoding=\"async\" src=\"\/wp-content\/uploads\/factory-05.webp\"\/><\/p>\n<p><img decoding=\"async\" src=\"\/wp-content\/uploads\/factory-06.webp\"\/><\/p>\n<p><img decoding=\"async\" src=\"\/wp-content\/uploads\/factory-07.webp\"\/><\/p>\n<h3>V\u00e6rksted for pulverlakering<\/h3>\n<p><img decoding=\"async\" src=\"\/wp-content\/uploads\/factory-09.webp\"\/><\/p>\n<h3>Anodiseringsv\u00e6rksted<\/h3>\n<p><img decoding=\"async\" src=\"\/wp-content\/uploads\/factory-10.webp\"\/><\/p>\n<h3>Workshop om dyb behandling<\/h3>\n<p><img decoding=\"async\" src=\"\/wp-content\/uploads\/factory-11.webp\"\/><\/p>\n<h3>V\u00e6rksted for CNC-pr\u00e6cisionsbearbejdning<\/h3>\n<p><img decoding=\"async\" src=\"\/wp-content\/uploads\/factory-11.5.webp\"\/><\/p>\n<h3>F\u00e6rdigvare- og eksportlager<\/h3>\n<p><img decoding=\"async\" src=\"\/wp-content\/uploads\/factory-12.webp\"\/><\/p>\n<p><img decoding=\"async\" src=\"\/wp-content\/uploads\/factory-13.webp\"\/><\/p>\n<p><img decoding=\"async\" src=\"\/wp-content\/uploads\/factory-14.webp\"\/><\/p>\n<h2>OFTE STILLEDE SP\u00d8RGSM\u00c5L<\/h2>\n<p><p><b>1. Hvad er forskellen mellem aluminiumsprofiler med T-slidser og V-slidser? <\/b><\/p>\n<p> T-not-profiler er designet til strukturel indramning ved hj\u00e6lp af T-m\u00f8trikker, mens V-not-profiler har en V-rille, der underst\u00f8tter line\u00e6r bev\u00e6gelse med hjul.<br \/>\n<\/p><br \/>\n<br \/>\n<p><b>2. Hvorfor v\u00e6lge profiler med T-not og V-not til modulsystemer? <\/b><\/p>\n<p> Disse profiler er nemme at montere, har stor tilpasningsevne og underst\u00f8tter mekanisk bev\u00e6gelse, hvilket g\u00f8r dem ideelle til brugerdefinerede rammer og automatiseringsops\u00e6tninger.<br \/>\n<\/p><br \/>\n<br \/>\n<p><b>3. Er disse aluminiumsprofiler nemme at arbejde med? <\/b><\/p>\n<p> Ja, b\u00e5de T Slot- og V Slot-profiler er nemme at sk\u00e6re, bore og forbinde, hvilket giver mulighed for hurtige prototyper og design\u00e6ndringer.<br \/>\n<\/p><br \/>\n<br \/>\n<p><b>4. Hvilket materiale bruges til profiler med T-not og V-not? <\/b><\/p>\n<p> Disse profiler er normalt fremstillet af aluminiumslegeringen 6063-T5, der er kendt for sin styrke, korrosionsbestandighed og fremragende bearbejdelighed.<br \/>\n<\/p><br \/>\n<br \/>\n<p><b>5. Hvad er almindelige anvendelser af T-not- og V-not-profiler? <\/b><\/p>\n<p> Anvendelser omfatter CNC-maskiner, 3D-printerrammer, robotsystemer, transportstrukturer og g\u00f8r-det-selv-m\u00f8belprojekter.<br \/>\n<\/p><br \/>\n<br \/>\n<p><b>6. Er T Slot- og V Slot-profiler kompatible med hinanden? <\/b><\/p>\n<p> Selv om begge bruger den samme aluminiumslegering og lignende monteringsprincipper, afh\u00e6nger kompatibiliteten af de specifikke slotdimensioner og tilbeh\u00f8rstyper.<br \/>\n<\/p><br \/>\n<br \/>\n<p><b>7. Kan jeg f\u00e5 tilpassede l\u00e6ngder og overflader til disse profiler? <\/b><\/p>\n<p> Absolutely, T Slot og V Slot-profiler f\u00e5s i forskellige l\u00e6ngder og overfladebehandlinger, herunder anodisering og pulverlakering.<br \/>\n<\/p><br \/>\n<br \/>\n<p><b>8. Er denne type aluminiumsprofil egnet til industrielle milj\u00f8er? <\/b><\/p>\n<p> Ja, disse profilers h\u00f8je styrke og modul\u00e6re karakter g\u00f8r dem ideelle til industriel brug, herunder automatisering og produktionslinjer.<br \/>\n<\/p><br \/><\/p>","protected":false},"featured_media":6764,"template":"","categories":[67],"class_list":["post-6765","product","type-product","status-publish","has-post-thumbnail","hentry","category-architectural-aluminium-profile"],"meta_box":{"hilight_text_group":{"product_hilight_text":"<li>Versatile T Slot and V Slot aluminum profiles designed for modular framing systems<\/li>\r\r\n<li>High-precision extrusions compatible with a wide range of industrial hardware<\/li>\r\r\n<li>Lightweight and corrosion-resistant, ideal for machine frames, 3D printers, and automation projects<\/li>\r\r\n<li>Easy to cut, drill, and assemble, supporting rapid prototyping and flexible configurations<\/li>\r\r\n<li>Manufactured from high-strength 6063-T5 aluminum alloy for durability and performance<\/li>","product_chanpin_blog":"<ul>\r\r\n<li><a href=\"https:\/\/sinoextrud.com\/t-slot-v-slot-differences\/\" target=\"_blank\">t slot vs v slot<\/a><\/li>\r\r\n<li><a href=\"https:\/\/sinoextrud.com\/what-is-4040-aluminium-extrud\/\" target=\"_blank\">4040 aluminium extrusion<\/a><\/li>\r\r\n<li><a href=\"https:\/\/sinoextrud.com\/what-is-4040-aluminium-extrud\/\" target=\"_blank\">aluminum extrusions for industrial racks<\/a><\/li>\r\r\n<li><a href=\"https:\/\/sinoextrud.com\/powder-coating-aluminium-process\/\" target=\"_blank\">powder coating aluminium<\/a><\/li>\r\r\n<li><a href=\"https:\/\/sinoextrud.com\/what-is-an-aluminium-strip-ceiling\/\" target=\"_blank\">aluminium strip ceiling<\/a><\/li>\r\r\n<li><a href=\"https:\/\/sinoextrud.com\/what-is-a-heat-sink\/\" target=\"_blank\">what is a heat sink<\/a><\/li>\r\r\n<\/ul>","product_chanpin_chanpin":"<li><a href=\"https:\/\/sinoextrud.com\/product\/architectural-aluminum-profile\/\" target=\"_blank\">Architectural Aluminum Profile<\/a><\/li>\r\n<li><a href=\"https:\/\/sinoextrud.com\/product\/color-anodized-structural-aluminum-extrusions-profile-for-window-frame-extruded-aluminium-alloys-6063\/\" target=\"_blank\">Color Anodized structural aluminum extrusions Profile for Window Frame extruded aluminium alloys 6063<\/a><\/li>\r\n<li><a href=\"https:\/\/sinoextrud.com\/product\/building-material-aluminium-extrusion-profiles\/\" target=\"_blank\">Building Material Aluminium Extrusion Profiles<\/a><\/li>\r\n<li><a href=\"https:\/\/sinoextrud.com\/product\/expanded-metal-aluminium-profiles-partition-frame-for-bathroom-doors-busch-polish-light-top-a-grade\/\" target=\"_blank\">expanded metal aluminium profiles partition frame for bathroom doors busch polish light top a grade<\/a><\/li>\r\n<li><a href=\"https:\/\/sinoextrud.com\/product\/extude-aluminum-t-slot-and-v-slot-profile\/\" target=\"_blank\">Extude-Aluminum T Slot And V Slot Profile<\/a><\/li>\r\n<li><a href=\"https:\/\/sinoextrud.com\/product\/aluminium-square-tube-extrusion-profile-with-6063-t5-alloy-anodized-extruded-aluminium-profile\/\" target=\"_blank\">Aluminium Square Tube Extrusion Profile With 6063 T5 Alloy  Anodized Extruded Aluminium Profile<\/a><\/li>\r\n<li><a href=\"https:\/\/sinoextrud.com\/product\/v-slot-aluminum-profile-factory-bulk-business\/\" target=\"_blank\">v-slot aluminum profile Factory bulk business<\/a><\/li>\r\n<li><a href=\"https:\/\/sinoextrud.com\/product\/anodizing-aluminium-section-sliding-window\/\" target=\"_blank\">Anodizing Aluminium Section Sliding Window<\/a><\/li>\r\n<li><a href=\"https:\/\/sinoextrud.com\/product\/wholesale-aluminium-extrusion-corner-profile\/\" target=\"_blank\">Wholesale Aluminium Extrusion Corner Profile<\/a><\/li>\r\n<li><a href=\"https:\/\/sinoextrud.com\/product\/industrial-aluminium-extrusions-hollow-pipe-big-dimensions\/\" target=\"_blank\">Industrial Aluminium Extrusions Hollow Pipe Big Dimensions<\/a><\/li>\r\n<li><a href=\"https:\/\/sinoextrud.com\/product\/curved-aluminium-extrusion\/\" target=\"_blank\">Curved Aluminium Extrusion<\/a><\/li>"},"feature_list":[]},"_links":{"self":[{"href":"https:\/\/sinoextrud.com\/da\/wp-json\/wp\/v2\/product\/6765","targetHints":{"allow":["GET"]}}],"collection":[{"href":"https:\/\/sinoextrud.com\/da\/wp-json\/wp\/v2\/product"}],"about":[{"href":"https:\/\/sinoextrud.com\/da\/wp-json\/wp\/v2\/types\/product"}],"wp:featuredmedia":[{"embeddable":true,"href":"https:\/\/sinoextrud.com\/da\/wp-json\/wp\/v2\/media\/6764"}],"wp:attachment":[{"href":"https:\/\/sinoextrud.com\/da\/wp-json\/wp\/v2\/media?parent=6765"}],"wp:term":[{"taxonomy":"category","embeddable":true,"href":"https:\/\/sinoextrud.com\/da\/wp-json\/wp\/v2\/categories?post=6765"}],"curies":[{"name":"wp","href":"https:\/\/api.w.org\/{rel}","templated":true}]}}