{"id":6763,"date":"2025-06-01T14:56:31","date_gmt":"2025-06-01T14:56:31","guid":{"rendered":"https:\/\/sinoextrud.com\/product\/expanded-metal-aluminium-profiles-partition-frame-for-bathroom-doors-busch-polish-light-top-a-grade\/"},"modified":"2025-06-24T06:22:42","modified_gmt":"2025-06-24T06:22:42","slug":"straekmetal-aluminiumsprofiler-skillevaegsramme-til-badevaerelsesdore-busch-polish-light-top-a-grade","status":"publish","type":"product","link":"https:\/\/sinoextrud.com\/da\/product\/expanded-metal-aluminium-profiles-partition-frame-for-bathroom-doors-busch-polish-light-top-a-grade\/","title":{"rendered":"str\u00e6kmetal aluminiumsprofiler skillev\u00e6gsramme til badev\u00e6relsesd\u00f8re busch polish light top a grade"},"content":{"rendered":"<h2>Detaljer om produkter<\/h2>\n<table class=\"custom-table\">\n<tr>\n<td class=\"label\">Model nr:<\/td>\n<td> str\u00e6kmetal aluminiumsprofiler skillev\u00e6gsramme til badev\u00e6relsesd\u00f8re busch polish light top a grade<\/td>\n<\/tr>\n<tr>\n<td class=\"label\">Anvendelse:<\/td>\n<td> Dekorationer, k\u00f8leplade, transportv\u00e6rkt\u00f8j, d\u00f8r og vindue, glasv\u00e6g<\/td>\n<\/tr>\n<tr>\n<td class=\"label\">Karakter:<\/td>\n<td> 6000-serien<\/td>\n<\/tr>\n<tr>\n<td class=\"label\">Teknik:<\/td>\n<td> Ekstruderet str\u00e6kmetal af aluminium<\/td>\n<\/tr>\n<tr>\n<td class=\"label\">Temperament:<\/td>\n<td> T3 - T8<\/td>\n<\/tr>\n<tr>\n<td class=\"label\">Dimensionen:<\/td>\n<td> I henhold til kundens tegning eller ODM-service.<\/td>\n<\/tr>\n<tr>\n<td class=\"label\">Certificering:<\/td>\n<td> ISO9001,2008, SGS<\/td>\n<\/tr>\n<tr>\n<td class=\"label\">Varem\u00e6rke:<\/td>\n<td> Sinoextrud<\/td>\n<\/tr>\n<tr>\n<td class=\"label\">Oprindelse:<\/td>\n<td> Kina<\/td>\n<\/tr>\n<tr>\n<td class=\"label\">Type:<\/td>\n<td> aluminiumsprofiler<\/td>\n<\/tr>\n<tr>\n<td class=\"label\">Form:<\/td>\n<td> tilpasset<\/td>\n<\/tr>\n<tr>\n<td class=\"label\">Overfladebehandling:<\/td>\n<td> busch aluminiumspolish Anodisk oxidation<\/td>\n<\/tr>\n<tr>\n<td class=\"label\">Legering:<\/td>\n<td> Legering<\/td>\n<\/tr>\n<tr>\n<td class=\"label\">Overfladebehandling:<\/td>\n<td> Fr\u00e6sning, pulverlakering, anodisering osv.<\/td>\n<\/tr>\n<tr>\n<td class=\"label\">Dybdeg\u00e5ende behandling:<\/td>\n<td> Sk\u00e6ring, boring, stansning, CNC-maskine osv.<\/td>\n<\/tr>\n<tr>\n<td class=\"label\">Dato for levering:<\/td>\n<td> Omkring 10 dage<\/td>\n<\/tr>\n<tr>\n<td class=\"label\">Specifikation:<\/td>\n<td> i henhold til kundens tegning eller ODM-service<\/td>\n<\/tr>\n<tr>\n<td class=\"label\">HS-kode:<\/td>\n<td> 7604299000<\/td>\n<\/tr>\n<\/table>\n<h2>Vores produktionsbase<\/h2>\n<h3>Panorama over fabrikken<\/h3>\n<p><img decoding=\"async\" src=\"\/wp-content\/uploads\/factory-01.webp\"\/><\/p>\n<h3>V\u00e6rksted til fremstilling af aluminiumst\u00e6nger<\/h3>\n<p><img decoding=\"async\" src=\"\/wp-content\/uploads\/factory-02.webp\"\/><\/p>\n<\/p>\n<p><img decoding=\"async\" src=\"\/wp-content\/uploads\/factory-03.webp\"\/><\/p>\n<h3>Lager til opbevaring af skimmelsvampe<\/h3>\n<p><img decoding=\"async\" src=\"\/wp-content\/uploads\/factory-04.webp\"\/><\/p>\n<h3>43 ekstruderingslinjer for aluminium (500-5500 ton)<\/h3>\n<p><img decoding=\"async\" src=\"\/wp-content\/uploads\/factory-05.webp\"\/><\/p>\n<p><img decoding=\"async\" src=\"\/wp-content\/uploads\/factory-06.webp\"\/><\/p>\n<p><img decoding=\"async\" src=\"\/wp-content\/uploads\/factory-07.webp\"\/><\/p>\n<h3>V\u00e6rksted for pulverlakering<\/h3>\n<p><img decoding=\"async\" src=\"\/wp-content\/uploads\/factory-09.webp\"\/><\/p>\n<h3>Anodiseringsv\u00e6rksted<\/h3>\n<p><img decoding=\"async\" src=\"\/wp-content\/uploads\/factory-10.webp\"\/><\/p>\n<h3>Workshop om dyb behandling<\/h3>\n<p><img decoding=\"async\" src=\"\/wp-content\/uploads\/factory-11.webp\"\/><\/p>\n<h3>V\u00e6rksted for CNC-pr\u00e6cisionsbearbejdning<\/h3>\n<p><img decoding=\"async\" src=\"\/wp-content\/uploads\/factory-11.5.webp\"\/><\/p>\n<h3>F\u00e6rdigvare- og eksportlager<\/h3>\n<p><img decoding=\"async\" src=\"\/wp-content\/uploads\/factory-12.webp\"\/><\/p>\n<p><img decoding=\"async\" src=\"\/wp-content\/uploads\/factory-13.webp\"\/><\/p>\n<p><img decoding=\"async\" src=\"\/wp-content\/uploads\/factory-14.webp\"\/><\/p>\n<h2>OFTE STILLEDE SP\u00d8RGSM\u00c5L<\/h2>\n<p><b>1. Hvad bruges str\u00e6kmetalprofiler i aluminium til i skillev\u00e6gge til badev\u00e6relser? <\/b><\/p>\n<p> Aluminiumsprofiler i str\u00e6kmetal bruges i skillev\u00e6gge til badev\u00e6relser for at give en kombination af privatliv og luftgennemstr\u00f8mning, hvilket forbedrer ventilationen og samtidig bevarer den strukturelle integritet.\n<\/p>\n<p><\/p>\n<p><b>2. Hvorfor v\u00e6lge 6063-T5 aluminiumslegering til skillev\u00e6gsrammer? <\/b><\/p>\n<p> 6063-T5 aluminiumslegering foretr\u00e6kkes p\u00e5 grund af sin fremragende styrke, korrosionsbestandighed og lette fremstilling, hvilket g\u00f8r den ideel til rammer til badev\u00e6relsesskillev\u00e6gge.\n<\/p>\n<p><\/p>\n<p><b>3. Hvad er fordelen ved Busch Polish Light Top A Grade-finish? <\/b><\/p>\n<p> Busch Polish Light Top A Grade-finish giver et h\u00f8jglanspoleret, spejllignende udseende, der forbedrer den \u00e6stetiske appel og giver overlegen modstandsdygtighed over for anl\u00f8bning og korrosion.\n<\/p>\n<p><\/p>\n<p><b>4. Er disse aluminiumsprofiler egnede til fugtige badev\u00e6relsesmilj\u00f8er? <\/b><\/p>\n<p> Ja, de korrosionsbestandige egenskaber ved 6063-T5 aluminiumslegering og den beskyttende Busch Polish-finish g\u00f8r disse profiler ideelle til fugtige badev\u00e6relsesmilj\u00f8er.\n<\/p>\n<p><\/p>\n<p><b>5. Kan aluminiumsprofiler i str\u00e6kmetal tilpasses? <\/b><\/p>\n<p> Disse profiler kan absolut skr\u00e6ddersys med hensyn til st\u00f8rrelse, form og finish, s\u00e5 de opfylder specifikke design- og arkitektoniske behov.\n<\/p>\n<p><\/p>\n<p><b>6. Hvordan gavner aluminiums lette natur installationen? <\/b><\/p>\n<p> Aluminiums lette egenskaber forenkler h\u00e5ndtering og installation, hvilket reducerer arbejdsomkostningerne og den strukturelle belastning p\u00e5 bygningen.\n<\/p>\n<p><\/p>\n<p><b>7. Kr\u00e6ves der vedligeholdelse af Busch Polish-behandlede aluminiumsprofiler? <\/b><\/p>\n<p> Der er behov for minimal vedligeholdelse; regelm\u00e6ssig reng\u00f8ring med mild s\u00e6be og vand vil bevare den h\u00f8jglansede finish og forhindre ophobning af snavs.\n<\/p>\n<p><\/p>\n<p><b>8. Er disse profiler milj\u00f8venlige? <\/b><\/p>\n<p> Ja, aluminium er et genanvendeligt materiale, og brugen af det i byggeriet bidrager til en b\u00e6redygtig byggepraksis.\n<\/p>\n<p><\/p>","protected":false},"featured_media":6762,"template":"","categories":[67],"class_list":["post-6763","product","type-product","status-publish","has-post-thumbnail","hentry","category-architectural-aluminium-profile"],"meta_box":{"hilight_text_group":{"product_hilight_text":"<li>Expanded metal aluminum profiles provide enhanced ventilation and privacy for bathroom partitions<\/li>\r\r\n<li>Constructed from high-grade 6063-T5 aluminum alloy for superior strength and corrosion resistance<\/li>\r\r\n<li>Busch Polish Light Top A Grade finish ensures a high-gloss, mirror-like surface for premium aesthetics<\/li>\r\r\n<li>Lightweight design facilitates easy installation and reduces structural load<\/li>\r\r\n<li>Customizable sizes and finishes available to meet diverse architectural requirements<\/li>","product_chanpin_blog":"<ul>\r\r\n<li><a href=\"https:\/\/sinoextrud.com\/t-slot-v-slot-differences\/\" target=\"_blank\">t slot vs v slot<\/a><\/li>\r\r\n<li><a href=\"https:\/\/sinoextrud.com\/what-is-4040-aluminium-extrud\/\" target=\"_blank\">4040 aluminium extrusion<\/a><\/li>\r\r\n<li><a href=\"https:\/\/sinoextrud.com\/what-is-4040-aluminium-extrud\/\" target=\"_blank\">aluminum extrusions for industrial racks<\/a><\/li>\r\r\n<li><a href=\"https:\/\/sinoextrud.com\/powder-coating-aluminium-process\/\" target=\"_blank\">powder coating aluminium<\/a><\/li>\r\r\n<li><a href=\"https:\/\/sinoextrud.com\/what-is-an-aluminium-strip-ceiling\/\" target=\"_blank\">aluminium strip ceiling<\/a><\/li>\r\r\n<li><a href=\"https:\/\/sinoextrud.com\/what-is-a-heat-sink\/\" target=\"_blank\">what is a heat sink<\/a><\/li>\r\r\n<\/ul>","product_chanpin_chanpin":"<li><a href=\"https:\/\/sinoextrud.com\/product\/construction-aluminum-profile\/\" target=\"_blank\">Construction Aluminum Profile<\/a><\/li>\r\n<li><a href=\"https:\/\/sinoextrud.com\/product\/architectural-aluminum-profile\/\" target=\"_blank\">Architectural Aluminum Profile<\/a><\/li>\r\n<li><a href=\"https:\/\/sinoextrud.com\/product\/color-anodized-structural-aluminum-extrusions-profile-for-window-frame-extruded-aluminium-alloys-6063\/\" target=\"_blank\">Color Anodized structural aluminum extrusions Profile for Window Frame extruded aluminium alloys 6063<\/a><\/li>\r\n<li><a href=\"https:\/\/sinoextrud.com\/product\/building-material-aluminium-extrusion-profiles\/\" target=\"_blank\">Building Material Aluminium Extrusion Profiles<\/a><\/li>\r\n<li><a href=\"https:\/\/sinoextrud.com\/product\/expanded-metal-aluminium-profiles-partition-frame-for-bathroom-doors-busch-polish-light-top-a-grade\/\" target=\"_blank\">expanded metal aluminium profiles partition frame for bathroom doors busch polish light top a grade<\/a><\/li>\r\n<li><a href=\"https:\/\/sinoextrud.com\/product\/extude-aluminum-t-slot-and-v-slot-profile\/\" target=\"_blank\">Extude-Aluminum T Slot And V Slot Profile<\/a><\/li>\r\n<li><a href=\"https:\/\/sinoextrud.com\/product\/aluminium-square-tube-extrusion-profile-with-6063-t5-alloy-anodized-extruded-aluminium-profile\/\" target=\"_blank\">Aluminium Square Tube Extrusion Profile With 6063 T5 Alloy  Anodized Extruded Aluminium Profile<\/a><\/li>\r\n<li><a href=\"https:\/\/sinoextrud.com\/product\/v-slot-aluminum-profile-factory-bulk-business\/\" target=\"_blank\">v-slot aluminum profile Factory bulk business<\/a><\/li>\r\n<li><a href=\"https:\/\/sinoextrud.com\/product\/anodizing-aluminium-section-sliding-window\/\" target=\"_blank\">Anodizing Aluminium Section Sliding Window<\/a><\/li>\r\n<li><a href=\"https:\/\/sinoextrud.com\/product\/aluminium-profile-material\/\" target=\"_blank\">Aluminium Profile Material<\/a><\/li>\r\n<li><a href=\"https:\/\/sinoextrud.com\/product\/custom-high-quality-aluminum-shower-room-mirror-frame-aluminum-profile\/\" target=\"_blank\">Custom High-quality Aluminum Shower Room Mirror Frame Aluminum Profile<\/a><\/li>"},"feature_list":[]},"_links":{"self":[{"href":"https:\/\/sinoextrud.com\/da\/wp-json\/wp\/v2\/product\/6763","targetHints":{"allow":["GET"]}}],"collection":[{"href":"https:\/\/sinoextrud.com\/da\/wp-json\/wp\/v2\/product"}],"about":[{"href":"https:\/\/sinoextrud.com\/da\/wp-json\/wp\/v2\/types\/product"}],"wp:featuredmedia":[{"embeddable":true,"href":"https:\/\/sinoextrud.com\/da\/wp-json\/wp\/v2\/media\/6762"}],"wp:attachment":[{"href":"https:\/\/sinoextrud.com\/da\/wp-json\/wp\/v2\/media?parent=6763"}],"wp:term":[{"taxonomy":"category","embeddable":true,"href":"https:\/\/sinoextrud.com\/da\/wp-json\/wp\/v2\/categories?post=6763"}],"curies":[{"name":"wp","href":"https:\/\/api.w.org\/{rel}","templated":true}]}}