{"id":6761,"date":"2025-06-01T14:54:48","date_gmt":"2025-06-01T14:54:48","guid":{"rendered":"https:\/\/sinoextrud.com\/product\/building-material-aluminium-extrusion-profiles\/"},"modified":"2025-06-24T06:11:37","modified_gmt":"2025-06-24T06:11:37","slug":"ekstruderingsprofiler-af-aluminium-til-byggematerialer","status":"publish","type":"product","link":"https:\/\/sinoextrud.com\/da\/product\/building-material-aluminium-extrusion-profiles\/","title":{"rendered":"Ekstruderede aluminiumsprofiler til byggematerialer"},"content":{"rendered":"<h2>Detaljer om produkter<\/h2>\n<table class=\"custom-table\">\n<tr>\n<td class=\"label\">1. Produktets navn:<\/td>\n<td>Ekstruderede aluminiumsprofiler til byggematerialer<\/td>\n<\/tr>\n<tr>\n<td class=\"label\">2, legeringsmodel:<\/td>\n<td>6063-T5, 6061-T6, 6463 osv.<\/td>\n<\/tr>\n<tr>\n<td class=\"label\">3. Produktionscyklus:<\/td>\n<td>20 arbejdsdage skal v\u00e6re underlagt den officielle ordre, og de s\u00e6rlige omst\u00e6ndigheder skal bekr\u00e6ftes af begge parter;<\/td>\n<\/tr>\n<tr>\n<td class=\"label\">Krav til bestilling:<\/td>\n<td>Bestillingsm\u00e6ngden af konventionelle profiler er 200 kg pr. model.<\/td>\n<\/tr>\n<tr>\n<td class=\"label\">emballeringsmetode:<\/td>\n<td>brug af national standardemballage, der indeholder krympefilm, outsourcing af papir;<\/td>\n<\/tr>\n<tr>\n<td class=\"label\">V\u00e6rdians\u00e6ttelsesmetode:<\/td>\n<td>afregning i henhold til den faktiske v\u00e6gt af pundet (pundforskel i henhold til den nationale standard 3 \u2030) eller i henhold til den faktiske leveringsm\u00e6ngde af f\u00e6rdige produkter;<\/td>\n<\/tr>\n<tr>\n<td class=\"label\">krav til levering:<\/td>\n<td>Foshan omkring ordren p\u00e5 mere end 5 tons af vores firma specielle bil levering, andre omr\u00e5der eller m\u00e6ngden af levering er bekr\u00e6ftet i henhold til den faktiske situation;<\/td>\n<\/tr>\n<tr>\n<td class=\"label\">8. Skimmelsvamp er vigtigt:<\/td>\n<td>1 Formens \u00e5bningstid er 10-12 arbejdsdage, og formen er f\u00e6rdig.<br \/>2 Den oprindelige ordrem\u00e6ngde er sat til 200 kg;<\/td>\n<\/tr>\n<tr>\n<td class=\"label\">9. Betalingsmetode:<\/td>\n<td>30% depositum af den samlede betaling skal betales til vores virksomhed, n\u00e5r den officielle ordre er udstedt.<br \/>Arranger de relevante forsendelser straks efter betaling af restbel\u00f8bet.<\/td>\n<\/tr>\n<tr>\n<td class=\"label\">10. Metode til tilbudsgivning:<\/td>\n<td>pris p\u00e5 aluminiumsbarrer + behandlingsgebyr (prisen p\u00e5 aluminiumsbarrer er baseret p\u00e5 den tilbudte pris p\u00e5 Nanhai Lingtong Information samme dag) eller prisen p\u00e5 det f\u00e6rdige produkt i henhold til kortet;<\/td>\n<\/tr>\n<tr>\n<td class=\"label\">11. L\u00e6ngde p\u00e5 profil:<\/td>\n<td>generelt kontrolleret p\u00e5 1-9 meter, andre l\u00e6ngder er underlagt gensidig bekr\u00e6ftelse.<br \/>1, Bundter Pakning:<br \/>- Indvendigt: pakket med beskyttende plastfilm for at beskytte hver enkelt del<br \/>- Udenfor: Indpakning af bundter med vandt\u00e6t h\u00e5ndv\u00e6rkspapir eller EPE-film.<br \/>2, Kartonindpakning:<br \/>-Indvendigt: Hvert stykke er pakket i en plastikpose;<br \/>-Udvendigt: Antal m\u00e6ngder i en karton.<br \/>3, Tr\u00e6palle Pakning:<br \/>- Indenfor: Pakning i bundter eller kartoner;<br \/>- Udenfor: Antal bundter eller kartoner p\u00e5 en tr\u00e6palle.<br \/>4, Anmodning om tilpasset pakning tilg\u00e6ngelig.<\/td>\n<\/tr>\n<\/table>\n<h2>Vores produktionsbase<\/h2>\n<h3>Panorama over fabrikken<\/h3>\n<p><img decoding=\"async\" src=\"\/wp-content\/uploads\/factory-01.webp\"\/><\/p>\n<h3>V\u00e6rksted til fremstilling af aluminiumst\u00e6nger<\/h3>\n<p><img decoding=\"async\" src=\"\/wp-content\/uploads\/factory-02.webp\"\/><\/p>\n<p><img decoding=\"async\" src=\"\/wp-content\/uploads\/factory-03.webp\"\/><\/p>\n<h3>Lager til opbevaring af skimmelsvampe<\/h3>\n<p><img decoding=\"async\" src=\"\/wp-content\/uploads\/factory-04.webp\"\/><\/p>\n<h3>43 ekstruderingslinjer for aluminium (500-5500 ton)<\/h3>\n<p><img decoding=\"async\" src=\"\/wp-content\/uploads\/factory-05.webp\"\/><\/p>\n<p><img decoding=\"async\" src=\"\/wp-content\/uploads\/factory-06.webp\"\/><\/p>\n<p><img decoding=\"async\" src=\"\/wp-content\/uploads\/factory-07.webp\"\/><\/p>\n<h3>V\u00e6rksted for pulverlakering<\/h3>\n<p><img decoding=\"async\" src=\"\/wp-content\/uploads\/factory-09.webp\"\/><\/p>\n<h3>Anodiseringsv\u00e6rksted<\/h3>\n<p><img decoding=\"async\" src=\"\/wp-content\/uploads\/factory-10.webp\"\/><\/p>\n<h3>Workshop om dyb behandling<\/h3>\n<p><img decoding=\"async\" src=\"\/wp-content\/uploads\/factory-11.webp\"\/><\/p>\n<h3>V\u00e6rksted for CNC-pr\u00e6cisionsbearbejdning<\/h3>\n<p><img decoding=\"async\" src=\"\/wp-content\/uploads\/factory-11.5.webp\"\/><\/p>\n<h3>F\u00e6rdigvare- og eksportlager<\/h3>\n<p><img decoding=\"async\" src=\"\/wp-content\/uploads\/factory-12.webp\"\/><\/p>\n<p><img decoding=\"async\" src=\"\/wp-content\/uploads\/factory-13.webp\"\/><\/p>\n<p><img decoding=\"async\" src=\"\/wp-content\/uploads\/factory-14.webp\"\/><\/p>\n<h2>OFTE STILLEDE SP\u00d8RGSM\u00c5L<\/h2>\n<p><p><b>1. Hvad er ekstruderingsprofiler af aluminium til byggematerialer? <\/b><\/p>\n<p> Det er specielt formede aluminiumsprofiler, der bruges i byggebranchen til strukturelle, arkitektoniske og dekorative anvendelser.<br \/>\n<\/p><br \/>\n<br \/>\n<p><b>2. Hvorfor bruge aluminiumsprofiler i byggematerialer? <\/b><\/p>\n<p> Aluminiumsprofiler har styrke, lav v\u00e6gt, korrosionsbestandighed og designfleksibilitet, hvilket g\u00f8r dem ideelle til byggeri og arkitektonisk brug.<br \/>\n<\/p><br \/>\n<br \/>\n<p><b>3. Hvilke anvendelser har aluminiumprofiler i bygninger? <\/b><\/p>\n<p> Almindelige anvendelser omfatter vindues- og d\u00f8rkarme, gardinv\u00e6gge, gel\u00e6ndere, strukturelle rammer, skillev\u00e6gge og bekl\u00e6dningssystemer.<br \/>\n<\/p><br \/>\n<br \/>\n<p><b>4. Kan aluminiumsprofiler til byggematerialer tilpasses? <\/b><\/p>\n<p> Ja, profiler kan skr\u00e6ddersys i st\u00f8rrelse, form og finish, s\u00e5 de passer til arkitektoniske og tekniske specifikationer.<br \/>\n<\/p><br \/>\n<br \/>\n<p><b>5. Er disse aluminiumsprofiler vejrbestandige? <\/b><\/p>\n<p> De er meget modstandsdygtige over for korrosion, UV-eksponering og fugt, hvilket g\u00f8r dem velegnede til udend\u00f8rs milj\u00f8er.<br \/>\n<\/p><br \/>\n<br \/>\n<p><b>6. Hvilke overflader kan man f\u00e5 til aluminiumsprofiler til byggeri? <\/b><\/p>\n<p> Finishen omfatter anodisering, pulverlakering og fr\u00e6sning, som hver is\u00e6r giver forskellige niveauer af beskyttelse og \u00e6stetik.<br \/>\n<\/p><br \/>\n<br \/>\n<p><b>7. Er aluminium et b\u00e6redygtigt materiale til byggeprojekter? <\/b><\/p>\n<p> Ja, aluminium er 100% genanvendeligt og bredt anerkendt for sin rolle i b\u00e6redygtigt og energieffektivt byggeri.<br \/>\n<\/p><br \/>\n<br \/>\n<p><b>8. Hvordan er aluminium sammenlignet med st\u00e5l i byggeriet? <\/b><\/p>\n<p> Aluminium er lettere, mere korrosionsbestandigt og lettere at arbejde med end st\u00e5l, samtidig med at det har en fremragende styrke til mange bygningsform\u00e5l.<br \/>\n<\/p><br \/><\/p>","protected":false},"featured_media":6760,"template":"","categories":[67],"class_list":["post-6761","product","type-product","status-publish","has-post-thumbnail","hentry","category-architectural-aluminium-profile"],"meta_box":{"hilight_text_group":{"product_hilight_text":"<li>Engineered aluminum extrusions designed for diverse building material applications<\/li>\r\r\n<li>Lightweight yet strong, ensuring structural integrity with reduced installation load<\/li>\r\r\n<li>Corrosion-resistant, ideal for both interior and exterior architectural use<\/li>\r\r\n<li>Custom profiles and finishes available to meet project-specific requirements<\/li>\r\r\n<li>Eco-friendly and recyclable, aligning with green building standards<\/li>","product_chanpin_blog":"<ul>\r\r\n<li><a href=\"https:\/\/sinoextrud.com\/t-slot-v-slot-differences\/\" target=\"_blank\">t slot vs v slot<\/a><\/li>\r\r\n<li><a href=\"https:\/\/sinoextrud.com\/what-is-4040-aluminium-extrud\/\" target=\"_blank\">4040 aluminium extrusion<\/a><\/li>\r\r\n<li><a href=\"https:\/\/sinoextrud.com\/what-is-4040-aluminium-extrud\/\" target=\"_blank\">aluminum extrusions for industrial racks<\/a><\/li>\r\r\n<li><a href=\"https:\/\/sinoextrud.com\/powder-coating-aluminium-process\/\" target=\"_blank\">powder coating aluminium<\/a><\/li>\r\r\n<li><a href=\"https:\/\/sinoextrud.com\/what-is-an-aluminium-strip-ceiling\/\" target=\"_blank\">aluminium strip ceiling<\/a><\/li>\r\r\n<li><a href=\"https:\/\/sinoextrud.com\/what-is-a-heat-sink\/\" target=\"_blank\">what is a heat sink<\/a><\/li>\r\r\n<\/ul>","product_chanpin_chanpin":"<li><a href=\"https:\/\/sinoextrud.com\/product\/c-beam-v-slot-aluminium-profile\/\" target=\"_blank\">C Beam V Slot Aluminium Profile<\/a><\/li>\r\n<li><a href=\"https:\/\/sinoextrud.com\/product\/construction-aluminum-profile\/\" target=\"_blank\">Construction Aluminum Profile<\/a><\/li>\r\n<li><a href=\"https:\/\/sinoextrud.com\/product\/architectural-aluminum-profile\/\" target=\"_blank\">Architectural Aluminum Profile<\/a><\/li>\r\n<li><a href=\"https:\/\/sinoextrud.com\/product\/color-anodized-structural-aluminum-extrusions-profile-for-window-frame-extruded-aluminium-alloys-6063\/\" target=\"_blank\">Color Anodized structural aluminum extrusions Profile for Window Frame extruded aluminium alloys 6063<\/a><\/li>\r\n<li><a href=\"https:\/\/sinoextrud.com\/product\/building-material-aluminium-extrusion-profiles\/\" target=\"_blank\">Building Material Aluminium Extrusion Profiles<\/a><\/li>\r\n<li><a href=\"https:\/\/sinoextrud.com\/product\/expanded-metal-aluminium-profiles-partition-frame-for-bathroom-doors-busch-polish-light-top-a-grade\/\" target=\"_blank\">expanded metal aluminium profiles partition frame for bathroom doors busch polish light top a grade<\/a><\/li>\r\n<li><a href=\"https:\/\/sinoextrud.com\/product\/extude-aluminum-t-slot-and-v-slot-profile\/\" target=\"_blank\">Extude-Aluminum T Slot And V Slot Profile<\/a><\/li>\r\n<li><a href=\"https:\/\/sinoextrud.com\/product\/aluminium-square-tube-extrusion-profile-with-6063-t5-alloy-anodized-extruded-aluminium-profile\/\" target=\"_blank\">Aluminium Square Tube Extrusion Profile With 6063 T5 Alloy  Anodized Extruded Aluminium Profile<\/a><\/li>\r\n<li><a href=\"https:\/\/sinoextrud.com\/product\/v-slot-aluminum-profile-factory-bulk-business\/\" target=\"_blank\">v-slot aluminum profile Factory bulk business<\/a><\/li>\r\n<li><a href=\"https:\/\/sinoextrud.com\/product\/extruded-aluminum-interlocking-plank-floor\/\" target=\"_blank\">Extruded Aluminum Interlocking Plank Floor<\/a><\/li>\r\n<li><a href=\"https:\/\/sinoextrud.com\/product\/custom-made-ceiling-system\/\" target=\"_blank\">Custom-made Ceiling System<\/a><\/li>"},"feature_list":[]},"_links":{"self":[{"href":"https:\/\/sinoextrud.com\/da\/wp-json\/wp\/v2\/product\/6761","targetHints":{"allow":["GET"]}}],"collection":[{"href":"https:\/\/sinoextrud.com\/da\/wp-json\/wp\/v2\/product"}],"about":[{"href":"https:\/\/sinoextrud.com\/da\/wp-json\/wp\/v2\/types\/product"}],"wp:featuredmedia":[{"embeddable":true,"href":"https:\/\/sinoextrud.com\/da\/wp-json\/wp\/v2\/media\/6760"}],"wp:attachment":[{"href":"https:\/\/sinoextrud.com\/da\/wp-json\/wp\/v2\/media?parent=6761"}],"wp:term":[{"taxonomy":"category","embeddable":true,"href":"https:\/\/sinoextrud.com\/da\/wp-json\/wp\/v2\/categories?post=6761"}],"curies":[{"name":"wp","href":"https:\/\/api.w.org\/{rel}","templated":true}]}}