{"id":6753,"date":"2025-06-01T14:42:28","date_gmt":"2025-06-01T14:42:28","guid":{"rendered":"https:\/\/sinoextrud.com\/product\/c-beam-v-slot-aluminium-profile\/"},"modified":"2025-06-24T06:11:36","modified_gmt":"2025-06-24T06:11:36","slug":"c-bjaelke-v-not-aluminiumsprofil","status":"publish","type":"product","link":"https:\/\/sinoextrud.com\/da\/product\/c-beam-v-slot-aluminium-profile\/","title":{"rendered":"C-bj\u00e6lke V-not aluminiumsprofil"},"content":{"rendered":"<h2>Detaljer om produkter<\/h2>\n<table class=\"custom-table\">\n<tr>\n<td class=\"label\">Varens navn:<\/td>\n<td>C-bj\u00e6lke V-not aluminiumsprofil<\/td>\n<\/tr>\n<tr>\n<td class=\"label\">Materiale:<\/td>\n<td>6063-T5 (Legering 6000-serien)<\/td>\n<\/tr>\n<tr>\n<td class=\"label\">Temperament:<\/td>\n<td>T5-T6<\/td>\n<\/tr>\n<tr>\n<td class=\"label\">Teknologi:<\/td>\n<td>Ekstrudering af aluminium<\/td>\n<\/tr>\n<tr>\n<td class=\"label\">Overfladebehandling:<\/td>\n<td>Fr\u00e6sning, anodisering, pulverlakering, sandbl\u00e6sning, elektroforese osv.<\/td>\n<\/tr>\n<tr>\n<td class=\"label\">St\u00f8rrelse:<\/td>\n<td>2020\/2040\/2060\/2080\/4040\/4080 (Optional)<\/td>\n<\/tr>\n<tr>\n<td class=\"label\">L\u00e6ngde:<\/td>\n<td>100mm-3000mm eller efter \u00f8nske<\/td>\n<\/tr>\n<tr>\n<td class=\"label\">Dybdeg\u00e5ende behandling:<\/td>\n<td>sk\u00e6ring, boring, stansning, bukning osv.<\/td>\n<\/tr>\n<tr>\n<td class=\"label\">Kvalitetskontrol:<\/td>\n<td>1. ISO-godkendt.<br \/>2. Inspektion p\u00e5 stedet.<br \/>3. inspektion f\u00f8r forsendelse.<br \/>4. testmaskine.<\/td>\n<\/tr>\n<tr>\n<td class=\"label\">Pakningsdetaljer:<\/td>\n<td>1.EP Papir p\u00e5 indersiden af hver profil separat, derefter h\u00e5ndv\u00e6rkspapir p\u00e5 ydersiden<br \/>2.EP Papir indvendigt for hver profil separat, derefter kartonpapir, derefter palle<br \/>3. Krympefilm<br \/>4. tr\u00e6karton<\/td>\n<\/tr>\n<tr>\n<td class=\"label\">Levering:<\/td>\n<td>3-5 arbejdsdage for pr\u00f8ver; 3-7 dage for sm\u00e5 ordrer; 7-15 dage for store ordrer.<\/td>\n<\/tr>\n<tr>\n<td class=\"label\">Betaling:<\/td>\n<td>Paypal, Alipay, T\/T (bankoverf\u00f8rsel), Western Union.<\/td>\n<\/tr>\n<tr>\n<td class=\"label\">Varm p\u00e5 bestilling:<\/td>\n<td>Fort\u00e6l os st\u00f8rrelsen, l\u00e6ngden, den anodiserede farve og det antal, du har brug for, det bedste tilbud vil v\u00e6re<\/td>\n<\/tr>\n<\/table>\n<h2>Vores produktionsbase<\/h2>\n<h3>Panorama over fabrikken<\/h3>\n<p><img decoding=\"async\" src=\"\/wp-content\/uploads\/factory-01.webp\"\/><\/p>\n<h3>V\u00e6rksted til fremstilling af aluminiumst\u00e6nger<\/h3>\n<p><img decoding=\"async\" src=\"\/wp-content\/uploads\/factory-02.webp\"\/><\/p>\n<\/p>\n<p><img decoding=\"async\" src=\"\/wp-content\/uploads\/factory-03.webp\"\/><\/p>\n<h3>Lager til opbevaring af skimmelsvampe<\/h3>\n<p><img decoding=\"async\" src=\"\/wp-content\/uploads\/factory-04.webp\"\/><\/p>\n<h3>43 ekstruderingslinjer for aluminium (500-5500 ton)<\/h3>\n<p><img decoding=\"async\" src=\"\/wp-content\/uploads\/factory-05.webp\"\/><\/p>\n<p><img decoding=\"async\" src=\"\/wp-content\/uploads\/factory-06.webp\"\/><\/p>\n<p><img decoding=\"async\" src=\"\/wp-content\/uploads\/factory-07.webp\"\/><\/p>\n<h3>V\u00e6rksted for pulverlakering<\/h3>\n<p><img decoding=\"async\" src=\"\/wp-content\/uploads\/factory-09.webp\"\/><\/p>\n<h3>Anodiseringsv\u00e6rksted<\/h3>\n<p><img decoding=\"async\" src=\"\/wp-content\/uploads\/factory-10.webp\"\/><\/p>\n<h3>Workshop om dyb behandling<\/h3>\n<p><img decoding=\"async\" src=\"\/wp-content\/uploads\/factory-11.webp\"\/><\/p>\n<h3>V\u00e6rksted for CNC-pr\u00e6cisionsbearbejdning<\/h3>\n<p><img decoding=\"async\" src=\"\/wp-content\/uploads\/factory-11.5.webp\"\/><\/p>\n<h3>F\u00e6rdigvare- og eksportlager<\/h3>\n<p><img decoding=\"async\" src=\"\/wp-content\/uploads\/factory-12.webp\"\/><\/p>\n<p><img decoding=\"async\" src=\"\/wp-content\/uploads\/factory-13.webp\"\/><\/p>\n<p><img decoding=\"async\" src=\"\/wp-content\/uploads\/factory-14.webp\"\/><\/p>\n<h2>OFTE STILLEDE SP\u00d8RGSM\u00c5L<\/h2>\n<p><b>1. Hvad er en C Beam V Slot aluminiumsprofil? <\/b><\/p>\n<p> En C Beam V Slot-aluminiumprofil er en strukturel aluminiumprofil med et C-formet design og integreret V-slot til applikationer med line\u00e6r bev\u00e6gelse.\n<\/p>\n<p><\/p>\n<p><b>2. Hvorfor bruge en C Beam V Slot-profil til maskinbygning? <\/b><\/p>\n<p> C Beam V Slot-profilen giver fremragende styrke og justeringspr\u00e6cision, hvilket g\u00f8r den ideel til CNC-maskiner, 3D-printere og automatiseringssystemer.\n<\/p>\n<p><\/p>\n<p><b>3. Hvordan fungerer V-sporet i profilen? <\/b><\/p>\n<p> V-sporet giver mulighed for j\u00e6vn line\u00e6r bev\u00e6gelse ved hj\u00e6lp af kompatible hjul eller lejer, hvilket letter pr\u00e6cis mekanisk bev\u00e6gelse i maskiner.\n<\/p>\n<p><\/p>\n<p><b>4. Hvad er fordelene ved C Beam-strukturen? <\/b><\/p>\n<p> C Beam-designet forbedrer stivheden og b\u00e6reevnen og giver en st\u00e6rk ramme til tunge opgaver.\n<\/p>\n<p><\/p>\n<p><b>5. Er C Beam V Slot aluminiumsprofilen kompatibel med standard hardware? <\/b><\/p>\n<p> Ja, den er kompatibel med en r\u00e6kke forskellige beslag, skruer og fastg\u00f8relseselementer, der er designet til V-slot-systemer, hvilket muligg\u00f8r modulopbygning.\n<\/p>\n<p><\/p>\n<p><b>6. Kan jeg sk\u00e6re og tilpasse C Beam V Slot-profilen til mit projekt? <\/b><\/p>\n<p> Absolut, aluminiumsprofilen kan nemt sk\u00e6res og bores, hvilket giver mulighed for fuld tilpasning til specifikke maskindesigns.\n<\/p>\n<p><\/p>\n<p><b>7. Hvilke materialer bruges i C Beam V Slot-profiler? <\/b><\/p>\n<p> Disse profiler er typisk fremstillet af 6063-T5 aluminium, som giver en balance mellem styrke, holdbarhed og letv\u00e6gtsegenskaber.\n<\/p>\n<p><\/p>\n<p><b>8. Er disse profiler velegnede til g\u00f8r-det-selv- og industriprojekter? <\/b><\/p>\n<p> Ja, C Beam V Slot-aluminiumsprofiler bruges i vid udstr\u00e6kning til b\u00e5de g\u00f8r-det-selv-arbejde og industriel maskinbygning p\u00e5 grund af deres fleksibilitet og robusthed.\n<\/p>\n<p><\/p>","protected":false},"featured_media":6752,"template":"","categories":[67],"class_list":["post-6753","product","type-product","status-publish","has-post-thumbnail","hentry","category-architectural-aluminium-profile"],"meta_box":{"hilight_text_group":{"product_hilight_text":"<li>V-slot design enables precise linear motion for CNC and 3D printer frames<\/li>\r\r\n<li>C-beam structure provides extra rigidity and load-bearing capacity<\/li>\r\r\n<li>Made from high-strength aluminum alloy for industrial-grade performance<\/li>\r\r\n<li>Compatible with a wide range of hardware and accessories<\/li>\r\r\n<li>Modular and customizable for versatile machine building projects<\/li>","product_chanpin_blog":"<ul>\r\r\n<li><a href=\"https:\/\/sinoextrud.com\/t-slot-v-slot-differences\/\" target=\"_blank\">t slot vs v slot<\/a><\/li>\r\r\n<li><a href=\"https:\/\/sinoextrud.com\/what-is-4040-aluminium-extrud\/\" target=\"_blank\">4040 aluminium extrusion<\/a><\/li>\r\r\n<li><a href=\"https:\/\/sinoextrud.com\/what-is-4040-aluminium-extrud\/\" target=\"_blank\">aluminum extrusions for industrial racks<\/a><\/li>\r\r\n<li><a href=\"https:\/\/sinoextrud.com\/powder-coating-aluminium-process\/\" target=\"_blank\">powder coating aluminium<\/a><\/li>\r\r\n<li><a href=\"https:\/\/sinoextrud.com\/what-is-an-aluminium-strip-ceiling\/\" target=\"_blank\">aluminium strip ceiling<\/a><\/li>\r\r\n<li><a href=\"https:\/\/sinoextrud.com\/what-is-a-heat-sink\/\" target=\"_blank\">what is a heat sink<\/a><\/li>\r\r\n<\/ul>","product_chanpin_chanpin":"<li><a href=\"https:\/\/sinoextrud.com\/product\/aluminium-handrail-tubing\/\" target=\"_blank\">Aluminium Handrail Tubing<\/a><\/li>\r\n<li><a href=\"https:\/\/sinoextrud.com\/product\/kitchen-cabinet-aluminum-profile\/\" target=\"_blank\">Kitchen Cabinet Aluminum Profile<\/a><\/li>\r\n<li><a href=\"https:\/\/sinoextrud.com\/product\/aluminium-supplier-china-offer-aluminium-u-channel-extrusion-shapes-profile-for-show-enclosure-cabin\/\" target=\"_blank\">Aluminium Supplier China Offer Aluminium U Channel Extrusion Shapes Profile For Show Enclosure Cabin<\/a><\/li>\r\n<li><a href=\"https:\/\/sinoextrud.com\/product\/powder-coating-aluminium-profiles-for-industrial\/\" target=\"_blank\">Powder Coating Aluminium Profiles For Industrial<\/a><\/li>\r\n<li><a href=\"https:\/\/sinoextrud.com\/product\/c-beam-v-slot-aluminium-profile\/\" target=\"_blank\">C Beam V Slot Aluminium Profile<\/a><\/li>\r\n<li><a href=\"https:\/\/sinoextrud.com\/product\/construction-aluminum-profile\/\" target=\"_blank\">Construction Aluminum Profile<\/a><\/li>\r\n<li><a href=\"https:\/\/sinoextrud.com\/product\/architectural-aluminum-profile\/\" target=\"_blank\">Architectural Aluminum Profile<\/a><\/li>\r\n<li><a href=\"https:\/\/sinoextrud.com\/product\/color-anodized-structural-aluminum-extrusions-profile-for-window-frame-extruded-aluminium-alloys-6063\/\" target=\"_blank\">Color Anodized structural aluminum extrusions Profile for Window Frame extruded aluminium alloys 6063<\/a><\/li>\r\n<li><a href=\"https:\/\/sinoextrud.com\/product\/building-material-aluminium-extrusion-profiles\/\" target=\"_blank\">Building Material Aluminium Extrusion Profiles<\/a><\/li>\r\n<li><a href=\"https:\/\/sinoextrud.com\/product\/u-channel-aluminium-extrusion\/\" target=\"_blank\">U Channel Aluminium Extrusion<\/a><\/li>\r\n<li><a href=\"https:\/\/sinoextrud.com\/product\/aluminum-extrusion-solar-panel-frame\/\" target=\"_blank\">Aluminum extrusion solar panel frame<\/a><\/li>"},"feature_list":[]},"_links":{"self":[{"href":"https:\/\/sinoextrud.com\/da\/wp-json\/wp\/v2\/product\/6753","targetHints":{"allow":["GET"]}}],"collection":[{"href":"https:\/\/sinoextrud.com\/da\/wp-json\/wp\/v2\/product"}],"about":[{"href":"https:\/\/sinoextrud.com\/da\/wp-json\/wp\/v2\/types\/product"}],"wp:featuredmedia":[{"embeddable":true,"href":"https:\/\/sinoextrud.com\/da\/wp-json\/wp\/v2\/media\/6752"}],"wp:attachment":[{"href":"https:\/\/sinoextrud.com\/da\/wp-json\/wp\/v2\/media?parent=6753"}],"wp:term":[{"taxonomy":"category","embeddable":true,"href":"https:\/\/sinoextrud.com\/da\/wp-json\/wp\/v2\/categories?post=6753"}],"curies":[{"name":"wp","href":"https:\/\/api.w.org\/{rel}","templated":true}]}}