{"id":6751,"date":"2025-06-01T14:38:29","date_gmt":"2025-06-01T14:38:29","guid":{"rendered":"https:\/\/sinoextrud.com\/product\/powder-coating-aluminium-profiles-for-industrial\/"},"modified":"2025-06-24T06:11:35","modified_gmt":"2025-06-24T06:11:35","slug":"pulverlakering-af-aluminiumsprofiler-til-industrien","status":"publish","type":"product","link":"https:\/\/sinoextrud.com\/da\/product\/powder-coating-aluminium-profiles-for-industrial\/","title":{"rendered":"Pulverlakering af aluminiumsprofiler til industrien"},"content":{"rendered":"<h2>Detaljer om produkter<\/h2>\n<table class=\"custom-table\">\n<tr>\n<td class=\"label\">1. Punkt<\/td>\n<td>Pulverlakering af aluminiumsprofiler til industrien<\/td>\n<\/tr>\n<tr>\n<td class=\"label\">2. Sektionsformer<\/td>\n<td>I, U, T, C, Z, L, H, firkantede, runde, flade, hule, t-not og andre komplicerede former efter brugerdefineret design<\/td>\n<\/tr>\n<tr>\n<td class=\"label\">3. Overfladebehandling<\/td>\n<td>Mill finish\/Anodiseret (oxidering)\/Sandbl\u00e6sning\/Pulverlakering\/Elektroforese\/Tr\u00e6korn<\/td>\n<\/tr>\n<tr>\n<td class=\"label\">4. MOQ<\/td>\n<td>200 kg for hvert emne<\/td>\n<\/tr>\n<tr>\n<td class=\"label\">5. Materiale<\/td>\n<td>100%-legering: 6063 T5 \/ 6061 T6<\/td>\n<\/tr>\n<tr>\n<td class=\"label\">6. L\u00e6ngde<\/td>\n<td>Normal=6m, 1-9meter eller tilpasset<\/td>\n<\/tr>\n<tr>\n<td class=\"label\">7. Anvendelse<\/td>\n<td>1) - til vindues- og d\u00f8rkarme<br \/>3) - til bygning af glasforh\u00e6ngte v\u00e6gge<br \/>4) - til solpanelrammer, solmonterings\/tagbeslag<br \/>5) - til udstyr til industriens samleb\u00e5nd<br \/>6) - til k\u00f8lelegemer<br \/>7) - til LED-belysning<br \/>8) - andet efter specialdesignet st\u00f8rrelse og dimension<\/td>\n<\/tr>\n<tr>\n<td class=\"label\">8. Serviceydelser<\/td>\n<td>1). OEM-service.<br \/>2). Design i henhold til kundernes krav.<br \/>3). 29 \u00e5rs professionel erfaring inden for forskning, produktion<br \/>4). Vores moderne dybbearbejdningscenter kan levere bearbejdning som sk\u00e6ring, stansning, boring, b\u00f8jning, gevindsk\u00e6ring osv.<\/td>\n<\/tr>\n<tr>\n<td class=\"label\">9. Kvalitetskontrol<\/td>\n<td>Vi har det strengeste kvalitetskontrolsystem, 100%-inspektion f\u00f8r afsendelse<\/td>\n<\/tr>\n<\/table>\n<h2>Vores produktionsbase<\/h2>\n<h3>Panorama over fabrikken<\/h3>\n<p><img decoding=\"async\" src=\"\/wp-content\/uploads\/factory-01.webp\"\/><\/p>\n<h3>V\u00e6rksted til fremstilling af aluminiumst\u00e6nger<\/h3>\n<p><img decoding=\"async\" src=\"\/wp-content\/uploads\/factory-02.webp\"\/><\/p>\n<p><img decoding=\"async\" src=\"\/wp-content\/uploads\/factory-03.webp\"\/><\/p>\n<h3>Lager til opbevaring af skimmelsvampe<\/h3>\n<p><img decoding=\"async\" src=\"\/wp-content\/uploads\/factory-04.webp\"\/><\/p>\n<h3>43 ekstruderingslinjer for aluminium (500-5500 ton)<\/h3>\n<p><img decoding=\"async\" src=\"\/wp-content\/uploads\/factory-05.webp\"\/><\/p>\n<p><img decoding=\"async\" src=\"\/wp-content\/uploads\/factory-06.webp\"\/><\/p>\n<p><img decoding=\"async\" src=\"\/wp-content\/uploads\/factory-07.webp\"\/><\/p>\n<h3>V\u00e6rksted for pulverlakering<\/h3>\n<p><img decoding=\"async\" src=\"\/wp-content\/uploads\/factory-09.webp\"\/><\/p>\n<h3>Anodiseringsv\u00e6rksted<\/h3>\n<p><img decoding=\"async\" src=\"\/wp-content\/uploads\/factory-10.webp\"\/><\/p>\n<h3>Workshop om dyb behandling<\/h3>\n<p><img decoding=\"async\" src=\"\/wp-content\/uploads\/factory-11.webp\"\/><\/p>\n<h3>V\u00e6rksted for CNC-pr\u00e6cisionsbearbejdning<\/h3>\n<p><img decoding=\"async\" src=\"\/wp-content\/uploads\/factory-11.5.webp\"\/><\/p>\n<h3>F\u00e6rdigvare- og eksportlager<\/h3>\n<p><img decoding=\"async\" src=\"\/wp-content\/uploads\/factory-12.webp\"\/><\/p>\n<p><img decoding=\"async\" src=\"\/wp-content\/uploads\/factory-13.webp\"\/><\/p>\n<p><img decoding=\"async\" src=\"\/wp-content\/uploads\/factory-14.webp\"\/><\/p>\n<h2>OFTE STILLEDE SP\u00d8RGSM\u00c5L<\/h2>\n<p><p><b>1. Hvad er pulverlakerede aluminiumsprofiler til industriel brug? <\/b><\/p>\n<p> Pulverlakerede aluminiumsprofiler er aluminiumsprofiler, der er behandlet med en t\u00f8r pulverfinish for at forbedre holdbarhed, \u00e6stetik og modstandsdygtighed i industrielle milj\u00f8er.<br \/>\n<\/p><br \/>\n<br \/>\n<p><b>2. Hvorfor er pulverlakering en fordel for industrielle aluminiumsprofiler? <\/b><\/p>\n<p> Pulverlakering giver fremragende korrosionsbestandighed, holdbarhed og ensartet d\u00e6kning, hvilket g\u00f8r den ideel til industrielle anvendelser.<br \/>\n<\/p><br \/>\n<br \/>\n<p><b>3. Er pulverlakerede aluminiumsprofiler egnede til udend\u00f8rs industrimilj\u00f8er? <\/b><\/p>\n<p> Ja, pulverlakerede aluminiumsprofiler er modstandsdygtige over for UV, fugt og kemikalier, hvilket g\u00f8r dem velegnede til barske udend\u00f8rsforhold.<br \/>\n<\/p><br \/>\n<br \/>\n<p><b>4. Hvilke brancher bruger typisk pulverlakerede aluminiumsprofiler? <\/b><\/p>\n<p> Industrier som byggeri, maskiner, biler og infrastruktur bruger ofte pulverlakerede aluminiumsprofiler til strukturelle og beskyttende anvendelser.<br \/>\n<\/p><br \/>\n<br \/>\n<p><b>5. Kan jeg v\u00e6lge brugerdefinerede farver og teksturer til pulverlakerede aluminiumsprofiler? <\/b><\/p>\n<p> Pulverlakering tilbyder en bred vifte af farver, glansniveauer og overfladestrukturer, der kan tilpasses til industriel branding og \u00e6stetik.<br \/>\n<\/p><br \/>\n<br \/>\n<p><b>6. Er pulverlakeringsprocessen milj\u00f8venlig? <\/b><\/p>\n<p> Ja, pulverlakering er milj\u00f8venlig med minimalt affald og ingen skadelige VOC-emissioner, hvilket g\u00f8r det til en b\u00e6redygtig industriel l\u00f8sning.<br \/>\n<\/p><br \/>\n<br \/>\n<p><b>7. Hvor holdbare er pulverlakerede aluminiumsprofiler? <\/b><\/p>\n<p> Pulverlakerede profiler er meget holdbare, modstandsdygtige over for ridser, sk\u00e5r og falmning, hvilket g\u00f8r dem langtidsholdbare i industrielle milj\u00f8er.<br \/>\n<\/p><br \/>\n<br \/>\n<p><b>8. Hvilken vedligeholdelse kr\u00e6ver pulverlakerede aluminiumsprofiler? <\/b><\/p>\n<p> Der er behov for minimal vedligeholdelse - regelm\u00e6ssig reng\u00f8ring med mild s\u00e6be og vand er tilstr\u00e6kkeligt til at bevare udseende og ydeevne.<br \/>\n<\/p><br \/><\/p>","protected":false},"featured_media":6750,"template":"","categories":[67],"class_list":["post-6751","product","type-product","status-publish","has-post-thumbnail","hentry","category-architectural-aluminium-profile"],"meta_box":{"hilight_text_group":{"product_hilight_text":"<li>Durable powder-coated finish enhances corrosion and wear resistance<\/li>\r\r\n<li>Wide range of colors and textures available for industrial customization<\/li>\r\r\n<li>Strong and lightweight aluminum profiles ideal for heavy-duty applications<\/li>\r\r\n<li>Environmentally friendly coating process with minimal VOC emissions<\/li>\r\r\n<li>Consistent finish quality suitable for both indoor and outdoor industrial use<\/li>","product_chanpin_blog":"<ul>\r\r\n<li><a href=\"https:\/\/sinoextrud.com\/t-slot-v-slot-differences\/\" target=\"_blank\">t slot vs v slot<\/a><\/li>\r\r\n<li><a href=\"https:\/\/sinoextrud.com\/what-is-4040-aluminium-extrud\/\" target=\"_blank\">4040 aluminium extrusion<\/a><\/li>\r\r\n<li><a href=\"https:\/\/sinoextrud.com\/what-is-4040-aluminium-extrud\/\" target=\"_blank\">aluminum extrusions for industrial racks<\/a><\/li>\r\r\n<li><a href=\"https:\/\/sinoextrud.com\/powder-coating-aluminium-process\/\" target=\"_blank\">powder coating aluminium<\/a><\/li>\r\r\n<li><a href=\"https:\/\/sinoextrud.com\/what-is-an-aluminium-strip-ceiling\/\" target=\"_blank\">aluminium strip ceiling<\/a><\/li>\r\r\n<li><a href=\"https:\/\/sinoextrud.com\/what-is-a-heat-sink\/\" target=\"_blank\">what is a heat sink<\/a><\/li>\r\r\n<\/ul>","product_chanpin_chanpin":"<li><a href=\"https:\/\/sinoextrud.com\/product\/aluminium-profile\/\" target=\"_blank\">Aluminium profile<\/a><\/li>\r\n<li><a href=\"https:\/\/sinoextrud.com\/product\/aluminium-handrail-tubing\/\" target=\"_blank\">Aluminium Handrail Tubing<\/a><\/li>\r\n<li><a href=\"https:\/\/sinoextrud.com\/product\/kitchen-cabinet-aluminum-profile\/\" target=\"_blank\">Kitchen Cabinet Aluminum Profile<\/a><\/li>\r\n<li><a href=\"https:\/\/sinoextrud.com\/product\/aluminium-supplier-china-offer-aluminium-u-channel-extrusion-shapes-profile-for-show-enclosure-cabin\/\" target=\"_blank\">Aluminium Supplier China Offer Aluminium U Channel Extrusion Shapes Profile For Show Enclosure Cabin<\/a><\/li>\r\n<li><a href=\"https:\/\/sinoextrud.com\/product\/powder-coating-aluminium-profiles-for-industrial\/\" target=\"_blank\">Powder Coating Aluminium Profiles For Industrial<\/a><\/li>\r\n<li><a href=\"https:\/\/sinoextrud.com\/product\/c-beam-v-slot-aluminium-profile\/\" target=\"_blank\">C Beam V Slot Aluminium Profile<\/a><\/li>\r\n<li><a href=\"https:\/\/sinoextrud.com\/product\/construction-aluminum-profile\/\" target=\"_blank\">Construction Aluminum Profile<\/a><\/li>\r\n<li><a href=\"https:\/\/sinoextrud.com\/product\/architectural-aluminum-profile\/\" target=\"_blank\">Architectural Aluminum Profile<\/a><\/li>\r\n<li><a href=\"https:\/\/sinoextrud.com\/product\/color-anodized-structural-aluminum-extrusions-profile-for-window-frame-extruded-aluminium-alloys-6063\/\" target=\"_blank\">Color Anodized structural aluminum extrusions Profile for Window Frame extruded aluminium alloys 6063<\/a><\/li>\r\n<li><a href=\"https:\/\/sinoextrud.com\/product\/aluminium-profile-case\/\" target=\"_blank\">Aluminium Profile Case<\/a><\/li>\r\n<li><a href=\"https:\/\/sinoextrud.com\/product\/aluminum-profile-for-advertising-photo-frame\/\" target=\"_blank\">Aluminum Profile For Advertising Photo Frame<\/a><\/li>"},"feature_list":[]},"_links":{"self":[{"href":"https:\/\/sinoextrud.com\/da\/wp-json\/wp\/v2\/product\/6751","targetHints":{"allow":["GET"]}}],"collection":[{"href":"https:\/\/sinoextrud.com\/da\/wp-json\/wp\/v2\/product"}],"about":[{"href":"https:\/\/sinoextrud.com\/da\/wp-json\/wp\/v2\/types\/product"}],"wp:featuredmedia":[{"embeddable":true,"href":"https:\/\/sinoextrud.com\/da\/wp-json\/wp\/v2\/media\/6750"}],"wp:attachment":[{"href":"https:\/\/sinoextrud.com\/da\/wp-json\/wp\/v2\/media?parent=6751"}],"wp:term":[{"taxonomy":"category","embeddable":true,"href":"https:\/\/sinoextrud.com\/da\/wp-json\/wp\/v2\/categories?post=6751"}],"curies":[{"name":"wp","href":"https:\/\/api.w.org\/{rel}","templated":true}]}}